{"id":92126,"date":"2019-07-30T13:32:27","date_gmt":"2019-07-30T11:32:27","guid":{"rendered":"https:\/\/tonymora.com\/product\/2052-virgi-lini-vacheta-negra\/"},"modified":"2025-08-01T09:13:48","modified_gmt":"2025-08-01T07:13:48","slug":"2052-virgi-lini-vacheta-schwarz","status":"publish","type":"product","link":"https:\/\/tonymora.com\/de\/produkt\/2052-virgi-lini-vacheta-schwarz\/","title":{"rendered":"2052 VIRGI LINI VACHETA SCHWARZ"},"content":{"rendered":"<p class=\"p1\" style=\"text-align: left;\">Ob zum Restaurantbesuch, zum Ausgehen oder zum Tanzen \u2013 tragen Sie dieses Modell, wo immer Sie wollen! Die komfortable Form macht diese Stiefel allzeit bereit. Kombinieren Sie sie, wie Sie m\u00f6chten, elegant oder leger. Handgefertigt mit dem &#8222;Goodyear welted&#8220; System passt sich das Leder Ihren F\u00fc\u00dfen so an, dass Sie sie den ganzen Tag \u00fcber tragen wollen.<\/p>\n","protected":false},"excerpt":{"rendered":"<p>Unaufdringliche Eleganz f\u00fcr alle, die klug w\u00e4hlen. Selbstbewusstes Auftreten und ein Stil, der auf nat\u00fcrliche Weise Aufmerksamkeit erregt.<br \/>\nEin Kleidungsst\u00fcck, das heute, morgen und auch in vielen Jahren noch mit derselben Ausstrahlung getragen werden kann.<\/p>\n","protected":false},"featured_media":682137,"template":"","meta":{"_mbp_gutenberg_autopost":false},"product_brand":[757,759,761,763,765,767],"product_cat":[170,167],"product_tag":[],"class_list":{"0":"post-92126","1":"product","2":"type-product","3":"status-publish","4":"has-post-thumbnail","6":"product_brand-talla-mujer-36","7":"product_brand-talla-mujer-37","8":"product_brand-talla-mujer-38","9":"product_brand-talla-mujer-39","10":"product_brand-talla-mujer-40","11":"product_brand-talla-mujer-41","12":"product_cat-cowboystiefel-damen","13":"product_cat-damen","15":"first","16":"outofstock","17":"taxable","18":"shipping-taxable","19":"purchasable","20":"product-type-variable"},"supplier_id":null,"supplier_sku":"","barcode":null,"atum_controlled":true,"out_stock_date":null,"out_stock_threshold":null,"inheritable":true,"inbound_stock":null,"stock_on_hold":0,"sold_today":0,"sales_last_days":0,"reserved_stock":null,"customer_returns":null,"warehouse_damage":null,"lost_in_post":null,"other_logs":null,"out_stock_days":0,"lost_sales":0,"has_location":false,"update_date":"2025-08-01T05:13:53","atum_locations":[],"atum_stock_status":"outofstock","restock_status":false,"low_stock_amount":"","sales_update_date":"2024-07-08T12:10:55","calc_backorders":null,"yoast_head":"<!-- This site is optimized with the Yoast SEO plugin v27.4 - https:\/\/yoast.com\/product\/yoast-seo-wordpress\/ -->\n<title>2052 VIRGI LINI BLACK VACHETA - Offizieller Tony Mora\u00ae Boots-Shop<\/title>\n<meta name=\"description\" content=\"Das Leder ist handgefertigt und mit dem Goodyear-Rahmensystem gen\u00e4ht, sodass Sie sie den ganzen Tag tragen k\u00f6nnen.\" \/>\n<meta name=\"robots\" content=\"index, follow, max-snippet:-1, max-image-preview:large, max-video-preview:-1\" \/>\n<link rel=\"canonical\" href=\"https:\/\/tonymora.com\/de\/produkt\/2052-virgi-lini-vacheta-schwarz\/\" \/>\n<meta property=\"og:locale\" content=\"de_DE\" \/>\n<meta property=\"og:type\" content=\"article\" \/>\n<meta property=\"og:title\" content=\"2052 VIRGI LINI BLACK VACHETA - Offizieller Tony Mora\u00ae Boots-Shop\" \/>\n<meta property=\"og:description\" content=\"Das Leder ist handgefertigt und mit dem Goodyear-Rahmensystem gen\u00e4ht, sodass Sie sie den ganzen Tag tragen k\u00f6nnen.\" \/>\n<meta property=\"og:url\" content=\"https:\/\/tonymora.com\/de\/produkt\/2052-virgi-lini-vacheta-schwarz\/\" \/>\n<meta property=\"og:site_name\" content=\"Tony Mora\u00ae Boots Official Store\" \/>\n<meta property=\"article:publisher\" content=\"https:\/\/www.facebook.com\/Tonymoraofficial\/\" \/>\n<meta property=\"article:modified_time\" content=\"2025-08-01T07:13:48+00:00\" \/>\n<meta property=\"og:image\" content=\"https:\/\/tonymora.com\/wp-content\/uploads\/2019\/07\/2052-VIRGI-LINI-VACHETA-BLACK_2.jpg\" \/>\n\t<meta property=\"og:image:width\" content=\"866\" \/>\n\t<meta property=\"og:image:height\" content=\"1032\" \/>\n\t<meta property=\"og:image:type\" content=\"image\/jpeg\" \/>\n<meta name=\"twitter:card\" content=\"summary_large_image\" \/>\n<script type=\"application\/ld+json\" class=\"yoast-schema-graph\">{\"@context\":\"https:\\\/\\\/schema.org\",\"@graph\":[{\"@type\":\"WebPage\",\"@id\":\"https:\\\/\\\/tonymora.com\\\/de\\\/produkt\\\/2052-virgi-lini-vacheta-schwarz\\\/\",\"url\":\"https:\\\/\\\/tonymora.com\\\/de\\\/produkt\\\/2052-virgi-lini-vacheta-schwarz\\\/\",\"name\":\"2052 VIRGI LINI BLACK VACHETA - Offizieller Tony Mora\u00ae Boots-Shop\",\"isPartOf\":{\"@id\":\"https:\\\/\\\/tonymora.com\\\/de\\\/#website\"},\"primaryImageOfPage\":{\"@id\":\"https:\\\/\\\/tonymora.com\\\/de\\\/produkt\\\/2052-virgi-lini-vacheta-schwarz\\\/#primaryimage\"},\"image\":{\"@id\":\"https:\\\/\\\/tonymora.com\\\/de\\\/produkt\\\/2052-virgi-lini-vacheta-schwarz\\\/#primaryimage\"},\"thumbnailUrl\":\"https:\\\/\\\/tonymora.com\\\/wp-content\\\/uploads\\\/2019\\\/07\\\/2052-VIRGI-LINI-VACHETA-BLACK_2.jpg\",\"datePublished\":\"2019-07-30T11:32:27+00:00\",\"dateModified\":\"2025-08-01T07:13:48+00:00\",\"description\":\"Das Leder ist handgefertigt und mit dem Goodyear-Rahmensystem gen\u00e4ht, sodass Sie sie den ganzen Tag tragen k\u00f6nnen.\",\"breadcrumb\":{\"@id\":\"https:\\\/\\\/tonymora.com\\\/de\\\/produkt\\\/2052-virgi-lini-vacheta-schwarz\\\/#breadcrumb\"},\"inLanguage\":\"de\",\"potentialAction\":[{\"@type\":\"ReadAction\",\"target\":[\"https:\\\/\\\/tonymora.com\\\/de\\\/produkt\\\/2052-virgi-lini-vacheta-schwarz\\\/\"]}]},{\"@type\":\"ImageObject\",\"inLanguage\":\"de\",\"@id\":\"https:\\\/\\\/tonymora.com\\\/de\\\/produkt\\\/2052-virgi-lini-vacheta-schwarz\\\/#primaryimage\",\"url\":\"https:\\\/\\\/tonymora.com\\\/wp-content\\\/uploads\\\/2019\\\/07\\\/2052-VIRGI-LINI-VACHETA-BLACK_2.jpg\",\"contentUrl\":\"https:\\\/\\\/tonymora.com\\\/wp-content\\\/uploads\\\/2019\\\/07\\\/2052-VIRGI-LINI-VACHETA-BLACK_2.jpg\",\"width\":866,\"height\":1032},{\"@type\":\"BreadcrumbList\",\"@id\":\"https:\\\/\\\/tonymora.com\\\/de\\\/produkt\\\/2052-virgi-lini-vacheta-schwarz\\\/#breadcrumb\",\"itemListElement\":[{\"@type\":\"ListItem\",\"position\":1,\"name\":\"Portada\",\"item\":\"https:\\\/\\\/tonymora.com\\\/de\\\/\"},{\"@type\":\"ListItem\",\"position\":2,\"name\":\"Shop\",\"item\":\"https:\\\/\\\/tonymora.com\\\/de\\\/shop\\\/\"},{\"@type\":\"ListItem\",\"position\":3,\"name\":\"Damen\",\"item\":\"https:\\\/\\\/tonymora.com\\\/de\\\/produkt-kategorie\\\/damen\\\/\"},{\"@type\":\"ListItem\",\"position\":4,\"name\":\"2052 VIRGI LINI VACHETA SCHWARZ\"}]},{\"@type\":\"WebSite\",\"@id\":\"https:\\\/\\\/tonymora.com\\\/de\\\/#website\",\"url\":\"https:\\\/\\\/tonymora.com\\\/de\\\/\",\"name\":\"Tony Mora\u00ae Boots Official Store\",\"description\":\"Cowboy Boots\",\"publisher\":{\"@id\":\"https:\\\/\\\/tonymora.com\\\/de\\\/#organization\"},\"potentialAction\":[{\"@type\":\"SearchAction\",\"target\":{\"@type\":\"EntryPoint\",\"urlTemplate\":\"https:\\\/\\\/tonymora.com\\\/de\\\/?s={search_term_string}\"},\"query-input\":{\"@type\":\"PropertyValueSpecification\",\"valueRequired\":true,\"valueName\":\"search_term_string\"}}],\"inLanguage\":\"de\"},{\"@type\":\"Organization\",\"@id\":\"https:\\\/\\\/tonymora.com\\\/de\\\/#organization\",\"name\":\"Tony Mora Boots\",\"url\":\"https:\\\/\\\/tonymora.com\\\/de\\\/\",\"logo\":{\"@type\":\"ImageObject\",\"inLanguage\":\"de\",\"@id\":\"https:\\\/\\\/tonymora.com\\\/de\\\/#\\\/schema\\\/logo\\\/image\\\/\",\"url\":\"https:\\\/\\\/tonymora.com\\\/wp-content\\\/uploads\\\/2023\\\/12\\\/LOGO.jpg\",\"contentUrl\":\"https:\\\/\\\/tonymora.com\\\/wp-content\\\/uploads\\\/2023\\\/12\\\/LOGO.jpg\",\"width\":2272,\"height\":1411,\"caption\":\"Tony Mora Boots\"},\"image\":{\"@id\":\"https:\\\/\\\/tonymora.com\\\/de\\\/#\\\/schema\\\/logo\\\/image\\\/\"},\"sameAs\":[\"https:\\\/\\\/www.facebook.com\\\/Tonymoraofficial\\\/\",\"https:\\\/\\\/www.instagram.com\\\/tonymoraofficial\\\/?hl=es\"]}]}<\/script>\n<!-- \/ Yoast SEO plugin. -->","yoast_head_json":{"title":"2052 VIRGI LINI BLACK VACHETA - Offizieller Tony Mora\u00ae Boots-Shop","description":"Das Leder ist handgefertigt und mit dem Goodyear-Rahmensystem gen\u00e4ht, sodass Sie sie den ganzen Tag tragen k\u00f6nnen.","robots":{"index":"index","follow":"follow","max-snippet":"max-snippet:-1","max-image-preview":"max-image-preview:large","max-video-preview":"max-video-preview:-1"},"canonical":"https:\/\/tonymora.com\/de\/produkt\/2052-virgi-lini-vacheta-schwarz\/","og_locale":"de_DE","og_type":"article","og_title":"2052 VIRGI LINI BLACK VACHETA - Offizieller Tony Mora\u00ae Boots-Shop","og_description":"Das Leder ist handgefertigt und mit dem Goodyear-Rahmensystem gen\u00e4ht, sodass Sie sie den ganzen Tag tragen k\u00f6nnen.","og_url":"https:\/\/tonymora.com\/de\/produkt\/2052-virgi-lini-vacheta-schwarz\/","og_site_name":"Tony Mora\u00ae Boots Official Store","article_publisher":"https:\/\/www.facebook.com\/Tonymoraofficial\/","article_modified_time":"2025-08-01T07:13:48+00:00","og_image":[{"width":866,"height":1032,"url":"https:\/\/tonymora.com\/wp-content\/uploads\/2019\/07\/2052-VIRGI-LINI-VACHETA-BLACK_2.jpg","type":"image\/jpeg"}],"twitter_card":"summary_large_image","schema":{"@context":"https:\/\/schema.org","@graph":[{"@type":"WebPage","@id":"https:\/\/tonymora.com\/de\/produkt\/2052-virgi-lini-vacheta-schwarz\/","url":"https:\/\/tonymora.com\/de\/produkt\/2052-virgi-lini-vacheta-schwarz\/","name":"2052 VIRGI LINI BLACK VACHETA - Offizieller Tony Mora\u00ae Boots-Shop","isPartOf":{"@id":"https:\/\/tonymora.com\/de\/#website"},"primaryImageOfPage":{"@id":"https:\/\/tonymora.com\/de\/produkt\/2052-virgi-lini-vacheta-schwarz\/#primaryimage"},"image":{"@id":"https:\/\/tonymora.com\/de\/produkt\/2052-virgi-lini-vacheta-schwarz\/#primaryimage"},"thumbnailUrl":"https:\/\/tonymora.com\/wp-content\/uploads\/2019\/07\/2052-VIRGI-LINI-VACHETA-BLACK_2.jpg","datePublished":"2019-07-30T11:32:27+00:00","dateModified":"2025-08-01T07:13:48+00:00","description":"Das Leder ist handgefertigt und mit dem Goodyear-Rahmensystem gen\u00e4ht, sodass Sie sie den ganzen Tag tragen k\u00f6nnen.","breadcrumb":{"@id":"https:\/\/tonymora.com\/de\/produkt\/2052-virgi-lini-vacheta-schwarz\/#breadcrumb"},"inLanguage":"de","potentialAction":[{"@type":"ReadAction","target":["https:\/\/tonymora.com\/de\/produkt\/2052-virgi-lini-vacheta-schwarz\/"]}]},{"@type":"ImageObject","inLanguage":"de","@id":"https:\/\/tonymora.com\/de\/produkt\/2052-virgi-lini-vacheta-schwarz\/#primaryimage","url":"https:\/\/tonymora.com\/wp-content\/uploads\/2019\/07\/2052-VIRGI-LINI-VACHETA-BLACK_2.jpg","contentUrl":"https:\/\/tonymora.com\/wp-content\/uploads\/2019\/07\/2052-VIRGI-LINI-VACHETA-BLACK_2.jpg","width":866,"height":1032},{"@type":"BreadcrumbList","@id":"https:\/\/tonymora.com\/de\/produkt\/2052-virgi-lini-vacheta-schwarz\/#breadcrumb","itemListElement":[{"@type":"ListItem","position":1,"name":"Portada","item":"https:\/\/tonymora.com\/de\/"},{"@type":"ListItem","position":2,"name":"Shop","item":"https:\/\/tonymora.com\/de\/shop\/"},{"@type":"ListItem","position":3,"name":"Damen","item":"https:\/\/tonymora.com\/de\/produkt-kategorie\/damen\/"},{"@type":"ListItem","position":4,"name":"2052 VIRGI LINI VACHETA SCHWARZ"}]},{"@type":"WebSite","@id":"https:\/\/tonymora.com\/de\/#website","url":"https:\/\/tonymora.com\/de\/","name":"Tony Mora\u00ae Boots Official Store","description":"Cowboy Boots","publisher":{"@id":"https:\/\/tonymora.com\/de\/#organization"},"potentialAction":[{"@type":"SearchAction","target":{"@type":"EntryPoint","urlTemplate":"https:\/\/tonymora.com\/de\/?s={search_term_string}"},"query-input":{"@type":"PropertyValueSpecification","valueRequired":true,"valueName":"search_term_string"}}],"inLanguage":"de"},{"@type":"Organization","@id":"https:\/\/tonymora.com\/de\/#organization","name":"Tony Mora Boots","url":"https:\/\/tonymora.com\/de\/","logo":{"@type":"ImageObject","inLanguage":"de","@id":"https:\/\/tonymora.com\/de\/#\/schema\/logo\/image\/","url":"https:\/\/tonymora.com\/wp-content\/uploads\/2023\/12\/LOGO.jpg","contentUrl":"https:\/\/tonymora.com\/wp-content\/uploads\/2023\/12\/LOGO.jpg","width":2272,"height":1411,"caption":"Tony Mora Boots"},"image":{"@id":"https:\/\/tonymora.com\/de\/#\/schema\/logo\/image\/"},"sameAs":["https:\/\/www.facebook.com\/Tonymoraofficial\/","https:\/\/www.instagram.com\/tonymoraofficial\/?hl=es"]}]}},"_links":{"self":[{"href":"https:\/\/tonymora.com\/de\/wp-json\/wp\/v2\/product\/92126","targetHints":{"allow":["GET"]}}],"collection":[{"href":"https:\/\/tonymora.com\/de\/wp-json\/wp\/v2\/product"}],"about":[{"href":"https:\/\/tonymora.com\/de\/wp-json\/wp\/v2\/types\/product"}],"wp:featuredmedia":[{"embeddable":true,"href":"https:\/\/tonymora.com\/de\/wp-json\/wp\/v2\/media\/682137"}],"wp:attachment":[{"href":"https:\/\/tonymora.com\/de\/wp-json\/wp\/v2\/media?parent=92126"}],"wp:term":[{"taxonomy":"product_brand","embeddable":true,"href":"https:\/\/tonymora.com\/de\/wp-json\/wp\/v2\/product_brand?post=92126"},{"taxonomy":"product_cat","embeddable":true,"href":"https:\/\/tonymora.com\/de\/wp-json\/wp\/v2\/product_cat?post=92126"},{"taxonomy":"product_tag","embeddable":true,"href":"https:\/\/tonymora.com\/de\/wp-json\/wp\/v2\/product_tag?post=92126"}],"curies":[{"name":"wp","href":"https:\/\/api.w.org\/{rel}","templated":true}]}}