{"id":39128,"date":"2018-01-12T18:11:03","date_gmt":"2018-01-12T17:11:03","guid":{"rendered":"https:\/\/tonymora.com\/product\/__687-tina-list-piton-avellana\/"},"modified":"2025-06-30T10:01:18","modified_gmt":"2025-06-30T08:01:18","slug":"687-list-tub-python-bc-leather-matte","status":"publish","type":"product","link":"https:\/\/tonymora.com\/en\/producto\/687-list-tub-python-bc-leather-matte\/","title":{"rendered":"687- LIST TUB PYTHON BC LEATHER MATTE"},"content":{"rendered":"<p class=\"p1\">The perfect balance between style and elegance! Designed for those who appreciate distinction, these ankle boots, with their matte brown python leather upper and breathable calf leather lining, blend elegance and comfort in an exceptional way. Designed with a modern 5cm heel and square last, they add an exotic and refined touch to any outfit. Perfect for those looking to stand out in unique footwear, these ankle boots are the ideal choice.<\/p>\n","protected":false},"excerpt":{"rendered":"<p>A piece designed to stand out with discretion and confidence. Urban energy with character and strength.<\/p>\n<p>A subtle statement of good taste and confidence.<\/p>\n","protected":false},"featured_media":714463,"template":"","meta":{"_mbp_gutenberg_autopost":false},"product_brand":[],"product_cat":[199,1173,196,1138,181,1134],"product_tag":[],"class_list":{"0":"post-39128","1":"product","2":"type-product","3":"status-publish","4":"has-post-thumbnail","6":"product_cat-ankle-boots-woman","7":"product_cat-black-friday-en","8":"product_cat-exotic-boots-woman","9":"product_cat-python-boots-woman","10":"product_cat-woman","11":"product_cat-womens-sales","13":"first","14":"instock","15":"taxable","16":"shipping-taxable","17":"purchasable","18":"product-type-variable"},"supplier_id":null,"supplier_sku":"","barcode":null,"atum_controlled":true,"out_stock_date":null,"out_stock_threshold":null,"inheritable":true,"inbound_stock":null,"stock_on_hold":1,"sold_today":1,"sales_last_days":1,"reserved_stock":null,"customer_returns":null,"warehouse_damage":null,"lost_in_post":null,"other_logs":null,"out_stock_days":0,"lost_sales":0,"has_location":false,"update_date":"2026-03-26T10:59:18","atum_locations":[],"atum_stock_status":"instock","restock_status":false,"low_stock_amount":"","sales_update_date":"2026-03-07T13:42:18","calc_backorders":null,"yoast_head":"<!-- This site is optimized with the Yoast SEO plugin v27.3 - https:\/\/yoast.com\/product\/yoast-seo-wordpress\/ -->\n<title>Brown matte python ankle boots with square heel | Tony Mora<\/title>\n<meta name=\"description\" content=\"Ankle boots in matte brown python leather with a modern heel and square shape. Elegant, comfortable, and unique to stand out every day. Designed by Tony Mora.\" \/>\n<meta name=\"robots\" content=\"index, follow, max-snippet:-1, max-image-preview:large, max-video-preview:-1\" \/>\n<link rel=\"canonical\" href=\"https:\/\/tonymora.com\/en\/producto\/687-list-tub-python-bc-leather-matte\/\" \/>\n<meta property=\"og:locale\" content=\"en_US\" \/>\n<meta property=\"og:type\" content=\"article\" \/>\n<meta property=\"og:title\" content=\"Brown matte python ankle boots with square heel | Tony Mora\" \/>\n<meta property=\"og:description\" content=\"Ankle boots in matte brown python leather with a modern heel and square shape. Elegant, comfortable, and unique to stand out every day. Designed by Tony Mora.\" \/>\n<meta property=\"og:url\" content=\"https:\/\/tonymora.com\/en\/producto\/687-list-tub-python-bc-leather-matte\/\" \/>\n<meta property=\"og:site_name\" content=\"Tony Mora\u00ae Boots Official Store\" \/>\n<meta property=\"article:publisher\" content=\"https:\/\/www.facebook.com\/Tonymoraofficial\/\" \/>\n<meta property=\"article:modified_time\" content=\"2025-06-30T08:01:18+00:00\" \/>\n<meta property=\"og:image\" content=\"https:\/\/tonymora.com\/wp-content\/uploads\/2018\/01\/17.jpg\" \/>\n\t<meta property=\"og:image:width\" content=\"866\" \/>\n\t<meta property=\"og:image:height\" content=\"1032\" \/>\n\t<meta property=\"og:image:type\" content=\"image\/jpeg\" \/>\n<meta name=\"twitter:card\" content=\"summary_large_image\" \/>\n<meta name=\"twitter:label1\" content=\"Est. reading time\" \/>\n\t<meta name=\"twitter:data1\" content=\"1 minute\" \/>\n<script type=\"application\/ld+json\" class=\"yoast-schema-graph\">{\"@context\":\"https:\\\/\\\/schema.org\",\"@graph\":[{\"@type\":\"WebPage\",\"@id\":\"https:\\\/\\\/tonymora.com\\\/en\\\/producto\\\/687-list-tub-python-bc-leather-matte\\\/\",\"url\":\"https:\\\/\\\/tonymora.com\\\/en\\\/producto\\\/687-list-tub-python-bc-leather-matte\\\/\",\"name\":\"Brown matte python ankle boots with square heel | Tony Mora\",\"isPartOf\":{\"@id\":\"https:\\\/\\\/tonymora.com\\\/en\\\/#website\"},\"primaryImageOfPage\":{\"@id\":\"https:\\\/\\\/tonymora.com\\\/en\\\/producto\\\/687-list-tub-python-bc-leather-matte\\\/#primaryimage\"},\"image\":{\"@id\":\"https:\\\/\\\/tonymora.com\\\/en\\\/producto\\\/687-list-tub-python-bc-leather-matte\\\/#primaryimage\"},\"thumbnailUrl\":\"https:\\\/\\\/tonymora.com\\\/wp-content\\\/uploads\\\/2018\\\/01\\\/17.jpg\",\"datePublished\":\"2018-01-12T17:11:03+00:00\",\"dateModified\":\"2025-06-30T08:01:18+00:00\",\"description\":\"Ankle boots in matte brown python leather with a modern heel and square shape. Elegant, comfortable, and unique to stand out every day. Designed by Tony Mora.\",\"breadcrumb\":{\"@id\":\"https:\\\/\\\/tonymora.com\\\/en\\\/producto\\\/687-list-tub-python-bc-leather-matte\\\/#breadcrumb\"},\"inLanguage\":\"en-US\",\"potentialAction\":[{\"@type\":\"ReadAction\",\"target\":[\"https:\\\/\\\/tonymora.com\\\/en\\\/producto\\\/687-list-tub-python-bc-leather-matte\\\/\"]}]},{\"@type\":\"ImageObject\",\"inLanguage\":\"en-US\",\"@id\":\"https:\\\/\\\/tonymora.com\\\/en\\\/producto\\\/687-list-tub-python-bc-leather-matte\\\/#primaryimage\",\"url\":\"https:\\\/\\\/tonymora.com\\\/wp-content\\\/uploads\\\/2018\\\/01\\\/17.jpg\",\"contentUrl\":\"https:\\\/\\\/tonymora.com\\\/wp-content\\\/uploads\\\/2018\\\/01\\\/17.jpg\",\"width\":866,\"height\":1032,\"caption\":\"Botines marr\u00f3n de pit\u00f3n mate con tac\u00f3n cuadrado\"},{\"@type\":\"BreadcrumbList\",\"@id\":\"https:\\\/\\\/tonymora.com\\\/en\\\/producto\\\/687-list-tub-python-bc-leather-matte\\\/#breadcrumb\",\"itemListElement\":[{\"@type\":\"ListItem\",\"position\":1,\"name\":\"Portada\",\"item\":\"https:\\\/\\\/tonymora.com\\\/en\\\/\"},{\"@type\":\"ListItem\",\"position\":2,\"name\":\"Shop\",\"item\":\"https:\\\/\\\/tonymora.com\\\/en\\\/shop\\\/\"},{\"@type\":\"ListItem\",\"position\":3,\"name\":\"Woman\",\"item\":\"https:\\\/\\\/tonymora.com\\\/en\\\/product-category\\\/woman\\\/\"},{\"@type\":\"ListItem\",\"position\":4,\"name\":\"687- LIST TUB PYTHON BC LEATHER MATTE\"}]},{\"@type\":\"WebSite\",\"@id\":\"https:\\\/\\\/tonymora.com\\\/en\\\/#website\",\"url\":\"https:\\\/\\\/tonymora.com\\\/en\\\/\",\"name\":\"Tony Mora\u00ae Boots Official Store\",\"description\":\"Cowboy Boots\",\"publisher\":{\"@id\":\"https:\\\/\\\/tonymora.com\\\/en\\\/#organization\"},\"potentialAction\":[{\"@type\":\"SearchAction\",\"target\":{\"@type\":\"EntryPoint\",\"urlTemplate\":\"https:\\\/\\\/tonymora.com\\\/en\\\/?s={search_term_string}\"},\"query-input\":{\"@type\":\"PropertyValueSpecification\",\"valueRequired\":true,\"valueName\":\"search_term_string\"}}],\"inLanguage\":\"en-US\"},{\"@type\":\"Organization\",\"@id\":\"https:\\\/\\\/tonymora.com\\\/en\\\/#organization\",\"name\":\"Tony Mora Boots\",\"url\":\"https:\\\/\\\/tonymora.com\\\/en\\\/\",\"logo\":{\"@type\":\"ImageObject\",\"inLanguage\":\"en-US\",\"@id\":\"https:\\\/\\\/tonymora.com\\\/en\\\/#\\\/schema\\\/logo\\\/image\\\/\",\"url\":\"https:\\\/\\\/tonymora.com\\\/wp-content\\\/uploads\\\/2023\\\/12\\\/LOGO.jpg\",\"contentUrl\":\"https:\\\/\\\/tonymora.com\\\/wp-content\\\/uploads\\\/2023\\\/12\\\/LOGO.jpg\",\"width\":2272,\"height\":1411,\"caption\":\"Tony Mora Boots\"},\"image\":{\"@id\":\"https:\\\/\\\/tonymora.com\\\/en\\\/#\\\/schema\\\/logo\\\/image\\\/\"},\"sameAs\":[\"https:\\\/\\\/www.facebook.com\\\/Tonymoraofficial\\\/\",\"https:\\\/\\\/www.instagram.com\\\/tonymoraofficial\\\/?hl=es\"]}]}<\/script>\n<!-- \/ Yoast SEO plugin. -->","yoast_head_json":{"title":"Brown matte python ankle boots with square heel | Tony Mora","description":"Ankle boots in matte brown python leather with a modern heel and square shape. Elegant, comfortable, and unique to stand out every day. Designed by Tony Mora.","robots":{"index":"index","follow":"follow","max-snippet":"max-snippet:-1","max-image-preview":"max-image-preview:large","max-video-preview":"max-video-preview:-1"},"canonical":"https:\/\/tonymora.com\/en\/producto\/687-list-tub-python-bc-leather-matte\/","og_locale":"en_US","og_type":"article","og_title":"Brown matte python ankle boots with square heel | Tony Mora","og_description":"Ankle boots in matte brown python leather with a modern heel and square shape. Elegant, comfortable, and unique to stand out every day. Designed by Tony Mora.","og_url":"https:\/\/tonymora.com\/en\/producto\/687-list-tub-python-bc-leather-matte\/","og_site_name":"Tony Mora\u00ae Boots Official Store","article_publisher":"https:\/\/www.facebook.com\/Tonymoraofficial\/","article_modified_time":"2025-06-30T08:01:18+00:00","og_image":[{"width":866,"height":1032,"url":"https:\/\/tonymora.com\/wp-content\/uploads\/2018\/01\/17.jpg","type":"image\/jpeg"}],"twitter_card":"summary_large_image","twitter_misc":{"Est. reading time":"1 minute"},"schema":{"@context":"https:\/\/schema.org","@graph":[{"@type":"WebPage","@id":"https:\/\/tonymora.com\/en\/producto\/687-list-tub-python-bc-leather-matte\/","url":"https:\/\/tonymora.com\/en\/producto\/687-list-tub-python-bc-leather-matte\/","name":"Brown matte python ankle boots with square heel | Tony Mora","isPartOf":{"@id":"https:\/\/tonymora.com\/en\/#website"},"primaryImageOfPage":{"@id":"https:\/\/tonymora.com\/en\/producto\/687-list-tub-python-bc-leather-matte\/#primaryimage"},"image":{"@id":"https:\/\/tonymora.com\/en\/producto\/687-list-tub-python-bc-leather-matte\/#primaryimage"},"thumbnailUrl":"https:\/\/tonymora.com\/wp-content\/uploads\/2018\/01\/17.jpg","datePublished":"2018-01-12T17:11:03+00:00","dateModified":"2025-06-30T08:01:18+00:00","description":"Ankle boots in matte brown python leather with a modern heel and square shape. Elegant, comfortable, and unique to stand out every day. Designed by Tony Mora.","breadcrumb":{"@id":"https:\/\/tonymora.com\/en\/producto\/687-list-tub-python-bc-leather-matte\/#breadcrumb"},"inLanguage":"en-US","potentialAction":[{"@type":"ReadAction","target":["https:\/\/tonymora.com\/en\/producto\/687-list-tub-python-bc-leather-matte\/"]}]},{"@type":"ImageObject","inLanguage":"en-US","@id":"https:\/\/tonymora.com\/en\/producto\/687-list-tub-python-bc-leather-matte\/#primaryimage","url":"https:\/\/tonymora.com\/wp-content\/uploads\/2018\/01\/17.jpg","contentUrl":"https:\/\/tonymora.com\/wp-content\/uploads\/2018\/01\/17.jpg","width":866,"height":1032,"caption":"Botines marr\u00f3n de pit\u00f3n mate con tac\u00f3n cuadrado"},{"@type":"BreadcrumbList","@id":"https:\/\/tonymora.com\/en\/producto\/687-list-tub-python-bc-leather-matte\/#breadcrumb","itemListElement":[{"@type":"ListItem","position":1,"name":"Portada","item":"https:\/\/tonymora.com\/en\/"},{"@type":"ListItem","position":2,"name":"Shop","item":"https:\/\/tonymora.com\/en\/shop\/"},{"@type":"ListItem","position":3,"name":"Woman","item":"https:\/\/tonymora.com\/en\/product-category\/woman\/"},{"@type":"ListItem","position":4,"name":"687- LIST TUB PYTHON BC LEATHER MATTE"}]},{"@type":"WebSite","@id":"https:\/\/tonymora.com\/en\/#website","url":"https:\/\/tonymora.com\/en\/","name":"Tony Mora\u00ae Boots Official Store","description":"Cowboy Boots","publisher":{"@id":"https:\/\/tonymora.com\/en\/#organization"},"potentialAction":[{"@type":"SearchAction","target":{"@type":"EntryPoint","urlTemplate":"https:\/\/tonymora.com\/en\/?s={search_term_string}"},"query-input":{"@type":"PropertyValueSpecification","valueRequired":true,"valueName":"search_term_string"}}],"inLanguage":"en-US"},{"@type":"Organization","@id":"https:\/\/tonymora.com\/en\/#organization","name":"Tony Mora Boots","url":"https:\/\/tonymora.com\/en\/","logo":{"@type":"ImageObject","inLanguage":"en-US","@id":"https:\/\/tonymora.com\/en\/#\/schema\/logo\/image\/","url":"https:\/\/tonymora.com\/wp-content\/uploads\/2023\/12\/LOGO.jpg","contentUrl":"https:\/\/tonymora.com\/wp-content\/uploads\/2023\/12\/LOGO.jpg","width":2272,"height":1411,"caption":"Tony Mora Boots"},"image":{"@id":"https:\/\/tonymora.com\/en\/#\/schema\/logo\/image\/"},"sameAs":["https:\/\/www.facebook.com\/Tonymoraofficial\/","https:\/\/www.instagram.com\/tonymoraofficial\/?hl=es"]}]}},"_links":{"self":[{"href":"https:\/\/tonymora.com\/en\/wp-json\/wp\/v2\/product\/39128","targetHints":{"allow":["GET"]}}],"collection":[{"href":"https:\/\/tonymora.com\/en\/wp-json\/wp\/v2\/product"}],"about":[{"href":"https:\/\/tonymora.com\/en\/wp-json\/wp\/v2\/types\/product"}],"wp:featuredmedia":[{"embeddable":true,"href":"https:\/\/tonymora.com\/en\/wp-json\/wp\/v2\/media\/714463"}],"wp:attachment":[{"href":"https:\/\/tonymora.com\/en\/wp-json\/wp\/v2\/media?parent=39128"}],"wp:term":[{"taxonomy":"product_brand","embeddable":true,"href":"https:\/\/tonymora.com\/en\/wp-json\/wp\/v2\/product_brand?post=39128"},{"taxonomy":"product_cat","embeddable":true,"href":"https:\/\/tonymora.com\/en\/wp-json\/wp\/v2\/product_cat?post=39128"},{"taxonomy":"product_tag","embeddable":true,"href":"https:\/\/tonymora.com\/en\/wp-json\/wp\/v2\/product_tag?post=39128"}],"curies":[{"name":"wp","href":"https:\/\/api.w.org\/{rel}","templated":true}]}}