{"id":715109,"date":"2024-09-03T13:17:37","date_gmt":"2024-09-03T11:17:37","guid":{"rendered":"https:\/\/tonymora.com\/?post_type=product&#038;p=715109"},"modified":"2025-11-24T23:06:59","modified_gmt":"2025-11-24T22:06:59","slug":"11261-brown-iguana","status":"publish","type":"product","link":"https:\/\/tonymora.com\/en\/producto\/11261-brown-iguana\/","title":{"rendered":"11261 BROWN IGUANA"},"content":{"rendered":"<p class=\"p1\">The brown iguana leather belt is a piece that combines the richness of color with the uniqueness of its exotic texture. This belt is ideal for those who seek an accessory that reflects their taste for quality and unique style. Perfect for complementing any look, this belt adds a touch of sophistication and character.<\/p>\n<p>We guarantee that this item has been crafted with genuine lizard skins, carefully selected and handcrafted.<\/p>\n","protected":false},"excerpt":{"rendered":"<p>Understated sophistication for those who choose with discernment. Versatile and easy to style, without sacrificing personality.<br \/>\nA piece that reinforces your identity and adds effortless distinction.<\/p>\n","protected":false},"featured_media":716416,"template":"","meta":{"_mbp_gutenberg_autopost":false},"product_brand":[],"product_cat":[1173,180,1159],"product_tag":[],"class_list":{"0":"post-715109","1":"product","2":"type-product","3":"status-publish","4":"has-post-thumbnail","6":"product_cat-black-friday-en","7":"product_cat-man","8":"product_cat-men-leather-belts","10":"first","11":"outofstock","12":"taxable","13":"shipping-taxable","14":"purchasable","15":"product-type-variable"},"supplier_id":null,"supplier_sku":"","barcode":null,"atum_controlled":true,"out_stock_date":null,"out_stock_threshold":null,"inheritable":true,"inbound_stock":0,"stock_on_hold":2,"sold_today":1,"sales_last_days":1,"reserved_stock":0,"customer_returns":0,"warehouse_damage":0,"lost_in_post":0,"other_logs":0,"out_stock_days":null,"lost_sales":0,"has_location":false,"update_date":"2026-03-07T13:54:53","atum_locations":[],"atum_stock_status":"instock","restock_status":false,"low_stock_amount":"","sales_update_date":"2026-03-07T13:54:53","calc_backorders":null,"yoast_head":"<!-- This site is optimized with the Yoast SEO plugin v27.4 - https:\/\/yoast.com\/product\/yoast-seo-wordpress\/ -->\n<title>11261 BROWN IGUANA - Tony Mora\u00ae Boots Official Store<\/title>\n<meta name=\"description\" content=\"This brown belt, crafted from exclusive iguana leather, stands out for its elegance and uniqueness. A one-of-a-kind accessory that enhances any look.\" \/>\n<meta name=\"robots\" content=\"index, follow, max-snippet:-1, max-image-preview:large, max-video-preview:-1\" \/>\n<link rel=\"canonical\" href=\"https:\/\/tonymora.com\/en\/producto\/11261-brown-iguana\/\" \/>\n<meta property=\"og:locale\" content=\"en_US\" \/>\n<meta property=\"og:type\" content=\"article\" \/>\n<meta property=\"og:title\" content=\"11261 BROWN IGUANA - Tony Mora\u00ae Boots Official Store\" \/>\n<meta property=\"og:description\" content=\"This brown belt, crafted from exclusive iguana leather, stands out for its elegance and uniqueness. A one-of-a-kind accessory that enhances any look.\" \/>\n<meta property=\"og:url\" content=\"https:\/\/tonymora.com\/en\/producto\/11261-brown-iguana\/\" \/>\n<meta property=\"og:site_name\" content=\"Tony Mora\u00ae Boots Official Store\" \/>\n<meta property=\"article:publisher\" content=\"https:\/\/www.facebook.com\/Tonymoraofficial\/\" \/>\n<meta property=\"article:modified_time\" content=\"2025-11-24T22:06:59+00:00\" \/>\n<meta property=\"og:image\" content=\"https:\/\/tonymora.com\/wp-content\/uploads\/2024\/09\/5-1.jpg\" \/>\n\t<meta property=\"og:image:width\" content=\"866\" \/>\n\t<meta property=\"og:image:height\" content=\"1032\" \/>\n\t<meta property=\"og:image:type\" content=\"image\/jpeg\" \/>\n<meta name=\"twitter:card\" content=\"summary_large_image\" \/>\n<meta name=\"twitter:label1\" content=\"Est. reading time\" \/>\n\t<meta name=\"twitter:data1\" content=\"1 minute\" \/>\n<script type=\"application\/ld+json\" class=\"yoast-schema-graph\">{\"@context\":\"https:\\\/\\\/schema.org\",\"@graph\":[{\"@type\":\"WebPage\",\"@id\":\"https:\\\/\\\/tonymora.com\\\/en\\\/producto\\\/11261-brown-iguana\\\/\",\"url\":\"https:\\\/\\\/tonymora.com\\\/en\\\/producto\\\/11261-brown-iguana\\\/\",\"name\":\"11261 BROWN IGUANA - Tony Mora\u00ae Boots Official Store\",\"isPartOf\":{\"@id\":\"https:\\\/\\\/tonymora.com\\\/en\\\/#website\"},\"primaryImageOfPage\":{\"@id\":\"https:\\\/\\\/tonymora.com\\\/en\\\/producto\\\/11261-brown-iguana\\\/#primaryimage\"},\"image\":{\"@id\":\"https:\\\/\\\/tonymora.com\\\/en\\\/producto\\\/11261-brown-iguana\\\/#primaryimage\"},\"thumbnailUrl\":\"https:\\\/\\\/tonymora.com\\\/wp-content\\\/uploads\\\/2024\\\/09\\\/5-6.jpg\",\"datePublished\":\"2024-09-03T11:17:37+00:00\",\"dateModified\":\"2025-11-24T22:06:59+00:00\",\"description\":\"This brown belt, crafted from exclusive iguana leather, stands out for its elegance and uniqueness. A one-of-a-kind accessory that enhances any look.\",\"breadcrumb\":{\"@id\":\"https:\\\/\\\/tonymora.com\\\/en\\\/producto\\\/11261-brown-iguana\\\/#breadcrumb\"},\"inLanguage\":\"en-US\",\"potentialAction\":[{\"@type\":\"ReadAction\",\"target\":[\"https:\\\/\\\/tonymora.com\\\/en\\\/producto\\\/11261-brown-iguana\\\/\"]}]},{\"@type\":\"ImageObject\",\"inLanguage\":\"en-US\",\"@id\":\"https:\\\/\\\/tonymora.com\\\/en\\\/producto\\\/11261-brown-iguana\\\/#primaryimage\",\"url\":\"https:\\\/\\\/tonymora.com\\\/wp-content\\\/uploads\\\/2024\\\/09\\\/5-6.jpg\",\"contentUrl\":\"https:\\\/\\\/tonymora.com\\\/wp-content\\\/uploads\\\/2024\\\/09\\\/5-6.jpg\",\"width\":866,\"height\":1032,\"caption\":\"Cintur\u00f3n marr\u00f3n de piel de iguana aut\u00e9ntica\"},{\"@type\":\"BreadcrumbList\",\"@id\":\"https:\\\/\\\/tonymora.com\\\/en\\\/producto\\\/11261-brown-iguana\\\/#breadcrumb\",\"itemListElement\":[{\"@type\":\"ListItem\",\"position\":1,\"name\":\"Portada\",\"item\":\"https:\\\/\\\/tonymora.com\\\/en\\\/\"},{\"@type\":\"ListItem\",\"position\":2,\"name\":\"Shop\",\"item\":\"https:\\\/\\\/tonymora.com\\\/en\\\/shop\\\/\"},{\"@type\":\"ListItem\",\"position\":3,\"name\":\"Men's leather belts\",\"item\":\"https:\\\/\\\/tonymora.com\\\/en\\\/product-category\\\/men-leather-belts\\\/\"},{\"@type\":\"ListItem\",\"position\":4,\"name\":\"11261 BROWN IGUANA\"}]},{\"@type\":\"WebSite\",\"@id\":\"https:\\\/\\\/tonymora.com\\\/en\\\/#website\",\"url\":\"https:\\\/\\\/tonymora.com\\\/en\\\/\",\"name\":\"Tony Mora\u00ae Boots Official Store\",\"description\":\"Cowboy Boots\",\"publisher\":{\"@id\":\"https:\\\/\\\/tonymora.com\\\/en\\\/#organization\"},\"potentialAction\":[{\"@type\":\"SearchAction\",\"target\":{\"@type\":\"EntryPoint\",\"urlTemplate\":\"https:\\\/\\\/tonymora.com\\\/en\\\/?s={search_term_string}\"},\"query-input\":{\"@type\":\"PropertyValueSpecification\",\"valueRequired\":true,\"valueName\":\"search_term_string\"}}],\"inLanguage\":\"en-US\"},{\"@type\":\"Organization\",\"@id\":\"https:\\\/\\\/tonymora.com\\\/en\\\/#organization\",\"name\":\"Tony Mora Boots\",\"url\":\"https:\\\/\\\/tonymora.com\\\/en\\\/\",\"logo\":{\"@type\":\"ImageObject\",\"inLanguage\":\"en-US\",\"@id\":\"https:\\\/\\\/tonymora.com\\\/en\\\/#\\\/schema\\\/logo\\\/image\\\/\",\"url\":\"https:\\\/\\\/tonymora.com\\\/wp-content\\\/uploads\\\/2023\\\/12\\\/LOGO.jpg\",\"contentUrl\":\"https:\\\/\\\/tonymora.com\\\/wp-content\\\/uploads\\\/2023\\\/12\\\/LOGO.jpg\",\"width\":2272,\"height\":1411,\"caption\":\"Tony Mora Boots\"},\"image\":{\"@id\":\"https:\\\/\\\/tonymora.com\\\/en\\\/#\\\/schema\\\/logo\\\/image\\\/\"},\"sameAs\":[\"https:\\\/\\\/www.facebook.com\\\/Tonymoraofficial\\\/\",\"https:\\\/\\\/www.instagram.com\\\/tonymoraofficial\\\/?hl=es\"]}]}<\/script>\n<!-- \/ Yoast SEO plugin. -->","yoast_head_json":{"title":"11261 BROWN IGUANA - Tony Mora\u00ae Boots Official Store","description":"This brown belt, crafted from exclusive iguana leather, stands out for its elegance and uniqueness. A one-of-a-kind accessory that enhances any look.","robots":{"index":"index","follow":"follow","max-snippet":"max-snippet:-1","max-image-preview":"max-image-preview:large","max-video-preview":"max-video-preview:-1"},"canonical":"https:\/\/tonymora.com\/en\/producto\/11261-brown-iguana\/","og_locale":"en_US","og_type":"article","og_title":"11261 BROWN IGUANA - Tony Mora\u00ae Boots Official Store","og_description":"This brown belt, crafted from exclusive iguana leather, stands out for its elegance and uniqueness. A one-of-a-kind accessory that enhances any look.","og_url":"https:\/\/tonymora.com\/en\/producto\/11261-brown-iguana\/","og_site_name":"Tony Mora\u00ae Boots Official Store","article_publisher":"https:\/\/www.facebook.com\/Tonymoraofficial\/","article_modified_time":"2025-11-24T22:06:59+00:00","og_image":[{"width":866,"height":1032,"url":"https:\/\/tonymora.com\/wp-content\/uploads\/2024\/09\/5-1.jpg","type":"image\/jpeg"}],"twitter_card":"summary_large_image","twitter_misc":{"Est. reading time":"1 minute"},"schema":{"@context":"https:\/\/schema.org","@graph":[{"@type":"WebPage","@id":"https:\/\/tonymora.com\/en\/producto\/11261-brown-iguana\/","url":"https:\/\/tonymora.com\/en\/producto\/11261-brown-iguana\/","name":"11261 BROWN IGUANA - Tony Mora\u00ae Boots Official Store","isPartOf":{"@id":"https:\/\/tonymora.com\/en\/#website"},"primaryImageOfPage":{"@id":"https:\/\/tonymora.com\/en\/producto\/11261-brown-iguana\/#primaryimage"},"image":{"@id":"https:\/\/tonymora.com\/en\/producto\/11261-brown-iguana\/#primaryimage"},"thumbnailUrl":"https:\/\/tonymora.com\/wp-content\/uploads\/2024\/09\/5-6.jpg","datePublished":"2024-09-03T11:17:37+00:00","dateModified":"2025-11-24T22:06:59+00:00","description":"This brown belt, crafted from exclusive iguana leather, stands out for its elegance and uniqueness. A one-of-a-kind accessory that enhances any look.","breadcrumb":{"@id":"https:\/\/tonymora.com\/en\/producto\/11261-brown-iguana\/#breadcrumb"},"inLanguage":"en-US","potentialAction":[{"@type":"ReadAction","target":["https:\/\/tonymora.com\/en\/producto\/11261-brown-iguana\/"]}]},{"@type":"ImageObject","inLanguage":"en-US","@id":"https:\/\/tonymora.com\/en\/producto\/11261-brown-iguana\/#primaryimage","url":"https:\/\/tonymora.com\/wp-content\/uploads\/2024\/09\/5-6.jpg","contentUrl":"https:\/\/tonymora.com\/wp-content\/uploads\/2024\/09\/5-6.jpg","width":866,"height":1032,"caption":"Cintur\u00f3n marr\u00f3n de piel de iguana aut\u00e9ntica"},{"@type":"BreadcrumbList","@id":"https:\/\/tonymora.com\/en\/producto\/11261-brown-iguana\/#breadcrumb","itemListElement":[{"@type":"ListItem","position":1,"name":"Portada","item":"https:\/\/tonymora.com\/en\/"},{"@type":"ListItem","position":2,"name":"Shop","item":"https:\/\/tonymora.com\/en\/shop\/"},{"@type":"ListItem","position":3,"name":"Men's leather belts","item":"https:\/\/tonymora.com\/en\/product-category\/men-leather-belts\/"},{"@type":"ListItem","position":4,"name":"11261 BROWN IGUANA"}]},{"@type":"WebSite","@id":"https:\/\/tonymora.com\/en\/#website","url":"https:\/\/tonymora.com\/en\/","name":"Tony Mora\u00ae Boots Official Store","description":"Cowboy Boots","publisher":{"@id":"https:\/\/tonymora.com\/en\/#organization"},"potentialAction":[{"@type":"SearchAction","target":{"@type":"EntryPoint","urlTemplate":"https:\/\/tonymora.com\/en\/?s={search_term_string}"},"query-input":{"@type":"PropertyValueSpecification","valueRequired":true,"valueName":"search_term_string"}}],"inLanguage":"en-US"},{"@type":"Organization","@id":"https:\/\/tonymora.com\/en\/#organization","name":"Tony Mora Boots","url":"https:\/\/tonymora.com\/en\/","logo":{"@type":"ImageObject","inLanguage":"en-US","@id":"https:\/\/tonymora.com\/en\/#\/schema\/logo\/image\/","url":"https:\/\/tonymora.com\/wp-content\/uploads\/2023\/12\/LOGO.jpg","contentUrl":"https:\/\/tonymora.com\/wp-content\/uploads\/2023\/12\/LOGO.jpg","width":2272,"height":1411,"caption":"Tony Mora Boots"},"image":{"@id":"https:\/\/tonymora.com\/en\/#\/schema\/logo\/image\/"},"sameAs":["https:\/\/www.facebook.com\/Tonymoraofficial\/","https:\/\/www.instagram.com\/tonymoraofficial\/?hl=es"]}]}},"_links":{"self":[{"href":"https:\/\/tonymora.com\/en\/wp-json\/wp\/v2\/product\/715109","targetHints":{"allow":["GET"]}}],"collection":[{"href":"https:\/\/tonymora.com\/en\/wp-json\/wp\/v2\/product"}],"about":[{"href":"https:\/\/tonymora.com\/en\/wp-json\/wp\/v2\/types\/product"}],"wp:featuredmedia":[{"embeddable":true,"href":"https:\/\/tonymora.com\/en\/wp-json\/wp\/v2\/media\/716416"}],"wp:attachment":[{"href":"https:\/\/tonymora.com\/en\/wp-json\/wp\/v2\/media?parent=715109"}],"wp:term":[{"taxonomy":"product_brand","embeddable":true,"href":"https:\/\/tonymora.com\/en\/wp-json\/wp\/v2\/product_brand?post=715109"},{"taxonomy":"product_cat","embeddable":true,"href":"https:\/\/tonymora.com\/en\/wp-json\/wp\/v2\/product_cat?post=715109"},{"taxonomy":"product_tag","embeddable":true,"href":"https:\/\/tonymora.com\/en\/wp-json\/wp\/v2\/product_tag?post=715109"}],"curies":[{"name":"wp","href":"https:\/\/api.w.org\/{rel}","templated":true}]}}