{"id":719132,"date":"2025-05-05T18:53:39","date_gmt":"2025-05-05T16:53:39","guid":{"rendered":"https:\/\/tonymora.com\/?post_type=product&#038;p=719132"},"modified":"2025-11-07T20:57:43","modified_gmt":"2025-11-07T19:57:43","slug":"1288-kupplung-bugui-leder","status":"publish","type":"product","link":"https:\/\/tonymora.com\/en\/producto\/1288-kupplung-bugui-leder\/","title":{"rendered":"1288 KUPPLUNG BUGUI LEDER"},"content":{"rendered":"<p>Diese lederfarbene Ledertasche ist ein unverzichtbares Alltagsutensil. Ihr klares, elegantes Design und die tadellose Verarbeitung aus hochwertigem Leder spiegeln den zeitlosen, nat\u00fcrlichen Charakter der Marke wider. Sie ist ger\u00e4umig, leicht und bequem zu tragen, mit breiten Henkeln f\u00fcr Funktionalit\u00e4t ohne Kompromisse beim Stil.<br \/>\nIdeal zum Kombinieren mit Leder- oder Spaltlederstiefeln, vervollst\u00e4ndigt diese Tasche jeden Look mit Authentizit\u00e4t und mediterraner Essenz. Ein vielseitiges Accessoire, das von Handwerkskunst, Tradition und Stil zeugt.<\/p>\n","protected":false},"excerpt":{"rendered":"<p>A striking silhouette that elevates any look. Clean and stylish with a contemporary flair.<br \/>\nA piece that reinforces your identity and adds effortless distinction.<\/p>\n","protected":false},"featured_media":718846,"template":"","meta":{"_mbp_gutenberg_autopost":false},"product_brand":[],"product_cat":[539,1173,181],"product_tag":[],"class_list":{"0":"post-719132","1":"product","2":"type-product","3":"status-publish","4":"has-post-thumbnail","6":"product_cat-handbags","7":"product_cat-black-friday-en","8":"product_cat-woman","10":"first","11":"outofstock","12":"taxable","13":"shipping-taxable","14":"purchasable","15":"product-type-simple"},"supplier_id":null,"supplier_sku":"","barcode":null,"atum_controlled":true,"out_stock_date":"2026-04-08 07:32:12","out_stock_threshold":null,"inheritable":false,"inbound_stock":0,"stock_on_hold":1,"sold_today":0,"sales_last_days":0,"reserved_stock":0,"customer_returns":0,"warehouse_damage":0,"lost_in_post":0,"other_logs":0,"out_stock_days":0,"lost_sales":0,"has_location":false,"update_date":"2026-04-08T05:32:12","atum_locations":[],"atum_stock_status":"instock","restock_status":false,"low_stock_amount":"","sales_update_date":"2026-03-20T12:50:43","calc_backorders":null,"yoast_head":"<!-- This site is optimized with the Yoast SEO plugin v27.2 - https:\/\/yoast.com\/product\/yoast-seo-wordpress\/ -->\n<title>1288 KUPPLUNG BUGUI LEDER - Tony Mora\u00ae Boots Official Store<\/title>\n<meta name=\"description\" content=\"Diese lederfarbene Ledertasche ist ein unverzichtbares Alltagsutensil. Ihr klares, elegantes Design und die tadellose Verarbeitung aus hochwertigem Leder spiegeln den zeitlosen, nat\u00fcrlichen Charakter der Marke wider. Sie ist ger\u00e4umig, leicht und bequem zu tragen, mit breiten Henkeln f\u00fcr Funktionalit\u00e4t ohne Kompromisse beim Stil.Ideal zum Kombinieren mit Leder- oder Spaltlederstiefeln, vervollst\u00e4ndigt diese Tasche jeden Look mit Authentizit\u00e4t und mediterraner Essenz. Ein vielseitiges Accessoire, das von Handwerkskunst, Tradition und Stil zeugt.\" \/>\n<meta name=\"robots\" content=\"index, follow, max-snippet:-1, max-image-preview:large, max-video-preview:-1\" \/>\n<link rel=\"canonical\" href=\"https:\/\/tonymora.com\/en\/producto\/1288-kupplung-bugui-leder\/\" \/>\n<meta property=\"og:locale\" content=\"en_US\" \/>\n<meta property=\"og:type\" content=\"article\" \/>\n<meta property=\"og:title\" content=\"1288 KUPPLUNG BUGUI LEDER - Tony Mora\u00ae Boots Official Store\" \/>\n<meta property=\"og:description\" content=\"Diese lederfarbene Ledertasche ist ein unverzichtbares Alltagsutensil. Ihr klares, elegantes Design und die tadellose Verarbeitung aus hochwertigem Leder spiegeln den zeitlosen, nat\u00fcrlichen Charakter der Marke wider. Sie ist ger\u00e4umig, leicht und bequem zu tragen, mit breiten Henkeln f\u00fcr Funktionalit\u00e4t ohne Kompromisse beim Stil.Ideal zum Kombinieren mit Leder- oder Spaltlederstiefeln, vervollst\u00e4ndigt diese Tasche jeden Look mit Authentizit\u00e4t und mediterraner Essenz. Ein vielseitiges Accessoire, das von Handwerkskunst, Tradition und Stil zeugt.\" \/>\n<meta property=\"og:url\" content=\"https:\/\/tonymora.com\/en\/producto\/1288-kupplung-bugui-leder\/\" \/>\n<meta property=\"og:site_name\" content=\"Tony Mora\u00ae Boots Official Store\" \/>\n<meta property=\"article:publisher\" content=\"https:\/\/www.facebook.com\/Tonymoraofficial\/\" \/>\n<meta property=\"article:modified_time\" content=\"2025-11-07T19:57:43+00:00\" \/>\n<meta property=\"og:image\" content=\"https:\/\/tonymora.com\/wp-content\/uploads\/2025\/05\/21-671x800.png\" \/>\n\t<meta property=\"og:image:width\" content=\"671\" \/>\n\t<meta property=\"og:image:height\" content=\"800\" \/>\n\t<meta property=\"og:image:type\" content=\"image\/png\" \/>\n<meta name=\"twitter:card\" content=\"summary_large_image\" \/>\n<meta name=\"twitter:label1\" content=\"Est. reading time\" \/>\n\t<meta name=\"twitter:data1\" content=\"1 minute\" \/>\n<script type=\"application\/ld+json\" class=\"yoast-schema-graph\">{\"@context\":\"https:\/\/schema.org\",\"@graph\":[{\"@type\":\"WebPage\",\"@id\":\"https:\/\/tonymora.com\/en\/producto\/1288-kupplung-bugui-leder\/\",\"url\":\"https:\/\/tonymora.com\/en\/producto\/1288-kupplung-bugui-leder\/\",\"name\":\"1288 KUPPLUNG BUGUI LEDER - Tony Mora\u00ae Boots Official Store\",\"isPartOf\":{\"@id\":\"https:\/\/tonymora.com\/en\/#website\"},\"primaryImageOfPage\":{\"@id\":\"https:\/\/tonymora.com\/en\/producto\/1288-kupplung-bugui-leder\/#primaryimage\"},\"image\":{\"@id\":\"https:\/\/tonymora.com\/en\/producto\/1288-kupplung-bugui-leder\/#primaryimage\"},\"thumbnailUrl\":\"https:\/\/tonymora.com\/wp-content\/uploads\/2025\/05\/21.png\",\"datePublished\":\"2025-05-05T16:53:39+00:00\",\"dateModified\":\"2025-11-07T19:57:43+00:00\",\"description\":\"Diese lederfarbene Ledertasche ist ein unverzichtbares Alltagsutensil. Ihr klares, elegantes Design und die tadellose Verarbeitung aus hochwertigem Leder spiegeln den zeitlosen, nat\u00fcrlichen Charakter der Marke wider. Sie ist ger\u00e4umig, leicht und bequem zu tragen, mit breiten Henkeln f\u00fcr Funktionalit\u00e4t ohne Kompromisse beim Stil.Ideal zum Kombinieren mit Leder- oder Spaltlederstiefeln, vervollst\u00e4ndigt diese Tasche jeden Look mit Authentizit\u00e4t und mediterraner Essenz. Ein vielseitiges Accessoire, das von Handwerkskunst, Tradition und Stil zeugt.\",\"breadcrumb\":{\"@id\":\"https:\/\/tonymora.com\/en\/producto\/1288-kupplung-bugui-leder\/#breadcrumb\"},\"inLanguage\":\"en-US\",\"potentialAction\":[{\"@type\":\"ReadAction\",\"target\":[\"https:\/\/tonymora.com\/en\/producto\/1288-kupplung-bugui-leder\/\"]}]},{\"@type\":\"ImageObject\",\"inLanguage\":\"en-US\",\"@id\":\"https:\/\/tonymora.com\/en\/producto\/1288-kupplung-bugui-leder\/#primaryimage\",\"url\":\"https:\/\/tonymora.com\/wp-content\/uploads\/2025\/05\/21.png\",\"contentUrl\":\"https:\/\/tonymora.com\/wp-content\/uploads\/2025\/05\/21.png\",\"width\":1840,\"height\":2193},{\"@type\":\"BreadcrumbList\",\"@id\":\"https:\/\/tonymora.com\/en\/producto\/1288-kupplung-bugui-leder\/#breadcrumb\",\"itemListElement\":[{\"@type\":\"ListItem\",\"position\":1,\"name\":\"Portada\",\"item\":\"https:\/\/tonymora.com\/en\/\"},{\"@type\":\"ListItem\",\"position\":2,\"name\":\"Shop\",\"item\":\"https:\/\/tonymora.com\/en\/shop\/\"},{\"@type\":\"ListItem\",\"position\":3,\"name\":\"Woman\",\"item\":\"https:\/\/tonymora.com\/en\/product-category\/woman\/\"},{\"@type\":\"ListItem\",\"position\":4,\"name\":\"Bags\",\"item\":\"https:\/\/tonymora.com\/en\/product-category\/woman\/handbags\/\"},{\"@type\":\"ListItem\",\"position\":5,\"name\":\"1288 KUPPLUNG BUGUI LEDER\"}]},{\"@type\":\"WebSite\",\"@id\":\"https:\/\/tonymora.com\/en\/#website\",\"url\":\"https:\/\/tonymora.com\/en\/\",\"name\":\"Tony Mora\u00ae Boots Official Store\",\"description\":\"Cowboy Boots\",\"publisher\":{\"@id\":\"https:\/\/tonymora.com\/en\/#organization\"},\"potentialAction\":[{\"@type\":\"SearchAction\",\"target\":{\"@type\":\"EntryPoint\",\"urlTemplate\":\"https:\/\/tonymora.com\/en\/?s={search_term_string}\"},\"query-input\":{\"@type\":\"PropertyValueSpecification\",\"valueRequired\":true,\"valueName\":\"search_term_string\"}}],\"inLanguage\":\"en-US\"},{\"@type\":\"Organization\",\"@id\":\"https:\/\/tonymora.com\/en\/#organization\",\"name\":\"Tony Mora Boots\",\"url\":\"https:\/\/tonymora.com\/en\/\",\"logo\":{\"@type\":\"ImageObject\",\"inLanguage\":\"en-US\",\"@id\":\"https:\/\/tonymora.com\/en\/#\/schema\/logo\/image\/\",\"url\":\"https:\/\/tonymora.com\/wp-content\/uploads\/2023\/12\/LOGO.jpg\",\"contentUrl\":\"https:\/\/tonymora.com\/wp-content\/uploads\/2023\/12\/LOGO.jpg\",\"width\":2272,\"height\":1411,\"caption\":\"Tony Mora Boots\"},\"image\":{\"@id\":\"https:\/\/tonymora.com\/en\/#\/schema\/logo\/image\/\"},\"sameAs\":[\"https:\/\/www.facebook.com\/Tonymoraofficial\/\",\"https:\/\/www.instagram.com\/tonymoraofficial\/?hl=es\"]}]}<\/script>\n<!-- \/ Yoast SEO plugin. -->","yoast_head_json":{"title":"1288 KUPPLUNG BUGUI LEDER - Tony Mora\u00ae Boots Official Store","description":"Diese lederfarbene Ledertasche ist ein unverzichtbares Alltagsutensil. Ihr klares, elegantes Design und die tadellose Verarbeitung aus hochwertigem Leder spiegeln den zeitlosen, nat\u00fcrlichen Charakter der Marke wider. Sie ist ger\u00e4umig, leicht und bequem zu tragen, mit breiten Henkeln f\u00fcr Funktionalit\u00e4t ohne Kompromisse beim Stil.Ideal zum Kombinieren mit Leder- oder Spaltlederstiefeln, vervollst\u00e4ndigt diese Tasche jeden Look mit Authentizit\u00e4t und mediterraner Essenz. Ein vielseitiges Accessoire, das von Handwerkskunst, Tradition und Stil zeugt.","robots":{"index":"index","follow":"follow","max-snippet":"max-snippet:-1","max-image-preview":"max-image-preview:large","max-video-preview":"max-video-preview:-1"},"canonical":"https:\/\/tonymora.com\/en\/producto\/1288-kupplung-bugui-leder\/","og_locale":"en_US","og_type":"article","og_title":"1288 KUPPLUNG BUGUI LEDER - Tony Mora\u00ae Boots Official Store","og_description":"Diese lederfarbene Ledertasche ist ein unverzichtbares Alltagsutensil. Ihr klares, elegantes Design und die tadellose Verarbeitung aus hochwertigem Leder spiegeln den zeitlosen, nat\u00fcrlichen Charakter der Marke wider. Sie ist ger\u00e4umig, leicht und bequem zu tragen, mit breiten Henkeln f\u00fcr Funktionalit\u00e4t ohne Kompromisse beim Stil.Ideal zum Kombinieren mit Leder- oder Spaltlederstiefeln, vervollst\u00e4ndigt diese Tasche jeden Look mit Authentizit\u00e4t und mediterraner Essenz. Ein vielseitiges Accessoire, das von Handwerkskunst, Tradition und Stil zeugt.","og_url":"https:\/\/tonymora.com\/en\/producto\/1288-kupplung-bugui-leder\/","og_site_name":"Tony Mora\u00ae Boots Official Store","article_publisher":"https:\/\/www.facebook.com\/Tonymoraofficial\/","article_modified_time":"2025-11-07T19:57:43+00:00","og_image":[{"width":671,"height":800,"url":"https:\/\/tonymora.com\/wp-content\/uploads\/2025\/05\/21-671x800.png","type":"image\/png"}],"twitter_card":"summary_large_image","twitter_misc":{"Est. reading time":"1 minute"},"schema":{"@context":"https:\/\/schema.org","@graph":[{"@type":"WebPage","@id":"https:\/\/tonymora.com\/en\/producto\/1288-kupplung-bugui-leder\/","url":"https:\/\/tonymora.com\/en\/producto\/1288-kupplung-bugui-leder\/","name":"1288 KUPPLUNG BUGUI LEDER - Tony Mora\u00ae Boots Official Store","isPartOf":{"@id":"https:\/\/tonymora.com\/en\/#website"},"primaryImageOfPage":{"@id":"https:\/\/tonymora.com\/en\/producto\/1288-kupplung-bugui-leder\/#primaryimage"},"image":{"@id":"https:\/\/tonymora.com\/en\/producto\/1288-kupplung-bugui-leder\/#primaryimage"},"thumbnailUrl":"https:\/\/tonymora.com\/wp-content\/uploads\/2025\/05\/21.png","datePublished":"2025-05-05T16:53:39+00:00","dateModified":"2025-11-07T19:57:43+00:00","description":"Diese lederfarbene Ledertasche ist ein unverzichtbares Alltagsutensil. Ihr klares, elegantes Design und die tadellose Verarbeitung aus hochwertigem Leder spiegeln den zeitlosen, nat\u00fcrlichen Charakter der Marke wider. Sie ist ger\u00e4umig, leicht und bequem zu tragen, mit breiten Henkeln f\u00fcr Funktionalit\u00e4t ohne Kompromisse beim Stil.Ideal zum Kombinieren mit Leder- oder Spaltlederstiefeln, vervollst\u00e4ndigt diese Tasche jeden Look mit Authentizit\u00e4t und mediterraner Essenz. Ein vielseitiges Accessoire, das von Handwerkskunst, Tradition und Stil zeugt.","breadcrumb":{"@id":"https:\/\/tonymora.com\/en\/producto\/1288-kupplung-bugui-leder\/#breadcrumb"},"inLanguage":"en-US","potentialAction":[{"@type":"ReadAction","target":["https:\/\/tonymora.com\/en\/producto\/1288-kupplung-bugui-leder\/"]}]},{"@type":"ImageObject","inLanguage":"en-US","@id":"https:\/\/tonymora.com\/en\/producto\/1288-kupplung-bugui-leder\/#primaryimage","url":"https:\/\/tonymora.com\/wp-content\/uploads\/2025\/05\/21.png","contentUrl":"https:\/\/tonymora.com\/wp-content\/uploads\/2025\/05\/21.png","width":1840,"height":2193},{"@type":"BreadcrumbList","@id":"https:\/\/tonymora.com\/en\/producto\/1288-kupplung-bugui-leder\/#breadcrumb","itemListElement":[{"@type":"ListItem","position":1,"name":"Portada","item":"https:\/\/tonymora.com\/en\/"},{"@type":"ListItem","position":2,"name":"Shop","item":"https:\/\/tonymora.com\/en\/shop\/"},{"@type":"ListItem","position":3,"name":"Woman","item":"https:\/\/tonymora.com\/en\/product-category\/woman\/"},{"@type":"ListItem","position":4,"name":"Bags","item":"https:\/\/tonymora.com\/en\/product-category\/woman\/handbags\/"},{"@type":"ListItem","position":5,"name":"1288 KUPPLUNG BUGUI LEDER"}]},{"@type":"WebSite","@id":"https:\/\/tonymora.com\/en\/#website","url":"https:\/\/tonymora.com\/en\/","name":"Tony Mora\u00ae Boots Official Store","description":"Cowboy Boots","publisher":{"@id":"https:\/\/tonymora.com\/en\/#organization"},"potentialAction":[{"@type":"SearchAction","target":{"@type":"EntryPoint","urlTemplate":"https:\/\/tonymora.com\/en\/?s={search_term_string}"},"query-input":{"@type":"PropertyValueSpecification","valueRequired":true,"valueName":"search_term_string"}}],"inLanguage":"en-US"},{"@type":"Organization","@id":"https:\/\/tonymora.com\/en\/#organization","name":"Tony Mora Boots","url":"https:\/\/tonymora.com\/en\/","logo":{"@type":"ImageObject","inLanguage":"en-US","@id":"https:\/\/tonymora.com\/en\/#\/schema\/logo\/image\/","url":"https:\/\/tonymora.com\/wp-content\/uploads\/2023\/12\/LOGO.jpg","contentUrl":"https:\/\/tonymora.com\/wp-content\/uploads\/2023\/12\/LOGO.jpg","width":2272,"height":1411,"caption":"Tony Mora Boots"},"image":{"@id":"https:\/\/tonymora.com\/en\/#\/schema\/logo\/image\/"},"sameAs":["https:\/\/www.facebook.com\/Tonymoraofficial\/","https:\/\/www.instagram.com\/tonymoraofficial\/?hl=es"]}]}},"_links":{"self":[{"href":"https:\/\/tonymora.com\/en\/wp-json\/wp\/v2\/product\/719132","targetHints":{"allow":["GET"]}}],"collection":[{"href":"https:\/\/tonymora.com\/en\/wp-json\/wp\/v2\/product"}],"about":[{"href":"https:\/\/tonymora.com\/en\/wp-json\/wp\/v2\/types\/product"}],"wp:featuredmedia":[{"embeddable":true,"href":"https:\/\/tonymora.com\/en\/wp-json\/wp\/v2\/media\/718846"}],"wp:attachment":[{"href":"https:\/\/tonymora.com\/en\/wp-json\/wp\/v2\/media?parent=719132"}],"wp:term":[{"taxonomy":"product_brand","embeddable":true,"href":"https:\/\/tonymora.com\/en\/wp-json\/wp\/v2\/product_brand?post=719132"},{"taxonomy":"product_cat","embeddable":true,"href":"https:\/\/tonymora.com\/en\/wp-json\/wp\/v2\/product_cat?post=719132"},{"taxonomy":"product_tag","embeddable":true,"href":"https:\/\/tonymora.com\/en\/wp-json\/wp\/v2\/product_tag?post=719132"}],"curies":[{"name":"wp","href":"https:\/\/api.w.org\/{rel}","templated":true}]}}