{"id":720619,"date":"2025-07-23T13:41:32","date_gmt":"2025-07-23T11:41:32","guid":{"rendered":"https:\/\/tonymora.com\/?post_type=product&#038;p=720619"},"modified":"2025-07-23T13:45:52","modified_gmt":"2025-07-23T11:45:52","slug":"4684-j-lini-wildleder-khaki","status":"publish","type":"product","link":"https:\/\/tonymora.com\/en\/producto\/4684-j-lini-wildleder-khaki\/","title":{"rendered":"4684 J LINI WILDLEDER KHAKI"},"content":{"rendered":"<p data-start=\"482\" data-end=\"892\">Handgefertigte Stiefelette aus samtigem, khakifarbenem Spaltleder mit subtilen Fransen, die ihr eine zarte Bewegung verleihen. Die raffinierte, minimalistische Linie passt sich ganz nat\u00fcrlich an formelle oder legere Outfits an, von makellos geschnittenen Hosen bis hin zu flie\u00dfenden Kleidern. Jedes Detail &#8211; von der pr\u00e4zisen Verarbeitung der N\u00e4hte bis zur Qualit\u00e4t des Spaltleders &#8211; zeugt von meisterlicher Handwerkskunst und macht diese Stiefelette zu einem Accessoire von purer Eleganz.<\/p>\n","protected":false},"excerpt":{"rendered":"<p>A striking silhouette that elevates any look. Perfect for bold, urban styles.<br \/>\nDesigned for those who understand elegance as an attitude.<\/p>\n","protected":false},"featured_media":720610,"template":"","meta":{"_mbp_gutenberg_autopost":false},"product_brand":[],"product_cat":[199,194,1140,181,1134],"product_tag":[],"class_list":{"0":"post-720619","1":"product","2":"type-product","3":"status-publish","4":"has-post-thumbnail","6":"product_cat-ankle-boots-woman","7":"product_cat-casual-boots-woman","8":"product_cat-leather-boots-woman","9":"product_cat-woman","10":"product_cat-womens-sales","12":"first","13":"instock","14":"taxable","15":"shipping-taxable","16":"purchasable","17":"product-type-variable"},"supplier_id":null,"supplier_sku":"","barcode":null,"atum_controlled":true,"out_stock_date":null,"out_stock_threshold":null,"inheritable":true,"inbound_stock":0,"stock_on_hold":0,"sold_today":null,"sales_last_days":null,"reserved_stock":0,"customer_returns":0,"warehouse_damage":0,"lost_in_post":0,"other_logs":0,"out_stock_days":null,"lost_sales":null,"has_location":false,"update_date":"2026-03-20T12:50:16","atum_locations":[],"atum_stock_status":"instock","restock_status":false,"low_stock_amount":"","sales_update_date":"2026-03-20T12:50:16","calc_backorders":null,"yoast_head":"<!-- This site is optimized with the Yoast SEO plugin v27.4 - https:\/\/yoast.com\/product\/yoast-seo-wordpress\/ -->\n<title>4684 J LINI WILDLEDER KHAKI - Tony Mora\u00ae Boots Official Store<\/title>\n<meta name=\"description\" content=\"We present our ankle boots specially made of calfleather and carefully worked with the technique of scraping the leather which\" \/>\n<meta name=\"robots\" content=\"index, follow, max-snippet:-1, max-image-preview:large, max-video-preview:-1\" \/>\n<link rel=\"canonical\" href=\"https:\/\/tonymora.com\/en\/producto\/4684-j-lini-wildleder-khaki\/\" \/>\n<meta property=\"og:locale\" content=\"en_US\" \/>\n<meta property=\"og:type\" content=\"article\" \/>\n<meta property=\"og:title\" content=\"4684 J LINI WILDLEDER KHAKI - Tony Mora\u00ae Boots Official Store\" \/>\n<meta property=\"og:description\" content=\"We present our ankle boots specially made of calfleather and carefully worked with the technique of scraping the leather which\" \/>\n<meta property=\"og:url\" content=\"https:\/\/tonymora.com\/en\/producto\/4684-j-lini-wildleder-khaki\/\" \/>\n<meta property=\"og:site_name\" content=\"Tony Mora\u00ae Boots Official Store\" \/>\n<meta property=\"article:publisher\" content=\"https:\/\/www.facebook.com\/Tonymoraofficial\/\" \/>\n<meta property=\"article:modified_time\" content=\"2025-07-23T11:45:52+00:00\" \/>\n<meta property=\"og:image\" content=\"https:\/\/tonymora.com\/wp-content\/uploads\/2025\/07\/3-2.png\" \/>\n\t<meta property=\"og:image:width\" content=\"866\" \/>\n\t<meta property=\"og:image:height\" content=\"1032\" \/>\n\t<meta property=\"og:image:type\" content=\"image\/png\" \/>\n<meta name=\"twitter:card\" content=\"summary_large_image\" \/>\n<meta name=\"twitter:label1\" content=\"Est. reading time\" \/>\n\t<meta name=\"twitter:data1\" content=\"1 minute\" \/>\n<script type=\"application\/ld+json\" class=\"yoast-schema-graph\">{\"@context\":\"https:\\\/\\\/schema.org\",\"@graph\":[{\"@type\":\"WebPage\",\"@id\":\"https:\\\/\\\/tonymora.com\\\/en\\\/producto\\\/4684-j-lini-wildleder-khaki\\\/\",\"url\":\"https:\\\/\\\/tonymora.com\\\/en\\\/producto\\\/4684-j-lini-wildleder-khaki\\\/\",\"name\":\"4684 J LINI WILDLEDER KHAKI - Tony Mora\u00ae Boots Official Store\",\"isPartOf\":{\"@id\":\"https:\\\/\\\/tonymora.com\\\/en\\\/#website\"},\"primaryImageOfPage\":{\"@id\":\"https:\\\/\\\/tonymora.com\\\/en\\\/producto\\\/4684-j-lini-wildleder-khaki\\\/#primaryimage\"},\"image\":{\"@id\":\"https:\\\/\\\/tonymora.com\\\/en\\\/producto\\\/4684-j-lini-wildleder-khaki\\\/#primaryimage\"},\"thumbnailUrl\":\"https:\\\/\\\/tonymora.com\\\/wp-content\\\/uploads\\\/2025\\\/07\\\/3-2.png\",\"datePublished\":\"2025-07-23T11:41:32+00:00\",\"dateModified\":\"2025-07-23T11:45:52+00:00\",\"description\":\"We present our ankle boots specially made of calfleather and carefully worked with the technique of scraping the leather which\",\"breadcrumb\":{\"@id\":\"https:\\\/\\\/tonymora.com\\\/en\\\/producto\\\/4684-j-lini-wildleder-khaki\\\/#breadcrumb\"},\"inLanguage\":\"en-US\",\"potentialAction\":[{\"@type\":\"ReadAction\",\"target\":[\"https:\\\/\\\/tonymora.com\\\/en\\\/producto\\\/4684-j-lini-wildleder-khaki\\\/\"]}]},{\"@type\":\"ImageObject\",\"inLanguage\":\"en-US\",\"@id\":\"https:\\\/\\\/tonymora.com\\\/en\\\/producto\\\/4684-j-lini-wildleder-khaki\\\/#primaryimage\",\"url\":\"https:\\\/\\\/tonymora.com\\\/wp-content\\\/uploads\\\/2025\\\/07\\\/3-2.png\",\"contentUrl\":\"https:\\\/\\\/tonymora.com\\\/wp-content\\\/uploads\\\/2025\\\/07\\\/3-2.png\",\"width\":866,\"height\":1032},{\"@type\":\"BreadcrumbList\",\"@id\":\"https:\\\/\\\/tonymora.com\\\/en\\\/producto\\\/4684-j-lini-wildleder-khaki\\\/#breadcrumb\",\"itemListElement\":[{\"@type\":\"ListItem\",\"position\":1,\"name\":\"Portada\",\"item\":\"https:\\\/\\\/tonymora.com\\\/en\\\/\"},{\"@type\":\"ListItem\",\"position\":2,\"name\":\"Shop\",\"item\":\"https:\\\/\\\/tonymora.com\\\/en\\\/shop\\\/\"},{\"@type\":\"ListItem\",\"position\":3,\"name\":\"Woman\",\"item\":\"https:\\\/\\\/tonymora.com\\\/en\\\/product-category\\\/woman\\\/\"},{\"@type\":\"ListItem\",\"position\":4,\"name\":\"4684 J LINI WILDLEDER KHAKI\"}]},{\"@type\":\"WebSite\",\"@id\":\"https:\\\/\\\/tonymora.com\\\/en\\\/#website\",\"url\":\"https:\\\/\\\/tonymora.com\\\/en\\\/\",\"name\":\"Tony Mora\u00ae Boots Official Store\",\"description\":\"Cowboy Boots\",\"publisher\":{\"@id\":\"https:\\\/\\\/tonymora.com\\\/en\\\/#organization\"},\"potentialAction\":[{\"@type\":\"SearchAction\",\"target\":{\"@type\":\"EntryPoint\",\"urlTemplate\":\"https:\\\/\\\/tonymora.com\\\/en\\\/?s={search_term_string}\"},\"query-input\":{\"@type\":\"PropertyValueSpecification\",\"valueRequired\":true,\"valueName\":\"search_term_string\"}}],\"inLanguage\":\"en-US\"},{\"@type\":\"Organization\",\"@id\":\"https:\\\/\\\/tonymora.com\\\/en\\\/#organization\",\"name\":\"Tony Mora Boots\",\"url\":\"https:\\\/\\\/tonymora.com\\\/en\\\/\",\"logo\":{\"@type\":\"ImageObject\",\"inLanguage\":\"en-US\",\"@id\":\"https:\\\/\\\/tonymora.com\\\/en\\\/#\\\/schema\\\/logo\\\/image\\\/\",\"url\":\"https:\\\/\\\/tonymora.com\\\/wp-content\\\/uploads\\\/2023\\\/12\\\/LOGO.jpg\",\"contentUrl\":\"https:\\\/\\\/tonymora.com\\\/wp-content\\\/uploads\\\/2023\\\/12\\\/LOGO.jpg\",\"width\":2272,\"height\":1411,\"caption\":\"Tony Mora Boots\"},\"image\":{\"@id\":\"https:\\\/\\\/tonymora.com\\\/en\\\/#\\\/schema\\\/logo\\\/image\\\/\"},\"sameAs\":[\"https:\\\/\\\/www.facebook.com\\\/Tonymoraofficial\\\/\",\"https:\\\/\\\/www.instagram.com\\\/tonymoraofficial\\\/?hl=es\"]}]}<\/script>\n<!-- \/ Yoast SEO plugin. -->","yoast_head_json":{"title":"4684 J LINI WILDLEDER KHAKI - Tony Mora\u00ae Boots Official Store","description":"We present our ankle boots specially made of calfleather and carefully worked with the technique of scraping the leather which","robots":{"index":"index","follow":"follow","max-snippet":"max-snippet:-1","max-image-preview":"max-image-preview:large","max-video-preview":"max-video-preview:-1"},"canonical":"https:\/\/tonymora.com\/en\/producto\/4684-j-lini-wildleder-khaki\/","og_locale":"en_US","og_type":"article","og_title":"4684 J LINI WILDLEDER KHAKI - Tony Mora\u00ae Boots Official Store","og_description":"We present our ankle boots specially made of calfleather and carefully worked with the technique of scraping the leather which","og_url":"https:\/\/tonymora.com\/en\/producto\/4684-j-lini-wildleder-khaki\/","og_site_name":"Tony Mora\u00ae Boots Official Store","article_publisher":"https:\/\/www.facebook.com\/Tonymoraofficial\/","article_modified_time":"2025-07-23T11:45:52+00:00","og_image":[{"width":866,"height":1032,"url":"https:\/\/tonymora.com\/wp-content\/uploads\/2025\/07\/3-2.png","type":"image\/png"}],"twitter_card":"summary_large_image","twitter_misc":{"Est. reading time":"1 minute"},"schema":{"@context":"https:\/\/schema.org","@graph":[{"@type":"WebPage","@id":"https:\/\/tonymora.com\/en\/producto\/4684-j-lini-wildleder-khaki\/","url":"https:\/\/tonymora.com\/en\/producto\/4684-j-lini-wildleder-khaki\/","name":"4684 J LINI WILDLEDER KHAKI - Tony Mora\u00ae Boots Official Store","isPartOf":{"@id":"https:\/\/tonymora.com\/en\/#website"},"primaryImageOfPage":{"@id":"https:\/\/tonymora.com\/en\/producto\/4684-j-lini-wildleder-khaki\/#primaryimage"},"image":{"@id":"https:\/\/tonymora.com\/en\/producto\/4684-j-lini-wildleder-khaki\/#primaryimage"},"thumbnailUrl":"https:\/\/tonymora.com\/wp-content\/uploads\/2025\/07\/3-2.png","datePublished":"2025-07-23T11:41:32+00:00","dateModified":"2025-07-23T11:45:52+00:00","description":"We present our ankle boots specially made of calfleather and carefully worked with the technique of scraping the leather which","breadcrumb":{"@id":"https:\/\/tonymora.com\/en\/producto\/4684-j-lini-wildleder-khaki\/#breadcrumb"},"inLanguage":"en-US","potentialAction":[{"@type":"ReadAction","target":["https:\/\/tonymora.com\/en\/producto\/4684-j-lini-wildleder-khaki\/"]}]},{"@type":"ImageObject","inLanguage":"en-US","@id":"https:\/\/tonymora.com\/en\/producto\/4684-j-lini-wildleder-khaki\/#primaryimage","url":"https:\/\/tonymora.com\/wp-content\/uploads\/2025\/07\/3-2.png","contentUrl":"https:\/\/tonymora.com\/wp-content\/uploads\/2025\/07\/3-2.png","width":866,"height":1032},{"@type":"BreadcrumbList","@id":"https:\/\/tonymora.com\/en\/producto\/4684-j-lini-wildleder-khaki\/#breadcrumb","itemListElement":[{"@type":"ListItem","position":1,"name":"Portada","item":"https:\/\/tonymora.com\/en\/"},{"@type":"ListItem","position":2,"name":"Shop","item":"https:\/\/tonymora.com\/en\/shop\/"},{"@type":"ListItem","position":3,"name":"Woman","item":"https:\/\/tonymora.com\/en\/product-category\/woman\/"},{"@type":"ListItem","position":4,"name":"4684 J LINI WILDLEDER KHAKI"}]},{"@type":"WebSite","@id":"https:\/\/tonymora.com\/en\/#website","url":"https:\/\/tonymora.com\/en\/","name":"Tony Mora\u00ae Boots Official Store","description":"Cowboy Boots","publisher":{"@id":"https:\/\/tonymora.com\/en\/#organization"},"potentialAction":[{"@type":"SearchAction","target":{"@type":"EntryPoint","urlTemplate":"https:\/\/tonymora.com\/en\/?s={search_term_string}"},"query-input":{"@type":"PropertyValueSpecification","valueRequired":true,"valueName":"search_term_string"}}],"inLanguage":"en-US"},{"@type":"Organization","@id":"https:\/\/tonymora.com\/en\/#organization","name":"Tony Mora Boots","url":"https:\/\/tonymora.com\/en\/","logo":{"@type":"ImageObject","inLanguage":"en-US","@id":"https:\/\/tonymora.com\/en\/#\/schema\/logo\/image\/","url":"https:\/\/tonymora.com\/wp-content\/uploads\/2023\/12\/LOGO.jpg","contentUrl":"https:\/\/tonymora.com\/wp-content\/uploads\/2023\/12\/LOGO.jpg","width":2272,"height":1411,"caption":"Tony Mora Boots"},"image":{"@id":"https:\/\/tonymora.com\/en\/#\/schema\/logo\/image\/"},"sameAs":["https:\/\/www.facebook.com\/Tonymoraofficial\/","https:\/\/www.instagram.com\/tonymoraofficial\/?hl=es"]}]}},"_links":{"self":[{"href":"https:\/\/tonymora.com\/en\/wp-json\/wp\/v2\/product\/720619","targetHints":{"allow":["GET"]}}],"collection":[{"href":"https:\/\/tonymora.com\/en\/wp-json\/wp\/v2\/product"}],"about":[{"href":"https:\/\/tonymora.com\/en\/wp-json\/wp\/v2\/types\/product"}],"wp:featuredmedia":[{"embeddable":true,"href":"https:\/\/tonymora.com\/en\/wp-json\/wp\/v2\/media\/720610"}],"wp:attachment":[{"href":"https:\/\/tonymora.com\/en\/wp-json\/wp\/v2\/media?parent=720619"}],"wp:term":[{"taxonomy":"product_brand","embeddable":true,"href":"https:\/\/tonymora.com\/en\/wp-json\/wp\/v2\/product_brand?post=720619"},{"taxonomy":"product_cat","embeddable":true,"href":"https:\/\/tonymora.com\/en\/wp-json\/wp\/v2\/product_cat?post=720619"},{"taxonomy":"product_tag","embeddable":true,"href":"https:\/\/tonymora.com\/en\/wp-json\/wp\/v2\/product_tag?post=720619"}],"curies":[{"name":"wp","href":"https:\/\/api.w.org\/{rel}","templated":true}]}}