{"id":28245,"date":"2019-07-23T09:40:42","date_gmt":"2019-07-23T07:40:42","guid":{"rendered":"https:\/\/tonymora.com\/?page_id=28245"},"modified":"2024-11-26T13:23:10","modified_gmt":"2024-11-26T12:23:10","slug":"aviso-legal","status":"publish","type":"page","link":"https:\/\/tonymora.com\/es\/aviso-legal\/","title":{"rendered":"Aviso legal"},"content":{"rendered":"<div class=\"wpb-content-wrapper\"><p>[vc_row css_animation=\u00bbfadeIn\u00bb el_class=\u00bbcontainer-medium\u00bb][vc_column][vc_custom_heading text=\u00bbAviso legal\u00bb font_container=\u00bbtag:h2|font_size:2.6rem|text_align:left\u00bb use_theme_fonts=\u00bbyes\u00bb][vc_column_text woodmart_inline=\u00bbno\u00bb text_larger=\u00bbno\u00bb]<\/p>\n<div class=\"col-inner\">\n<p><strong>AVISO LEGAL Y CONDICIONES DE USO<\/strong><\/p>\n<p><strong>TONY MORA<\/strong> respeta el derecho a la privacidad de sus usuarios online y reconoce la importancia de proteger la informaci\u00f3n personal recogida sobre ellos, para ello hemos adoptado una amplia <em>Pol\u00edtica de Privacidad<\/em> corporativa que establece c\u00f3mo recogemos, almacenamos y utilizamos la informaci\u00f3n que usted nos proporciona.<\/p>\n<p>Si eres menor de 18 a\u00f1os, debes informar a tus padres o tutores sobre la <em>Pol\u00edtica de Privacidad<\/em> de <strong>TONY MORA<\/strong> y sobre los <em>T\u00e9rminos y Condiciones<\/em>, quienes deber\u00e1n aprobar la <em>Pol\u00edtica de Privacidad<\/em> y los <em>T\u00e9rminos y Condiciones<\/em> antes de que te registres en <strong>TONY MORA.<br \/><\/strong><br \/>La siguiente informaci\u00f3n es proporcionada por <strong>TONY MORA<\/strong> para que pueda estar plenamente informado de nuestra <em>Pol\u00edtica de Privacidad<\/em>. Al visitar tonymora.com est\u00e1 aceptando y consintiendo las pr\u00e1cticas descritas en esta <em>Pol\u00edtica de Privacidad<\/em> y en las condiciones generales. Si no est\u00e1 de acuerdo con esta <em>Pol\u00edtica de Privacidad<\/em> y\/o los <em>T\u00e9rminos y Condiciones<\/em>, por favor, no acceda a este sitio web.<br \/>Esta <em>Pol\u00edtica de Privacidad<\/em> no se aplica a las p\u00e1ginas web gestionadas por otras empresas u organizaciones con las que estemos vinculados. <strong>TONY MORA<\/strong> no se hace responsable de la informaci\u00f3n personal que env\u00ede a terceros a trav\u00e9s de nuestra p\u00e1gina web. Por favor, aseg\u00farese de haber le\u00eddo la<em> Pol\u00edtica de Privacidad<\/em> de estas otras empresas u organizaciones antes de enviar sus datos.<\/p>\n<p><strong>TITULAR DE LA WEB<\/strong><\/p>\n<p>A los efectos de lo previsto por el Art. 10 de la Ley 34\/ 2002, de 11 de julio, de Servicios de la Sociedad de la Informaci\u00f3n y de Comercio Electr\u00f3nico, se proporciona la siguiente informaci\u00f3n sobre la titular de esta Web:<\/p>\n<p>Titular de la Web: Mescalero S.L.<br \/>Domicilio social: Pol\u00edgono industrial de Alar\u00f3\u00a0<span class=\"Apple-converted-space\">\u00a0<\/span>n\u00famero 4 007-60<br \/>CIF: B57515769<br \/>Adem\u00e1s del domicilio social, se pone a disposici\u00f3n de los usuarios los siguientes canales para dirigir sus peticiones, cuestiones o reclamaciones:<\/p>\n<p>Formulario de contacto de la web<br \/>Tel. +34 971 51 43 17<br \/>ventas(a)tonymora.com (sustituir \u201c(a)\u201d por \u201c@\u201d)<\/p>\n<p><strong>INFORMACI\u00d3N RECOGIDA Y C\u00d3MO SE USA<\/strong><\/p>\n<p><strong>TONY MORA<\/strong> recoge informaci\u00f3n personal cuando se registra y\/o hace un pedido, necesitamos guardar informaci\u00f3n personal como su nombre, direcci\u00f3n, direcci\u00f3n de correo electr\u00f3nico, n\u00fameros de tel\u00e9fono, direcci\u00f3n de env\u00edo y la direcci\u00f3n de facturaci\u00f3n de la tarjeta de cr\u00e9dito, para que podamos procesar y completar su pedido. Adem\u00e1s, tambi\u00e9n podemos obtener informaci\u00f3n como resultado de las comprobaciones de autentificaci\u00f3n o identidad. Si desea ser incluido en nuestra lista de direcciones, le solicitaremos autorizaci\u00f3n previa. Asimismo, cuando visites nuestra p\u00e1gina web, recogeremos los datos conocidos direcci\u00f3n del servidor, nombre del dominio. Esta informaci\u00f3n, junto con los detalles que nos haya proporcionado, nos permite adaptar a sus necesidades sus pr\u00f3ximas visitas.<br \/><strong>TONY MORA<\/strong> puede utilizar su informaci\u00f3n personal para procesar pedidos y pagos. Tambi\u00e9n utilizaremos sus datos para realizar y entregar sus pedidos y para gestionar su cuenta. La informaci\u00f3n personal que nos proporcione podr\u00e1 ser revelada a agencias de referencias de cr\u00e9dito o de prevenci\u00f3n del fraude, que podr\u00e1n mantener el registro de esta informaci\u00f3n.<br \/>Podemos utilizar su informaci\u00f3n para organizar eventos, elaborar estad\u00edsticas u otras funciones de la p\u00e1gina web, as\u00ed como para proporcionarte los servicios disponibles en la p\u00e1gina web. Si hubiera una obligaci\u00f3n legal, podremos revelar su informaci\u00f3n a cualquier autoridad reguladora competente. Tambi\u00e9n podremos revelar su informaci\u00f3n como respuesta a una solicitud leg\u00edtima y obligatoria de una autoridad competente o en respuesta a una orden judicial o, de cualquier otro modo, de conformidad con la legislaci\u00f3n aplicable, normativa, proceso legal o requerimiento gubernamental ejecutable, o cualquier otro requerimiento establecido por la ley; para hacer cumplir las condiciones, incluyendo la investigaci\u00f3n de infracciones potenciales con respecto a los mismos; para detectar, prevenir o de cualquier otro modo tratar el fraude, la seguridad o los asuntos t\u00e9cnicos.<br \/>Tambi\u00e9n podemos utilizar su informaci\u00f3n personal para enviarle informaci\u00f3n y material por correo electr\u00f3nico, incluyendo detalles del producto y ofertas especiales y boletines de noticias que consideremos que pueden ser de su inter\u00e9s. \u00c9stos pueden estar relacionados con nuestros productos. Esta informaci\u00f3n solamente se le enviar\u00e1 si nos das autorizaci\u00f3n previa. Adem\u00e1s podemos utilizar su informaci\u00f3n personal para analizar las visitas a la p\u00e1gina web y determinar los intereses individuales y colectivos de los visitantes de la p\u00e1gina web. Esto nos proporcionar\u00e1 informaci\u00f3n que nos permita mejorar los productos, servicios, funciones o promociones que pudieran ser de su inter\u00e9s, y mejorar el dise\u00f1o de la p\u00e1gina web para satisfacer mejor las necesidades de nuestros usuarios.<br \/>Del mismo modo, recogemos sus datos personales a trav\u00e9s de las diferentes formularios contenidos en la p\u00e1gina web, para que pueda procesar las cancelaciones, devoluciones y\/o cambios con relaci\u00f3n a los productos adquiridos en <strong>TONY MORA<\/strong> y para que podamos responder a sus preguntas, enviarte nuestra <em>newsletter<\/em> y gestionar sus reclamaciones.<\/p>\n<p>&nbsp;<\/p>\n<p><strong>PROTECCI\u00d3N DE DATOS<\/strong><\/p>\n<p>Haremos todo lo posible para garantizar la seguridad, integridad y privacidad de la informaci\u00f3n que nos ha proporcionado. Para garantizar la seguridad de sus datos, hemos establecido una serie de medidas de seguridad y garant\u00edas. Sus datos personales se almacenan en redes seguras a las que s\u00f3lo puede acceder un n\u00famero limitado de personas titulares de derechos especiales de acceso y que se comprometen a mantener la confidencialidad de esta informaci\u00f3n.<br \/>A pesar de estas medidas, siempre que proporcione sus datos personales en Internet, existe el riesgo de que esta informaci\u00f3n pueda ser interceptada y usada por terceros cuyo control queda fuera de nuestro alcance. Aunque <strong>TONY MORA<\/strong> hace todo lo posible para proteger sus datos personales y su privacidad, no podemos garantizar la seguridad de la informaci\u00f3n que facilita a trav\u00e9s de Internet, bajo su propia responsabilidad.<br \/>Si bien sus datos podr\u00e1n ser transferidos a terceros que nos asistan en el dise\u00f1o y uso de la p\u00e1gina web, o nos proporcionen servicios o analicen los datos recogidos. Estos terceros utilizar\u00e1n los datos \u00fanicamente con el prop\u00f3sito de llevar a cabo las tareas descritas anteriormente, y se comprometen a respetar y mantener los datos personales cuando as\u00ed lo requiera la ley. Aparte de estos casos, no vendemos, comercializamos o transferimos sus datos personales de ning\u00fan modo a terceros, y siempre de conformidad con la legislaci\u00f3n de protecci\u00f3n de datos en vigor.<\/p>\n<p>&nbsp;<\/p>\n<p><strong>PROPIEDAD INTELECTUAL<\/strong><\/p>\n<p>\u00ab<strong>TONY MORA<\/strong>\u00bb es una marca registrada por<strong> MESCALERO S.L.<\/strong><br \/>A menos que se indique lo contrario, todos los dem\u00e1s derechos de propiedad intelectual (incluyendo, sin limitaci\u00f3n, marcas comerciales registradas o no registradas, dise\u00f1os, derechos de autor) en o relacionados con este sitio web, los productos mostrados y \/ o disponible en este sitio web, y los elementos accesorios, envasado o accesorias conectados a dichos productos, son y seguir\u00e1n siendo propiedad exclusiva de <strong>MESCALERO S.L.<\/strong> y tales derechos de propiedad intelectual est\u00e1n protegidos por tratados y leyes de propiedad intelectual aplicables en todo el mundo.<br \/>Estos elementos no deben ser reproducidos, utilizados o representados sin la autorizaci\u00f3n expresa de <strong>MESCALERO S.L.<\/strong><\/p>\n<p>&nbsp;<\/p>\n<p><strong>ENLACES<\/strong><\/p>\n<p>Podemos incluir hiperv\u00ednculos en esta p\u00e1gina web a otras p\u00e1ginas web o recursos gestionados por terceras partes que no sean <strong>TONY MORA<\/strong>, incluidos los anunciantes. <strong>TONY MORA<\/strong> no ha revisado todas las p\u00e1ginas web vinculadas a esta p\u00e1gina web y no se hace responsable del contenido o veracidad de estas p\u00e1ginas web externas ni tampoco de la disponibilidad de dichas p\u00e1ginas web o recursos externos; y no aprueba ni se responsabiliza, de forma directa o indirecta, de las pr\u00e1cticas de privacidad o del contenido de estas p\u00e1ginas web, incluyendo (sin restricciones) cualquier publicidad, producto u otros materiales o servicios de la p\u00e1gina web o disponibles en dichas p\u00e1ginas web o recursos, ni por da\u00f1os, p\u00e9rdidas o infracciones causados, o presuntamente causados, por el uso, o en relaci\u00f3n con el uso o dependientes de dicho contenido, bienes o servicios disponibles en dichas p\u00e1ginas web o recursos externos.<\/p>\n<p>&nbsp;<\/p>\n<p>&nbsp;<\/p>\n<p><strong>ACCESO, RECTIFICACI\u00d3N Y CANCELACI\u00d3N DE SUS DATOS<\/strong><\/p>\n<p>De acuerdo con la normativa vigente en tema de <em>Protecci\u00f3n de Datos<\/em>, tiene derecho a acceder, rectificar y\/o cancelar sus datos personales, as\u00ed como revocar su consentimiento para recibir informaci\u00f3n sobre promociones y otros asuntos de inter\u00e9s relacionados con <strong>TONY MORA<\/strong> , en cualquier momento. Para este fin, deber\u00e1s enviar una solicitud mediante el correo electr\u00f3nico a la siguiente direcci\u00f3n: <a href=\"mailto:ventas@tonymora.com\">ventas@tonymora.com<\/a><\/p>\n<p><strong>CAMBIOS EN LA POL\u00cdTICA DE PRIVACIDAD<\/strong><\/p>\n<p><strong>TONY MORA<\/strong> se reserva el derecho de rectificar, modificar y\/o reemplazar en totalidad o en parte esta p\u00e1gina web, la informaci\u00f3n y materiales contenidos en la misma, as\u00ed como la <em>Pol\u00edtica de Privacidad<\/em>. Le sugerimos consulte de forma peri\u00f3dica nuestra<em> Pol\u00edtica de Privacidad<\/em> por posibles cambios o modificaciones.<\/p>\n<p>&nbsp;<\/p>\n<p><strong>CONTACTO<\/strong><\/p>\n<p>Para hacernos llegar sus comentarios o dudas sobre nuestra <em>Pol\u00edtica de Privacidad<\/em> puede enviarnos un e-mail a la siguiente direcci\u00f3n: <a href=\"mailto:ventas@tonymora.com\">ventas@tonymora.com<\/a>.<\/p>\n<\/div>\n\n<p>&nbsp;<\/p>\n<p>[\/vc_column_text][\/vc_column][\/vc_row]<\/p>\n<\/div>","protected":false},"excerpt":{"rendered":"<p>[vc_row css_animation=\u00bbfadeIn\u00bb el_class=\u00bbcontainer-medium\u00bb][vc_column][vc_custom_heading text=\u00bbAviso legal\u00bb font_container=\u00bbtag:h2|font_size:2.6rem|text_align:left\u00bb use_theme_fonts=\u00bbyes\u00bb][vc_column_text woodmart_inline=\u00bbno\u00bb text_larger=\u00bbno\u00bb] AVISO LEGAL Y CONDICIONES DE USO TONY MORA respeta el derecho<\/p>\n","protected":false},"author":1,"featured_media":0,"parent":0,"menu_order":0,"comment_status":"closed","ping_status":"closed","template":"","meta":{"_mbp_gutenberg_autopost":false,"footnotes":""},"class_list":["post-28245","page","type-page","status-publish","hentry"],"yoast_head":"<!-- This site is optimized with the Yoast SEO plugin v27.4 - https:\/\/yoast.com\/product\/yoast-seo-wordpress\/ -->\n<title>Aviso legal - Tony Mora\u00ae Boots Official Store<\/title>\n<meta name=\"robots\" content=\"noindex, follow\" \/>\n<meta property=\"og:locale\" content=\"es_ES\" \/>\n<meta property=\"og:type\" content=\"article\" \/>\n<meta property=\"og:title\" content=\"Aviso legal - Tony Mora\u00ae Boots Official Store\" \/>\n<meta property=\"og:description\" content=\"[vc_row css_animation=\u00bbfadeIn\u00bb el_class=\u00bbcontainer-medium\u00bb][vc_column][vc_custom_heading text=\u00bbAviso legal\u00bb font_container=\u00bbtag:h2|font_size:2.6rem|text_align:left\u00bb use_theme_fonts=\u00bbyes\u00bb][vc_column_text woodmart_inline=\u00bbno\u00bb text_larger=\u00bbno\u00bb] AVISO LEGAL Y CONDICIONES DE USO TONY MORA respeta el derecho\" \/>\n<meta property=\"og:url\" content=\"https:\/\/tonymora.com\/es\/aviso-legal\/\" \/>\n<meta property=\"og:site_name\" content=\"Tony Mora\u00ae Boots Official Store\" \/>\n<meta property=\"article:publisher\" content=\"https:\/\/www.facebook.com\/Tonymoraofficial\/\" \/>\n<meta property=\"article:modified_time\" content=\"2024-11-26T12:23:10+00:00\" \/>\n<meta name=\"twitter:card\" content=\"summary_large_image\" \/>\n<meta name=\"twitter:label1\" content=\"Tiempo de lectura\" \/>\n\t<meta name=\"twitter:data1\" content=\"8 minutos\" \/>\n<script type=\"application\/ld+json\" class=\"yoast-schema-graph\">{\"@context\":\"https:\\\/\\\/schema.org\",\"@graph\":[{\"@type\":\"WebPage\",\"@id\":\"https:\\\/\\\/tonymora.com\\\/es\\\/aviso-legal\\\/\",\"url\":\"https:\\\/\\\/tonymora.com\\\/es\\\/aviso-legal\\\/\",\"name\":\"Aviso legal - Tony Mora\u00ae Boots Official Store\",\"isPartOf\":{\"@id\":\"https:\\\/\\\/tonymora.com\\\/es\\\/#website\"},\"datePublished\":\"2019-07-23T07:40:42+00:00\",\"dateModified\":\"2024-11-26T12:23:10+00:00\",\"breadcrumb\":{\"@id\":\"https:\\\/\\\/tonymora.com\\\/es\\\/aviso-legal\\\/#breadcrumb\"},\"inLanguage\":\"es\",\"potentialAction\":[{\"@type\":\"ReadAction\",\"target\":[\"https:\\\/\\\/tonymora.com\\\/es\\\/aviso-legal\\\/\"]}]},{\"@type\":\"BreadcrumbList\",\"@id\":\"https:\\\/\\\/tonymora.com\\\/es\\\/aviso-legal\\\/#breadcrumb\",\"itemListElement\":[{\"@type\":\"ListItem\",\"position\":1,\"name\":\"Portada\",\"item\":\"https:\\\/\\\/tonymora.com\\\/es\\\/\"},{\"@type\":\"ListItem\",\"position\":2,\"name\":\"Aviso legal\"}]},{\"@type\":\"WebSite\",\"@id\":\"https:\\\/\\\/tonymora.com\\\/es\\\/#website\",\"url\":\"https:\\\/\\\/tonymora.com\\\/es\\\/\",\"name\":\"Tony Mora\u00ae Boots Official Store\",\"description\":\"Cowboy Boots\",\"publisher\":{\"@id\":\"https:\\\/\\\/tonymora.com\\\/es\\\/#organization\"},\"potentialAction\":[{\"@type\":\"SearchAction\",\"target\":{\"@type\":\"EntryPoint\",\"urlTemplate\":\"https:\\\/\\\/tonymora.com\\\/es\\\/?s={search_term_string}\"},\"query-input\":{\"@type\":\"PropertyValueSpecification\",\"valueRequired\":true,\"valueName\":\"search_term_string\"}}],\"inLanguage\":\"es\"},{\"@type\":\"Organization\",\"@id\":\"https:\\\/\\\/tonymora.com\\\/es\\\/#organization\",\"name\":\"Tony Mora Boots\",\"url\":\"https:\\\/\\\/tonymora.com\\\/es\\\/\",\"logo\":{\"@type\":\"ImageObject\",\"inLanguage\":\"es\",\"@id\":\"https:\\\/\\\/tonymora.com\\\/es\\\/#\\\/schema\\\/logo\\\/image\\\/\",\"url\":\"https:\\\/\\\/tonymora.com\\\/wp-content\\\/uploads\\\/2023\\\/12\\\/LOGO.jpg\",\"contentUrl\":\"https:\\\/\\\/tonymora.com\\\/wp-content\\\/uploads\\\/2023\\\/12\\\/LOGO.jpg\",\"width\":2272,\"height\":1411,\"caption\":\"Tony Mora Boots\"},\"image\":{\"@id\":\"https:\\\/\\\/tonymora.com\\\/es\\\/#\\\/schema\\\/logo\\\/image\\\/\"},\"sameAs\":[\"https:\\\/\\\/www.facebook.com\\\/Tonymoraofficial\\\/\",\"https:\\\/\\\/www.instagram.com\\\/tonymoraofficial\\\/?hl=es\"]}]}<\/script>\n<!-- \/ Yoast SEO plugin. -->","yoast_head_json":{"title":"Aviso legal - Tony Mora\u00ae Boots Official Store","robots":{"index":"noindex","follow":"follow"},"og_locale":"es_ES","og_type":"article","og_title":"Aviso legal - Tony Mora\u00ae Boots Official Store","og_description":"[vc_row css_animation=\u00bbfadeIn\u00bb el_class=\u00bbcontainer-medium\u00bb][vc_column][vc_custom_heading text=\u00bbAviso legal\u00bb font_container=\u00bbtag:h2|font_size:2.6rem|text_align:left\u00bb use_theme_fonts=\u00bbyes\u00bb][vc_column_text woodmart_inline=\u00bbno\u00bb text_larger=\u00bbno\u00bb] AVISO LEGAL Y CONDICIONES DE USO TONY MORA respeta el derecho","og_url":"https:\/\/tonymora.com\/es\/aviso-legal\/","og_site_name":"Tony Mora\u00ae Boots Official Store","article_publisher":"https:\/\/www.facebook.com\/Tonymoraofficial\/","article_modified_time":"2024-11-26T12:23:10+00:00","twitter_card":"summary_large_image","twitter_misc":{"Tiempo de lectura":"8 minutos"},"schema":{"@context":"https:\/\/schema.org","@graph":[{"@type":"WebPage","@id":"https:\/\/tonymora.com\/es\/aviso-legal\/","url":"https:\/\/tonymora.com\/es\/aviso-legal\/","name":"Aviso legal - Tony Mora\u00ae Boots Official Store","isPartOf":{"@id":"https:\/\/tonymora.com\/es\/#website"},"datePublished":"2019-07-23T07:40:42+00:00","dateModified":"2024-11-26T12:23:10+00:00","breadcrumb":{"@id":"https:\/\/tonymora.com\/es\/aviso-legal\/#breadcrumb"},"inLanguage":"es","potentialAction":[{"@type":"ReadAction","target":["https:\/\/tonymora.com\/es\/aviso-legal\/"]}]},{"@type":"BreadcrumbList","@id":"https:\/\/tonymora.com\/es\/aviso-legal\/#breadcrumb","itemListElement":[{"@type":"ListItem","position":1,"name":"Portada","item":"https:\/\/tonymora.com\/es\/"},{"@type":"ListItem","position":2,"name":"Aviso legal"}]},{"@type":"WebSite","@id":"https:\/\/tonymora.com\/es\/#website","url":"https:\/\/tonymora.com\/es\/","name":"Tony Mora\u00ae Boots Official Store","description":"Cowboy Boots","publisher":{"@id":"https:\/\/tonymora.com\/es\/#organization"},"potentialAction":[{"@type":"SearchAction","target":{"@type":"EntryPoint","urlTemplate":"https:\/\/tonymora.com\/es\/?s={search_term_string}"},"query-input":{"@type":"PropertyValueSpecification","valueRequired":true,"valueName":"search_term_string"}}],"inLanguage":"es"},{"@type":"Organization","@id":"https:\/\/tonymora.com\/es\/#organization","name":"Tony Mora Boots","url":"https:\/\/tonymora.com\/es\/","logo":{"@type":"ImageObject","inLanguage":"es","@id":"https:\/\/tonymora.com\/es\/#\/schema\/logo\/image\/","url":"https:\/\/tonymora.com\/wp-content\/uploads\/2023\/12\/LOGO.jpg","contentUrl":"https:\/\/tonymora.com\/wp-content\/uploads\/2023\/12\/LOGO.jpg","width":2272,"height":1411,"caption":"Tony Mora Boots"},"image":{"@id":"https:\/\/tonymora.com\/es\/#\/schema\/logo\/image\/"},"sameAs":["https:\/\/www.facebook.com\/Tonymoraofficial\/","https:\/\/www.instagram.com\/tonymoraofficial\/?hl=es"]}]}},"_links":{"self":[{"href":"https:\/\/tonymora.com\/es\/wp-json\/wp\/v2\/pages\/28245","targetHints":{"allow":["GET"]}}],"collection":[{"href":"https:\/\/tonymora.com\/es\/wp-json\/wp\/v2\/pages"}],"about":[{"href":"https:\/\/tonymora.com\/es\/wp-json\/wp\/v2\/types\/page"}],"author":[{"embeddable":true,"href":"https:\/\/tonymora.com\/es\/wp-json\/wp\/v2\/users\/1"}],"replies":[{"embeddable":true,"href":"https:\/\/tonymora.com\/es\/wp-json\/wp\/v2\/comments?post=28245"}],"version-history":[{"count":4,"href":"https:\/\/tonymora.com\/es\/wp-json\/wp\/v2\/pages\/28245\/revisions"}],"predecessor-version":[{"id":717108,"href":"https:\/\/tonymora.com\/es\/wp-json\/wp\/v2\/pages\/28245\/revisions\/717108"}],"wp:attachment":[{"href":"https:\/\/tonymora.com\/es\/wp-json\/wp\/v2\/media?parent=28245"}],"curies":[{"name":"wp","href":"https:\/\/api.w.org\/{rel}","templated":true}]}}