{"id":28250,"date":"2019-07-23T09:43:08","date_gmt":"2019-07-23T07:43:08","guid":{"rendered":"https:\/\/tonymora.com\/?page_id=28250"},"modified":"2026-02-18T16:22:19","modified_gmt":"2026-02-18T15:22:19","slug":"envios-y-devoluciones","status":"publish","type":"page","link":"https:\/\/tonymora.com\/es\/envios-y-devoluciones\/","title":{"rendered":"Env\u00edos y devoluciones"},"content":{"rendered":"<div class=\"wpb-content-wrapper\"><p>[vc_row css_animation=\u00bbfadeIn\u00bb el_class=\u00bbcontainer-medium\u00bb][vc_column][vc_custom_heading text=\u00bbEnv\u00edos y devoluciones\u00bb font_container=\u00bbtag:h2|font_size:2.6rem|text_align:left\u00bb use_theme_fonts=\u00bbyes\u00bb][vc_column_text woodmart_inline=\u00bbno\u00bb text_larger=\u00bbno\u00bb]<\/p>\r\n<div class=\"col-inner\">\r\n<p><strong>\u00bfOFRECE TONY MORA UN SERVICIO DE ENV\u00cdO INTERNACIONAL?<\/strong><\/p>\r\n<p>\u00a1<strong>TONY MORA<\/strong>\u00a0es una marca internacional! <strong>TONY MORA<\/strong>\u00a0le env\u00eda sus botas a cualquier parte del mundo. Por favor consulte la tabla adjunta los datos sobre costes y tiempos de env\u00edo en funci\u00f3n del lugar d\u00f3nde desee que le enviemos su compra:<\/p>\r\n<table width=\"689\">\r\n<tbody>\r\n<tr>\r\n<td width=\"225\">REGI\u00d3N<\/td>\r\n<td width=\"193\">TIEMPO DE ENV\u00cdO<\/td>\r\n<td width=\"120\">Coste 1 par<\/td>\r\n<td width=\"142\">Coste 2 pares<\/td>\r\n<\/tr>\r\n<tr>\r\n<td width=\"225\">ESPA\u00d1A &amp; PORTUGAL<\/td>\r\n<td width=\"193\">1-2 d\u00edas laborables<\/td>\r\n<td width=\"120\">Gratis<\/td>\r\n<td width=\"142\">Gratis<\/td>\r\n<\/tr>\r\n<tr>\r\n<td width=\"225\">EUROPA<\/td>\r\n<td width=\"193\">3-6 d\u00edas laborables<\/td>\r\n<td width=\"120\">Gratis<\/td>\r\n<td width=\"142\">Gratis<\/td>\r\n<\/tr>\r\n<tr>\r\n<td width=\"225\">USA &amp; CANAD\u00c1<\/td>\r\n<td width=\"193\">5-8 d\u00edas laborables<\/td>\r\n<td width=\"120\">50 EUR<\/td>\r\n<td width=\"142\">60 EUR<\/td>\r\n<\/tr>\r\n<tr>\r\n<td width=\"225\">AUSTRALIA, NUEVA ZELANDA, BRASIL<\/td>\r\n<td width=\"193\">5-8 d\u00edas laborables<\/td>\r\n<td width=\"120\">50 EUR<\/td>\r\n<td width=\"142\">95 EUR<\/td>\r\n<\/tr>\r\n<tr>\r\n<td width=\"225\">ASIA &amp; AFRICA<\/td>\r\n<td width=\"193\">5-8 Werktage<\/td>\r\n<td width=\"120\">80 EUR<\/td>\r\n<td width=\"142\">95\u20ac EUR<\/td>\r\n<\/tr>\r\n<tr>\r\n<td width=\"225\">Resto del Mundo<\/td>\r\n<td width=\"193\"><a href=\"mailto:ventas@tonymora.com\">Preguntar<\/a><\/td>\r\n<td width=\"120\"><a href=\"mailto:ventas@tonymora.com\">Preguntar<\/a><\/td>\r\n<td width=\"142\"><a href=\"mailto:ventas@tonymora.com\">Preguntar<\/a><\/td>\r\n<\/tr>\r\n<\/tbody>\r\n<\/table>\r\n<p><strong>\u00bfCU\u00c1LES SON LOS GASTOS DE ENV\u00cdO? \u00bfEN CU\u00c1NTO TIEMPO RECIBIR\u00c9 MI PEDIDO?<\/strong><\/p>\r\n<p>Una vez su pedido haya salido de nuestra f\u00e1brica, usted recibir\u00e1 un correo electr\u00f3nico inform\u00e1ndole de los datos de env\u00edo, de este modo usted puede comprobar la situaci\u00f3n de su pedido. El tiempo estimado de env\u00edo depende de d\u00f3nde debamos de env\u00edar su pedido, por favor consulte en la tabla adjunta los d\u00edas aproximados en los que recibir\u00e1 su compra. (Por favor tenga en cuenta que los tiempos de env\u00edo est\u00e1n calculados a partir de la fecha de env\u00edo y no desde el momento en el que usted realiza el pedido).<\/p>\r\n<p><strong>TONY MORA<\/strong> no se hace responsable de posibles gastos de importaci\u00f3n en pedidos realizados fuera de la Comunidad europea. El IVA se deduce en todos los pedidos realizados desde fuera de la UE.<\/p>\r\n<p><strong>\u00bfRECIBIR\u00c9 INFORMACI\u00d3N PARA EL SEGUIMIENTO DEL ENV\u00cdO?<\/strong><\/p>\r\n<p>\u00a1Por supuesto! Todos nuestros env\u00edos est\u00e1n realizados a trav\u00e9s de UPS, CORREOS, SEUR, GLS o DHL. Usted recibir\u00e1 un email de cualquiera de ellos con la informaci\u00f3n de env\u00edo, as\u00ed como podr\u00e1 recibir actualizaciones sobre el estado de su env\u00edo. Por favor en el caso de que usted no haya recibido ninguna informaci\u00f3n no dude en contactar con nosotros a trav\u00e9s de <a href=\"mailto:ventas@tonymora.com\">ventas@tonymora.com<\/a> y le proporcionaremos la informaci\u00f3n sobre su env\u00edo.<\/p>\r\n<p>&nbsp;<\/p>\r\n<p><strong>\u00bfCUAL ES LA POL\u00cdTICA DE DEVOLUCIONES Y CAMBIOS?<\/strong><\/p>\r\n<p><strong>PARES COMPRADOS A TRAV\u00c9S DE LA WEB <\/strong><\/p>\r\n<p>Una vez usted haya recibido su pedido, si desea cambiarlo ya que no es su talla o simplemente porque no le gusta o desea devolverlo, tiene 15 d\u00edas naturales para realizar la devoluci\u00f3n o cambio. En ning\u00fan caso se aceptar\u00e1n cambios o devoluciones una vez transcurridos 15 d\u00edas naturales desde que Usted recibi\u00f3 su compra. Estas condiciones hacen referencia a los productos comprados a trav\u00e9s de nuestra p\u00e1gina web.<\/p>\r\n<p>Antes de realizar el cambio o devoluci\u00f3n por favor tenga en cuenta:<br \/>\u2013 El\/los producto\/s que desee cambiar o devolver deber\u00e1n de ser un\/unos art\u00edculo\/s de <strong>TONY MORA<\/strong>\u00a0nuevo\/s, en el que se aprecie que no ha\/han sido utilizado\/s (los art\u00edculos usados, marcadas o rasgadas no ser\u00e1n aceptados por lo que le recomendamos que pruebe sus zapatos sobre una superficie lisa y tenga cuidado).<br \/>\u2013 El producto que desee ser devuelto o cambiado siempre debe ser devuelto en las mismas condiciones que fue recibido, lo cual incluye el packaging de env\u00edo (caja de botas <strong>TONY MORA<\/strong>\u00a0+ bolsa\/s de botas <strong>TONY MORA<\/strong>\u00a0+ cajita de calcetines <strong>TONY MORA<\/strong>\u00a0+ papel de seda <strong>TONY MORA<\/strong>\u00a0).<br \/>\u2013 Es muy importante que imprima, complete y nos incluya el formulario adjunto formulario en la caja de las botas que desee devolver, de este modo nuestro equipo recibe la informaci\u00f3n de los motivos de devoluci\u00f3n y as\u00ed podemos agilizar el proceso.<\/p>\r\n<p><a href=\"https:\/\/tonymora.com\/wp-content\/uploads\/2019\/08\/Formulario_devolucion_tonymora.pdf\" target=\"_blank\" rel=\"noopener noreferrer\"><strong>Descagar formulario<\/strong><\/a><\/p>\r\n<p>\u2013 Una vez usted haya enviado el\/los articulo\/s a devolver por favor comun\u00edquenoslo v\u00eda email a <a href=\"mailto:ventas@tonymora.com\">ventas@tonymora.com<\/a>, de \u00e9ste modo nuestro equipo podr\u00e1 comenzar a trabajar en el proceso de devoluci\u00f3n o cambio y \u00e9ste se procesar\u00e1 lo m\u00e1s r\u00e1pido posible.<br \/>\u2013 Todos los cambios o devoluciones deber\u00e1n ser enviados a nuestras oficinas centrales dentro del plazo m\u00e1ximo de 15 d\u00edas naturales una vez recibido su pedido. La direcci\u00f3n de nuestras oficinas centrales es:<\/p>\r\n<p>TONY MORA<br \/>CARRETERA ALAR\u00d3 KM 4,15<br \/>07340 ALARO MALLORCA<br \/>ESPA\u00d1A<\/p>\r\n<p>En el caso de devoluciones estas ser\u00e1n tramitadas en 15 d\u00edas. Debido a la pol\u00edtica de devoluci\u00f3n de <strong>TONY MORA<\/strong>, el cliente recibir\u00e1 el reembolso del art\u00edculo\/s en su totalidad. Los costes originales de env\u00edo no ser\u00e1n devueltos en ning\u00fan caso.<br \/>Una vez recibimos el\/los art\u00edculo\/s susceptible\/s de devoluci\u00f3n en las oficinas centrales de <strong>TONY MORA<\/strong>\u00a0analizaremos que cumplan las condiciones anteriormente expuestas y <strong>TONY MORA<\/strong> devolver\u00e1 el importe de dicho\/s art\u00edculo\/s.<br \/>Si decide enviar alg\u00fan art\u00edculo\/s a <strong>TONY MORA<\/strong>, le recomendamos que use el servicio nacional de Correo de su pa\u00eds. Si el valor del art\u00edculo\/s es superior a 75 EU, deber\u00eda considerar utilizar un servicio de env\u00edo con seguimiento o contratar el seguro. <strong>TONY MORA<\/strong>\u00a0no puede garantizar que recibir\u00e1 su paquete devuelto.<\/p>\r\n<p>Si el art\u00edculo\/s es devuelto debido a un defecto de fabricaci\u00f3n, <strong>TONY MORA<\/strong>\u00a0examinar\u00e1 dicho art\u00edculo\/s para determinar si es el caso, antes de procesar un reembolso o enviar un par de reposici\u00f3n. En el caso de que sea elegible para un reembolso, \u00fanicamente podemos hacerlo efectivo v\u00eda el sistema de pago que utiliz\u00f3 para hacer su compra. (Por ejemplo si Ud. Utiliz\u00f3 su tarjeta de cr\u00e9dito para pagar su pedido, \u00fanicamente podremos efectuar el reembolso a esa tarjeta de cr\u00e9dito, no a otra ni a una cuenta de PayPal). En el caso de que recibamos un par que, se devuelve por defecto de fabricaci\u00f3n, y despu\u00e9s de la inspecci\u00f3n no es el caso, <strong>TONY MORA<\/strong>\u00a0devolver\u00e1 el par al cliente, que ser\u00e1 el responsable de los gastos de env\u00edo de dicha devoluci\u00f3n.<\/p>\r\n<p>&nbsp;<\/p>\r\n<p><strong>PARES CUSTOMIZADOS \u00bfSE PUEDEN DEVOLVER?<\/strong><\/p>\r\n<p>Todos nuestros productos son completamente artesanales y creados con materiales 100% naturales, por lo tanto pueden haber ligeras diferencias en el color de la piel y tallaje. En <strong>TONY MORA\u00a0<\/strong>trabajamos arduamente para brindarle la mejor experiencia y es por eso si usted no estar\u00eda satisfecho con el resultado de su custom nosotros le garantizamos la repetici\u00f3n del pedido o el cambio por un modelo de nuestra web por el valor del pedido.<\/p>\r\n<p><span style=\"font-weight: 400;\">Cuando tenemos un cambio y\/o devoluci\u00f3n de un par custom, el coste de env\u00edo de devoluci\u00f3n corre a cargo del cliente que proceder\u00e1 a informar a <strong>TONY MORA<\/strong> sobre la raz\u00f3n de la devoluci\u00f3n.<\/span><\/p>\r\n<p><span style=\"font-weight: 400;\">El cliente elegir\u00e1 la agencia de su confianza para realizar el env\u00edo y una vez el paquete llegue a nuestra f\u00e1brica el equipo proceder\u00e1 a examinar las botas y a tramitar el reembolso \u00fanicamente del coste del custom, los gastos de delivery que se hayan cobrado para enviar el custom no se devolver\u00e1n.<\/span><\/p>\r\n<p><span style=\"font-weight: 400;\">El reembolso se realizar\u00e1 de la misma manera que se haya hecho el cobro.<\/span><\/p>\r\n<p><strong>\u00bfOFRECE TONY MORA TARJETAS REGALO?<\/strong><\/p>\r\n<p>Solo para nuestros clientes mas especiales ofrecemos tarjetas regalo a cambiar \u00fanicamente por nuestro producto. Para mas informaci\u00f3n contacte con <a href=\"mailto:ventas@tonymora.com\">ventas@tonymora.com<\/a><\/p>\r\n<p>Note que en ninguno de los casos se canjear\u00e1 el valor de la tarjeta regalo por efectivo, solamente podr\u00e1 canjearse por producto en nuestras tiendas oficiales.<\/p>\r\n<p>&nbsp;<\/p>\r\n<p><strong>\u00bfD\u00d3NDE PUEDO ENCONTRAR LO PRODUCTOS DE TONY MORA?<\/strong><\/p>\r\n<p>Nuestros productos son comercializados a trav\u00e9s de nuestras tiendas oficiales f\u00edsicas en Alar\u00f3 (Mallorca), Santany\u00ed (Mallorca), Palma (Mallorca), Art\u00e0 (Mallorcar), Puerto d\u2019 Andratx (Mallorca) y Marbella (Espa\u00f1a), as\u00ed como en nuestra p\u00e1gina web <a href=\"httpw:\/\/tonymora.com\">tonymora.com<\/a>.<\/p>\r\n<p>&nbsp;<\/p>\r\n<p><strong>SOBRE LOS COLORES\u2026<\/strong><\/p>\r\n<p>En <strong>TONY MORA<\/strong>\u00a0trabajamos muy duro para poder ofreceros las mejores fotos e im\u00e1genes de nuestros zapatos a trav\u00e9s de nuestra p\u00e1gina web. Sin embargo y debido a que las pieles son materiales naturales el tono de los mismos puede cambiar sensiblemente.<br \/>Adicionalmente no podemos confirmar ni garantizar que los colores se vean de manera perfecta y clara en todos los tipos de pantalla, tablet o dispositivos m\u00f3viles.<br \/>Nuestro compromiso en proporcionarle el mayor nivel de satisfacci\u00f3n, para ello utilizamos pieles 100% naturales y nuestras botas son fabricadas artesanalmente por maestros zapateros. El resultado es un producto en el que las diferencias y los detalles son los que las hacen \u00fanicas.<\/p>\r\n<p>&nbsp;<\/p>\r\n<p><strong>MANTENIMIENTO DE POR VIDA<\/strong><\/p>\r\n<p>Todas nuestras botas incluyen un servicio exclusivo de mantenimiento de por vida: restauramos suelas, tacones y otros detalles siempre que los materiales lo permitan. Un valor a\u00f1adido para que tus Tony Mora sigan contigo generaci\u00f3n tras generaci\u00f3n.<\/p>\r\n<p><span style=\"text-decoration: underline;\"><a href=\"https:\/\/tonymora.com\/es\/mantenimiento-de-por-vida\/\">Conoce todos los detalles<\/a><\/span><\/p>\r\n<\/div>\r\n<div class=\"col-inner\">\r\n<p>&nbsp;<\/p>\r\n<p><strong>NUESTRA INFO<\/strong><\/p>\r\n<p>La compa\u00f1\u00eda encargada de la gesti\u00f3n de esta p\u00e1gina web es :<\/p>\r\n<p>Titular de la Web: Mescalero S.L.<br \/>Domicilio social: Pol\u00edgono industrial de Alar\u00f3\u00a0<span class=\"Apple-converted-space\">\u00a0<\/span>n\u00famero 4 007-60<br \/>CIF: B57515769<\/p>\r\n<\/div>\r\n<p>[\/vc_column_text][\/vc_column][\/vc_row]<\/p><\/div>","protected":false},"excerpt":{"rendered":"<p>[vc_row css_animation=\u00bbfadeIn\u00bb el_class=\u00bbcontainer-medium\u00bb][vc_column][vc_custom_heading text=\u00bbEnv\u00edos y devoluciones\u00bb font_container=\u00bbtag:h2|font_size:2.6rem|text_align:left\u00bb use_theme_fonts=\u00bbyes\u00bb][vc_column_text woodmart_inline=\u00bbno\u00bb text_larger=\u00bbno\u00bb] \u00bfOFRECE TONY MORA UN SERVICIO DE ENV\u00cdO INTERNACIONAL? \u00a1TONY MORA\u00a0es<\/p>\n","protected":false},"author":1,"featured_media":0,"parent":0,"menu_order":0,"comment_status":"closed","ping_status":"closed","template":"","meta":{"_mbp_gutenberg_autopost":false,"footnotes":""},"class_list":["post-28250","page","type-page","status-publish","hentry"],"yoast_head":"<!-- This site is optimized with the Yoast SEO plugin v27.4 - https:\/\/yoast.com\/product\/yoast-seo-wordpress\/ -->\n<title>Env\u00edos y devoluciones - Tony Mora\u00ae Boots Official Store<\/title>\n<meta name=\"robots\" content=\"index, follow, max-snippet:-1, max-image-preview:large, max-video-preview:-1\" \/>\n<link rel=\"canonical\" href=\"https:\/\/tonymora.com\/es\/envios-y-devoluciones\/\" \/>\n<meta property=\"og:locale\" content=\"es_ES\" \/>\n<meta property=\"og:type\" content=\"article\" \/>\n<meta property=\"og:title\" content=\"Env\u00edos y devoluciones - Tony Mora\u00ae Boots Official Store\" \/>\n<meta property=\"og:description\" content=\"[vc_row css_animation=\u00bbfadeIn\u00bb el_class=\u00bbcontainer-medium\u00bb][vc_column][vc_custom_heading text=\u00bbEnv\u00edos y devoluciones\u00bb font_container=\u00bbtag:h2|font_size:2.6rem|text_align:left\u00bb use_theme_fonts=\u00bbyes\u00bb][vc_column_text woodmart_inline=\u00bbno\u00bb text_larger=\u00bbno\u00bb] \u00bfOFRECE TONY MORA UN SERVICIO DE ENV\u00cdO INTERNACIONAL? \u00a1TONY MORA\u00a0es\" \/>\n<meta property=\"og:url\" content=\"https:\/\/tonymora.com\/es\/envios-y-devoluciones\/\" \/>\n<meta property=\"og:site_name\" content=\"Tony Mora\u00ae Boots Official Store\" \/>\n<meta property=\"article:publisher\" content=\"https:\/\/www.facebook.com\/Tonymoraofficial\/\" \/>\n<meta property=\"article:modified_time\" content=\"2026-02-18T15:22:19+00:00\" \/>\n<meta name=\"twitter:card\" content=\"summary_large_image\" \/>\n<meta name=\"twitter:label1\" content=\"Tiempo de lectura\" \/>\n\t<meta name=\"twitter:data1\" content=\"7 minutos\" \/>\n<script type=\"application\/ld+json\" class=\"yoast-schema-graph\">{\"@context\":\"https:\\\/\\\/schema.org\",\"@graph\":[{\"@type\":\"WebPage\",\"@id\":\"https:\\\/\\\/tonymora.com\\\/es\\\/envios-y-devoluciones\\\/\",\"url\":\"https:\\\/\\\/tonymora.com\\\/es\\\/envios-y-devoluciones\\\/\",\"name\":\"Env\u00edos y devoluciones - Tony Mora\u00ae Boots Official Store\",\"isPartOf\":{\"@id\":\"https:\\\/\\\/tonymora.com\\\/es\\\/#website\"},\"datePublished\":\"2019-07-23T07:43:08+00:00\",\"dateModified\":\"2026-02-18T15:22:19+00:00\",\"breadcrumb\":{\"@id\":\"https:\\\/\\\/tonymora.com\\\/es\\\/envios-y-devoluciones\\\/#breadcrumb\"},\"inLanguage\":\"es\",\"potentialAction\":[{\"@type\":\"ReadAction\",\"target\":[\"https:\\\/\\\/tonymora.com\\\/es\\\/envios-y-devoluciones\\\/\"]}]},{\"@type\":\"BreadcrumbList\",\"@id\":\"https:\\\/\\\/tonymora.com\\\/es\\\/envios-y-devoluciones\\\/#breadcrumb\",\"itemListElement\":[{\"@type\":\"ListItem\",\"position\":1,\"name\":\"Portada\",\"item\":\"https:\\\/\\\/tonymora.com\\\/es\\\/\"},{\"@type\":\"ListItem\",\"position\":2,\"name\":\"Env\u00edos y devoluciones\"}]},{\"@type\":\"WebSite\",\"@id\":\"https:\\\/\\\/tonymora.com\\\/es\\\/#website\",\"url\":\"https:\\\/\\\/tonymora.com\\\/es\\\/\",\"name\":\"Tony Mora\u00ae Boots Official Store\",\"description\":\"Cowboy Boots\",\"publisher\":{\"@id\":\"https:\\\/\\\/tonymora.com\\\/es\\\/#organization\"},\"potentialAction\":[{\"@type\":\"SearchAction\",\"target\":{\"@type\":\"EntryPoint\",\"urlTemplate\":\"https:\\\/\\\/tonymora.com\\\/es\\\/?s={search_term_string}\"},\"query-input\":{\"@type\":\"PropertyValueSpecification\",\"valueRequired\":true,\"valueName\":\"search_term_string\"}}],\"inLanguage\":\"es\"},{\"@type\":\"Organization\",\"@id\":\"https:\\\/\\\/tonymora.com\\\/es\\\/#organization\",\"name\":\"Tony Mora Boots\",\"url\":\"https:\\\/\\\/tonymora.com\\\/es\\\/\",\"logo\":{\"@type\":\"ImageObject\",\"inLanguage\":\"es\",\"@id\":\"https:\\\/\\\/tonymora.com\\\/es\\\/#\\\/schema\\\/logo\\\/image\\\/\",\"url\":\"https:\\\/\\\/tonymora.com\\\/wp-content\\\/uploads\\\/2023\\\/12\\\/LOGO.jpg\",\"contentUrl\":\"https:\\\/\\\/tonymora.com\\\/wp-content\\\/uploads\\\/2023\\\/12\\\/LOGO.jpg\",\"width\":2272,\"height\":1411,\"caption\":\"Tony Mora Boots\"},\"image\":{\"@id\":\"https:\\\/\\\/tonymora.com\\\/es\\\/#\\\/schema\\\/logo\\\/image\\\/\"},\"sameAs\":[\"https:\\\/\\\/www.facebook.com\\\/Tonymoraofficial\\\/\",\"https:\\\/\\\/www.instagram.com\\\/tonymoraofficial\\\/?hl=es\"]}]}<\/script>\n<!-- \/ Yoast SEO plugin. -->","yoast_head_json":{"title":"Env\u00edos y devoluciones - Tony Mora\u00ae Boots Official Store","robots":{"index":"index","follow":"follow","max-snippet":"max-snippet:-1","max-image-preview":"max-image-preview:large","max-video-preview":"max-video-preview:-1"},"canonical":"https:\/\/tonymora.com\/es\/envios-y-devoluciones\/","og_locale":"es_ES","og_type":"article","og_title":"Env\u00edos y devoluciones - Tony Mora\u00ae Boots Official Store","og_description":"[vc_row css_animation=\u00bbfadeIn\u00bb el_class=\u00bbcontainer-medium\u00bb][vc_column][vc_custom_heading text=\u00bbEnv\u00edos y devoluciones\u00bb font_container=\u00bbtag:h2|font_size:2.6rem|text_align:left\u00bb use_theme_fonts=\u00bbyes\u00bb][vc_column_text woodmart_inline=\u00bbno\u00bb text_larger=\u00bbno\u00bb] \u00bfOFRECE TONY MORA UN SERVICIO DE ENV\u00cdO INTERNACIONAL? \u00a1TONY MORA\u00a0es","og_url":"https:\/\/tonymora.com\/es\/envios-y-devoluciones\/","og_site_name":"Tony Mora\u00ae Boots Official Store","article_publisher":"https:\/\/www.facebook.com\/Tonymoraofficial\/","article_modified_time":"2026-02-18T15:22:19+00:00","twitter_card":"summary_large_image","twitter_misc":{"Tiempo de lectura":"7 minutos"},"schema":{"@context":"https:\/\/schema.org","@graph":[{"@type":"WebPage","@id":"https:\/\/tonymora.com\/es\/envios-y-devoluciones\/","url":"https:\/\/tonymora.com\/es\/envios-y-devoluciones\/","name":"Env\u00edos y devoluciones - Tony Mora\u00ae Boots Official Store","isPartOf":{"@id":"https:\/\/tonymora.com\/es\/#website"},"datePublished":"2019-07-23T07:43:08+00:00","dateModified":"2026-02-18T15:22:19+00:00","breadcrumb":{"@id":"https:\/\/tonymora.com\/es\/envios-y-devoluciones\/#breadcrumb"},"inLanguage":"es","potentialAction":[{"@type":"ReadAction","target":["https:\/\/tonymora.com\/es\/envios-y-devoluciones\/"]}]},{"@type":"BreadcrumbList","@id":"https:\/\/tonymora.com\/es\/envios-y-devoluciones\/#breadcrumb","itemListElement":[{"@type":"ListItem","position":1,"name":"Portada","item":"https:\/\/tonymora.com\/es\/"},{"@type":"ListItem","position":2,"name":"Env\u00edos y devoluciones"}]},{"@type":"WebSite","@id":"https:\/\/tonymora.com\/es\/#website","url":"https:\/\/tonymora.com\/es\/","name":"Tony Mora\u00ae Boots Official Store","description":"Cowboy Boots","publisher":{"@id":"https:\/\/tonymora.com\/es\/#organization"},"potentialAction":[{"@type":"SearchAction","target":{"@type":"EntryPoint","urlTemplate":"https:\/\/tonymora.com\/es\/?s={search_term_string}"},"query-input":{"@type":"PropertyValueSpecification","valueRequired":true,"valueName":"search_term_string"}}],"inLanguage":"es"},{"@type":"Organization","@id":"https:\/\/tonymora.com\/es\/#organization","name":"Tony Mora Boots","url":"https:\/\/tonymora.com\/es\/","logo":{"@type":"ImageObject","inLanguage":"es","@id":"https:\/\/tonymora.com\/es\/#\/schema\/logo\/image\/","url":"https:\/\/tonymora.com\/wp-content\/uploads\/2023\/12\/LOGO.jpg","contentUrl":"https:\/\/tonymora.com\/wp-content\/uploads\/2023\/12\/LOGO.jpg","width":2272,"height":1411,"caption":"Tony Mora Boots"},"image":{"@id":"https:\/\/tonymora.com\/es\/#\/schema\/logo\/image\/"},"sameAs":["https:\/\/www.facebook.com\/Tonymoraofficial\/","https:\/\/www.instagram.com\/tonymoraofficial\/?hl=es"]}]}},"_links":{"self":[{"href":"https:\/\/tonymora.com\/es\/wp-json\/wp\/v2\/pages\/28250","targetHints":{"allow":["GET"]}}],"collection":[{"href":"https:\/\/tonymora.com\/es\/wp-json\/wp\/v2\/pages"}],"about":[{"href":"https:\/\/tonymora.com\/es\/wp-json\/wp\/v2\/types\/page"}],"author":[{"embeddable":true,"href":"https:\/\/tonymora.com\/es\/wp-json\/wp\/v2\/users\/1"}],"replies":[{"embeddable":true,"href":"https:\/\/tonymora.com\/es\/wp-json\/wp\/v2\/comments?post=28250"}],"version-history":[{"count":15,"href":"https:\/\/tonymora.com\/es\/wp-json\/wp\/v2\/pages\/28250\/revisions"}],"predecessor-version":[{"id":723074,"href":"https:\/\/tonymora.com\/es\/wp-json\/wp\/v2\/pages\/28250\/revisions\/723074"}],"wp:attachment":[{"href":"https:\/\/tonymora.com\/es\/wp-json\/wp\/v2\/media?parent=28250"}],"curies":[{"name":"wp","href":"https:\/\/api.w.org\/{rel}","templated":true}]}}