{"id":28315,"date":"2019-07-23T11:38:53","date_gmt":"2019-07-23T09:38:53","guid":{"rendered":"https:\/\/tonymora.com\/?page_id=28315"},"modified":"2024-03-26T12:50:11","modified_gmt":"2024-03-26T11:50:11","slug":"guia-de-tallas","status":"publish","type":"page","link":"https:\/\/tonymora.com\/es\/guia-de-tallas\/","title":{"rendered":"Gu\u00eda de tallas"},"content":{"rendered":"<div class=\"wpb-content-wrapper\"><p>[vc_row full_width_header_sticky=\u00bb0&#8243; el_class=\u00bbcontainer-medium\u00bb][vc_column width=\u00bb2\/3&#8243;][vc_custom_heading text=\u00bbCalcula tu talla\u00bb font_container=\u00bbtag:h2|font_size:2.6rem|text_align:left|color:%23c59455&#8243; use_theme_fonts=\u00bbyes\u00bb][vc_column_text woodmart_inline=\u00bbno\u00bb text_larger=\u00bbno\u00bb]<span style=\"font-weight: 400;\">Te indicamos lo m\u00e1s importante que debes tener en cuenta a la hora de elegir la talla al comprar unas botas o botines Tony Mora.<\/span>[\/vc_column_text][\/vc_column][\/vc_row][vc_row css_animation=\u00bbfadeIn\u00bb full_width_header_sticky=\u00bb0&#8243; el_class=\u00bbcontainer-medium\u00bb css=\u00bb.vc_custom_1627479955986{padding-top: 0px !important;}\u00bb][vc_column][vc_custom_heading text=\u00bbPasos a seguir\u00bb font_container=\u00bbtag:h3|text_align:left|color:%23c59455&#8243; google_fonts=\u00bbfont_family:Playfair%20Display%3Aregular%2Citalic%2C700%2C700italic%2C900%2C900italic|font_style:700%20bold%20regular%3A700%3Anormal\u00bb][vc_column_text css_animation=\u00bbnone\u00bb woodmart_inline=\u00bbno\u00bb text_larger=\u00bbno\u00bb]<span style=\"font-weight: 400;\">1.- Debes pedir tu talla habitual de zapatos. Ej: Si con las deportivas eres una talla 40 con nuestras botas ser\u00e1s tambi\u00e9n una talla 40.<\/span><\/p>\n<p><span style=\"font-weight: 400;\">2.- Si las botas te cuestan mucho al entrar no te preocupes, es lo normal, ay\u00fadate de los calcetines que vienen dentro de la caja de cada pedido. Estos calcetines te ayudar\u00e1n a resbalar dentro las primeras veces que uses tus botas y ver\u00e1s como te entran mucho mejor.<\/span><\/p>\n<p><span style=\"font-weight: 400;\">Si al principio sientes que le ajusta el empeine o en el ancho del pie, no te preocupes es as\u00ed como debe ser al inicio ya que la cualidad de la piel de ternera interior es que al ir caminando poco a poco ir\u00e1 cediendo solamente en las zonas que nuestro pie lo necesita, adapt\u00e1ndose a nosotros.<\/span><\/p>\n<p><span style=\"font-weight: 400;\">*Te recomendamos hacer uso de nuestros calcetines los primeros d\u00edas ya que al caminar este calcet\u00edn ayuda a la transpiraci\u00f3n de nuestros pies, haciendo que el vapor adem\u00e1s del movimiento haga que la piel se ensanche m\u00e1s f\u00e1cilmente \u00fanicamente en las zonas que sean necesarias.\u00a0<\/span><\/p>\n<p><span style=\"font-weight: 400;\">Hay una creencia de que para el uso de botas debemos comprar una talla m\u00e1s de la que habitualmente utilizamos, pero con nuestra calidad de piel eso no es necesario. Todo es un proceso de adaptaci\u00f3n que se ir\u00e1 haciendo los primeros d\u00edas hasta que tus botas \u00a1te quedar\u00e1n como un guante!<\/span><\/p>\n<p><span style=\"font-weight: 400;\">3.- Por \u00faltimo y lo m\u00e1s importante\u2026<\/span><\/p>\n<p><strong>\u00a0\u00a1Disfruta de la comodidad y calidad Tony Mora!<\/strong>[\/vc_column_text][\/vc_column][\/vc_row]<\/p>\n<\/div>","protected":false},"excerpt":{"rendered":"<p>[vc_row full_width_header_sticky=\u00bb0&#8243; el_class=\u00bbcontainer-medium\u00bb][vc_column width=\u00bb2\/3&#8243;][vc_custom_heading text=\u00bbCalcula tu talla\u00bb font_container=\u00bbtag:h2|font_size:2.6rem|text_align:left|color:%23c59455&#8243; use_theme_fonts=\u00bbyes\u00bb][vc_column_text woodmart_inline=\u00bbno\u00bb text_larger=\u00bbno\u00bb]Te indicamos lo m\u00e1s importante que debes tener en cuenta<\/p>\n","protected":false},"author":1,"featured_media":0,"parent":0,"menu_order":0,"comment_status":"closed","ping_status":"closed","template":"","meta":{"_mbp_gutenberg_autopost":false,"footnotes":""},"class_list":["post-28315","page","type-page","status-publish","hentry"],"yoast_head":"<!-- This site is optimized with the Yoast SEO plugin v27.4 - https:\/\/yoast.com\/product\/yoast-seo-wordpress\/ -->\n<title>Gu\u00eda de tallas - Tony Mora\u00ae Boots Official Store<\/title>\n<meta name=\"description\" content=\"Gu\u00eda de tallas\" \/>\n<meta name=\"robots\" content=\"noindex, follow\" \/>\n<meta property=\"og:locale\" content=\"es_ES\" \/>\n<meta property=\"og:type\" content=\"article\" \/>\n<meta property=\"og:title\" content=\"Gu\u00eda de tallas - Tony Mora\u00ae Boots Official Store\" \/>\n<meta property=\"og:description\" content=\"Gu\u00eda de tallas\" \/>\n<meta property=\"og:url\" content=\"https:\/\/tonymora.com\/es\/guia-de-tallas\/\" \/>\n<meta property=\"og:site_name\" content=\"Tony Mora\u00ae Boots Official Store\" \/>\n<meta property=\"article:publisher\" content=\"https:\/\/www.facebook.com\/Tonymoraofficial\/\" \/>\n<meta property=\"article:modified_time\" content=\"2024-03-26T11:50:11+00:00\" \/>\n<meta name=\"twitter:card\" content=\"summary_large_image\" \/>\n<meta name=\"twitter:label1\" content=\"Tiempo de lectura\" \/>\n\t<meta name=\"twitter:data1\" content=\"2 minutos\" \/>\n<script type=\"application\/ld+json\" class=\"yoast-schema-graph\">{\"@context\":\"https:\\\/\\\/schema.org\",\"@graph\":[{\"@type\":\"WebPage\",\"@id\":\"https:\\\/\\\/tonymora.com\\\/es\\\/guia-de-tallas\\\/\",\"url\":\"https:\\\/\\\/tonymora.com\\\/es\\\/guia-de-tallas\\\/\",\"name\":\"Gu\u00eda de tallas - Tony Mora\u00ae Boots Official Store\",\"isPartOf\":{\"@id\":\"https:\\\/\\\/tonymora.com\\\/es\\\/#website\"},\"datePublished\":\"2019-07-23T09:38:53+00:00\",\"dateModified\":\"2024-03-26T11:50:11+00:00\",\"description\":\"Gu\u00eda de tallas\",\"breadcrumb\":{\"@id\":\"https:\\\/\\\/tonymora.com\\\/es\\\/guia-de-tallas\\\/#breadcrumb\"},\"inLanguage\":\"es\",\"potentialAction\":[{\"@type\":\"ReadAction\",\"target\":[\"https:\\\/\\\/tonymora.com\\\/es\\\/guia-de-tallas\\\/\"]}]},{\"@type\":\"BreadcrumbList\",\"@id\":\"https:\\\/\\\/tonymora.com\\\/es\\\/guia-de-tallas\\\/#breadcrumb\",\"itemListElement\":[{\"@type\":\"ListItem\",\"position\":1,\"name\":\"Portada\",\"item\":\"https:\\\/\\\/tonymora.com\\\/es\\\/\"},{\"@type\":\"ListItem\",\"position\":2,\"name\":\"Gu\u00eda de tallas\"}]},{\"@type\":\"WebSite\",\"@id\":\"https:\\\/\\\/tonymora.com\\\/es\\\/#website\",\"url\":\"https:\\\/\\\/tonymora.com\\\/es\\\/\",\"name\":\"Tony Mora\u00ae Boots Official Store\",\"description\":\"Cowboy Boots\",\"publisher\":{\"@id\":\"https:\\\/\\\/tonymora.com\\\/es\\\/#organization\"},\"potentialAction\":[{\"@type\":\"SearchAction\",\"target\":{\"@type\":\"EntryPoint\",\"urlTemplate\":\"https:\\\/\\\/tonymora.com\\\/es\\\/?s={search_term_string}\"},\"query-input\":{\"@type\":\"PropertyValueSpecification\",\"valueRequired\":true,\"valueName\":\"search_term_string\"}}],\"inLanguage\":\"es\"},{\"@type\":\"Organization\",\"@id\":\"https:\\\/\\\/tonymora.com\\\/es\\\/#organization\",\"name\":\"Tony Mora Boots\",\"url\":\"https:\\\/\\\/tonymora.com\\\/es\\\/\",\"logo\":{\"@type\":\"ImageObject\",\"inLanguage\":\"es\",\"@id\":\"https:\\\/\\\/tonymora.com\\\/es\\\/#\\\/schema\\\/logo\\\/image\\\/\",\"url\":\"https:\\\/\\\/tonymora.com\\\/wp-content\\\/uploads\\\/2023\\\/12\\\/LOGO.jpg\",\"contentUrl\":\"https:\\\/\\\/tonymora.com\\\/wp-content\\\/uploads\\\/2023\\\/12\\\/LOGO.jpg\",\"width\":2272,\"height\":1411,\"caption\":\"Tony Mora Boots\"},\"image\":{\"@id\":\"https:\\\/\\\/tonymora.com\\\/es\\\/#\\\/schema\\\/logo\\\/image\\\/\"},\"sameAs\":[\"https:\\\/\\\/www.facebook.com\\\/Tonymoraofficial\\\/\",\"https:\\\/\\\/www.instagram.com\\\/tonymoraofficial\\\/?hl=es\"]}]}<\/script>\n<!-- \/ Yoast SEO plugin. -->","yoast_head_json":{"title":"Gu\u00eda de tallas - Tony Mora\u00ae Boots Official Store","description":"Gu\u00eda de tallas","robots":{"index":"noindex","follow":"follow"},"og_locale":"es_ES","og_type":"article","og_title":"Gu\u00eda de tallas - Tony Mora\u00ae Boots Official Store","og_description":"Gu\u00eda de tallas","og_url":"https:\/\/tonymora.com\/es\/guia-de-tallas\/","og_site_name":"Tony Mora\u00ae Boots Official Store","article_publisher":"https:\/\/www.facebook.com\/Tonymoraofficial\/","article_modified_time":"2024-03-26T11:50:11+00:00","twitter_card":"summary_large_image","twitter_misc":{"Tiempo de lectura":"2 minutos"},"schema":{"@context":"https:\/\/schema.org","@graph":[{"@type":"WebPage","@id":"https:\/\/tonymora.com\/es\/guia-de-tallas\/","url":"https:\/\/tonymora.com\/es\/guia-de-tallas\/","name":"Gu\u00eda de tallas - Tony Mora\u00ae Boots Official Store","isPartOf":{"@id":"https:\/\/tonymora.com\/es\/#website"},"datePublished":"2019-07-23T09:38:53+00:00","dateModified":"2024-03-26T11:50:11+00:00","description":"Gu\u00eda de tallas","breadcrumb":{"@id":"https:\/\/tonymora.com\/es\/guia-de-tallas\/#breadcrumb"},"inLanguage":"es","potentialAction":[{"@type":"ReadAction","target":["https:\/\/tonymora.com\/es\/guia-de-tallas\/"]}]},{"@type":"BreadcrumbList","@id":"https:\/\/tonymora.com\/es\/guia-de-tallas\/#breadcrumb","itemListElement":[{"@type":"ListItem","position":1,"name":"Portada","item":"https:\/\/tonymora.com\/es\/"},{"@type":"ListItem","position":2,"name":"Gu\u00eda de tallas"}]},{"@type":"WebSite","@id":"https:\/\/tonymora.com\/es\/#website","url":"https:\/\/tonymora.com\/es\/","name":"Tony Mora\u00ae Boots Official Store","description":"Cowboy Boots","publisher":{"@id":"https:\/\/tonymora.com\/es\/#organization"},"potentialAction":[{"@type":"SearchAction","target":{"@type":"EntryPoint","urlTemplate":"https:\/\/tonymora.com\/es\/?s={search_term_string}"},"query-input":{"@type":"PropertyValueSpecification","valueRequired":true,"valueName":"search_term_string"}}],"inLanguage":"es"},{"@type":"Organization","@id":"https:\/\/tonymora.com\/es\/#organization","name":"Tony Mora Boots","url":"https:\/\/tonymora.com\/es\/","logo":{"@type":"ImageObject","inLanguage":"es","@id":"https:\/\/tonymora.com\/es\/#\/schema\/logo\/image\/","url":"https:\/\/tonymora.com\/wp-content\/uploads\/2023\/12\/LOGO.jpg","contentUrl":"https:\/\/tonymora.com\/wp-content\/uploads\/2023\/12\/LOGO.jpg","width":2272,"height":1411,"caption":"Tony Mora Boots"},"image":{"@id":"https:\/\/tonymora.com\/es\/#\/schema\/logo\/image\/"},"sameAs":["https:\/\/www.facebook.com\/Tonymoraofficial\/","https:\/\/www.instagram.com\/tonymoraofficial\/?hl=es"]}]}},"_links":{"self":[{"href":"https:\/\/tonymora.com\/es\/wp-json\/wp\/v2\/pages\/28315","targetHints":{"allow":["GET"]}}],"collection":[{"href":"https:\/\/tonymora.com\/es\/wp-json\/wp\/v2\/pages"}],"about":[{"href":"https:\/\/tonymora.com\/es\/wp-json\/wp\/v2\/types\/page"}],"author":[{"embeddable":true,"href":"https:\/\/tonymora.com\/es\/wp-json\/wp\/v2\/users\/1"}],"replies":[{"embeddable":true,"href":"https:\/\/tonymora.com\/es\/wp-json\/wp\/v2\/comments?post=28315"}],"version-history":[{"count":5,"href":"https:\/\/tonymora.com\/es\/wp-json\/wp\/v2\/pages\/28315\/revisions"}],"predecessor-version":[{"id":711981,"href":"https:\/\/tonymora.com\/es\/wp-json\/wp\/v2\/pages\/28315\/revisions\/711981"}],"wp:attachment":[{"href":"https:\/\/tonymora.com\/es\/wp-json\/wp\/v2\/media?parent=28315"}],"curies":[{"name":"wp","href":"https:\/\/api.w.org\/{rel}","templated":true}]}}