{"id":717100,"date":"2024-11-26T13:13:33","date_gmt":"2024-11-26T12:13:33","guid":{"rendered":"https:\/\/tonymora.com\/?page_id=717100"},"modified":"2024-12-12T11:09:01","modified_gmt":"2024-12-12T10:09:01","slug":"aviso-legal-2","status":"publish","type":"page","link":"https:\/\/tonymora.com\/es\/aviso-legal-2\/","title":{"rendered":"Pol\u00edtica de privacidad"},"content":{"rendered":"<div class=\"wpb-content-wrapper\"><p>[vc_row css_animation=\u00bbfadeIn\u00bb el_class=\u00bbcontainer-medium\u00bb][vc_column][vc_custom_heading text=\u00bbPOL\u00cdTICA DE PROTECCI\u00d3N DE DATOS PERSONALES \u00bb font_container=\u00bbtag:h2|font_size:2.6rem|text_align:left\u00bb use_theme_fonts=\u00bbyes\u00bb][vc_column_text woodmart_inline=\u00bbno\u00bb text_larger=\u00bbno\u00bb]Para dar cumplimiento a la Ley Org\u00e1nica 3\/2018, de 5 de diciembre, de Protecci\u00f3n de Datos Personales y Garant\u00eda de los Derechos Digitales (LOPDGDD), y al Reglamento (UE) 2016\/679 del Parlamento Europeo y del Consejo, de 27 de abril de 2016, relativo a la protecci\u00f3n de las<br \/>\npersonas f\u00edsicas en lo que respecta al tratamiento de datos personales y a la libre circulaci\u00f3n de estos datos (Reglamento General de Protecci\u00f3n de Datos &#8211; RGPD), le detallamos a continuaci\u00f3n la informaci\u00f3n sobre el tratamiento que damos a sus datos personales.<\/p>\n<p>\u00bfQui\u00e9n es el Responsable del tratamiento de sus datos?<\/p>\n<p>Nombre: Mescalero S.L. (Tony Mora)<br \/>\nCIF: B-57515769<br \/>\nDomicilio: Ctra. de Alar\u00f3, Km 4.5, 07340 Alar\u00f3, Illes Balears<br \/>\nTel\u00e9fono: 971514317<br \/>\nCorreo Electr\u00f3nico: admin@tonymora.com<br \/>\nContacto: Lorenzo Cardell<\/p>\n<p>\u00bfCon qu\u00e9 finalidad tratamos sus datos personales?<\/p>\n<p>Sus datos ser\u00e1n tratados para las siguientes finalidades:<\/p>\n<p>&#8211; Datos proporcionados a trav\u00e9s del formulario de contacto de nuestra p\u00e1gina web<br \/>\nCualquier dato que nos haya proporcionado a trav\u00e9s de nuestra p\u00e1gina web ser\u00e1 tratado<br \/>\n\u00fanicamente con el fin de atender sus solicitudes de informaci\u00f3n o sugerencias.<\/p>\n<p>&#8211; Datos proporcionados mediante compra online o personalmente en nuestras tiendas<br \/>\nLos datos que nos proporcione durante el proceso de compra online, o personalmente en cualquiera de nuestros puntos de venta f\u00edsicos, ser\u00e1n tratados por Tony Mora para la correcta prestaci\u00f3n del servicio y cobro del mismo.<\/p>\n<p>Adicionalmente, podremos utilizar su direcci\u00f3n de correo electr\u00f3nico para enviarle informaci\u00f3n comercial, ofertas, promociones o eventos, relacionados con nuestros productos y nuestra empresa, que podr\u00edan ser de tu inter\u00e9s.<\/p>\n<p>\u00bfPor cu\u00e1nto tiempo conservaremos sus datos?<br \/>\nEstos datos se conservar\u00e1n mientras sean necesarios para la finalidad prevista en cada caso, o durante el tiempo necesario para cumplir cualquier obligaci\u00f3n legal.<\/p>\n<p>\u00bfCu\u00e1l es la legitimaci\u00f3n para el tratamiento de sus datos?<\/p>\n<p>&#8211; Datos proporcionados a trav\u00e9s del formulario de contacto de nuestra p\u00e1gina web: Este tratamiento que hacemos de sus datos est\u00e1 basado exclusivamente en el consentimiento que usted nos proporciona al aceptar esta pol\u00edtica de privacidad. En ning\u00fan caso, la retirada de dicho consentimiento condicionar\u00e1 cualquier otra relaci\u00f3n que tenga usted con nuestra empresa, ni las condiciones del resto de servicios que le estemos<br \/>\nprestando.<\/p>\n<p>&#8211; Datos proporcionados mediante compra online o personalmente en nuestras tiendas:<br \/>\nEn este caso el tratamiento de sus datos est\u00e1 legitimado por la relaci\u00f3n contractual existente entre ambas partes, con motivo de los servicios solicitados por usted.<\/p>\n<p>\u00bfA qu\u00e9 destinatarios se comunicar\u00e1n sus datos?<\/p>\n<p>Estos datos no se ceder\u00e1n a terceros, salvo que existiera una obligaci\u00f3n legal..<\/p>\n<p>\u00bfCu\u00e1les son sus derechos cuando nos facilita sus datos?<\/p>\n<p>&#8211; Cualquier persona tiene derecho a obtener confirmaci\u00f3n sobre si Tony Mora est\u00e1 tratando datos personales que le conciernan.<br \/>\n&#8211; Usted tiene derecho a acceder a sus datos personales, as\u00ed como solicitar la rectificaci\u00f3n de los datos inexactos o, en su caso, solicitar su supresi\u00f3n cuando, entre otros motivos, los datos ya no sean necesarios para los fines que fueron recogidos.<br \/>\n&#8211; En determinadas circunstancias podr\u00e1 solicitar la limitaci\u00f3n del tratamiento de sus datos, en cuyo caso \u00fanicamente los conservaremos para el ejercicio o la defensa de reclamaciones.<br \/>\n&#8211; En determinadas circunstancias y por motivos relacionados con su situaci\u00f3n particular, podr\u00e1 oponerse al tratamiento de sus datos, en cuyo caso dejaremos de tratar los datos, salvo por motivos leg\u00edtimos imperiosos, o el ejercicio o la defensa de posibles reclamaciones.<\/p>\n<p>\u00bfQu\u00e9 garant\u00edas le ofrecemos en el tratamiento de sus datos?<\/p>\n<p>Sus datos ser\u00e1n tratados siempre de manera l\u00edcita, leal y transparente. \u00danicamente solicitaremos y trataremos los datos adecuados, pertinentes y limitados a la finalidad para los que son tratados. As\u00ed mismo, garantizamos que hemos implementado pol\u00edticas t\u00e9cnicas y organizativas adecuadas para aplicar las medidas de seguridad que establece la normativa vigente, con el fin de proteger sus derechos y libertades.[\/vc_column_text][\/vc_column][\/vc_row]<\/p>\n<\/div>","protected":false},"excerpt":{"rendered":"<p>[vc_row css_animation=\u00bbfadeIn\u00bb el_class=\u00bbcontainer-medium\u00bb][vc_column][vc_custom_heading text=\u00bbPOL\u00cdTICA DE PROTECCI\u00d3N DE DATOS PERSONALES \u00bb font_container=\u00bbtag:h2|font_size:2.6rem|text_align:left\u00bb use_theme_fonts=\u00bbyes\u00bb][vc_column_text woodmart_inline=\u00bbno\u00bb text_larger=\u00bbno\u00bb]Para dar cumplimiento a la Ley Org\u00e1nica<\/p>\n","protected":false},"author":1139,"featured_media":0,"parent":0,"menu_order":0,"comment_status":"closed","ping_status":"closed","template":"","meta":{"_mbp_gutenberg_autopost":false,"footnotes":""},"class_list":["post-717100","page","type-page","status-publish","hentry"],"yoast_head":"<!-- This site is optimized with the Yoast SEO plugin v27.2 - https:\/\/yoast.com\/product\/yoast-seo-wordpress\/ -->\n<title>Pol\u00edtica de privacidad - Tony Mora\u00ae Boots Official Store<\/title>\n<meta name=\"robots\" content=\"noindex, follow\" \/>\n<meta property=\"og:locale\" content=\"es_ES\" \/>\n<meta property=\"og:type\" content=\"article\" \/>\n<meta property=\"og:title\" content=\"Pol\u00edtica de privacidad - Tony Mora\u00ae Boots Official Store\" \/>\n<meta property=\"og:description\" content=\"[vc_row css_animation=\u00bbfadeIn\u00bb el_class=\u00bbcontainer-medium\u00bb][vc_column][vc_custom_heading text=\u00bbPOL\u00cdTICA DE PROTECCI\u00d3N DE DATOS PERSONALES \u00bb font_container=\u00bbtag:h2|font_size:2.6rem|text_align:left\u00bb use_theme_fonts=\u00bbyes\u00bb][vc_column_text woodmart_inline=\u00bbno\u00bb text_larger=\u00bbno\u00bb]Para dar cumplimiento a la Ley Org\u00e1nica\" \/>\n<meta property=\"og:url\" content=\"https:\/\/tonymora.com\/es\/aviso-legal-2\/\" \/>\n<meta property=\"og:site_name\" content=\"Tony Mora\u00ae Boots Official Store\" \/>\n<meta property=\"article:publisher\" content=\"https:\/\/www.facebook.com\/Tonymoraofficial\/\" \/>\n<meta property=\"article:modified_time\" content=\"2024-12-12T10:09:01+00:00\" \/>\n<meta name=\"twitter:card\" content=\"summary_large_image\" \/>\n<meta name=\"twitter:label1\" content=\"Tiempo de lectura\" \/>\n\t<meta name=\"twitter:data1\" content=\"1 minuto\" \/>\n<script type=\"application\/ld+json\" class=\"yoast-schema-graph\">{\"@context\":\"https:\/\/schema.org\",\"@graph\":[{\"@type\":\"WebPage\",\"@id\":\"https:\/\/tonymora.com\/es\/aviso-legal-2\/\",\"url\":\"https:\/\/tonymora.com\/es\/aviso-legal-2\/\",\"name\":\"Pol\u00edtica de privacidad - Tony Mora\u00ae Boots Official Store\",\"isPartOf\":{\"@id\":\"https:\/\/tonymora.com\/es\/#website\"},\"datePublished\":\"2024-11-26T12:13:33+00:00\",\"dateModified\":\"2024-12-12T10:09:01+00:00\",\"breadcrumb\":{\"@id\":\"https:\/\/tonymora.com\/es\/aviso-legal-2\/#breadcrumb\"},\"inLanguage\":\"es\",\"potentialAction\":[{\"@type\":\"ReadAction\",\"target\":[\"https:\/\/tonymora.com\/es\/aviso-legal-2\/\"]}]},{\"@type\":\"BreadcrumbList\",\"@id\":\"https:\/\/tonymora.com\/es\/aviso-legal-2\/#breadcrumb\",\"itemListElement\":[{\"@type\":\"ListItem\",\"position\":1,\"name\":\"Portada\",\"item\":\"https:\/\/tonymora.com\/es\/\"},{\"@type\":\"ListItem\",\"position\":2,\"name\":\"Pol\u00edtica de privacidad\"}]},{\"@type\":\"WebSite\",\"@id\":\"https:\/\/tonymora.com\/es\/#website\",\"url\":\"https:\/\/tonymora.com\/es\/\",\"name\":\"Tony Mora\u00ae Boots Official Store\",\"description\":\"Cowboy Boots\",\"publisher\":{\"@id\":\"https:\/\/tonymora.com\/es\/#organization\"},\"potentialAction\":[{\"@type\":\"SearchAction\",\"target\":{\"@type\":\"EntryPoint\",\"urlTemplate\":\"https:\/\/tonymora.com\/es\/?s={search_term_string}\"},\"query-input\":{\"@type\":\"PropertyValueSpecification\",\"valueRequired\":true,\"valueName\":\"search_term_string\"}}],\"inLanguage\":\"es\"},{\"@type\":\"Organization\",\"@id\":\"https:\/\/tonymora.com\/es\/#organization\",\"name\":\"Tony Mora Boots\",\"url\":\"https:\/\/tonymora.com\/es\/\",\"logo\":{\"@type\":\"ImageObject\",\"inLanguage\":\"es\",\"@id\":\"https:\/\/tonymora.com\/es\/#\/schema\/logo\/image\/\",\"url\":\"https:\/\/tonymora.com\/wp-content\/uploads\/2023\/12\/LOGO.jpg\",\"contentUrl\":\"https:\/\/tonymora.com\/wp-content\/uploads\/2023\/12\/LOGO.jpg\",\"width\":2272,\"height\":1411,\"caption\":\"Tony Mora Boots\"},\"image\":{\"@id\":\"https:\/\/tonymora.com\/es\/#\/schema\/logo\/image\/\"},\"sameAs\":[\"https:\/\/www.facebook.com\/Tonymoraofficial\/\",\"https:\/\/www.instagram.com\/tonymoraofficial\/?hl=es\"]}]}<\/script>\n<!-- \/ Yoast SEO plugin. -->","yoast_head_json":{"title":"Pol\u00edtica de privacidad - Tony Mora\u00ae Boots Official Store","robots":{"index":"noindex","follow":"follow"},"og_locale":"es_ES","og_type":"article","og_title":"Pol\u00edtica de privacidad - Tony Mora\u00ae Boots Official Store","og_description":"[vc_row css_animation=\u00bbfadeIn\u00bb el_class=\u00bbcontainer-medium\u00bb][vc_column][vc_custom_heading text=\u00bbPOL\u00cdTICA DE PROTECCI\u00d3N DE DATOS PERSONALES \u00bb font_container=\u00bbtag:h2|font_size:2.6rem|text_align:left\u00bb use_theme_fonts=\u00bbyes\u00bb][vc_column_text woodmart_inline=\u00bbno\u00bb text_larger=\u00bbno\u00bb]Para dar cumplimiento a la Ley Org\u00e1nica","og_url":"https:\/\/tonymora.com\/es\/aviso-legal-2\/","og_site_name":"Tony Mora\u00ae Boots Official Store","article_publisher":"https:\/\/www.facebook.com\/Tonymoraofficial\/","article_modified_time":"2024-12-12T10:09:01+00:00","twitter_card":"summary_large_image","twitter_misc":{"Tiempo de lectura":"1 minuto"},"schema":{"@context":"https:\/\/schema.org","@graph":[{"@type":"WebPage","@id":"https:\/\/tonymora.com\/es\/aviso-legal-2\/","url":"https:\/\/tonymora.com\/es\/aviso-legal-2\/","name":"Pol\u00edtica de privacidad - Tony Mora\u00ae Boots Official Store","isPartOf":{"@id":"https:\/\/tonymora.com\/es\/#website"},"datePublished":"2024-11-26T12:13:33+00:00","dateModified":"2024-12-12T10:09:01+00:00","breadcrumb":{"@id":"https:\/\/tonymora.com\/es\/aviso-legal-2\/#breadcrumb"},"inLanguage":"es","potentialAction":[{"@type":"ReadAction","target":["https:\/\/tonymora.com\/es\/aviso-legal-2\/"]}]},{"@type":"BreadcrumbList","@id":"https:\/\/tonymora.com\/es\/aviso-legal-2\/#breadcrumb","itemListElement":[{"@type":"ListItem","position":1,"name":"Portada","item":"https:\/\/tonymora.com\/es\/"},{"@type":"ListItem","position":2,"name":"Pol\u00edtica de privacidad"}]},{"@type":"WebSite","@id":"https:\/\/tonymora.com\/es\/#website","url":"https:\/\/tonymora.com\/es\/","name":"Tony Mora\u00ae Boots Official Store","description":"Cowboy Boots","publisher":{"@id":"https:\/\/tonymora.com\/es\/#organization"},"potentialAction":[{"@type":"SearchAction","target":{"@type":"EntryPoint","urlTemplate":"https:\/\/tonymora.com\/es\/?s={search_term_string}"},"query-input":{"@type":"PropertyValueSpecification","valueRequired":true,"valueName":"search_term_string"}}],"inLanguage":"es"},{"@type":"Organization","@id":"https:\/\/tonymora.com\/es\/#organization","name":"Tony Mora Boots","url":"https:\/\/tonymora.com\/es\/","logo":{"@type":"ImageObject","inLanguage":"es","@id":"https:\/\/tonymora.com\/es\/#\/schema\/logo\/image\/","url":"https:\/\/tonymora.com\/wp-content\/uploads\/2023\/12\/LOGO.jpg","contentUrl":"https:\/\/tonymora.com\/wp-content\/uploads\/2023\/12\/LOGO.jpg","width":2272,"height":1411,"caption":"Tony Mora Boots"},"image":{"@id":"https:\/\/tonymora.com\/es\/#\/schema\/logo\/image\/"},"sameAs":["https:\/\/www.facebook.com\/Tonymoraofficial\/","https:\/\/www.instagram.com\/tonymoraofficial\/?hl=es"]}]}},"_links":{"self":[{"href":"https:\/\/tonymora.com\/es\/wp-json\/wp\/v2\/pages\/717100","targetHints":{"allow":["GET"]}}],"collection":[{"href":"https:\/\/tonymora.com\/es\/wp-json\/wp\/v2\/pages"}],"about":[{"href":"https:\/\/tonymora.com\/es\/wp-json\/wp\/v2\/types\/page"}],"author":[{"embeddable":true,"href":"https:\/\/tonymora.com\/es\/wp-json\/wp\/v2\/users\/1139"}],"replies":[{"embeddable":true,"href":"https:\/\/tonymora.com\/es\/wp-json\/wp\/v2\/comments?post=717100"}],"version-history":[{"count":3,"href":"https:\/\/tonymora.com\/es\/wp-json\/wp\/v2\/pages\/717100\/revisions"}],"predecessor-version":[{"id":717221,"href":"https:\/\/tonymora.com\/es\/wp-json\/wp\/v2\/pages\/717100\/revisions\/717221"}],"wp:attachment":[{"href":"https:\/\/tonymora.com\/es\/wp-json\/wp\/v2\/media?parent=717100"}],"curies":[{"name":"wp","href":"https:\/\/api.w.org\/{rel}","templated":true}]}}