{"id":717104,"date":"2024-11-26T13:15:46","date_gmt":"2024-11-26T12:15:46","guid":{"rendered":"https:\/\/tonymora.com\/?page_id=717104"},"modified":"2024-12-12T10:31:57","modified_gmt":"2024-12-12T09:31:57","slug":"politica-de-cookies","status":"publish","type":"page","link":"https:\/\/tonymora.com\/es\/politica-de-cookies\/","title":{"rendered":"Pol\u00edtica de Cookies"},"content":{"rendered":"<div class=\"wpb-content-wrapper\"><p>[vc_row css_animation=\u00bbfadeIn\u00bb el_class=\u00bbcontainer-medium\u00bb][vc_column][vc_custom_heading text=\u00bbAviso Cookies\u00bb font_container=\u00bbtag:h2|font_size:2.6rem|text_align:left\u00bb use_theme_fonts=\u00bbyes\u00bb][vc_column_text woodmart_inline=\u00bbno\u00bb text_larger=\u00bbno\u00bb]<\/p>\r\n\r\n<div class=\"col-inner\">\r\n<p><strong>POL\u00cdTICA DE COOKIES<\/strong><\/p>\r\n<p>Durante su visita a la p\u00e1gina web, <strong>TONY MORA<\/strong> puede recoger datos de car\u00e1cter impersonal, principalmente a trav\u00e9s del uso de las <em>cookies<\/em>. Una <em>cookie<\/em> es un peque\u00f1o archivo de texto que un servidor puede colocar en el disco duro del ordenador de un usuario. Contiene informaci\u00f3n sobre la visita del usuario a la p\u00e1gina web. Las <em>cookies<\/em> pueden ser utilizadas para recopilar informaci\u00f3n espec\u00edfica durante su visita a la p\u00e1gina web. Esta informaci\u00f3n puede ayudar a <strong>TONY MORA<\/strong> a asegurar que la p\u00e1gina web y los servicios se ajusten lo m\u00e1s posible a las necesidades y preferencias de los usuarios de la misma. Puede configurar el navegador de Internet para que le avise cada vez que se almacene una nueva <em>cookie<\/em> en el ordenador y as\u00ed pueda decidir si aceptarla o rechazarla. Por favor, dir\u00edjase a la secci\u00f3n de ayuda de tu navegador de Internet para instrucciones espec\u00edficas. Por favor, no olvide que algunas partes de la p\u00e1gina web podr\u00edan no funcionar adecuadamente si rechaza las <em>cookies<\/em>.<\/p>\r\n<p><strong>ACCESO, RECTIFICACI\u00d3N Y CANCELACI\u00d3N DE SUS DATOS<\/strong><\/p>\r\n<p>De acuerdo con la normativa vigente en tema de <em>Protecci\u00f3n de Datos<\/em>, tiene derecho a acceder, rectificar y\/o cancelar sus datos personales, as\u00ed como revocar su consentimiento para recibir informaci\u00f3n sobre promociones y otros asuntos de inter\u00e9s relacionados con <strong>TONY MORA<\/strong> , en cualquier momento. Para este fin, deber\u00e1s enviar una solicitud mediante el correo electr\u00f3nico a la siguiente direcci\u00f3n: <a href=\"mailto:ventas@tonymora.com\">ventas@tonymora.com<\/a><\/p>\r\n<p>&nbsp;<\/p>\r\n<p>&nbsp;<\/p>\r\n<\/div>\r\n<p>&nbsp;<\/p>\r\n<p>[\/vc_column_text][\/vc_column][\/vc_row]<\/p>\r\n<\/div>","protected":false},"excerpt":{"rendered":"<p>[vc_row css_animation=\u00bbfadeIn\u00bb el_class=\u00bbcontainer-medium\u00bb][vc_column][vc_custom_heading text=\u00bbAviso Cookies\u00bb font_container=\u00bbtag:h2|font_size:2.6rem|text_align:left\u00bb use_theme_fonts=\u00bbyes\u00bb][vc_column_text woodmart_inline=\u00bbno\u00bb text_larger=\u00bbno\u00bb] POL\u00cdTICA DE COOKIES Durante su visita a la p\u00e1gina web, TONY<\/p>\n","protected":false},"author":1139,"featured_media":0,"parent":0,"menu_order":0,"comment_status":"closed","ping_status":"closed","template":"","meta":{"_mbp_gutenberg_autopost":false,"footnotes":""},"class_list":["post-717104","page","type-page","status-publish","hentry"],"yoast_head":"<!-- This site is optimized with the Yoast SEO plugin v27.4 - https:\/\/yoast.com\/product\/yoast-seo-wordpress\/ -->\n<title>Pol\u00edtica de Cookies - Tony Mora\u00ae Boots Official Store<\/title>\n<meta name=\"robots\" content=\"noindex, follow\" \/>\n<meta property=\"og:locale\" content=\"es_ES\" \/>\n<meta property=\"og:type\" content=\"article\" \/>\n<meta property=\"og:title\" content=\"Pol\u00edtica de Cookies - Tony Mora\u00ae Boots Official Store\" \/>\n<meta property=\"og:description\" content=\"[vc_row css_animation=\u00bbfadeIn\u00bb el_class=\u00bbcontainer-medium\u00bb][vc_column][vc_custom_heading text=\u00bbAviso Cookies\u00bb font_container=\u00bbtag:h2|font_size:2.6rem|text_align:left\u00bb use_theme_fonts=\u00bbyes\u00bb][vc_column_text woodmart_inline=\u00bbno\u00bb text_larger=\u00bbno\u00bb] POL\u00cdTICA DE COOKIES Durante su visita a la p\u00e1gina web, TONY\" \/>\n<meta property=\"og:url\" content=\"https:\/\/tonymora.com\/es\/politica-de-cookies\/\" \/>\n<meta property=\"og:site_name\" content=\"Tony Mora\u00ae Boots Official Store\" \/>\n<meta property=\"article:publisher\" content=\"https:\/\/www.facebook.com\/Tonymoraofficial\/\" \/>\n<meta property=\"article:modified_time\" content=\"2024-12-12T09:31:57+00:00\" \/>\n<meta name=\"twitter:card\" content=\"summary_large_image\" \/>\n<meta name=\"twitter:label1\" content=\"Tiempo de lectura\" \/>\n\t<meta name=\"twitter:data1\" content=\"2 minutos\" \/>\n<script type=\"application\/ld+json\" class=\"yoast-schema-graph\">{\"@context\":\"https:\\\/\\\/schema.org\",\"@graph\":[{\"@type\":\"WebPage\",\"@id\":\"https:\\\/\\\/tonymora.com\\\/es\\\/politica-de-cookies\\\/\",\"url\":\"https:\\\/\\\/tonymora.com\\\/es\\\/politica-de-cookies\\\/\",\"name\":\"Pol\u00edtica de Cookies - Tony Mora\u00ae Boots Official Store\",\"isPartOf\":{\"@id\":\"https:\\\/\\\/tonymora.com\\\/es\\\/#website\"},\"datePublished\":\"2024-11-26T12:15:46+00:00\",\"dateModified\":\"2024-12-12T09:31:57+00:00\",\"breadcrumb\":{\"@id\":\"https:\\\/\\\/tonymora.com\\\/es\\\/politica-de-cookies\\\/#breadcrumb\"},\"inLanguage\":\"es\",\"potentialAction\":[{\"@type\":\"ReadAction\",\"target\":[\"https:\\\/\\\/tonymora.com\\\/es\\\/politica-de-cookies\\\/\"]}]},{\"@type\":\"BreadcrumbList\",\"@id\":\"https:\\\/\\\/tonymora.com\\\/es\\\/politica-de-cookies\\\/#breadcrumb\",\"itemListElement\":[{\"@type\":\"ListItem\",\"position\":1,\"name\":\"Portada\",\"item\":\"https:\\\/\\\/tonymora.com\\\/es\\\/\"},{\"@type\":\"ListItem\",\"position\":2,\"name\":\"Pol\u00edtica de Cookies\"}]},{\"@type\":\"WebSite\",\"@id\":\"https:\\\/\\\/tonymora.com\\\/es\\\/#website\",\"url\":\"https:\\\/\\\/tonymora.com\\\/es\\\/\",\"name\":\"Tony Mora\u00ae Boots Official Store\",\"description\":\"Cowboy Boots\",\"publisher\":{\"@id\":\"https:\\\/\\\/tonymora.com\\\/es\\\/#organization\"},\"potentialAction\":[{\"@type\":\"SearchAction\",\"target\":{\"@type\":\"EntryPoint\",\"urlTemplate\":\"https:\\\/\\\/tonymora.com\\\/es\\\/?s={search_term_string}\"},\"query-input\":{\"@type\":\"PropertyValueSpecification\",\"valueRequired\":true,\"valueName\":\"search_term_string\"}}],\"inLanguage\":\"es\"},{\"@type\":\"Organization\",\"@id\":\"https:\\\/\\\/tonymora.com\\\/es\\\/#organization\",\"name\":\"Tony Mora Boots\",\"url\":\"https:\\\/\\\/tonymora.com\\\/es\\\/\",\"logo\":{\"@type\":\"ImageObject\",\"inLanguage\":\"es\",\"@id\":\"https:\\\/\\\/tonymora.com\\\/es\\\/#\\\/schema\\\/logo\\\/image\\\/\",\"url\":\"https:\\\/\\\/tonymora.com\\\/wp-content\\\/uploads\\\/2023\\\/12\\\/LOGO.jpg\",\"contentUrl\":\"https:\\\/\\\/tonymora.com\\\/wp-content\\\/uploads\\\/2023\\\/12\\\/LOGO.jpg\",\"width\":2272,\"height\":1411,\"caption\":\"Tony Mora Boots\"},\"image\":{\"@id\":\"https:\\\/\\\/tonymora.com\\\/es\\\/#\\\/schema\\\/logo\\\/image\\\/\"},\"sameAs\":[\"https:\\\/\\\/www.facebook.com\\\/Tonymoraofficial\\\/\",\"https:\\\/\\\/www.instagram.com\\\/tonymoraofficial\\\/?hl=es\"]}]}<\/script>\n<!-- \/ Yoast SEO plugin. -->","yoast_head_json":{"title":"Pol\u00edtica de Cookies - Tony Mora\u00ae Boots Official Store","robots":{"index":"noindex","follow":"follow"},"og_locale":"es_ES","og_type":"article","og_title":"Pol\u00edtica de Cookies - Tony Mora\u00ae Boots Official Store","og_description":"[vc_row css_animation=\u00bbfadeIn\u00bb el_class=\u00bbcontainer-medium\u00bb][vc_column][vc_custom_heading text=\u00bbAviso Cookies\u00bb font_container=\u00bbtag:h2|font_size:2.6rem|text_align:left\u00bb use_theme_fonts=\u00bbyes\u00bb][vc_column_text woodmart_inline=\u00bbno\u00bb text_larger=\u00bbno\u00bb] POL\u00cdTICA DE COOKIES Durante su visita a la p\u00e1gina web, TONY","og_url":"https:\/\/tonymora.com\/es\/politica-de-cookies\/","og_site_name":"Tony Mora\u00ae Boots Official Store","article_publisher":"https:\/\/www.facebook.com\/Tonymoraofficial\/","article_modified_time":"2024-12-12T09:31:57+00:00","twitter_card":"summary_large_image","twitter_misc":{"Tiempo de lectura":"2 minutos"},"schema":{"@context":"https:\/\/schema.org","@graph":[{"@type":"WebPage","@id":"https:\/\/tonymora.com\/es\/politica-de-cookies\/","url":"https:\/\/tonymora.com\/es\/politica-de-cookies\/","name":"Pol\u00edtica de Cookies - Tony Mora\u00ae Boots Official Store","isPartOf":{"@id":"https:\/\/tonymora.com\/es\/#website"},"datePublished":"2024-11-26T12:15:46+00:00","dateModified":"2024-12-12T09:31:57+00:00","breadcrumb":{"@id":"https:\/\/tonymora.com\/es\/politica-de-cookies\/#breadcrumb"},"inLanguage":"es","potentialAction":[{"@type":"ReadAction","target":["https:\/\/tonymora.com\/es\/politica-de-cookies\/"]}]},{"@type":"BreadcrumbList","@id":"https:\/\/tonymora.com\/es\/politica-de-cookies\/#breadcrumb","itemListElement":[{"@type":"ListItem","position":1,"name":"Portada","item":"https:\/\/tonymora.com\/es\/"},{"@type":"ListItem","position":2,"name":"Pol\u00edtica de Cookies"}]},{"@type":"WebSite","@id":"https:\/\/tonymora.com\/es\/#website","url":"https:\/\/tonymora.com\/es\/","name":"Tony Mora\u00ae Boots Official Store","description":"Cowboy Boots","publisher":{"@id":"https:\/\/tonymora.com\/es\/#organization"},"potentialAction":[{"@type":"SearchAction","target":{"@type":"EntryPoint","urlTemplate":"https:\/\/tonymora.com\/es\/?s={search_term_string}"},"query-input":{"@type":"PropertyValueSpecification","valueRequired":true,"valueName":"search_term_string"}}],"inLanguage":"es"},{"@type":"Organization","@id":"https:\/\/tonymora.com\/es\/#organization","name":"Tony Mora Boots","url":"https:\/\/tonymora.com\/es\/","logo":{"@type":"ImageObject","inLanguage":"es","@id":"https:\/\/tonymora.com\/es\/#\/schema\/logo\/image\/","url":"https:\/\/tonymora.com\/wp-content\/uploads\/2023\/12\/LOGO.jpg","contentUrl":"https:\/\/tonymora.com\/wp-content\/uploads\/2023\/12\/LOGO.jpg","width":2272,"height":1411,"caption":"Tony Mora Boots"},"image":{"@id":"https:\/\/tonymora.com\/es\/#\/schema\/logo\/image\/"},"sameAs":["https:\/\/www.facebook.com\/Tonymoraofficial\/","https:\/\/www.instagram.com\/tonymoraofficial\/?hl=es"]}]}},"_links":{"self":[{"href":"https:\/\/tonymora.com\/es\/wp-json\/wp\/v2\/pages\/717104","targetHints":{"allow":["GET"]}}],"collection":[{"href":"https:\/\/tonymora.com\/es\/wp-json\/wp\/v2\/pages"}],"about":[{"href":"https:\/\/tonymora.com\/es\/wp-json\/wp\/v2\/types\/page"}],"author":[{"embeddable":true,"href":"https:\/\/tonymora.com\/es\/wp-json\/wp\/v2\/users\/1139"}],"replies":[{"embeddable":true,"href":"https:\/\/tonymora.com\/es\/wp-json\/wp\/v2\/comments?post=717104"}],"version-history":[{"count":3,"href":"https:\/\/tonymora.com\/es\/wp-json\/wp\/v2\/pages\/717104\/revisions"}],"predecessor-version":[{"id":717220,"href":"https:\/\/tonymora.com\/es\/wp-json\/wp\/v2\/pages\/717104\/revisions\/717220"}],"wp:attachment":[{"href":"https:\/\/tonymora.com\/es\/wp-json\/wp\/v2\/media?parent=717104"}],"curies":[{"name":"wp","href":"https:\/\/api.w.org\/{rel}","templated":true}]}}