{"id":722611,"date":"2026-01-20T15:42:19","date_gmt":"2026-01-20T14:42:19","guid":{"rendered":"https:\/\/tonymora.com\/?page_id=722611"},"modified":"2026-02-24T11:51:37","modified_gmt":"2026-02-24T10:51:37","slug":"private-reserve","status":"publish","type":"page","link":"https:\/\/tonymora.com\/es\/private-reserve\/","title":{"rendered":"Tony Mora Private Access"},"content":{"rendered":"<div class=\"wpb-content-wrapper\"><p>[vc_row][vc_column][vc_row_inner][vc_column_inner][vc_custom_heading text=\u00bbAcceso Privado: Ediciones limitadas y descuentos especiales\u00bb font_container=\u00bbtag:h2|font_size:3rem|text_align:center|color:%23c59455&#8243; use_theme_fonts=\u00bbyes\u00bb css_animation=\u00bbleft-to-right\u00bb][vc_column_text css_animation=\u00bbleft-to-right\u00bb woodmart_inline=\u00bbno\u00bb text_larger=\u00bbno\u00bb]<\/p>\n<p style=\"text-align: center;\">Tony Mora no hace rebajas. Creamos arte. Pero ocasionalmente, abrimos nuestro archivo o lanzamos ediciones limitadas para nuestros clientes m\u00e1s fieles.<\/p>\n<p>[\/vc_column_text]<div id=\"wd-699d788d5a0b2\" class=\" wd-rs-699d788d5a0b2  wd-button-wrapper text-center\"><a href=\"#earlyAccess\" title=\"\" class=\"btn btn-scheme-light btn-scheme-hover-light btn-style-default btn-style-rectangle btn-size-default\">\u00danete para ser el primero en saberlo<\/a><\/div>[vc_empty_space height=\u00bb50px\u00bb woodmart_hide_large=\u00bb0&#8243; woodmart_hide_medium=\u00bb0&#8243; woodmart_hide_small=\u00bb0&#8243;][\/vc_column_inner][\/vc_row_inner][\/vc_column][\/vc_row][vc_row full_width=\u00bbstretch_row\u00bb woodmart_stretch_content=\u00bbsection-stretch\u00bb css=\u00bb.vc_custom_1771929585552{background-color: #f2f2f2 !important;}\u00bb woodmart_css_id=\u00bb699d7fe8e0f65&#8243; responsive_spacing=\u00bbeyJwYXJhbV90eXBlIjoid29vZG1hcnRfcmVzcG9uc2l2ZV9zcGFjaW5nIiwic2VsZWN0b3JfaWQiOiI2OTlkN2ZlOGUwZjY1Iiwic2hvcnRjb2RlIjoidmNfcm93IiwiZGF0YSI6eyJ0YWJsZXQiOnt9LCJtb2JpbGUiOnt9fX0=\u00bb mobile_bg_img_hidden=\u00bbno\u00bb tablet_bg_img_hidden=\u00bbno\u00bb woodmart_parallax=\u00bb0&#8243; woodmart_gradient_switch=\u00bbno\u00bb woodmart_box_shadow=\u00bbno\u00bb wd_z_index=\u00bbno\u00bb woodmart_disable_overflow=\u00bb0&#8243; row_reverse_mobile=\u00bb0&#8243; row_reverse_tablet=\u00bb0&#8243;][vc_column width=\u00bb1\/2&#8243;][vc_empty_space height=\u00bb40px\u00bb woodmart_hide_large=\u00bb0&#8243; woodmart_hide_medium=\u00bb0&#8243; woodmart_hide_small=\u00bb0&#8243;][vc_column_text woodmart_inline=\u00bbno\u00bb text_larger=\u00bbno\u00bb]<\/p>\n<h2 class=\"vc_custom_heading wpb_animate_when_almost_visible wpb_left-to-right left-to-right wpb_start_animation animated\">No hacemos rebajas. Protegemos el legado.<\/h2>\n<p>[\/vc_column_text][vc_column_text css_animation=\u00bbleft-to-right\u00bb woodmart_inline=\u00bbno\u00bb text_larger=\u00bbno\u00bb]En<strong>\u00a0Tony Mora<\/strong>, cada par de botas es una pieza de ingenier\u00eda artesanal,\u00a0<strong>cosida a mano en Mallorca bajo el m\u00e9todo GoodYear Welted.<\/strong>\u00a0Nuestro calzado no caduca; mejora con el tiempo.<\/p>\n<p>Por respeto a nuestros artesanos y a la calidad de nuestras pieles, no participamos en la din\u00e1mica del Fast Fashion ni en descuentos masivos permanentes. Sin embargo, creemos en<strong>\u00a0recompensar la fidelidad.<\/strong><\/p>\n<p>Creamos <strong>The Private Reserve<\/strong>\u00a0para aquellos que entienden la diferencia entre precio y valor.[\/vc_column_text][\/vc_column][vc_column width=\u00bb1\/2&#8243;][vc_single_image image=\u00bb723091&#8243; img_size=\u00bblarge\u00bb alignment=\u00bbcenter\u00bb parallax_scroll=\u00bbno\u00bb woodmart_inline=\u00bbno\u00bb][\/vc_column][\/vc_row][vc_row full_width=\u00bbstretch_row\u00bb woodmart_stretch_content=\u00bbsection-stretch\u00bb woodmart_css_id=\u00bb699d76bd19662&#8243; responsive_spacing=\u00bbeyJwYXJhbV90eXBlIjoid29vZG1hcnRfcmVzcG9uc2l2ZV9zcGFjaW5nIiwic2VsZWN0b3JfaWQiOiI2OTlkNzZiZDE5NjYyIiwic2hvcnRjb2RlIjoidmNfcm93IiwiZGF0YSI6eyJ0YWJsZXQiOnt9LCJtb2JpbGUiOnt9fX0=\u00bb mobile_bg_img_hidden=\u00bbno\u00bb tablet_bg_img_hidden=\u00bbno\u00bb woodmart_parallax=\u00bb0&#8243; woodmart_gradient_switch=\u00bbno\u00bb woodmart_box_shadow=\u00bbno\u00bb wd_z_index=\u00bbno\u00bb woodmart_disable_overflow=\u00bb0&#8243; row_reverse_mobile=\u00bb0&#8243; row_reverse_tablet=\u00bb0&#8243;][vc_column width=\u00bb1\/2&#8243;][vc_single_image image=\u00bb723097&#8243; img_size=\u00bblarge\u00bb alignment=\u00bbcenter\u00bb parallax_scroll=\u00bbno\u00bb woodmart_inline=\u00bbno\u00bb][\/vc_column][vc_column width=\u00bb1\/2&#8243;][vc_empty_space height=\u00bb40px\u00bb woodmart_hide_large=\u00bb0&#8243; woodmart_hide_medium=\u00bb0&#8243; woodmart_hide_small=\u00bb0&#8243;][vc_column_text woodmart_inline=\u00bbno\u00bb text_larger=\u00bbno\u00bb]<\/p>\n<h2 class=\"vc_custom_heading wpb_animate_when_almost_visible wpb_left-to-right left-to-right wpb_start_animation animated\">Lo que obtienes al unirte The Private Reserve<\/h2>\n<p>[\/vc_column_text]\n\t\t<ul class=\" wd-rs-696f76818951f wd-list wd-wpb color-scheme- wd-fontsize-s wd-list-type-icon wd-list-style-default wd-justify-left \" id=\"wd-696f76818951f\">\n\t\t\t\t\t\t\t\t\t\t\t<li>\n\t\t\t\t\t<img loading=\"lazy\" decoding=\"async\" width=\"25\" height=\"25\" src=\"https:\/\/tonymora.com\/wp-content\/uploads\/2026\/01\/early-access-25x25.png\" class=\"attachment-25x25 size-25x25\" alt=\"early access\" srcset=\"https:\/\/tonymora.com\/wp-content\/uploads\/2026\/01\/early-access-25x25.png 25w, https:\/\/tonymora.com\/wp-content\/uploads\/2026\/01\/early-access-150x150.png 150w, https:\/\/tonymora.com\/wp-content\/uploads\/2026\/01\/early-access.png 250w\" sizes=\"auto, (max-width: 25px) 100vw, 25px\" \/>\n\t\t\t\t\t<span class=\"list-content\">Acceso Anticipado (Early Access): S\u00e9 el primero en entrar a nuestros eventos anuales (Black Friday, Summer Archive). Asegura tu talla 48 horas antes de que abramos al p\u00fablico general.<\/span>\n\t\t\t\t\t\t\t\t\t<\/li>\n\t\t\t\t\t\t\t\t\t\t\t<li>\n\t\t\t\t\t<img loading=\"lazy\" decoding=\"async\" width=\"25\" height=\"25\" src=\"https:\/\/tonymora.com\/wp-content\/uploads\/2026\/01\/acceso-exclusivo-25x25.png\" class=\"attachment-25x25 size-25x25\" alt=\"acceso exclusivo\" srcset=\"https:\/\/tonymora.com\/wp-content\/uploads\/2026\/01\/acceso-exclusivo-25x25.png 25w, https:\/\/tonymora.com\/wp-content\/uploads\/2026\/01\/acceso-exclusivo-150x150.png 150w, https:\/\/tonymora.com\/wp-content\/uploads\/2026\/01\/acceso-exclusivo.png 250w\" sizes=\"auto, (max-width: 25px) 100vw, 25px\" \/>\n\t\t\t\t\t<span class=\"list-content\">The Archive Sale: Acceso exclusivo a modelos descatalogados, \u00faltimas tallas y piezas de colecci\u00f3n con precios especiales. Oportunidades \u00fanicas que no se publican en la web principal.<\/span>\n\t\t\t\t\t\t\t\t\t<\/li>\n\t\t\t\t\t\t\t\t\t\t\t<li>\n\t\t\t\t\t<img loading=\"lazy\" decoding=\"async\" width=\"25\" height=\"25\" src=\"https:\/\/tonymora.com\/wp-content\/uploads\/2026\/01\/lanzamientos-25x25.png\" class=\"attachment-25x25 size-25x25\" alt=\"\" srcset=\"https:\/\/tonymora.com\/wp-content\/uploads\/2026\/01\/lanzamientos-25x25.png 25w, https:\/\/tonymora.com\/wp-content\/uploads\/2026\/01\/lanzamientos-150x150.png 150w, https:\/\/tonymora.com\/wp-content\/uploads\/2026\/01\/lanzamientos.png 250w\" sizes=\"auto, (max-width: 25px) 100vw, 25px\" \/>\n\t\t\t\t\t<span class=\"list-content\">Lanzamientos \"Made to Order\": Prioridad para reservar nuevas colecciones y ediciones limitadas de pieles ex\u00f3ticas antes de que se agoten.<\/span>\n\t\t\t\t\t\t\t\t\t<\/li>\n\t\t\t\t\t<\/ul>\n\t\t[\/vc_column][\/vc_row][vc_row full_width=\u00bbstretch_row\u00bb woodmart_stretch_content=\u00bbsection-stretch\u00bb css=\u00bb.vc_custom_1771929556541{background-color: #f2f2f2 !important;}\u00bb woodmart_css_id=\u00bb699d7fc0070a9&#8243; responsive_spacing=\u00bbeyJwYXJhbV90eXBlIjoid29vZG1hcnRfcmVzcG9uc2l2ZV9zcGFjaW5nIiwic2VsZWN0b3JfaWQiOiI2OTlkN2ZjMDA3MGE5Iiwic2hvcnRjb2RlIjoidmNfcm93IiwiZGF0YSI6eyJ0YWJsZXQiOnt9LCJtb2JpbGUiOnt9fX0=\u00bb mobile_bg_img_hidden=\u00bbno\u00bb tablet_bg_img_hidden=\u00bbno\u00bb woodmart_parallax=\u00bb0&#8243; woodmart_gradient_switch=\u00bbno\u00bb woodmart_box_shadow=\u00bbno\u00bb wd_z_index=\u00bbno\u00bb woodmart_disable_overflow=\u00bb0&#8243; row_reverse_mobile=\u00bb0&#8243; row_reverse_tablet=\u00bb0&#8243;][vc_column][vc_row_inner][vc_column_inner width=\u00bb1\/6&#8243; woodmart_text_align=\u00bbcenter\u00bb woodmart_css_id=\u00bb696f9a40177bc\u00bb parallax_scroll=\u00bbno\u00bb woodmart_sticky_column=\u00bbfalse\u00bb wd_collapsible_content_switcher=\u00bbno\u00bb wd_column_role_offcanvas_desktop=\u00bbno\u00bb wd_column_role_offcanvas_tablet=\u00bbno\u00bb wd_column_role_offcanvas_mobile=\u00bbno\u00bb wd_column_role_content_desktop=\u00bbno\u00bb wd_column_role_content_tablet=\u00bbno\u00bb wd_column_role_content_mobile=\u00bbno\u00bb mobile_bg_img_hidden=\u00bbno\u00bb tablet_bg_img_hidden=\u00bbno\u00bb woodmart_parallax=\u00bb0&#8243; woodmart_box_shadow=\u00bbno\u00bb responsive_spacing=\u00bbeyJwYXJhbV90eXBlIjoid29vZG1hcnRfcmVzcG9uc2l2ZV9zcGFjaW5nIiwic2VsZWN0b3JfaWQiOiI2OTZmOWE0MDE3N2JjIiwic2hvcnRjb2RlIjoidmNfY29sdW1uX2lubmVyIiwiZGF0YSI6eyJ0YWJsZXQiOnt9LCJtb2JpbGUiOnt9fX0=\u00bb wd_z_index=\u00bbno\u00bb][\/vc_column_inner][vc_column_inner width=\u00bb2\/3&#8243;][vc_column_text woodmart_inline=\u00bbno\u00bb text_larger=\u00bbno\u00bb]<\/p>\n<h2 class=\"vc_custom_heading wpb_animate_when_almost_visible wpb_left-to-right left-to-right wpb_start_animation animated\" style=\"text-align: center;\">\u00bfBuscas un Outlet de Tony Mora?<\/h2>\n<p>[\/vc_column_text][vc_column_text woodmart_inline=\u00bbno\u00bb text_larger=\u00bbno\u00bb]<\/p>\n<div class=\"wpb_text_column wpb_content_element\">\n<div class=\"wpb_wrapper\">\n<blockquote>\n<p style=\"text-align: center;\"><span style=\"color: #333333; font-size: 16px;\">Lo que en otras marcas es un \u2018Outlet\u2019 o liquidaci\u00f3n, en Tony Mora lo llamamos The Private Reserve.<\/span><\/p>\n<\/blockquote>\n<\/div>\n<\/div>\n<div class=\"wpb_text_column wpb_content_element\">\n<div class=\"wpb_wrapper\">\n<p style=\"text-align: center;\">No disponemos de una zona de saldos permanente abierta al p\u00fablico. Preferimos cuidar nuestro legado ofreciendo nuestras \u00faltimas tallas, prototipos y modelos de archivo\u00a0<strong>exclusivamente a los miembros de esta lista<\/strong>. Si buscas la calidad aut\u00e9ntica de Tony Mora a un precio especial, este es el \u00fanico canal oficial para conseguirlo.<\/p>\n<\/div>\n<\/div>\n<p>[\/vc_column_text][\/vc_column_inner][vc_column_inner width=\u00bb1\/6&#8243;][\/vc_column_inner][\/vc_row_inner][\/vc_column][\/vc_row][vc_row el_id=\u00bbearlyAccess\u00bb woodmart_css_id=\u00bb699d78639b2d1&#8243; responsive_spacing=\u00bbeyJwYXJhbV90eXBlIjoid29vZG1hcnRfcmVzcG9uc2l2ZV9zcGFjaW5nIiwic2VsZWN0b3JfaWQiOiI2OTlkNzg2MzliMmQxIiwic2hvcnRjb2RlIjoidmNfcm93IiwiZGF0YSI6eyJ0YWJsZXQiOnt9LCJtb2JpbGUiOnt9fX0=\u00bb mobile_bg_img_hidden=\u00bbno\u00bb tablet_bg_img_hidden=\u00bbno\u00bb woodmart_parallax=\u00bb0&#8243; woodmart_gradient_switch=\u00bbno\u00bb woodmart_box_shadow=\u00bbno\u00bb wd_z_index=\u00bbno\u00bb woodmart_disable_overflow=\u00bb0&#8243; row_reverse_mobile=\u00bb0&#8243; row_reverse_tablet=\u00bb0&#8243;][vc_column][vc_raw_html]JTNDZGl2JTIwY2xhc3MlM0QlMjJrbGF2aXlvLWZvcm0tV3NZdXpnJTIyJTNFJTNDJTJGZGl2JTNF[\/vc_raw_html][\/vc_column][\/vc_row]<\/p>\n<\/div>","protected":false},"excerpt":{"rendered":"<p>[vc_row][vc_column][vc_row_inner][vc_column_inner][vc_custom_heading text=\u00bbAcceso Privado: Ediciones limitadas y descuentos especiales\u00bb font_container=\u00bbtag:h2|font_size:3rem|text_align:center|color:%23c59455&#8243; use_theme_fonts=\u00bbyes\u00bb css_animation=\u00bbleft-to-right\u00bb][vc_column_text css_animation=\u00bbleft-to-right\u00bb woodmart_inline=\u00bbno\u00bb text_larger=\u00bbno\u00bb] Tony Mora no hace rebajas. Creamos<\/p>\n","protected":false},"author":1139,"featured_media":0,"parent":0,"menu_order":0,"comment_status":"closed","ping_status":"closed","template":"","meta":{"_mbp_gutenberg_autopost":false,"footnotes":""},"class_list":["post-722611","page","type-page","status-publish","hentry"],"yoast_head":"<!-- This site is optimized with the Yoast SEO plugin v27.2 - https:\/\/yoast.com\/product\/yoast-seo-wordpress\/ -->\n<title>Tony Mora Private Reserve | Outlet Oficial y Ventas Privadas<\/title>\n<meta name=\"description\" content=\"\u00bfBuscas ofertas en Tony Mora? \u00danete a The Private Reserve. La \u00fanica v\u00eda oficial para acceder a ediciones limitadas y precios especiales.\" \/>\n<meta name=\"robots\" content=\"index, follow, max-snippet:-1, max-image-preview:large, max-video-preview:-1\" \/>\n<link rel=\"canonical\" href=\"https:\/\/tonymora.com\/es\/private-reserve\/\" \/>\n<meta property=\"og:locale\" content=\"es_ES\" \/>\n<meta property=\"og:type\" content=\"article\" \/>\n<meta property=\"og:title\" content=\"Tony Mora Private Reserve | Outlet Oficial y Ventas Privadas\" \/>\n<meta property=\"og:description\" content=\"\u00bfBuscas ofertas en Tony Mora? \u00danete a The Private Reserve. La \u00fanica v\u00eda oficial para acceder a ediciones limitadas y precios especiales.\" \/>\n<meta property=\"og:url\" content=\"https:\/\/tonymora.com\/es\/private-reserve\/\" \/>\n<meta property=\"og:site_name\" content=\"Tony Mora\u00ae Boots Official Store\" \/>\n<meta property=\"article:publisher\" content=\"https:\/\/www.facebook.com\/Tonymoraofficial\/\" \/>\n<meta property=\"article:modified_time\" content=\"2026-02-24T10:51:37+00:00\" \/>\n<meta name=\"twitter:card\" content=\"summary_large_image\" \/>\n<meta name=\"twitter:label1\" content=\"Tiempo de lectura\" \/>\n\t<meta name=\"twitter:data1\" content=\"2 minutos\" \/>\n<script type=\"application\/ld+json\" class=\"yoast-schema-graph\">{\"@context\":\"https:\/\/schema.org\",\"@graph\":[{\"@type\":\"WebPage\",\"@id\":\"https:\/\/tonymora.com\/es\/private-reserve\/\",\"url\":\"https:\/\/tonymora.com\/es\/private-reserve\/\",\"name\":\"Tony Mora Private Reserve | Outlet Oficial y Ventas Privadas\",\"isPartOf\":{\"@id\":\"https:\/\/tonymora.com\/es\/#website\"},\"datePublished\":\"2026-01-20T14:42:19+00:00\",\"dateModified\":\"2026-02-24T10:51:37+00:00\",\"description\":\"\u00bfBuscas ofertas en Tony Mora? \u00danete a The Private Reserve. La \u00fanica v\u00eda oficial para acceder a ediciones limitadas y precios especiales.\",\"breadcrumb\":{\"@id\":\"https:\/\/tonymora.com\/es\/private-reserve\/#breadcrumb\"},\"inLanguage\":\"es\",\"potentialAction\":[{\"@type\":\"ReadAction\",\"target\":[\"https:\/\/tonymora.com\/es\/private-reserve\/\"]}]},{\"@type\":\"BreadcrumbList\",\"@id\":\"https:\/\/tonymora.com\/es\/private-reserve\/#breadcrumb\",\"itemListElement\":[{\"@type\":\"ListItem\",\"position\":1,\"name\":\"Portada\",\"item\":\"https:\/\/tonymora.com\/es\/\"},{\"@type\":\"ListItem\",\"position\":2,\"name\":\"Tony Mora Private Access\"}]},{\"@type\":\"WebSite\",\"@id\":\"https:\/\/tonymora.com\/es\/#website\",\"url\":\"https:\/\/tonymora.com\/es\/\",\"name\":\"Tony Mora\u00ae Boots Official Store\",\"description\":\"Cowboy Boots\",\"publisher\":{\"@id\":\"https:\/\/tonymora.com\/es\/#organization\"},\"potentialAction\":[{\"@type\":\"SearchAction\",\"target\":{\"@type\":\"EntryPoint\",\"urlTemplate\":\"https:\/\/tonymora.com\/es\/?s={search_term_string}\"},\"query-input\":{\"@type\":\"PropertyValueSpecification\",\"valueRequired\":true,\"valueName\":\"search_term_string\"}}],\"inLanguage\":\"es\"},{\"@type\":\"Organization\",\"@id\":\"https:\/\/tonymora.com\/es\/#organization\",\"name\":\"Tony Mora Boots\",\"url\":\"https:\/\/tonymora.com\/es\/\",\"logo\":{\"@type\":\"ImageObject\",\"inLanguage\":\"es\",\"@id\":\"https:\/\/tonymora.com\/es\/#\/schema\/logo\/image\/\",\"url\":\"https:\/\/tonymora.com\/wp-content\/uploads\/2023\/12\/LOGO.jpg\",\"contentUrl\":\"https:\/\/tonymora.com\/wp-content\/uploads\/2023\/12\/LOGO.jpg\",\"width\":2272,\"height\":1411,\"caption\":\"Tony Mora Boots\"},\"image\":{\"@id\":\"https:\/\/tonymora.com\/es\/#\/schema\/logo\/image\/\"},\"sameAs\":[\"https:\/\/www.facebook.com\/Tonymoraofficial\/\",\"https:\/\/www.instagram.com\/tonymoraofficial\/?hl=es\"]}]}<\/script>\n<!-- \/ Yoast SEO plugin. -->","yoast_head_json":{"title":"Tony Mora Private Reserve | Outlet Oficial y Ventas Privadas","description":"\u00bfBuscas ofertas en Tony Mora? \u00danete a The Private Reserve. La \u00fanica v\u00eda oficial para acceder a ediciones limitadas y precios especiales.","robots":{"index":"index","follow":"follow","max-snippet":"max-snippet:-1","max-image-preview":"max-image-preview:large","max-video-preview":"max-video-preview:-1"},"canonical":"https:\/\/tonymora.com\/es\/private-reserve\/","og_locale":"es_ES","og_type":"article","og_title":"Tony Mora Private Reserve | Outlet Oficial y Ventas Privadas","og_description":"\u00bfBuscas ofertas en Tony Mora? \u00danete a The Private Reserve. La \u00fanica v\u00eda oficial para acceder a ediciones limitadas y precios especiales.","og_url":"https:\/\/tonymora.com\/es\/private-reserve\/","og_site_name":"Tony Mora\u00ae Boots Official Store","article_publisher":"https:\/\/www.facebook.com\/Tonymoraofficial\/","article_modified_time":"2026-02-24T10:51:37+00:00","twitter_card":"summary_large_image","twitter_misc":{"Tiempo de lectura":"2 minutos"},"schema":{"@context":"https:\/\/schema.org","@graph":[{"@type":"WebPage","@id":"https:\/\/tonymora.com\/es\/private-reserve\/","url":"https:\/\/tonymora.com\/es\/private-reserve\/","name":"Tony Mora Private Reserve | Outlet Oficial y Ventas Privadas","isPartOf":{"@id":"https:\/\/tonymora.com\/es\/#website"},"datePublished":"2026-01-20T14:42:19+00:00","dateModified":"2026-02-24T10:51:37+00:00","description":"\u00bfBuscas ofertas en Tony Mora? \u00danete a The Private Reserve. La \u00fanica v\u00eda oficial para acceder a ediciones limitadas y precios especiales.","breadcrumb":{"@id":"https:\/\/tonymora.com\/es\/private-reserve\/#breadcrumb"},"inLanguage":"es","potentialAction":[{"@type":"ReadAction","target":["https:\/\/tonymora.com\/es\/private-reserve\/"]}]},{"@type":"BreadcrumbList","@id":"https:\/\/tonymora.com\/es\/private-reserve\/#breadcrumb","itemListElement":[{"@type":"ListItem","position":1,"name":"Portada","item":"https:\/\/tonymora.com\/es\/"},{"@type":"ListItem","position":2,"name":"Tony Mora Private Access"}]},{"@type":"WebSite","@id":"https:\/\/tonymora.com\/es\/#website","url":"https:\/\/tonymora.com\/es\/","name":"Tony Mora\u00ae Boots Official Store","description":"Cowboy Boots","publisher":{"@id":"https:\/\/tonymora.com\/es\/#organization"},"potentialAction":[{"@type":"SearchAction","target":{"@type":"EntryPoint","urlTemplate":"https:\/\/tonymora.com\/es\/?s={search_term_string}"},"query-input":{"@type":"PropertyValueSpecification","valueRequired":true,"valueName":"search_term_string"}}],"inLanguage":"es"},{"@type":"Organization","@id":"https:\/\/tonymora.com\/es\/#organization","name":"Tony Mora Boots","url":"https:\/\/tonymora.com\/es\/","logo":{"@type":"ImageObject","inLanguage":"es","@id":"https:\/\/tonymora.com\/es\/#\/schema\/logo\/image\/","url":"https:\/\/tonymora.com\/wp-content\/uploads\/2023\/12\/LOGO.jpg","contentUrl":"https:\/\/tonymora.com\/wp-content\/uploads\/2023\/12\/LOGO.jpg","width":2272,"height":1411,"caption":"Tony Mora Boots"},"image":{"@id":"https:\/\/tonymora.com\/es\/#\/schema\/logo\/image\/"},"sameAs":["https:\/\/www.facebook.com\/Tonymoraofficial\/","https:\/\/www.instagram.com\/tonymoraofficial\/?hl=es"]}]}},"_links":{"self":[{"href":"https:\/\/tonymora.com\/es\/wp-json\/wp\/v2\/pages\/722611","targetHints":{"allow":["GET"]}}],"collection":[{"href":"https:\/\/tonymora.com\/es\/wp-json\/wp\/v2\/pages"}],"about":[{"href":"https:\/\/tonymora.com\/es\/wp-json\/wp\/v2\/types\/page"}],"author":[{"embeddable":true,"href":"https:\/\/tonymora.com\/es\/wp-json\/wp\/v2\/users\/1139"}],"replies":[{"embeddable":true,"href":"https:\/\/tonymora.com\/es\/wp-json\/wp\/v2\/comments?post=722611"}],"version-history":[{"count":23,"href":"https:\/\/tonymora.com\/es\/wp-json\/wp\/v2\/pages\/722611\/revisions"}],"predecessor-version":[{"id":723101,"href":"https:\/\/tonymora.com\/es\/wp-json\/wp\/v2\/pages\/722611\/revisions\/723101"}],"wp:attachment":[{"href":"https:\/\/tonymora.com\/es\/wp-json\/wp\/v2\/media?parent=722611"}],"curies":[{"name":"wp","href":"https:\/\/api.w.org\/{rel}","templated":true}]}}