{"id":12302,"date":"2018-05-09T12:09:24","date_gmt":"2018-05-09T10:09:24","guid":{"rendered":"https:\/\/tonymora.com\/product\/1764-j-lini-serraje-brash-tabaco\/"},"modified":"2026-05-13T16:34:14","modified_gmt":"2026-05-13T14:34:14","slug":"1764-j-lini-serraje-brash-tabaco","status":"publish","type":"product","link":"https:\/\/tonymora.com\/es\/producto\/1764-j-lini-serraje-brash-tabaco\/","title":{"rendered":"1764 J LINI SERRAJE BRASH TABACO"},"content":{"rendered":"<p style=\"text-align: left;\">Modelo\u00a0cowboy\u00a0con piel en color marr\u00f3n. Cada d\u00eda que pase esta piel estar\u00e1 m\u00e1s bonita. F\u00edjate en el grabado: utilizamos un dise\u00f1o antiguo y caracter\u00edstico de las botas cowboy. Hechos a mano y con sistema\u00a0Goodyear Welt Confort\u00a0que har\u00e1n que este modelo sea el preferido para t\u00ed. La piel\u00a0soft\u00a0se ajusta a tus pies y podr\u00e1s caminar con ellas todo el d\u00eda. \u00a1Pru\u00e9balas!<\/p>\n","protected":false},"excerpt":{"rendered":"<p>Una propuesta con alma, hecha para acompa\u00f1arte de verdad. Una silueta protagonista que acompa\u00f1a con seguridad.<br \/>\nLa clase de elecci\u00f3n que se recuerda por c\u00f3mo te hace sentir.<\/p>\n","protected":false},"featured_media":712709,"template":"","meta":{"_mbp_gutenberg_autopost":false},"product_brand":[765,767],"product_cat":[1172,119,120,1133,112,1130],"product_tag":[],"class_list":{"0":"post-12302","1":"product","2":"type-product","3":"status-publish","4":"has-post-thumbnail","6":"product_brand-talla-mujer-40","7":"product_brand-talla-mujer-41","8":"product_cat-black-friday","9":"product_cat-botas-casual-mujer","10":"product_cat-botas-de-baile-en-linea-mujer","11":"product_cat-botas-de-piel-mujer","12":"product_cat-mujer","13":"product_cat-rebajas-mujer","15":"first","16":"outofstock","17":"taxable","18":"shipping-taxable","19":"purchasable","20":"product-type-variable"},"_links":{"self":[{"href":"https:\/\/tonymora.com\/es\/wp-json\/wp\/v2\/product\/12302","targetHints":{"allow":["GET"]}}],"collection":[{"href":"https:\/\/tonymora.com\/es\/wp-json\/wp\/v2\/product"}],"about":[{"href":"https:\/\/tonymora.com\/es\/wp-json\/wp\/v2\/types\/product"}],"wp:featuredmedia":[{"embeddable":true,"href":"https:\/\/tonymora.com\/es\/wp-json\/wp\/v2\/media\/712709"}],"wp:attachment":[{"href":"https:\/\/tonymora.com\/es\/wp-json\/wp\/v2\/media?parent=12302"}],"wp:term":[{"taxonomy":"product_brand","embeddable":true,"href":"https:\/\/tonymora.com\/es\/wp-json\/wp\/v2\/product_brand?post=12302"},{"taxonomy":"product_cat","embeddable":true,"href":"https:\/\/tonymora.com\/es\/wp-json\/wp\/v2\/product_cat?post=12302"},{"taxonomy":"product_tag","embeddable":true,"href":"https:\/\/tonymora.com\/es\/wp-json\/wp\/v2\/product_tag?post=12302"}],"curies":[{"name":"wp","href":"https:\/\/api.w.org\/{rel}","templated":true}]}}