{"id":2343,"date":"2017-08-18T19:02:46","date_gmt":"2017-08-18T17:02:46","guid":{"rendered":"https:\/\/tonymora.com\/product\/2051-j-denos-serraje-tabaco-brash\/"},"modified":"2026-04-06T07:33:03","modified_gmt":"2026-04-06T05:33:03","slug":"2051-j-denos-serraje-tabaco-brash","status":"publish","type":"product","link":"https:\/\/tonymora.com\/es\/producto\/2051-j-denos-serraje-tabaco-brash\/","title":{"rendered":"2051 J DENOS SERRAJE TABACO BRASH"},"content":{"rendered":"<p data-start=\"160\" data-end=\"537\"><strong data-start=\"160\" data-end=\"237\"><span class=\"_fadeIn_m1hgl_8\">Botas <\/span><span class=\"_fadeIn_m1hgl_8\">de <\/span><span class=\"_fadeIn_m1hgl_8\">serraje <\/span><span class=\"_fadeIn_m1hgl_8\">tabaco <\/span><span class=\"_fadeIn_m1hgl_8\">para <\/span><span class=\"_fadeIn_m1hgl_8\">hombre: <\/span><span class=\"_fadeIn_m1hgl_8\">un <\/span><span class=\"_fadeIn_m1hgl_8\">cl\u00e1sico <\/span><span class=\"_fadeIn_m1hgl_8\">con <\/span><span class=\"_fadeIn_m1hgl_8\">el <\/span><span class=\"_fadeIn_m1hgl_8\">sello <\/span><span class=\"_fadeIn_m1hgl_8\">Tony <\/span><span class=\"_fadeIn_m1hgl_8\">Mora.<\/span><\/strong><br data-start=\"237\" data-end=\"240\" \/><span class=\"_fadeIn_m1hgl_8\">En <\/span><span class=\"_fadeIn_m1hgl_8\">Tony <\/span><span class=\"_fadeIn_m1hgl_8\">Mora <\/span><span class=\"_fadeIn_m1hgl_8\">trabajamos <\/span><span class=\"_fadeIn_m1hgl_8\">con <\/span><span class=\"_fadeIn_m1hgl_8\">pasi\u00f3n <\/span><span class=\"_fadeIn_m1hgl_8\">por <\/span><span class=\"_fadeIn_m1hgl_8\">la <\/span><strong data-start=\"282\" data-end=\"303\"><span class=\"_fadeIn_m1hgl_8\">calidad <\/span><span class=\"_fadeIn_m1hgl_8\">aut\u00e9ntica<\/span><\/strong><span class=\"_fadeIn_m1hgl_8\">, <\/span><span class=\"_fadeIn_m1hgl_8\">y <\/span><span class=\"_fadeIn_m1hgl_8\">cada <\/span><span class=\"_fadeIn_m1hgl_8\">par <\/span><span class=\"_fadeIn_m1hgl_8\">de <\/span><span class=\"_fadeIn_m1hgl_8\">botas <\/span><span class=\"_fadeIn_m1hgl_8\">lleva <\/span><span class=\"_fadeIn_m1hgl_8\">nuestro <\/span><strong data-start=\"339\" data-end=\"370\"><span class=\"_fadeIn_m1hgl_8\">sello <\/span><span class=\"_fadeIn_m1hgl_8\">de <\/span><span class=\"_fadeIn_m1hgl_8\">garant\u00eda <\/span><span class=\"_fadeIn_m1hgl_8\">artesanal<\/span><\/strong><span class=\"_fadeIn_m1hgl_8\">. <\/span><span class=\"_fadeIn_m1hgl_8\">Estas <\/span><span class=\"_fadeIn_m1hgl_8\">botas <\/span><span class=\"_fadeIn_m1hgl_8\">de <\/span><strong data-start=\"389\" data-end=\"415\"><span class=\"_fadeIn_m1hgl_8\">serraje <\/span><span class=\"_fadeIn_m1hgl_8\">en <\/span><span class=\"_fadeIn_m1hgl_8\">tono <\/span><span class=\"_fadeIn_m1hgl_8\">tabaco<\/span><\/strong> <span class=\"_fadeIn_m1hgl_8\">son <\/span><span class=\"_fadeIn_m1hgl_8\">la <\/span><span class=\"_fadeIn_m1hgl_8\">encarnaci\u00f3n <\/span><span class=\"_fadeIn_m1hgl_8\">del <\/span><span class=\"_fadeIn_m1hgl_8\">estilo <\/span><span class=\"_fadeIn_m1hgl_8\">cowboy <\/span><span class=\"_fadeIn_m1hgl_8\">atemporal, <\/span><span class=\"_fadeIn_m1hgl_8\">dise\u00f1ados <\/span><span class=\"_fadeIn_m1hgl_8\">para <\/span><span class=\"_fadeIn_m1hgl_8\">quienes <\/span><span class=\"_fadeIn_m1hgl_8\">valoran <\/span><span class=\"_fadeIn_m1hgl_8\">la <\/span><span class=\"_fadeIn_m1hgl_8\">tradici\u00f3n <\/span><span class=\"_fadeIn_m1hgl_8\">sin <\/span><span class=\"_fadeIn_m1hgl_8\">renunciar <\/span><span class=\"_fadeIn_m1hgl_8\">a <\/span><span class=\"_fadeIn_m1hgl_8\">la <\/span><span class=\"_fadeIn_m1hgl_8\">comodidad.<\/span><\/p>\n<p data-start=\"539\" data-end=\"793\"><span class=\"_fadeIn_m1hgl_8\">Su <\/span><strong data-start=\"542\" data-end=\"559\"><span class=\"_fadeIn_m1hgl_8\">horma <\/span><span class=\"_fadeIn_m1hgl_8\">confort<\/span><\/strong> <span class=\"_fadeIn_m1hgl_8\">ofrece <\/span><span class=\"_fadeIn_m1hgl_8\">un <\/span><span class=\"_fadeIn_m1hgl_8\">ajuste <\/span><span class=\"_fadeIn_m1hgl_8\">perfecto <\/span><span class=\"_fadeIn_m1hgl_8\">que <\/span><span class=\"_fadeIn_m1hgl_8\">te <\/span><span class=\"_fadeIn_m1hgl_8\">permitir\u00e1 <\/span><span class=\"_fadeIn_m1hgl_8\">llevarlos <\/span><span class=\"_fadeIn_m1hgl_8\">durante <\/span><span class=\"_fadeIn_m1hgl_8\">horas, <\/span><span class=\"_fadeIn_m1hgl_8\">ya <\/span><span class=\"_fadeIn_m1hgl_8\">sea <\/span><span class=\"_fadeIn_m1hgl_8\">en <\/span><span class=\"_fadeIn_m1hgl_8\">una <\/span><span class=\"_fadeIn_m1hgl_8\">entrevista, <\/span><span class=\"_fadeIn_m1hgl_8\">una <\/span><span class=\"_fadeIn_m1hgl_8\">cena <\/span><span class=\"_fadeIn_m1hgl_8\">o <\/span><span class=\"_fadeIn_m1hgl_8\">una <\/span><span class=\"_fadeIn_m1hgl_8\">salida <\/span><span class=\"_fadeIn_m1hgl_8\">informal. <\/span><span class=\"_fadeIn_m1hgl_8\">Vers\u00e1tiles, <\/span><span class=\"_fadeIn_m1hgl_8\">elegantes <\/span><span class=\"_fadeIn_m1hgl_8\">y <\/span><span class=\"_fadeIn_m1hgl_8\">con <\/span><span class=\"_fadeIn_m1hgl_8\">car\u00e1cter, <\/span><span class=\"_fadeIn_m1hgl_8\">estos <\/span><span class=\"_fadeIn_m1hgl_8\">botines <\/span><span class=\"_fadeIn_m1hgl_8\">son <\/span><span class=\"_fadeIn_m1hgl_8\">una <\/span><span class=\"_fadeIn_m1hgl_8\">inversi\u00f3n <\/span><span class=\"_fadeIn_m1hgl_8\">en <\/span><span class=\"_fadeIn_m1hgl_8\">estilo <\/span><span class=\"_fadeIn_m1hgl_8\">que <\/span><strong data-start=\"770\" data-end=\"792\"><span class=\"_fadeIn_m1hgl_8\">nunca <\/span><span class=\"_fadeIn_m1hgl_8\">pasa <\/span><span class=\"_fadeIn_m1hgl_8\">de <\/span><span class=\"_fadeIn_m1hgl_8\">moda<\/span><\/strong><span class=\"_fadeIn_m1hgl_8\">.<\/span><\/p>\n<p data-start=\"795\" data-end=\"879\"><strong data-start=\"795\" data-end=\"879\"><span class=\"_fadeIn_m1hgl_8\">Un <\/span><span class=\"_fadeIn_m1hgl_8\">imprescindible <\/span><span class=\"_fadeIn_m1hgl_8\">en <\/span><span class=\"_fadeIn_m1hgl_8\">el <\/span><span class=\"_fadeIn_m1hgl_8\">armario <\/span><span class=\"_fadeIn_m1hgl_8\">masculino. <\/span><span class=\"_fadeIn_m1hgl_8\">Un <\/span><span class=\"_fadeIn_m1hgl_8\">cl\u00e1sico <\/span><span class=\"_fadeIn_m1hgl_8\">que <\/span><span class=\"_fadeIn_m1hgl_8\">te <\/span><span class=\"_fadeIn_m1hgl_8\">acompa\u00f1ar\u00e1 <\/span><span class=\"_fadeIn_m1hgl_8\">siempre.<\/span><\/strong><\/p>\n","protected":false},"excerpt":{"rendered":"<p>Car\u00e1cter y refinamiento en equilibrio perfecto. Vers\u00e1til y f\u00e1cil de combinar, sin perder personalidad.<br \/>\nIdeal para acompa\u00f1arte del d\u00eda a la noche con la misma confianza.<\/p>\n","protected":false},"featured_media":700421,"template":"","meta":{"_mbp_gutenberg_autopost":false},"product_brand":[771,773,775,777,779,781,783,785],"product_cat":[1172,116,1129,108,1124],"product_tag":[],"class_list":{"0":"post-2343","1":"product","2":"type-product","3":"status-publish","4":"has-post-thumbnail","6":"product_brand-talla-hombre-40","7":"product_brand-talla-hombre-41","8":"product_brand-talla-hombre-42","9":"product_brand-talla-hombre-43","10":"product_brand-talla-hombre-44","11":"product_brand-talla-hombre-45","12":"product_brand-talla-hombre-46","13":"product_brand-talla-hombre-47","14":"product_cat-black-friday","15":"product_cat-botas-casual-hombre","16":"product_cat-botas-de-piel-hombre","17":"product_cat-hombre","18":"product_cat-rebajas-hombre","20":"first","21":"instock","22":"taxable","23":"shipping-taxable","24":"purchasable","25":"product-type-variable"},"supplier_id":null,"supplier_sku":"","barcode":null,"atum_controlled":true,"out_stock_date":null,"out_stock_threshold":null,"inheritable":true,"inbound_stock":null,"stock_on_hold":6,"sold_today":2,"sales_last_days":3,"reserved_stock":null,"customer_returns":null,"warehouse_damage":null,"lost_in_post":null,"other_logs":null,"out_stock_days":0,"lost_sales":0,"has_location":false,"update_date":"2026-03-26T11:43:02","atum_locations":[],"atum_stock_status":"instock","restock_status":false,"low_stock_amount":"","sales_update_date":"2024-07-09T08:22:47","calc_backorders":null,"yoast_head":"<!-- This site is optimized with the Yoast SEO plugin v27.2 - https:\/\/yoast.com\/product\/yoast-seo-wordpress\/ -->\n<title>Botas cowboy serraje tabaco para hombre | Tony Mora<\/title>\n<meta name=\"description\" content=\"Botas de serraje color tabaco con horma confort. Dise\u00f1o cl\u00e1sico estilo cowboy, perfectos para cualquier ocasi\u00f3n. Calidad artesanal Tony Mora.\" \/>\n<meta name=\"robots\" content=\"index, follow, max-snippet:-1, max-image-preview:large, max-video-preview:-1\" \/>\n<link rel=\"canonical\" href=\"https:\/\/tonymora.com\/es\/producto\/2051-j-denos-serraje-tabaco-brash\/\" \/>\n<meta property=\"og:locale\" content=\"es_ES\" \/>\n<meta property=\"og:type\" content=\"article\" \/>\n<meta property=\"og:title\" content=\"Botas cowboy serraje tabaco para hombre | Tony Mora\" \/>\n<meta property=\"og:description\" content=\"Botas de serraje color tabaco con horma confort. Dise\u00f1o cl\u00e1sico estilo cowboy, perfectos para cualquier ocasi\u00f3n. Calidad artesanal Tony Mora.\" \/>\n<meta property=\"og:url\" content=\"https:\/\/tonymora.com\/es\/producto\/2051-j-denos-serraje-tabaco-brash\/\" \/>\n<meta property=\"og:site_name\" content=\"Tony Mora\u00ae Boots Official Store\" \/>\n<meta property=\"article:publisher\" content=\"https:\/\/www.facebook.com\/Tonymoraofficial\/\" \/>\n<meta property=\"article:modified_time\" content=\"2026-04-06T05:33:03+00:00\" \/>\n<meta property=\"og:image\" content=\"https:\/\/tonymora.com\/wp-content\/uploads\/2017\/08\/01-2051-j-denos-serraje-tabaco-marron.jpg\" \/>\n\t<meta property=\"og:image:width\" content=\"866\" \/>\n\t<meta property=\"og:image:height\" content=\"1032\" \/>\n\t<meta property=\"og:image:type\" content=\"image\/jpeg\" \/>\n<meta name=\"twitter:card\" content=\"summary_large_image\" \/>\n<meta name=\"twitter:label1\" content=\"Tiempo de lectura\" \/>\n\t<meta name=\"twitter:data1\" content=\"1 minuto\" \/>\n<script type=\"application\/ld+json\" class=\"yoast-schema-graph\">{\"@context\":\"https:\/\/schema.org\",\"@graph\":[{\"@type\":\"WebPage\",\"@id\":\"https:\/\/tonymora.com\/es\/producto\/2051-j-denos-serraje-tabaco-brash\/\",\"url\":\"https:\/\/tonymora.com\/es\/producto\/2051-j-denos-serraje-tabaco-brash\/\",\"name\":\"Botas cowboy serraje tabaco para hombre | Tony Mora\",\"isPartOf\":{\"@id\":\"https:\/\/tonymora.com\/es\/#website\"},\"primaryImageOfPage\":{\"@id\":\"https:\/\/tonymora.com\/es\/producto\/2051-j-denos-serraje-tabaco-brash\/#primaryimage\"},\"image\":{\"@id\":\"https:\/\/tonymora.com\/es\/producto\/2051-j-denos-serraje-tabaco-brash\/#primaryimage\"},\"thumbnailUrl\":\"https:\/\/tonymora.com\/wp-content\/uploads\/2017\/08\/01-2051-j-denos-serraje-tabaco-marron.jpg\",\"datePublished\":\"2017-08-18T17:02:46+00:00\",\"dateModified\":\"2026-04-06T05:33:03+00:00\",\"description\":\"Botas de serraje color tabaco con horma confort. Dise\u00f1o cl\u00e1sico estilo cowboy, perfectos para cualquier ocasi\u00f3n. Calidad artesanal Tony Mora.\",\"breadcrumb\":{\"@id\":\"https:\/\/tonymora.com\/es\/producto\/2051-j-denos-serraje-tabaco-brash\/#breadcrumb\"},\"inLanguage\":\"es\",\"potentialAction\":[{\"@type\":\"ReadAction\",\"target\":[\"https:\/\/tonymora.com\/es\/producto\/2051-j-denos-serraje-tabaco-brash\/\"]}]},{\"@type\":\"ImageObject\",\"inLanguage\":\"es\",\"@id\":\"https:\/\/tonymora.com\/es\/producto\/2051-j-denos-serraje-tabaco-brash\/#primaryimage\",\"url\":\"https:\/\/tonymora.com\/wp-content\/uploads\/2017\/08\/01-2051-j-denos-serraje-tabaco-marron.jpg\",\"contentUrl\":\"https:\/\/tonymora.com\/wp-content\/uploads\/2017\/08\/01-2051-j-denos-serraje-tabaco-marron.jpg\",\"width\":866,\"height\":1032,\"caption\":\"Botas de serraje color tabaco\"},{\"@type\":\"BreadcrumbList\",\"@id\":\"https:\/\/tonymora.com\/es\/producto\/2051-j-denos-serraje-tabaco-brash\/#breadcrumb\",\"itemListElement\":[{\"@type\":\"ListItem\",\"position\":1,\"name\":\"Portada\",\"item\":\"https:\/\/tonymora.com\/es\/\"},{\"@type\":\"ListItem\",\"position\":2,\"name\":\"Tienda\",\"item\":\"https:\/\/tonymora.com\/es\/tienda\/\"},{\"@type\":\"ListItem\",\"position\":3,\"name\":\"Black Friday\",\"item\":\"https:\/\/tonymora.com\/es\/categoria-producto\/black-friday\/\"},{\"@type\":\"ListItem\",\"position\":4,\"name\":\"2051 J DENOS SERRAJE TABACO BRASH\"}]},{\"@type\":\"WebSite\",\"@id\":\"https:\/\/tonymora.com\/es\/#website\",\"url\":\"https:\/\/tonymora.com\/es\/\",\"name\":\"Tony Mora\u00ae Boots Official Store\",\"description\":\"Cowboy Boots\",\"publisher\":{\"@id\":\"https:\/\/tonymora.com\/es\/#organization\"},\"potentialAction\":[{\"@type\":\"SearchAction\",\"target\":{\"@type\":\"EntryPoint\",\"urlTemplate\":\"https:\/\/tonymora.com\/es\/?s={search_term_string}\"},\"query-input\":{\"@type\":\"PropertyValueSpecification\",\"valueRequired\":true,\"valueName\":\"search_term_string\"}}],\"inLanguage\":\"es\"},{\"@type\":\"Organization\",\"@id\":\"https:\/\/tonymora.com\/es\/#organization\",\"name\":\"Tony Mora Boots\",\"url\":\"https:\/\/tonymora.com\/es\/\",\"logo\":{\"@type\":\"ImageObject\",\"inLanguage\":\"es\",\"@id\":\"https:\/\/tonymora.com\/es\/#\/schema\/logo\/image\/\",\"url\":\"https:\/\/tonymora.com\/wp-content\/uploads\/2023\/12\/LOGO.jpg\",\"contentUrl\":\"https:\/\/tonymora.com\/wp-content\/uploads\/2023\/12\/LOGO.jpg\",\"width\":2272,\"height\":1411,\"caption\":\"Tony Mora Boots\"},\"image\":{\"@id\":\"https:\/\/tonymora.com\/es\/#\/schema\/logo\/image\/\"},\"sameAs\":[\"https:\/\/www.facebook.com\/Tonymoraofficial\/\",\"https:\/\/www.instagram.com\/tonymoraofficial\/?hl=es\"]}]}<\/script>\n<!-- \/ Yoast SEO plugin. -->","yoast_head_json":{"title":"Botas cowboy serraje tabaco para hombre | Tony Mora","description":"Botas de serraje color tabaco con horma confort. Dise\u00f1o cl\u00e1sico estilo cowboy, perfectos para cualquier ocasi\u00f3n. Calidad artesanal Tony Mora.","robots":{"index":"index","follow":"follow","max-snippet":"max-snippet:-1","max-image-preview":"max-image-preview:large","max-video-preview":"max-video-preview:-1"},"canonical":"https:\/\/tonymora.com\/es\/producto\/2051-j-denos-serraje-tabaco-brash\/","og_locale":"es_ES","og_type":"article","og_title":"Botas cowboy serraje tabaco para hombre | Tony Mora","og_description":"Botas de serraje color tabaco con horma confort. Dise\u00f1o cl\u00e1sico estilo cowboy, perfectos para cualquier ocasi\u00f3n. Calidad artesanal Tony Mora.","og_url":"https:\/\/tonymora.com\/es\/producto\/2051-j-denos-serraje-tabaco-brash\/","og_site_name":"Tony Mora\u00ae Boots Official Store","article_publisher":"https:\/\/www.facebook.com\/Tonymoraofficial\/","article_modified_time":"2026-04-06T05:33:03+00:00","og_image":[{"width":866,"height":1032,"url":"https:\/\/tonymora.com\/wp-content\/uploads\/2017\/08\/01-2051-j-denos-serraje-tabaco-marron.jpg","type":"image\/jpeg"}],"twitter_card":"summary_large_image","twitter_misc":{"Tiempo de lectura":"1 minuto"},"schema":{"@context":"https:\/\/schema.org","@graph":[{"@type":"WebPage","@id":"https:\/\/tonymora.com\/es\/producto\/2051-j-denos-serraje-tabaco-brash\/","url":"https:\/\/tonymora.com\/es\/producto\/2051-j-denos-serraje-tabaco-brash\/","name":"Botas cowboy serraje tabaco para hombre | Tony Mora","isPartOf":{"@id":"https:\/\/tonymora.com\/es\/#website"},"primaryImageOfPage":{"@id":"https:\/\/tonymora.com\/es\/producto\/2051-j-denos-serraje-tabaco-brash\/#primaryimage"},"image":{"@id":"https:\/\/tonymora.com\/es\/producto\/2051-j-denos-serraje-tabaco-brash\/#primaryimage"},"thumbnailUrl":"https:\/\/tonymora.com\/wp-content\/uploads\/2017\/08\/01-2051-j-denos-serraje-tabaco-marron.jpg","datePublished":"2017-08-18T17:02:46+00:00","dateModified":"2026-04-06T05:33:03+00:00","description":"Botas de serraje color tabaco con horma confort. Dise\u00f1o cl\u00e1sico estilo cowboy, perfectos para cualquier ocasi\u00f3n. Calidad artesanal Tony Mora.","breadcrumb":{"@id":"https:\/\/tonymora.com\/es\/producto\/2051-j-denos-serraje-tabaco-brash\/#breadcrumb"},"inLanguage":"es","potentialAction":[{"@type":"ReadAction","target":["https:\/\/tonymora.com\/es\/producto\/2051-j-denos-serraje-tabaco-brash\/"]}]},{"@type":"ImageObject","inLanguage":"es","@id":"https:\/\/tonymora.com\/es\/producto\/2051-j-denos-serraje-tabaco-brash\/#primaryimage","url":"https:\/\/tonymora.com\/wp-content\/uploads\/2017\/08\/01-2051-j-denos-serraje-tabaco-marron.jpg","contentUrl":"https:\/\/tonymora.com\/wp-content\/uploads\/2017\/08\/01-2051-j-denos-serraje-tabaco-marron.jpg","width":866,"height":1032,"caption":"Botas de serraje color tabaco"},{"@type":"BreadcrumbList","@id":"https:\/\/tonymora.com\/es\/producto\/2051-j-denos-serraje-tabaco-brash\/#breadcrumb","itemListElement":[{"@type":"ListItem","position":1,"name":"Portada","item":"https:\/\/tonymora.com\/es\/"},{"@type":"ListItem","position":2,"name":"Tienda","item":"https:\/\/tonymora.com\/es\/tienda\/"},{"@type":"ListItem","position":3,"name":"Black Friday","item":"https:\/\/tonymora.com\/es\/categoria-producto\/black-friday\/"},{"@type":"ListItem","position":4,"name":"2051 J DENOS SERRAJE TABACO BRASH"}]},{"@type":"WebSite","@id":"https:\/\/tonymora.com\/es\/#website","url":"https:\/\/tonymora.com\/es\/","name":"Tony Mora\u00ae Boots Official Store","description":"Cowboy Boots","publisher":{"@id":"https:\/\/tonymora.com\/es\/#organization"},"potentialAction":[{"@type":"SearchAction","target":{"@type":"EntryPoint","urlTemplate":"https:\/\/tonymora.com\/es\/?s={search_term_string}"},"query-input":{"@type":"PropertyValueSpecification","valueRequired":true,"valueName":"search_term_string"}}],"inLanguage":"es"},{"@type":"Organization","@id":"https:\/\/tonymora.com\/es\/#organization","name":"Tony Mora Boots","url":"https:\/\/tonymora.com\/es\/","logo":{"@type":"ImageObject","inLanguage":"es","@id":"https:\/\/tonymora.com\/es\/#\/schema\/logo\/image\/","url":"https:\/\/tonymora.com\/wp-content\/uploads\/2023\/12\/LOGO.jpg","contentUrl":"https:\/\/tonymora.com\/wp-content\/uploads\/2023\/12\/LOGO.jpg","width":2272,"height":1411,"caption":"Tony Mora Boots"},"image":{"@id":"https:\/\/tonymora.com\/es\/#\/schema\/logo\/image\/"},"sameAs":["https:\/\/www.facebook.com\/Tonymoraofficial\/","https:\/\/www.instagram.com\/tonymoraofficial\/?hl=es"]}]}},"_links":{"self":[{"href":"https:\/\/tonymora.com\/es\/wp-json\/wp\/v2\/product\/2343","targetHints":{"allow":["GET"]}}],"collection":[{"href":"https:\/\/tonymora.com\/es\/wp-json\/wp\/v2\/product"}],"about":[{"href":"https:\/\/tonymora.com\/es\/wp-json\/wp\/v2\/types\/product"}],"wp:featuredmedia":[{"embeddable":true,"href":"https:\/\/tonymora.com\/es\/wp-json\/wp\/v2\/media\/700421"}],"wp:attachment":[{"href":"https:\/\/tonymora.com\/es\/wp-json\/wp\/v2\/media?parent=2343"}],"wp:term":[{"taxonomy":"product_brand","embeddable":true,"href":"https:\/\/tonymora.com\/es\/wp-json\/wp\/v2\/product_brand?post=2343"},{"taxonomy":"product_cat","embeddable":true,"href":"https:\/\/tonymora.com\/es\/wp-json\/wp\/v2\/product_cat?post=2343"},{"taxonomy":"product_tag","embeddable":true,"href":"https:\/\/tonymora.com\/es\/wp-json\/wp\/v2\/product_tag?post=2343"}],"curies":[{"name":"wp","href":"https:\/\/api.w.org\/{rel}","templated":true}]}}