{"id":28019,"date":"2019-07-19T16:34:25","date_gmt":"2019-07-19T14:34:25","guid":{"rendered":"https:\/\/tonymora.com\/?post_type=product&#038;p=28019"},"modified":"2026-05-01T12:59:24","modified_gmt":"2026-05-01T10:59:24","slug":"3389-nm-paseo-club-negro","status":"publish","type":"product","link":"https:\/\/tonymora.com\/es\/producto\/3389-nm-paseo-club-negro\/","title":{"rendered":"3389 NM PASEO CLUB NEGRO"},"content":{"rendered":"<p class=\"p1\" style=\"text-align: left;\">Dicen que los cl\u00e1sicos no pasan de moda y es verdad, ya que este modelo contin\u00faa siendo un compa\u00f1ero importante para nuestros clientes m\u00e1s nuevos y para los de gran experiencia en la familia Tony Mora. Hechos con una piel totalmente negra y de suave brillo son perfectas para lucirlas en una salida o en una entrevista. Un color que podr\u00e1s llevarlo con todo como tu prefieras.<\/p>\n","protected":false},"excerpt":{"rendered":"<p>Car\u00e1cter y refinamiento en equilibrio perfecto.<br \/>\nUna forma de vestir la autenticidad con elegancia.<\/p>\n","protected":false},"featured_media":714298,"template":"","meta":{"_mbp_gutenberg_autopost":false},"product_brand":[771,773,775,777,779,781,783,785],"product_cat":[1172,116,108],"product_tag":[],"class_list":{"0":"post-28019","1":"product","2":"type-product","3":"status-publish","4":"has-post-thumbnail","6":"product_brand-talla-hombre-40","7":"product_brand-talla-hombre-41","8":"product_brand-talla-hombre-42","9":"product_brand-talla-hombre-43","10":"product_brand-talla-hombre-44","11":"product_brand-talla-hombre-45","12":"product_brand-talla-hombre-46","13":"product_brand-talla-hombre-47","14":"product_cat-black-friday","15":"product_cat-botas-casual-hombre","16":"product_cat-hombre","18":"first","19":"instock","20":"taxable","21":"shipping-taxable","22":"purchasable","23":"product-type-variable"},"_links":{"self":[{"href":"https:\/\/tonymora.com\/es\/wp-json\/wp\/v2\/product\/28019","targetHints":{"allow":["GET"]}}],"collection":[{"href":"https:\/\/tonymora.com\/es\/wp-json\/wp\/v2\/product"}],"about":[{"href":"https:\/\/tonymora.com\/es\/wp-json\/wp\/v2\/types\/product"}],"wp:featuredmedia":[{"embeddable":true,"href":"https:\/\/tonymora.com\/es\/wp-json\/wp\/v2\/media\/714298"}],"wp:attachment":[{"href":"https:\/\/tonymora.com\/es\/wp-json\/wp\/v2\/media?parent=28019"}],"wp:term":[{"taxonomy":"product_brand","embeddable":true,"href":"https:\/\/tonymora.com\/es\/wp-json\/wp\/v2\/product_brand?post=28019"},{"taxonomy":"product_cat","embeddable":true,"href":"https:\/\/tonymora.com\/es\/wp-json\/wp\/v2\/product_cat?post=28019"},{"taxonomy":"product_tag","embeddable":true,"href":"https:\/\/tonymora.com\/es\/wp-json\/wp\/v2\/product_tag?post=28019"}],"curies":[{"name":"wp","href":"https:\/\/api.w.org\/{rel}","templated":true}]}}