{"id":28802,"date":"2019-07-24T15:38:16","date_gmt":"2019-07-24T13:38:16","guid":{"rendered":"https:\/\/tonymora.com\/?post_type=product&#038;p=28802"},"modified":"2026-05-12T11:40:38","modified_gmt":"2026-05-12T09:40:38","slug":"3389-nm-paseo-aranjuez-brasil","status":"publish","type":"product","link":"https:\/\/tonymora.com\/es\/producto\/3389-nm-paseo-aranjuez-brasil\/","title":{"rendered":"3389 NM PASEO ARANJUEZ BRASIL"},"content":{"rendered":"<h3><b>Botas Cowboy para Hombre en Piel Marr\u00f3n \u2013 Tony Mora<\/b><\/h3>\n<p>Trabajamos calidad y en cada bota ponemos el sello de la garant\u00eda Tony Mora, ofreciendo con este modelo un aut\u00e9ntico cl\u00e1sico del estilo cowboy. Estas <b>botas de piel para hombre<\/b> destacan por su horma confort, dise\u00f1ada para ser perfecta y permitirte usarlas donde quieras y cuanto quieras, sin sacrificar comodidad.<\/p>\n<p>Su versatilidad las convierte en la elecci\u00f3n ideal para cualquier ocasi\u00f3n: \u00fasalas para una entrevista, una cena elegante o una salida informal con amigos. Este es un modelo que no pasar\u00e1 de moda; un <b>cl\u00e1sico necesario<\/b> que te acompa\u00f1ar\u00e1 siempre, transmitiendo car\u00e1cter y una personalidad marcada desde el primer paso.<\/p>\n","protected":false},"excerpt":{"rendered":"<p>Un dise\u00f1o que transmite car\u00e1cter desde el primer paso. Inspiraci\u00f3n aut\u00e9ntica y personalidad marcada.<br \/>\nPara llevarla hoy, ma\u00f1ana y dentro de a\u00f1os, con la misma fuerza.<\/p>\n","protected":false},"featured_media":659404,"template":"","meta":{"_mbp_gutenberg_autopost":false},"product_brand":[771,773,775,777,779,781,783,785],"product_cat":[116,110,1129,108,1124],"product_tag":[],"class_list":{"0":"post-28802","1":"product","2":"type-product","3":"status-publish","4":"has-post-thumbnail","6":"product_brand-talla-hombre-40","7":"product_brand-talla-hombre-41","8":"product_brand-talla-hombre-42","9":"product_brand-talla-hombre-43","10":"product_brand-talla-hombre-44","11":"product_brand-talla-hombre-45","12":"product_brand-talla-hombre-46","13":"product_brand-talla-hombre-47","14":"product_cat-botas-casual-hombre","15":"product_cat-botas-cowboy-hombre","16":"product_cat-botas-de-piel-hombre","17":"product_cat-hombre","18":"product_cat-rebajas-hombre","20":"first","21":"instock","22":"taxable","23":"shipping-taxable","24":"purchasable","25":"product-type-variable"},"_links":{"self":[{"href":"https:\/\/tonymora.com\/es\/wp-json\/wp\/v2\/product\/28802","targetHints":{"allow":["GET"]}}],"collection":[{"href":"https:\/\/tonymora.com\/es\/wp-json\/wp\/v2\/product"}],"about":[{"href":"https:\/\/tonymora.com\/es\/wp-json\/wp\/v2\/types\/product"}],"wp:featuredmedia":[{"embeddable":true,"href":"https:\/\/tonymora.com\/es\/wp-json\/wp\/v2\/media\/659404"}],"wp:attachment":[{"href":"https:\/\/tonymora.com\/es\/wp-json\/wp\/v2\/media?parent=28802"}],"wp:term":[{"taxonomy":"product_brand","embeddable":true,"href":"https:\/\/tonymora.com\/es\/wp-json\/wp\/v2\/product_brand?post=28802"},{"taxonomy":"product_cat","embeddable":true,"href":"https:\/\/tonymora.com\/es\/wp-json\/wp\/v2\/product_cat?post=28802"},{"taxonomy":"product_tag","embeddable":true,"href":"https:\/\/tonymora.com\/es\/wp-json\/wp\/v2\/product_tag?post=28802"}],"curies":[{"name":"wp","href":"https:\/\/api.w.org\/{rel}","templated":true}]}}