{"id":28827,"date":"2019-07-24T15:44:58","date_gmt":"2019-07-24T13:44:58","guid":{"rendered":"https:\/\/tonymora.com\/?post_type=product&#038;p=28827"},"modified":"2025-04-29T07:32:46","modified_gmt":"2025-04-29T05:32:46","slug":"1766-mon-mon-serraje-brash-kaki","status":"publish","type":"product","link":"https:\/\/tonymora.com\/es\/producto\/1766-mon-mon-serraje-brash-kaki\/","title":{"rendered":"1766 MON MON SERRAJE BRASH KAKI"},"content":{"rendered":"<p style=\"text-align: left;\">Este modelo lleva un especial trabajo en grabado de las ca\u00f1as, con una t\u00e9cnica artesanal de \u00abrepujado\u00bb de la piel, creamos dise\u00f1os \u00fanicos dando contraste a las botas. Grabados exclusivos y elegantes que te dar\u00e1n ese toque \u00fanico y distintivo ya conocido de nuestra marca Tony Mora.<\/p>\n","protected":false},"excerpt":{"rendered":"<p>Distinci\u00f3n natural en una silueta que no pasa desapercibida. Una silueta protagonista que acompa\u00f1a con seguridad.<br \/>\nUna forma de vestir la autenticidad con elegancia.<\/p>\n","protected":false},"featured_media":659422,"template":"","meta":{"_mbp_gutenberg_autopost":false},"product_brand":[771,773,775,777,779,781,783,785],"product_cat":[117,110,108],"product_tag":[],"class_list":{"0":"post-28827","1":"product","2":"type-product","3":"status-publish","4":"has-post-thumbnail","6":"product_brand-talla-hombre-40","7":"product_brand-talla-hombre-41","8":"product_brand-talla-hombre-42","9":"product_brand-talla-hombre-43","10":"product_brand-talla-hombre-44","11":"product_brand-talla-hombre-45","12":"product_brand-talla-hombre-46","13":"product_brand-talla-hombre-47","14":"product_cat-botas-baile-en-linea-hombre","15":"product_cat-botas-cowboy-hombre","16":"product_cat-hombre","18":"first","19":"outofstock","20":"taxable","21":"shipping-taxable","22":"product-type-variable"},"supplier_id":null,"supplier_sku":"","barcode":null,"atum_controlled":true,"out_stock_date":null,"out_stock_threshold":null,"inheritable":true,"inbound_stock":null,"stock_on_hold":1,"sold_today":0,"sales_last_days":0,"reserved_stock":null,"customer_returns":null,"warehouse_damage":null,"lost_in_post":null,"other_logs":null,"out_stock_days":0,"lost_sales":0,"has_location":false,"update_date":"2025-08-01T05:13:53","atum_locations":[],"atum_stock_status":"outofstock","restock_status":false,"low_stock_amount":"","sales_update_date":"2024-06-24T09:29:13","calc_backorders":null,"yoast_head":"<!-- This site is optimized with the Yoast SEO plugin v27.4 - https:\/\/yoast.com\/product\/yoast-seo-wordpress\/ -->\n<title>1766 MON MON SERRAJE BRASH KAKI - Colecci\u00f3n Casual - Tony Mora\u00ae Boots Official Store<\/title>\n<meta name=\"description\" content=\"Grabados exclusivos y elegantes que te dar\u00e1n ese toque \u00fanico y distintivo ya conocido de nuestra marca Tony Mora.\" \/>\n<meta name=\"robots\" content=\"index, follow, max-snippet:-1, max-image-preview:large, max-video-preview:-1\" \/>\n<link rel=\"canonical\" href=\"https:\/\/tonymora.com\/es\/producto\/1766-mon-mon-serraje-brash-kaki\/\" \/>\n<meta property=\"og:locale\" content=\"es_ES\" \/>\n<meta property=\"og:type\" content=\"article\" \/>\n<meta property=\"og:title\" content=\"1766 MON MON SERRAJE BRASH KAKI - Colecci\u00f3n Casual - Tony Mora\u00ae Boots Official Store\" \/>\n<meta property=\"og:description\" content=\"Grabados exclusivos y elegantes que te dar\u00e1n ese toque \u00fanico y distintivo ya conocido de nuestra marca Tony Mora.\" \/>\n<meta property=\"og:url\" content=\"https:\/\/tonymora.com\/es\/producto\/1766-mon-mon-serraje-brash-kaki\/\" \/>\n<meta property=\"og:site_name\" content=\"Tony Mora\u00ae Boots Official Store\" \/>\n<meta property=\"article:publisher\" content=\"https:\/\/www.facebook.com\/Tonymoraofficial\/\" \/>\n<meta property=\"article:modified_time\" content=\"2025-04-29T05:32:46+00:00\" \/>\n<meta property=\"og:image\" content=\"https:\/\/tonymora.com\/wp-content\/uploads\/2020\/05\/14_2.jpg\" \/>\n\t<meta property=\"og:image:width\" content=\"897\" \/>\n\t<meta property=\"og:image:height\" content=\"1069\" \/>\n\t<meta property=\"og:image:type\" content=\"image\/jpeg\" \/>\n<meta name=\"twitter:card\" content=\"summary_large_image\" \/>\n<script type=\"application\/ld+json\" class=\"yoast-schema-graph\">{\"@context\":\"https:\\\/\\\/schema.org\",\"@graph\":[{\"@type\":\"WebPage\",\"@id\":\"https:\\\/\\\/tonymora.com\\\/es\\\/producto\\\/1766-mon-mon-serraje-brash-kaki\\\/\",\"url\":\"https:\\\/\\\/tonymora.com\\\/es\\\/producto\\\/1766-mon-mon-serraje-brash-kaki\\\/\",\"name\":\"1766 MON MON SERRAJE BRASH KAKI - Colecci\u00f3n Casual - Tony Mora\u00ae Boots Official Store\",\"isPartOf\":{\"@id\":\"https:\\\/\\\/tonymora.com\\\/es\\\/#website\"},\"primaryImageOfPage\":{\"@id\":\"https:\\\/\\\/tonymora.com\\\/es\\\/producto\\\/1766-mon-mon-serraje-brash-kaki\\\/#primaryimage\"},\"image\":{\"@id\":\"https:\\\/\\\/tonymora.com\\\/es\\\/producto\\\/1766-mon-mon-serraje-brash-kaki\\\/#primaryimage\"},\"thumbnailUrl\":\"https:\\\/\\\/tonymora.com\\\/wp-content\\\/uploads\\\/2020\\\/05\\\/14_2.jpg\",\"datePublished\":\"2019-07-24T13:44:58+00:00\",\"dateModified\":\"2025-04-29T05:32:46+00:00\",\"description\":\"Grabados exclusivos y elegantes que te dar\u00e1n ese toque \u00fanico y distintivo ya conocido de nuestra marca Tony Mora.\",\"breadcrumb\":{\"@id\":\"https:\\\/\\\/tonymora.com\\\/es\\\/producto\\\/1766-mon-mon-serraje-brash-kaki\\\/#breadcrumb\"},\"inLanguage\":\"es\",\"potentialAction\":[{\"@type\":\"ReadAction\",\"target\":[\"https:\\\/\\\/tonymora.com\\\/es\\\/producto\\\/1766-mon-mon-serraje-brash-kaki\\\/\"]}]},{\"@type\":\"ImageObject\",\"inLanguage\":\"es\",\"@id\":\"https:\\\/\\\/tonymora.com\\\/es\\\/producto\\\/1766-mon-mon-serraje-brash-kaki\\\/#primaryimage\",\"url\":\"https:\\\/\\\/tonymora.com\\\/wp-content\\\/uploads\\\/2020\\\/05\\\/14_2.jpg\",\"contentUrl\":\"https:\\\/\\\/tonymora.com\\\/wp-content\\\/uploads\\\/2020\\\/05\\\/14_2.jpg\",\"width\":897,\"height\":1069},{\"@type\":\"BreadcrumbList\",\"@id\":\"https:\\\/\\\/tonymora.com\\\/es\\\/producto\\\/1766-mon-mon-serraje-brash-kaki\\\/#breadcrumb\",\"itemListElement\":[{\"@type\":\"ListItem\",\"position\":1,\"name\":\"Portada\",\"item\":\"https:\\\/\\\/tonymora.com\\\/es\\\/\"},{\"@type\":\"ListItem\",\"position\":2,\"name\":\"Tienda\",\"item\":\"https:\\\/\\\/tonymora.com\\\/es\\\/tienda\\\/\"},{\"@type\":\"ListItem\",\"position\":3,\"name\":\"Hombre\",\"item\":\"https:\\\/\\\/tonymora.com\\\/es\\\/categoria-producto\\\/hombre\\\/\"},{\"@type\":\"ListItem\",\"position\":4,\"name\":\"Botas Cowboy Hombre\",\"item\":\"https:\\\/\\\/tonymora.com\\\/es\\\/categoria-producto\\\/hombre\\\/botas-cowboy-hombre\\\/\"},{\"@type\":\"ListItem\",\"position\":5,\"name\":\"1766 MON MON SERRAJE BRASH KAKI\"}]},{\"@type\":\"WebSite\",\"@id\":\"https:\\\/\\\/tonymora.com\\\/es\\\/#website\",\"url\":\"https:\\\/\\\/tonymora.com\\\/es\\\/\",\"name\":\"Tony Mora\u00ae Boots Official Store\",\"description\":\"Cowboy Boots\",\"publisher\":{\"@id\":\"https:\\\/\\\/tonymora.com\\\/es\\\/#organization\"},\"potentialAction\":[{\"@type\":\"SearchAction\",\"target\":{\"@type\":\"EntryPoint\",\"urlTemplate\":\"https:\\\/\\\/tonymora.com\\\/es\\\/?s={search_term_string}\"},\"query-input\":{\"@type\":\"PropertyValueSpecification\",\"valueRequired\":true,\"valueName\":\"search_term_string\"}}],\"inLanguage\":\"es\"},{\"@type\":\"Organization\",\"@id\":\"https:\\\/\\\/tonymora.com\\\/es\\\/#organization\",\"name\":\"Tony Mora Boots\",\"url\":\"https:\\\/\\\/tonymora.com\\\/es\\\/\",\"logo\":{\"@type\":\"ImageObject\",\"inLanguage\":\"es\",\"@id\":\"https:\\\/\\\/tonymora.com\\\/es\\\/#\\\/schema\\\/logo\\\/image\\\/\",\"url\":\"https:\\\/\\\/tonymora.com\\\/wp-content\\\/uploads\\\/2023\\\/12\\\/LOGO.jpg\",\"contentUrl\":\"https:\\\/\\\/tonymora.com\\\/wp-content\\\/uploads\\\/2023\\\/12\\\/LOGO.jpg\",\"width\":2272,\"height\":1411,\"caption\":\"Tony Mora Boots\"},\"image\":{\"@id\":\"https:\\\/\\\/tonymora.com\\\/es\\\/#\\\/schema\\\/logo\\\/image\\\/\"},\"sameAs\":[\"https:\\\/\\\/www.facebook.com\\\/Tonymoraofficial\\\/\",\"https:\\\/\\\/www.instagram.com\\\/tonymoraofficial\\\/?hl=es\"]}]}<\/script>\n<!-- \/ Yoast SEO plugin. -->","yoast_head_json":{"title":"1766 MON MON SERRAJE BRASH KAKI - Colecci\u00f3n Casual - Tony Mora\u00ae Boots Official Store","description":"Grabados exclusivos y elegantes que te dar\u00e1n ese toque \u00fanico y distintivo ya conocido de nuestra marca Tony Mora.","robots":{"index":"index","follow":"follow","max-snippet":"max-snippet:-1","max-image-preview":"max-image-preview:large","max-video-preview":"max-video-preview:-1"},"canonical":"https:\/\/tonymora.com\/es\/producto\/1766-mon-mon-serraje-brash-kaki\/","og_locale":"es_ES","og_type":"article","og_title":"1766 MON MON SERRAJE BRASH KAKI - Colecci\u00f3n Casual - Tony Mora\u00ae Boots Official Store","og_description":"Grabados exclusivos y elegantes que te dar\u00e1n ese toque \u00fanico y distintivo ya conocido de nuestra marca Tony Mora.","og_url":"https:\/\/tonymora.com\/es\/producto\/1766-mon-mon-serraje-brash-kaki\/","og_site_name":"Tony Mora\u00ae Boots Official Store","article_publisher":"https:\/\/www.facebook.com\/Tonymoraofficial\/","article_modified_time":"2025-04-29T05:32:46+00:00","og_image":[{"width":897,"height":1069,"url":"https:\/\/tonymora.com\/wp-content\/uploads\/2020\/05\/14_2.jpg","type":"image\/jpeg"}],"twitter_card":"summary_large_image","schema":{"@context":"https:\/\/schema.org","@graph":[{"@type":"WebPage","@id":"https:\/\/tonymora.com\/es\/producto\/1766-mon-mon-serraje-brash-kaki\/","url":"https:\/\/tonymora.com\/es\/producto\/1766-mon-mon-serraje-brash-kaki\/","name":"1766 MON MON SERRAJE BRASH KAKI - Colecci\u00f3n Casual - Tony Mora\u00ae Boots Official Store","isPartOf":{"@id":"https:\/\/tonymora.com\/es\/#website"},"primaryImageOfPage":{"@id":"https:\/\/tonymora.com\/es\/producto\/1766-mon-mon-serraje-brash-kaki\/#primaryimage"},"image":{"@id":"https:\/\/tonymora.com\/es\/producto\/1766-mon-mon-serraje-brash-kaki\/#primaryimage"},"thumbnailUrl":"https:\/\/tonymora.com\/wp-content\/uploads\/2020\/05\/14_2.jpg","datePublished":"2019-07-24T13:44:58+00:00","dateModified":"2025-04-29T05:32:46+00:00","description":"Grabados exclusivos y elegantes que te dar\u00e1n ese toque \u00fanico y distintivo ya conocido de nuestra marca Tony Mora.","breadcrumb":{"@id":"https:\/\/tonymora.com\/es\/producto\/1766-mon-mon-serraje-brash-kaki\/#breadcrumb"},"inLanguage":"es","potentialAction":[{"@type":"ReadAction","target":["https:\/\/tonymora.com\/es\/producto\/1766-mon-mon-serraje-brash-kaki\/"]}]},{"@type":"ImageObject","inLanguage":"es","@id":"https:\/\/tonymora.com\/es\/producto\/1766-mon-mon-serraje-brash-kaki\/#primaryimage","url":"https:\/\/tonymora.com\/wp-content\/uploads\/2020\/05\/14_2.jpg","contentUrl":"https:\/\/tonymora.com\/wp-content\/uploads\/2020\/05\/14_2.jpg","width":897,"height":1069},{"@type":"BreadcrumbList","@id":"https:\/\/tonymora.com\/es\/producto\/1766-mon-mon-serraje-brash-kaki\/#breadcrumb","itemListElement":[{"@type":"ListItem","position":1,"name":"Portada","item":"https:\/\/tonymora.com\/es\/"},{"@type":"ListItem","position":2,"name":"Tienda","item":"https:\/\/tonymora.com\/es\/tienda\/"},{"@type":"ListItem","position":3,"name":"Hombre","item":"https:\/\/tonymora.com\/es\/categoria-producto\/hombre\/"},{"@type":"ListItem","position":4,"name":"Botas Cowboy Hombre","item":"https:\/\/tonymora.com\/es\/categoria-producto\/hombre\/botas-cowboy-hombre\/"},{"@type":"ListItem","position":5,"name":"1766 MON MON SERRAJE BRASH KAKI"}]},{"@type":"WebSite","@id":"https:\/\/tonymora.com\/es\/#website","url":"https:\/\/tonymora.com\/es\/","name":"Tony Mora\u00ae Boots Official Store","description":"Cowboy Boots","publisher":{"@id":"https:\/\/tonymora.com\/es\/#organization"},"potentialAction":[{"@type":"SearchAction","target":{"@type":"EntryPoint","urlTemplate":"https:\/\/tonymora.com\/es\/?s={search_term_string}"},"query-input":{"@type":"PropertyValueSpecification","valueRequired":true,"valueName":"search_term_string"}}],"inLanguage":"es"},{"@type":"Organization","@id":"https:\/\/tonymora.com\/es\/#organization","name":"Tony Mora Boots","url":"https:\/\/tonymora.com\/es\/","logo":{"@type":"ImageObject","inLanguage":"es","@id":"https:\/\/tonymora.com\/es\/#\/schema\/logo\/image\/","url":"https:\/\/tonymora.com\/wp-content\/uploads\/2023\/12\/LOGO.jpg","contentUrl":"https:\/\/tonymora.com\/wp-content\/uploads\/2023\/12\/LOGO.jpg","width":2272,"height":1411,"caption":"Tony Mora Boots"},"image":{"@id":"https:\/\/tonymora.com\/es\/#\/schema\/logo\/image\/"},"sameAs":["https:\/\/www.facebook.com\/Tonymoraofficial\/","https:\/\/www.instagram.com\/tonymoraofficial\/?hl=es"]}]}},"_links":{"self":[{"href":"https:\/\/tonymora.com\/es\/wp-json\/wp\/v2\/product\/28827","targetHints":{"allow":["GET"]}}],"collection":[{"href":"https:\/\/tonymora.com\/es\/wp-json\/wp\/v2\/product"}],"about":[{"href":"https:\/\/tonymora.com\/es\/wp-json\/wp\/v2\/types\/product"}],"wp:featuredmedia":[{"embeddable":true,"href":"https:\/\/tonymora.com\/es\/wp-json\/wp\/v2\/media\/659422"}],"wp:attachment":[{"href":"https:\/\/tonymora.com\/es\/wp-json\/wp\/v2\/media?parent=28827"}],"wp:term":[{"taxonomy":"product_brand","embeddable":true,"href":"https:\/\/tonymora.com\/es\/wp-json\/wp\/v2\/product_brand?post=28827"},{"taxonomy":"product_cat","embeddable":true,"href":"https:\/\/tonymora.com\/es\/wp-json\/wp\/v2\/product_cat?post=28827"},{"taxonomy":"product_tag","embeddable":true,"href":"https:\/\/tonymora.com\/es\/wp-json\/wp\/v2\/product_tag?post=28827"}],"curies":[{"name":"wp","href":"https:\/\/api.w.org\/{rel}","templated":true}]}}