{"id":28968,"date":"2019-07-25T09:40:50","date_gmt":"2019-07-25T07:40:50","guid":{"rendered":"https:\/\/tonymora.com\/?post_type=product&#038;p=28968"},"modified":"2026-05-01T19:37:37","modified_gmt":"2026-05-01T17:37:37","slug":"621-j-denos-python-marron-bc","status":"publish","type":"product","link":"https:\/\/tonymora.com\/es\/producto\/621-j-denos-python-marron-bc\/","title":{"rendered":"621 J DENOS PYTHON MARRON BC"},"content":{"rendered":"<p class=\"p1\" style=\"text-align: left;\">Botines hechos a mano con el sistema \u00abGoodyear welted\u00bb y en piel exterior 100% ex\u00f3tica, cuidadosamente cortada a mano por nuestros artesanos, la parte interior es de piel de ternera la cual le da una textura suave y f\u00e1cil de adaptar a nuestros pies. Una belleza ex\u00f3tica, lujosa, distintiva y \u00fanica\u2026 te lo garantiza la experiencia de Tony Mora.<\/p>\n","protected":false},"excerpt":{"rendered":"<p>Distinci\u00f3n natural en una silueta que no pasa desapercibida. Perfecto para looks urbanos con car\u00e1cter.<br \/>\nUna pieza que refuerza tu identidad y suma distinci\u00f3n sin esfuerzo.<\/p>\n","protected":false},"featured_media":659440,"template":"","meta":{"_mbp_gutenberg_autopost":false},"product_brand":[771,773,775,777,779,781,783,785],"product_cat":[1128,134,118,108,1124],"product_tag":[],"class_list":{"0":"post-28968","1":"product","2":"type-product","3":"status-publish","4":"has-post-thumbnail","6":"product_brand-talla-hombre-40","7":"product_brand-talla-hombre-41","8":"product_brand-talla-hombre-42","9":"product_brand-talla-hombre-43","10":"product_brand-talla-hombre-44","11":"product_brand-talla-hombre-45","12":"product_brand-talla-hombre-46","13":"product_brand-talla-hombre-47","14":"product_cat-botas-de-piton-hombre","15":"product_cat-botas-exoticas-hombre","16":"product_cat-botines-hombre","17":"product_cat-hombre","18":"product_cat-rebajas-hombre","20":"first","21":"outofstock","22":"taxable","23":"shipping-taxable","24":"purchasable","25":"product-type-variable"},"_links":{"self":[{"href":"https:\/\/tonymora.com\/es\/wp-json\/wp\/v2\/product\/28968","targetHints":{"allow":["GET"]}}],"collection":[{"href":"https:\/\/tonymora.com\/es\/wp-json\/wp\/v2\/product"}],"about":[{"href":"https:\/\/tonymora.com\/es\/wp-json\/wp\/v2\/types\/product"}],"wp:featuredmedia":[{"embeddable":true,"href":"https:\/\/tonymora.com\/es\/wp-json\/wp\/v2\/media\/659440"}],"wp:attachment":[{"href":"https:\/\/tonymora.com\/es\/wp-json\/wp\/v2\/media?parent=28968"}],"wp:term":[{"taxonomy":"product_brand","embeddable":true,"href":"https:\/\/tonymora.com\/es\/wp-json\/wp\/v2\/product_brand?post=28968"},{"taxonomy":"product_cat","embeddable":true,"href":"https:\/\/tonymora.com\/es\/wp-json\/wp\/v2\/product_cat?post=28968"},{"taxonomy":"product_tag","embeddable":true,"href":"https:\/\/tonymora.com\/es\/wp-json\/wp\/v2\/product_tag?post=28968"}],"curies":[{"name":"wp","href":"https:\/\/api.w.org\/{rel}","templated":true}]}}