{"id":29188,"date":"2019-07-25T11:27:45","date_gmt":"2019-07-25T09:27:45","guid":{"rendered":"https:\/\/tonymora.com\/?post_type=product&#038;p=29188"},"modified":"2026-04-07T07:32:44","modified_gmt":"2026-04-07T05:32:44","slug":"621-tx-sv-serraje-brash-tabaco","status":"publish","type":"product","link":"https:\/\/tonymora.com\/es\/producto\/621-tx-sv-serraje-brash-tabaco\/","title":{"rendered":"621 TX SV SERRAJE BRASH TABACO"},"content":{"rendered":"<p class=\"p1\" style=\"text-align: left;\">Cuando pensamos en unos botines c\u00f3modos desde el primer momento nos viene este modelo a la mente. Su horma en forma cuadrada le da amplitud al bot\u00edn, su tac\u00f3n bajo es perfecto para ir con ellos a cada momento. Hemos elegido para este modelo una piel de serraje en tono tabaco, haci\u00e9ndolas muy f\u00e1ciles de llevar por su color combinable y poder disfrutar con ellas en cada paso por la suavidad del serraje.<\/p>\n","protected":false},"excerpt":{"rendered":"<p>Elegancia atemporal con una actitud inconfundible. Un toque de altura que aporta seguridad y elegancia.<br \/>\nPara llevarla hoy, ma\u00f1ana y dentro de a\u00f1os, con la misma fuerza.<\/p>\n","protected":false},"featured_media":714394,"template":"","meta":{"_mbp_gutenberg_autopost":false},"product_brand":[771,773,775,777,779,781,783,785],"product_cat":[1172,109,116,1129,118,108,1124],"product_tag":[],"class_list":{"0":"post-29188","1":"product","2":"type-product","3":"status-publish","4":"has-post-thumbnail","6":"product_brand-talla-hombre-40","7":"product_brand-talla-hombre-41","8":"product_brand-talla-hombre-42","9":"product_brand-talla-hombre-43","10":"product_brand-talla-hombre-44","11":"product_brand-talla-hombre-45","12":"product_brand-talla-hombre-46","13":"product_brand-talla-hombre-47","14":"product_cat-black-friday","15":"product_cat-botas-biker-hombre","16":"product_cat-botas-casual-hombre","17":"product_cat-botas-de-piel-hombre","18":"product_cat-botines-hombre","19":"product_cat-hombre","20":"product_cat-rebajas-hombre","22":"first","23":"instock","24":"taxable","25":"shipping-taxable","26":"purchasable","27":"product-type-variable"},"supplier_id":null,"supplier_sku":"","barcode":null,"atum_controlled":true,"out_stock_date":null,"out_stock_threshold":null,"inheritable":true,"inbound_stock":null,"stock_on_hold":10,"sold_today":1,"sales_last_days":1,"reserved_stock":null,"customer_returns":null,"warehouse_damage":null,"lost_in_post":null,"other_logs":null,"out_stock_days":0,"lost_sales":0,"has_location":false,"update_date":"2026-03-26T11:41:09","atum_locations":[],"atum_stock_status":"instock","restock_status":false,"low_stock_amount":"","sales_update_date":"2026-03-12T13:44:11","calc_backorders":null,"yoast_head":"<!-- This site is optimized with the Yoast SEO plugin v27.2 - https:\/\/yoast.com\/product\/yoast-seo-wordpress\/ -->\n<title>Botines Cowboy Hombre en Piel Marr\u00f3n \u2013 Estilo y Comodidad<\/title>\n<meta name=\"description\" content=\"Botines cowboy de piel marr\u00f3n para hombre. Dise\u00f1o r\u00fastico, punta cuadrada y confort duradero, realizado con piel 100% natural y de la mayor calidad.\" \/>\n<meta name=\"robots\" content=\"index, follow, max-snippet:-1, max-image-preview:large, max-video-preview:-1\" \/>\n<link rel=\"canonical\" href=\"https:\/\/tonymora.com\/es\/producto\/621-tx-sv-serraje-brash-tabaco\/\" \/>\n<meta property=\"og:locale\" content=\"es_ES\" \/>\n<meta property=\"og:type\" content=\"article\" \/>\n<meta property=\"og:title\" content=\"Botines Cowboy Hombre en Piel Marr\u00f3n \u2013 Estilo y Comodidad\" \/>\n<meta property=\"og:description\" content=\"Botines cowboy de piel marr\u00f3n para hombre. Dise\u00f1o r\u00fastico, punta cuadrada y confort duradero, realizado con piel 100% natural y de la mayor calidad.\" \/>\n<meta property=\"og:url\" content=\"https:\/\/tonymora.com\/es\/producto\/621-tx-sv-serraje-brash-tabaco\/\" \/>\n<meta property=\"og:site_name\" content=\"Tony Mora\u00ae Boots Official Store\" \/>\n<meta property=\"article:publisher\" content=\"https:\/\/www.facebook.com\/Tonymoraofficial\/\" \/>\n<meta property=\"article:modified_time\" content=\"2026-04-07T05:32:44+00:00\" \/>\n<meta property=\"og:image\" content=\"https:\/\/tonymora.com\/wp-content\/uploads\/2019\/07\/38.jpg\" \/>\n\t<meta property=\"og:image:width\" content=\"866\" \/>\n\t<meta property=\"og:image:height\" content=\"1032\" \/>\n\t<meta property=\"og:image:type\" content=\"image\/jpeg\" \/>\n<meta name=\"twitter:card\" content=\"summary_large_image\" \/>\n<meta name=\"twitter:label1\" content=\"Tiempo de lectura\" \/>\n\t<meta name=\"twitter:data1\" content=\"1 minuto\" \/>\n<script type=\"application\/ld+json\" class=\"yoast-schema-graph\">{\"@context\":\"https:\/\/schema.org\",\"@graph\":[{\"@type\":\"WebPage\",\"@id\":\"https:\/\/tonymora.com\/es\/producto\/621-tx-sv-serraje-brash-tabaco\/\",\"url\":\"https:\/\/tonymora.com\/es\/producto\/621-tx-sv-serraje-brash-tabaco\/\",\"name\":\"Botines Cowboy Hombre en Piel Marr\u00f3n \u2013 Estilo y Comodidad\",\"isPartOf\":{\"@id\":\"https:\/\/tonymora.com\/es\/#website\"},\"primaryImageOfPage\":{\"@id\":\"https:\/\/tonymora.com\/es\/producto\/621-tx-sv-serraje-brash-tabaco\/#primaryimage\"},\"image\":{\"@id\":\"https:\/\/tonymora.com\/es\/producto\/621-tx-sv-serraje-brash-tabaco\/#primaryimage\"},\"thumbnailUrl\":\"https:\/\/tonymora.com\/wp-content\/uploads\/2019\/07\/38.jpg\",\"datePublished\":\"2019-07-25T09:27:45+00:00\",\"dateModified\":\"2026-04-07T05:32:44+00:00\",\"description\":\"Botines cowboy de piel marr\u00f3n para hombre. Dise\u00f1o r\u00fastico, punta cuadrada y confort duradero, realizado con piel 100% natural y de la mayor calidad.\",\"breadcrumb\":{\"@id\":\"https:\/\/tonymora.com\/es\/producto\/621-tx-sv-serraje-brash-tabaco\/#breadcrumb\"},\"inLanguage\":\"es\",\"potentialAction\":[{\"@type\":\"ReadAction\",\"target\":[\"https:\/\/tonymora.com\/es\/producto\/621-tx-sv-serraje-brash-tabaco\/\"]}]},{\"@type\":\"ImageObject\",\"inLanguage\":\"es\",\"@id\":\"https:\/\/tonymora.com\/es\/producto\/621-tx-sv-serraje-brash-tabaco\/#primaryimage\",\"url\":\"https:\/\/tonymora.com\/wp-content\/uploads\/2019\/07\/38.jpg\",\"contentUrl\":\"https:\/\/tonymora.com\/wp-content\/uploads\/2019\/07\/38.jpg\",\"width\":866,\"height\":1032},{\"@type\":\"BreadcrumbList\",\"@id\":\"https:\/\/tonymora.com\/es\/producto\/621-tx-sv-serraje-brash-tabaco\/#breadcrumb\",\"itemListElement\":[{\"@type\":\"ListItem\",\"position\":1,\"name\":\"Portada\",\"item\":\"https:\/\/tonymora.com\/es\/\"},{\"@type\":\"ListItem\",\"position\":2,\"name\":\"Tienda\",\"item\":\"https:\/\/tonymora.com\/es\/tienda\/\"},{\"@type\":\"ListItem\",\"position\":3,\"name\":\"Hombre\",\"item\":\"https:\/\/tonymora.com\/es\/categoria-producto\/hombre\/\"},{\"@type\":\"ListItem\",\"position\":4,\"name\":\"621 TX SV SERRAJE BRASH TABACO\"}]},{\"@type\":\"WebSite\",\"@id\":\"https:\/\/tonymora.com\/es\/#website\",\"url\":\"https:\/\/tonymora.com\/es\/\",\"name\":\"Tony Mora\u00ae Boots Official Store\",\"description\":\"Cowboy Boots\",\"publisher\":{\"@id\":\"https:\/\/tonymora.com\/es\/#organization\"},\"potentialAction\":[{\"@type\":\"SearchAction\",\"target\":{\"@type\":\"EntryPoint\",\"urlTemplate\":\"https:\/\/tonymora.com\/es\/?s={search_term_string}\"},\"query-input\":{\"@type\":\"PropertyValueSpecification\",\"valueRequired\":true,\"valueName\":\"search_term_string\"}}],\"inLanguage\":\"es\"},{\"@type\":\"Organization\",\"@id\":\"https:\/\/tonymora.com\/es\/#organization\",\"name\":\"Tony Mora Boots\",\"url\":\"https:\/\/tonymora.com\/es\/\",\"logo\":{\"@type\":\"ImageObject\",\"inLanguage\":\"es\",\"@id\":\"https:\/\/tonymora.com\/es\/#\/schema\/logo\/image\/\",\"url\":\"https:\/\/tonymora.com\/wp-content\/uploads\/2023\/12\/LOGO.jpg\",\"contentUrl\":\"https:\/\/tonymora.com\/wp-content\/uploads\/2023\/12\/LOGO.jpg\",\"width\":2272,\"height\":1411,\"caption\":\"Tony Mora Boots\"},\"image\":{\"@id\":\"https:\/\/tonymora.com\/es\/#\/schema\/logo\/image\/\"},\"sameAs\":[\"https:\/\/www.facebook.com\/Tonymoraofficial\/\",\"https:\/\/www.instagram.com\/tonymoraofficial\/?hl=es\"]}]}<\/script>\n<!-- \/ Yoast SEO plugin. -->","yoast_head_json":{"title":"Botines Cowboy Hombre en Piel Marr\u00f3n \u2013 Estilo y Comodidad","description":"Botines cowboy de piel marr\u00f3n para hombre. Dise\u00f1o r\u00fastico, punta cuadrada y confort duradero, realizado con piel 100% natural y de la mayor calidad.","robots":{"index":"index","follow":"follow","max-snippet":"max-snippet:-1","max-image-preview":"max-image-preview:large","max-video-preview":"max-video-preview:-1"},"canonical":"https:\/\/tonymora.com\/es\/producto\/621-tx-sv-serraje-brash-tabaco\/","og_locale":"es_ES","og_type":"article","og_title":"Botines Cowboy Hombre en Piel Marr\u00f3n \u2013 Estilo y Comodidad","og_description":"Botines cowboy de piel marr\u00f3n para hombre. Dise\u00f1o r\u00fastico, punta cuadrada y confort duradero, realizado con piel 100% natural y de la mayor calidad.","og_url":"https:\/\/tonymora.com\/es\/producto\/621-tx-sv-serraje-brash-tabaco\/","og_site_name":"Tony Mora\u00ae Boots Official Store","article_publisher":"https:\/\/www.facebook.com\/Tonymoraofficial\/","article_modified_time":"2026-04-07T05:32:44+00:00","og_image":[{"width":866,"height":1032,"url":"https:\/\/tonymora.com\/wp-content\/uploads\/2019\/07\/38.jpg","type":"image\/jpeg"}],"twitter_card":"summary_large_image","twitter_misc":{"Tiempo de lectura":"1 minuto"},"schema":{"@context":"https:\/\/schema.org","@graph":[{"@type":"WebPage","@id":"https:\/\/tonymora.com\/es\/producto\/621-tx-sv-serraje-brash-tabaco\/","url":"https:\/\/tonymora.com\/es\/producto\/621-tx-sv-serraje-brash-tabaco\/","name":"Botines Cowboy Hombre en Piel Marr\u00f3n \u2013 Estilo y Comodidad","isPartOf":{"@id":"https:\/\/tonymora.com\/es\/#website"},"primaryImageOfPage":{"@id":"https:\/\/tonymora.com\/es\/producto\/621-tx-sv-serraje-brash-tabaco\/#primaryimage"},"image":{"@id":"https:\/\/tonymora.com\/es\/producto\/621-tx-sv-serraje-brash-tabaco\/#primaryimage"},"thumbnailUrl":"https:\/\/tonymora.com\/wp-content\/uploads\/2019\/07\/38.jpg","datePublished":"2019-07-25T09:27:45+00:00","dateModified":"2026-04-07T05:32:44+00:00","description":"Botines cowboy de piel marr\u00f3n para hombre. Dise\u00f1o r\u00fastico, punta cuadrada y confort duradero, realizado con piel 100% natural y de la mayor calidad.","breadcrumb":{"@id":"https:\/\/tonymora.com\/es\/producto\/621-tx-sv-serraje-brash-tabaco\/#breadcrumb"},"inLanguage":"es","potentialAction":[{"@type":"ReadAction","target":["https:\/\/tonymora.com\/es\/producto\/621-tx-sv-serraje-brash-tabaco\/"]}]},{"@type":"ImageObject","inLanguage":"es","@id":"https:\/\/tonymora.com\/es\/producto\/621-tx-sv-serraje-brash-tabaco\/#primaryimage","url":"https:\/\/tonymora.com\/wp-content\/uploads\/2019\/07\/38.jpg","contentUrl":"https:\/\/tonymora.com\/wp-content\/uploads\/2019\/07\/38.jpg","width":866,"height":1032},{"@type":"BreadcrumbList","@id":"https:\/\/tonymora.com\/es\/producto\/621-tx-sv-serraje-brash-tabaco\/#breadcrumb","itemListElement":[{"@type":"ListItem","position":1,"name":"Portada","item":"https:\/\/tonymora.com\/es\/"},{"@type":"ListItem","position":2,"name":"Tienda","item":"https:\/\/tonymora.com\/es\/tienda\/"},{"@type":"ListItem","position":3,"name":"Hombre","item":"https:\/\/tonymora.com\/es\/categoria-producto\/hombre\/"},{"@type":"ListItem","position":4,"name":"621 TX SV SERRAJE BRASH TABACO"}]},{"@type":"WebSite","@id":"https:\/\/tonymora.com\/es\/#website","url":"https:\/\/tonymora.com\/es\/","name":"Tony Mora\u00ae Boots Official Store","description":"Cowboy Boots","publisher":{"@id":"https:\/\/tonymora.com\/es\/#organization"},"potentialAction":[{"@type":"SearchAction","target":{"@type":"EntryPoint","urlTemplate":"https:\/\/tonymora.com\/es\/?s={search_term_string}"},"query-input":{"@type":"PropertyValueSpecification","valueRequired":true,"valueName":"search_term_string"}}],"inLanguage":"es"},{"@type":"Organization","@id":"https:\/\/tonymora.com\/es\/#organization","name":"Tony Mora Boots","url":"https:\/\/tonymora.com\/es\/","logo":{"@type":"ImageObject","inLanguage":"es","@id":"https:\/\/tonymora.com\/es\/#\/schema\/logo\/image\/","url":"https:\/\/tonymora.com\/wp-content\/uploads\/2023\/12\/LOGO.jpg","contentUrl":"https:\/\/tonymora.com\/wp-content\/uploads\/2023\/12\/LOGO.jpg","width":2272,"height":1411,"caption":"Tony Mora Boots"},"image":{"@id":"https:\/\/tonymora.com\/es\/#\/schema\/logo\/image\/"},"sameAs":["https:\/\/www.facebook.com\/Tonymoraofficial\/","https:\/\/www.instagram.com\/tonymoraofficial\/?hl=es"]}]}},"_links":{"self":[{"href":"https:\/\/tonymora.com\/es\/wp-json\/wp\/v2\/product\/29188","targetHints":{"allow":["GET"]}}],"collection":[{"href":"https:\/\/tonymora.com\/es\/wp-json\/wp\/v2\/product"}],"about":[{"href":"https:\/\/tonymora.com\/es\/wp-json\/wp\/v2\/types\/product"}],"wp:featuredmedia":[{"embeddable":true,"href":"https:\/\/tonymora.com\/es\/wp-json\/wp\/v2\/media\/714394"}],"wp:attachment":[{"href":"https:\/\/tonymora.com\/es\/wp-json\/wp\/v2\/media?parent=29188"}],"wp:term":[{"taxonomy":"product_brand","embeddable":true,"href":"https:\/\/tonymora.com\/es\/wp-json\/wp\/v2\/product_brand?post=29188"},{"taxonomy":"product_cat","embeddable":true,"href":"https:\/\/tonymora.com\/es\/wp-json\/wp\/v2\/product_cat?post=29188"},{"taxonomy":"product_tag","embeddable":true,"href":"https:\/\/tonymora.com\/es\/wp-json\/wp\/v2\/product_tag?post=29188"}],"curies":[{"name":"wp","href":"https:\/\/api.w.org\/{rel}","templated":true}]}}