{"id":30295,"date":"2019-07-30T15:13:15","date_gmt":"2019-07-30T13:13:15","guid":{"rendered":"https:\/\/tonymora.com\/?post_type=product&#038;p=30295"},"modified":"2026-04-13T07:32:59","modified_gmt":"2026-04-13T05:32:59","slug":"6934-richmond-alaro-serraje-marron-elastico-azul","status":"publish","type":"product","link":"https:\/\/tonymora.com\/es\/producto\/6934-richmond-alaro-serraje-marron-elastico-azul\/","title":{"rendered":"1213 890 20 AFELPADO MARRON"},"content":{"rendered":"<p class=\"p1\" style=\"text-align: left;\">Botines con estilo y car\u00e1cter. Estas Chelsea son sin\u00f3nimo de distinci\u00f3n, un modelo cl\u00e1sico que no pasa de moda y est\u00e1n hechas 100% a mano con nuestro sistema Goodyear welted. Est\u00e1n hechas en una c\u00f3moda piel de serraje en tono marr\u00f3n oscuro que va perfectamente en constraste con un el\u00e1stico azul, el cual da una mayor facilidad al pon\u00e9rtelas y les da ese toque moderno. Su horma redonda te da la comodidad para disfrutar de ellas a todas horas. \u00bfQuieres un look casual y exclusivo? An\u00edmate con este modelo.<\/p>\n","protected":false},"excerpt":{"rendered":"<p>Distinci\u00f3n natural en una silueta que no pasa desapercibida. Silueta limpia y sofisticada para combinar siempre.<br \/>\nDise\u00f1ada para quienes entienden la elegancia como una actitud.<\/p>\n","protected":false},"featured_media":683329,"template":"","meta":{"_mbp_gutenberg_autopost":false},"product_brand":[757,759],"product_cat":[1172,119,1133,121,112,1130],"product_tag":[],"class_list":{"0":"post-30295","1":"product","2":"type-product","3":"status-publish","4":"has-post-thumbnail","6":"product_brand-talla-mujer-36","7":"product_brand-talla-mujer-37","8":"product_cat-black-friday","9":"product_cat-botas-casual-mujer","10":"product_cat-botas-de-piel-mujer","11":"product_cat-botines-mujer","12":"product_cat-mujer","13":"product_cat-rebajas-mujer","15":"first","16":"instock","17":"taxable","18":"shipping-taxable","19":"purchasable","20":"product-type-variable"},"supplier_id":null,"supplier_sku":"","barcode":null,"atum_controlled":true,"out_stock_date":null,"out_stock_threshold":null,"inheritable":true,"inbound_stock":null,"stock_on_hold":4,"sold_today":1,"sales_last_days":1,"reserved_stock":null,"customer_returns":null,"warehouse_damage":null,"lost_in_post":null,"other_logs":null,"out_stock_days":0,"lost_sales":0,"has_location":false,"update_date":"2026-03-19T14:56:34","atum_locations":[],"atum_stock_status":"instock","restock_status":false,"low_stock_amount":"","sales_update_date":"2026-03-12T14:13:19","calc_backorders":null,"yoast_head":"<!-- This site is optimized with the Yoast SEO plugin v27.2 - https:\/\/yoast.com\/product\/yoast-seo-wordpress\/ -->\n<title>1213 890 20 AFELPADO MARRON - Tony Mora\u00ae Boots Official Store<\/title>\n<meta name=\"description\" content=\"Conoce nuestro nuevo modelo, realizado con piel 100% natural y de la mayor calidad para que siempre vayas elegante y a la moda.\" \/>\n<meta name=\"robots\" content=\"index, follow, max-snippet:-1, max-image-preview:large, max-video-preview:-1\" \/>\n<link rel=\"canonical\" href=\"https:\/\/tonymora.com\/es\/producto\/6934-richmond-alaro-serraje-marron-elastico-azul\/\" \/>\n<meta property=\"og:locale\" content=\"es_ES\" \/>\n<meta property=\"og:type\" content=\"article\" \/>\n<meta property=\"og:title\" content=\"1213 890 20 AFELPADO MARRON - Tony Mora\u00ae Boots Official Store\" \/>\n<meta property=\"og:description\" content=\"Conoce nuestro nuevo modelo, realizado con piel 100% natural y de la mayor calidad para que siempre vayas elegante y a la moda.\" \/>\n<meta property=\"og:url\" content=\"https:\/\/tonymora.com\/es\/producto\/6934-richmond-alaro-serraje-marron-elastico-azul\/\" \/>\n<meta property=\"og:site_name\" content=\"Tony Mora\u00ae Boots Official Store\" \/>\n<meta property=\"article:publisher\" content=\"https:\/\/www.facebook.com\/Tonymoraofficial\/\" \/>\n<meta property=\"article:modified_time\" content=\"2026-04-13T05:32:59+00:00\" \/>\n<meta property=\"og:image\" content=\"https:\/\/tonymora.com\/wp-content\/uploads\/2019\/07\/2-99.jpg\" \/>\n\t<meta property=\"og:image:width\" content=\"866\" \/>\n\t<meta property=\"og:image:height\" content=\"1032\" \/>\n\t<meta property=\"og:image:type\" content=\"image\/jpeg\" \/>\n<meta name=\"twitter:card\" content=\"summary_large_image\" \/>\n<meta name=\"twitter:label1\" content=\"Tiempo de lectura\" \/>\n\t<meta name=\"twitter:data1\" content=\"1 minuto\" \/>\n<script type=\"application\/ld+json\" class=\"yoast-schema-graph\">{\"@context\":\"https:\/\/schema.org\",\"@graph\":[{\"@type\":\"WebPage\",\"@id\":\"https:\/\/tonymora.com\/es\/producto\/6934-richmond-alaro-serraje-marron-elastico-azul\/\",\"url\":\"https:\/\/tonymora.com\/es\/producto\/6934-richmond-alaro-serraje-marron-elastico-azul\/\",\"name\":\"1213 890 20 AFELPADO MARRON - Tony Mora\u00ae Boots Official Store\",\"isPartOf\":{\"@id\":\"https:\/\/tonymora.com\/es\/#website\"},\"primaryImageOfPage\":{\"@id\":\"https:\/\/tonymora.com\/es\/producto\/6934-richmond-alaro-serraje-marron-elastico-azul\/#primaryimage\"},\"image\":{\"@id\":\"https:\/\/tonymora.com\/es\/producto\/6934-richmond-alaro-serraje-marron-elastico-azul\/#primaryimage\"},\"thumbnailUrl\":\"https:\/\/tonymora.com\/wp-content\/uploads\/2019\/07\/2-99.jpg\",\"datePublished\":\"2019-07-30T13:13:15+00:00\",\"dateModified\":\"2026-04-13T05:32:59+00:00\",\"description\":\"Conoce nuestro nuevo modelo, realizado con piel 100% natural y de la mayor calidad para que siempre vayas elegante y a la moda.\",\"breadcrumb\":{\"@id\":\"https:\/\/tonymora.com\/es\/producto\/6934-richmond-alaro-serraje-marron-elastico-azul\/#breadcrumb\"},\"inLanguage\":\"es\",\"potentialAction\":[{\"@type\":\"ReadAction\",\"target\":[\"https:\/\/tonymora.com\/es\/producto\/6934-richmond-alaro-serraje-marron-elastico-azul\/\"]}]},{\"@type\":\"ImageObject\",\"inLanguage\":\"es\",\"@id\":\"https:\/\/tonymora.com\/es\/producto\/6934-richmond-alaro-serraje-marron-elastico-azul\/#primaryimage\",\"url\":\"https:\/\/tonymora.com\/wp-content\/uploads\/2019\/07\/2-99.jpg\",\"contentUrl\":\"https:\/\/tonymora.com\/wp-content\/uploads\/2019\/07\/2-99.jpg\",\"width\":866,\"height\":1032},{\"@type\":\"BreadcrumbList\",\"@id\":\"https:\/\/tonymora.com\/es\/producto\/6934-richmond-alaro-serraje-marron-elastico-azul\/#breadcrumb\",\"itemListElement\":[{\"@type\":\"ListItem\",\"position\":1,\"name\":\"Portada\",\"item\":\"https:\/\/tonymora.com\/es\/\"},{\"@type\":\"ListItem\",\"position\":2,\"name\":\"Tienda\",\"item\":\"https:\/\/tonymora.com\/es\/tienda\/\"},{\"@type\":\"ListItem\",\"position\":3,\"name\":\"Mujer\",\"item\":\"https:\/\/tonymora.com\/es\/categoria-producto\/mujer\/\"},{\"@type\":\"ListItem\",\"position\":4,\"name\":\"Botas Casual Mujer\",\"item\":\"https:\/\/tonymora.com\/es\/categoria-producto\/mujer\/botas-casual-mujer\/\"},{\"@type\":\"ListItem\",\"position\":5,\"name\":\"1213 890 20 AFELPADO MARRON\"}]},{\"@type\":\"WebSite\",\"@id\":\"https:\/\/tonymora.com\/es\/#website\",\"url\":\"https:\/\/tonymora.com\/es\/\",\"name\":\"Tony Mora\u00ae Boots Official Store\",\"description\":\"Cowboy Boots\",\"publisher\":{\"@id\":\"https:\/\/tonymora.com\/es\/#organization\"},\"potentialAction\":[{\"@type\":\"SearchAction\",\"target\":{\"@type\":\"EntryPoint\",\"urlTemplate\":\"https:\/\/tonymora.com\/es\/?s={search_term_string}\"},\"query-input\":{\"@type\":\"PropertyValueSpecification\",\"valueRequired\":true,\"valueName\":\"search_term_string\"}}],\"inLanguage\":\"es\"},{\"@type\":\"Organization\",\"@id\":\"https:\/\/tonymora.com\/es\/#organization\",\"name\":\"Tony Mora Boots\",\"url\":\"https:\/\/tonymora.com\/es\/\",\"logo\":{\"@type\":\"ImageObject\",\"inLanguage\":\"es\",\"@id\":\"https:\/\/tonymora.com\/es\/#\/schema\/logo\/image\/\",\"url\":\"https:\/\/tonymora.com\/wp-content\/uploads\/2023\/12\/LOGO.jpg\",\"contentUrl\":\"https:\/\/tonymora.com\/wp-content\/uploads\/2023\/12\/LOGO.jpg\",\"width\":2272,\"height\":1411,\"caption\":\"Tony Mora Boots\"},\"image\":{\"@id\":\"https:\/\/tonymora.com\/es\/#\/schema\/logo\/image\/\"},\"sameAs\":[\"https:\/\/www.facebook.com\/Tonymoraofficial\/\",\"https:\/\/www.instagram.com\/tonymoraofficial\/?hl=es\"]}]}<\/script>\n<!-- \/ Yoast SEO plugin. -->","yoast_head_json":{"title":"1213 890 20 AFELPADO MARRON - Tony Mora\u00ae Boots Official Store","description":"Conoce nuestro nuevo modelo, realizado con piel 100% natural y de la mayor calidad para que siempre vayas elegante y a la moda.","robots":{"index":"index","follow":"follow","max-snippet":"max-snippet:-1","max-image-preview":"max-image-preview:large","max-video-preview":"max-video-preview:-1"},"canonical":"https:\/\/tonymora.com\/es\/producto\/6934-richmond-alaro-serraje-marron-elastico-azul\/","og_locale":"es_ES","og_type":"article","og_title":"1213 890 20 AFELPADO MARRON - Tony Mora\u00ae Boots Official Store","og_description":"Conoce nuestro nuevo modelo, realizado con piel 100% natural y de la mayor calidad para que siempre vayas elegante y a la moda.","og_url":"https:\/\/tonymora.com\/es\/producto\/6934-richmond-alaro-serraje-marron-elastico-azul\/","og_site_name":"Tony Mora\u00ae Boots Official Store","article_publisher":"https:\/\/www.facebook.com\/Tonymoraofficial\/","article_modified_time":"2026-04-13T05:32:59+00:00","og_image":[{"width":866,"height":1032,"url":"https:\/\/tonymora.com\/wp-content\/uploads\/2019\/07\/2-99.jpg","type":"image\/jpeg"}],"twitter_card":"summary_large_image","twitter_misc":{"Tiempo de lectura":"1 minuto"},"schema":{"@context":"https:\/\/schema.org","@graph":[{"@type":"WebPage","@id":"https:\/\/tonymora.com\/es\/producto\/6934-richmond-alaro-serraje-marron-elastico-azul\/","url":"https:\/\/tonymora.com\/es\/producto\/6934-richmond-alaro-serraje-marron-elastico-azul\/","name":"1213 890 20 AFELPADO MARRON - Tony Mora\u00ae Boots Official Store","isPartOf":{"@id":"https:\/\/tonymora.com\/es\/#website"},"primaryImageOfPage":{"@id":"https:\/\/tonymora.com\/es\/producto\/6934-richmond-alaro-serraje-marron-elastico-azul\/#primaryimage"},"image":{"@id":"https:\/\/tonymora.com\/es\/producto\/6934-richmond-alaro-serraje-marron-elastico-azul\/#primaryimage"},"thumbnailUrl":"https:\/\/tonymora.com\/wp-content\/uploads\/2019\/07\/2-99.jpg","datePublished":"2019-07-30T13:13:15+00:00","dateModified":"2026-04-13T05:32:59+00:00","description":"Conoce nuestro nuevo modelo, realizado con piel 100% natural y de la mayor calidad para que siempre vayas elegante y a la moda.","breadcrumb":{"@id":"https:\/\/tonymora.com\/es\/producto\/6934-richmond-alaro-serraje-marron-elastico-azul\/#breadcrumb"},"inLanguage":"es","potentialAction":[{"@type":"ReadAction","target":["https:\/\/tonymora.com\/es\/producto\/6934-richmond-alaro-serraje-marron-elastico-azul\/"]}]},{"@type":"ImageObject","inLanguage":"es","@id":"https:\/\/tonymora.com\/es\/producto\/6934-richmond-alaro-serraje-marron-elastico-azul\/#primaryimage","url":"https:\/\/tonymora.com\/wp-content\/uploads\/2019\/07\/2-99.jpg","contentUrl":"https:\/\/tonymora.com\/wp-content\/uploads\/2019\/07\/2-99.jpg","width":866,"height":1032},{"@type":"BreadcrumbList","@id":"https:\/\/tonymora.com\/es\/producto\/6934-richmond-alaro-serraje-marron-elastico-azul\/#breadcrumb","itemListElement":[{"@type":"ListItem","position":1,"name":"Portada","item":"https:\/\/tonymora.com\/es\/"},{"@type":"ListItem","position":2,"name":"Tienda","item":"https:\/\/tonymora.com\/es\/tienda\/"},{"@type":"ListItem","position":3,"name":"Mujer","item":"https:\/\/tonymora.com\/es\/categoria-producto\/mujer\/"},{"@type":"ListItem","position":4,"name":"Botas Casual Mujer","item":"https:\/\/tonymora.com\/es\/categoria-producto\/mujer\/botas-casual-mujer\/"},{"@type":"ListItem","position":5,"name":"1213 890 20 AFELPADO MARRON"}]},{"@type":"WebSite","@id":"https:\/\/tonymora.com\/es\/#website","url":"https:\/\/tonymora.com\/es\/","name":"Tony Mora\u00ae Boots Official Store","description":"Cowboy Boots","publisher":{"@id":"https:\/\/tonymora.com\/es\/#organization"},"potentialAction":[{"@type":"SearchAction","target":{"@type":"EntryPoint","urlTemplate":"https:\/\/tonymora.com\/es\/?s={search_term_string}"},"query-input":{"@type":"PropertyValueSpecification","valueRequired":true,"valueName":"search_term_string"}}],"inLanguage":"es"},{"@type":"Organization","@id":"https:\/\/tonymora.com\/es\/#organization","name":"Tony Mora Boots","url":"https:\/\/tonymora.com\/es\/","logo":{"@type":"ImageObject","inLanguage":"es","@id":"https:\/\/tonymora.com\/es\/#\/schema\/logo\/image\/","url":"https:\/\/tonymora.com\/wp-content\/uploads\/2023\/12\/LOGO.jpg","contentUrl":"https:\/\/tonymora.com\/wp-content\/uploads\/2023\/12\/LOGO.jpg","width":2272,"height":1411,"caption":"Tony Mora Boots"},"image":{"@id":"https:\/\/tonymora.com\/es\/#\/schema\/logo\/image\/"},"sameAs":["https:\/\/www.facebook.com\/Tonymoraofficial\/","https:\/\/www.instagram.com\/tonymoraofficial\/?hl=es"]}]}},"_links":{"self":[{"href":"https:\/\/tonymora.com\/es\/wp-json\/wp\/v2\/product\/30295","targetHints":{"allow":["GET"]}}],"collection":[{"href":"https:\/\/tonymora.com\/es\/wp-json\/wp\/v2\/product"}],"about":[{"href":"https:\/\/tonymora.com\/es\/wp-json\/wp\/v2\/types\/product"}],"wp:featuredmedia":[{"embeddable":true,"href":"https:\/\/tonymora.com\/es\/wp-json\/wp\/v2\/media\/683329"}],"wp:attachment":[{"href":"https:\/\/tonymora.com\/es\/wp-json\/wp\/v2\/media?parent=30295"}],"wp:term":[{"taxonomy":"product_brand","embeddable":true,"href":"https:\/\/tonymora.com\/es\/wp-json\/wp\/v2\/product_brand?post=30295"},{"taxonomy":"product_cat","embeddable":true,"href":"https:\/\/tonymora.com\/es\/wp-json\/wp\/v2\/product_cat?post=30295"},{"taxonomy":"product_tag","embeddable":true,"href":"https:\/\/tonymora.com\/es\/wp-json\/wp\/v2\/product_tag?post=30295"}],"curies":[{"name":"wp","href":"https:\/\/api.w.org\/{rel}","templated":true}]}}