{"id":30391,"date":"2019-07-30T16:40:53","date_gmt":"2019-07-30T14:40:53","guid":{"rendered":"https:\/\/tonymora.com\/?post_type=product&#038;p=30391"},"modified":"2026-04-27T07:32:33","modified_gmt":"2026-04-27T05:32:33","slug":"9185-nubuck-gris-mate","status":"publish","type":"product","link":"https:\/\/tonymora.com\/es\/producto\/9185-nubuck-gris-mate\/","title":{"rendered":"9185 NUBUCK GRIS MATE"},"content":{"rendered":"<p>Os presentamos nuestro exclusivo cintur\u00f3n de piel nubuck, una fusi\u00f3n perfecta entre elegancia y calidad. En un hermoso tono gris mate, este cintur\u00f3n destaca por su suave textura y la excepcional calidad de la piel natural, elaborada artesanalmente como en tiempos pasados. Sus detalles met\u00e1licos grabados a mano, tanto en la hebilla como en la punta del cintur\u00f3n, a\u00f1aden un toque distintivo a esta pieza. Fabricado con rigurosos est\u00e1ndares de calidad, este cintur\u00f3n se convertir\u00e1 en el complemento ideal para tus conjuntos, agregando un toque de distinci\u00f3n a cada ocasi\u00f3n.<\/p>\n","protected":false},"excerpt":{"rendered":"<p>Elegancia atemporal con una actitud inconfundible. Un detalle protagonista que aporta distinci\u00f3n.<br \/>\nPensada para vivir momentos, no para seguir tendencias.<\/p>\n","protected":false},"featured_media":715981,"template":"","meta":{"_mbp_gutenberg_autopost":false},"product_brand":[],"product_cat":[1172,1154,1155,112],"product_tag":[],"class_list":{"0":"post-30391","1":"product","2":"type-product","3":"status-publish","4":"has-post-thumbnail","6":"product_cat-black-friday","7":"product_cat-cinturones-hombres","8":"product_cat-cinturones-mujer","9":"product_cat-mujer","11":"first","12":"instock","13":"taxable","14":"shipping-taxable","15":"purchasable","16":"product-type-variable"},"_links":{"self":[{"href":"https:\/\/tonymora.com\/es\/wp-json\/wp\/v2\/product\/30391","targetHints":{"allow":["GET"]}}],"collection":[{"href":"https:\/\/tonymora.com\/es\/wp-json\/wp\/v2\/product"}],"about":[{"href":"https:\/\/tonymora.com\/es\/wp-json\/wp\/v2\/types\/product"}],"wp:featuredmedia":[{"embeddable":true,"href":"https:\/\/tonymora.com\/es\/wp-json\/wp\/v2\/media\/715981"}],"wp:attachment":[{"href":"https:\/\/tonymora.com\/es\/wp-json\/wp\/v2\/media?parent=30391"}],"wp:term":[{"taxonomy":"product_brand","embeddable":true,"href":"https:\/\/tonymora.com\/es\/wp-json\/wp\/v2\/product_brand?post=30391"},{"taxonomy":"product_cat","embeddable":true,"href":"https:\/\/tonymora.com\/es\/wp-json\/wp\/v2\/product_cat?post=30391"},{"taxonomy":"product_tag","embeddable":true,"href":"https:\/\/tonymora.com\/es\/wp-json\/wp\/v2\/product_tag?post=30391"}],"curies":[{"name":"wp","href":"https:\/\/api.w.org\/{rel}","templated":true}]}}