{"id":30437,"date":"2019-07-30T16:55:36","date_gmt":"2019-07-30T14:55:36","guid":{"rendered":"https:\/\/tonymora.com\/?post_type=product&#038;p=30437"},"modified":"2026-04-16T07:32:44","modified_gmt":"2026-04-16T05:32:44","slug":"658-vacuno-castana","status":"publish","type":"product","link":"https:\/\/tonymora.com\/es\/producto\/658-vacuno-castana\/","title":{"rendered":"658 VACUNO CASTA\u00d1A"},"content":{"rendered":"<p class=\"p1\" style=\"text-align: left;\">Si lo tuyo es el estilo Biker este cintur\u00f3n est\u00e1 hecho para ti. Est\u00e1 hecho en una suave piel de ternera que lo hace muy flexible, en un elegante color marr\u00f3n casta\u00f1a en el cual resaltan los remaches en forma de Motos en color plata, d\u00e1ndole un car\u00e1cter \u00fanico. Un compa\u00f1ero que ir\u00e1 contigo marcando huella en cada camino.<\/p>\n","protected":false},"excerpt":{"rendered":"<p>Car\u00e1cter y refinamiento en equilibrio perfecto.<br \/>\nEl toque final que convierte lo simple en memorable.<\/p>\n","protected":false},"featured_media":30607,"template":"","meta":{"_mbp_gutenberg_autopost":false},"product_brand":[],"product_cat":[1172,243],"product_tag":[],"class_list":{"0":"post-30437","1":"product","2":"type-product","3":"status-publish","4":"has-post-thumbnail","6":"product_cat-black-friday","7":"product_cat-cinturones","9":"first","10":"instock","11":"taxable","12":"shipping-taxable","13":"purchasable","14":"product-type-variable"},"supplier_id":null,"supplier_sku":"","barcode":null,"atum_controlled":true,"out_stock_date":null,"out_stock_threshold":null,"inheritable":true,"inbound_stock":null,"stock_on_hold":0,"sold_today":0,"sales_last_days":0,"reserved_stock":null,"customer_returns":null,"warehouse_damage":null,"lost_in_post":null,"other_logs":null,"out_stock_days":0,"lost_sales":0,"has_location":false,"update_date":"2024-10-31T15:10:27","atum_locations":[],"atum_stock_status":"instock","restock_status":false,"low_stock_amount":"","sales_update_date":"2024-09-23T07:28:47","calc_backorders":null,"yoast_head":"<!-- This site is optimized with the Yoast SEO plugin v27.4 - https:\/\/yoast.com\/product\/yoast-seo-wordpress\/ -->\n<title>658 VACUNO CASTA\u00d1A - Tony Mora\u00ae Boots Official Store<\/title>\n<meta name=\"description\" content=\"Si lo tuyo es el estilo Biker este cintur\u00f3n est\u00e1 hecho para ti. Est\u00e1 hecho en una suave piel de ternera que lo hace muy flexible\" \/>\n<meta name=\"robots\" content=\"index, follow, max-snippet:-1, max-image-preview:large, max-video-preview:-1\" \/>\n<link rel=\"canonical\" href=\"https:\/\/tonymora.com\/es\/producto\/658-vacuno-castana\/\" \/>\n<meta property=\"og:locale\" content=\"es_ES\" \/>\n<meta property=\"og:type\" content=\"article\" \/>\n<meta property=\"og:title\" content=\"658 VACUNO CASTA\u00d1A - Tony Mora\u00ae Boots Official Store\" \/>\n<meta property=\"og:description\" content=\"Si lo tuyo es el estilo Biker este cintur\u00f3n est\u00e1 hecho para ti. Est\u00e1 hecho en una suave piel de ternera que lo hace muy flexible\" \/>\n<meta property=\"og:url\" content=\"https:\/\/tonymora.com\/es\/producto\/658-vacuno-castana\/\" \/>\n<meta property=\"og:site_name\" content=\"Tony Mora\u00ae Boots Official Store\" \/>\n<meta property=\"article:publisher\" content=\"https:\/\/www.facebook.com\/Tonymoraofficial\/\" \/>\n<meta property=\"article:modified_time\" content=\"2026-04-16T05:32:44+00:00\" \/>\n<meta property=\"og:image\" content=\"https:\/\/tonymora.com\/wp-content\/uploads\/2019\/07\/2-9.jpg\" \/>\n\t<meta property=\"og:image:width\" content=\"960\" \/>\n\t<meta property=\"og:image:height\" content=\"758\" \/>\n\t<meta property=\"og:image:type\" content=\"image\/jpeg\" \/>\n<meta name=\"twitter:card\" content=\"summary_large_image\" \/>\n<meta name=\"twitter:label1\" content=\"Tiempo de lectura\" \/>\n\t<meta name=\"twitter:data1\" content=\"1 minuto\" \/>\n<script type=\"application\/ld+json\" class=\"yoast-schema-graph\">{\"@context\":\"https:\\\/\\\/schema.org\",\"@graph\":[{\"@type\":\"WebPage\",\"@id\":\"https:\\\/\\\/tonymora.com\\\/es\\\/producto\\\/658-vacuno-castana\\\/\",\"url\":\"https:\\\/\\\/tonymora.com\\\/es\\\/producto\\\/658-vacuno-castana\\\/\",\"name\":\"658 VACUNO CASTA\u00d1A - Tony Mora\u00ae Boots Official Store\",\"isPartOf\":{\"@id\":\"https:\\\/\\\/tonymora.com\\\/es\\\/#website\"},\"primaryImageOfPage\":{\"@id\":\"https:\\\/\\\/tonymora.com\\\/es\\\/producto\\\/658-vacuno-castana\\\/#primaryimage\"},\"image\":{\"@id\":\"https:\\\/\\\/tonymora.com\\\/es\\\/producto\\\/658-vacuno-castana\\\/#primaryimage\"},\"thumbnailUrl\":\"https:\\\/\\\/tonymora.com\\\/wp-content\\\/uploads\\\/2019\\\/07\\\/2-9.jpg\",\"datePublished\":\"2019-07-30T14:55:36+00:00\",\"dateModified\":\"2026-04-16T05:32:44+00:00\",\"description\":\"Si lo tuyo es el estilo Biker este cintur\u00f3n est\u00e1 hecho para ti. Est\u00e1 hecho en una suave piel de ternera que lo hace muy flexible\",\"breadcrumb\":{\"@id\":\"https:\\\/\\\/tonymora.com\\\/es\\\/producto\\\/658-vacuno-castana\\\/#breadcrumb\"},\"inLanguage\":\"es\",\"potentialAction\":[{\"@type\":\"ReadAction\",\"target\":[\"https:\\\/\\\/tonymora.com\\\/es\\\/producto\\\/658-vacuno-castana\\\/\"]}]},{\"@type\":\"ImageObject\",\"inLanguage\":\"es\",\"@id\":\"https:\\\/\\\/tonymora.com\\\/es\\\/producto\\\/658-vacuno-castana\\\/#primaryimage\",\"url\":\"https:\\\/\\\/tonymora.com\\\/wp-content\\\/uploads\\\/2019\\\/07\\\/2-9.jpg\",\"contentUrl\":\"https:\\\/\\\/tonymora.com\\\/wp-content\\\/uploads\\\/2019\\\/07\\\/2-9.jpg\",\"width\":960,\"height\":758},{\"@type\":\"BreadcrumbList\",\"@id\":\"https:\\\/\\\/tonymora.com\\\/es\\\/producto\\\/658-vacuno-castana\\\/#breadcrumb\",\"itemListElement\":[{\"@type\":\"ListItem\",\"position\":1,\"name\":\"Portada\",\"item\":\"https:\\\/\\\/tonymora.com\\\/es\\\/\"},{\"@type\":\"ListItem\",\"position\":2,\"name\":\"Tienda\",\"item\":\"https:\\\/\\\/tonymora.com\\\/es\\\/tienda\\\/\"},{\"@type\":\"ListItem\",\"position\":3,\"name\":\"Cinturones\",\"item\":\"https:\\\/\\\/tonymora.com\\\/es\\\/categoria-producto\\\/cinturones\\\/\"},{\"@type\":\"ListItem\",\"position\":4,\"name\":\"658 VACUNO CASTA\u00d1A\"}]},{\"@type\":\"WebSite\",\"@id\":\"https:\\\/\\\/tonymora.com\\\/es\\\/#website\",\"url\":\"https:\\\/\\\/tonymora.com\\\/es\\\/\",\"name\":\"Tony Mora\u00ae Boots Official Store\",\"description\":\"Cowboy Boots\",\"publisher\":{\"@id\":\"https:\\\/\\\/tonymora.com\\\/es\\\/#organization\"},\"potentialAction\":[{\"@type\":\"SearchAction\",\"target\":{\"@type\":\"EntryPoint\",\"urlTemplate\":\"https:\\\/\\\/tonymora.com\\\/es\\\/?s={search_term_string}\"},\"query-input\":{\"@type\":\"PropertyValueSpecification\",\"valueRequired\":true,\"valueName\":\"search_term_string\"}}],\"inLanguage\":\"es\"},{\"@type\":\"Organization\",\"@id\":\"https:\\\/\\\/tonymora.com\\\/es\\\/#organization\",\"name\":\"Tony Mora Boots\",\"url\":\"https:\\\/\\\/tonymora.com\\\/es\\\/\",\"logo\":{\"@type\":\"ImageObject\",\"inLanguage\":\"es\",\"@id\":\"https:\\\/\\\/tonymora.com\\\/es\\\/#\\\/schema\\\/logo\\\/image\\\/\",\"url\":\"https:\\\/\\\/tonymora.com\\\/wp-content\\\/uploads\\\/2023\\\/12\\\/LOGO.jpg\",\"contentUrl\":\"https:\\\/\\\/tonymora.com\\\/wp-content\\\/uploads\\\/2023\\\/12\\\/LOGO.jpg\",\"width\":2272,\"height\":1411,\"caption\":\"Tony Mora Boots\"},\"image\":{\"@id\":\"https:\\\/\\\/tonymora.com\\\/es\\\/#\\\/schema\\\/logo\\\/image\\\/\"},\"sameAs\":[\"https:\\\/\\\/www.facebook.com\\\/Tonymoraofficial\\\/\",\"https:\\\/\\\/www.instagram.com\\\/tonymoraofficial\\\/?hl=es\"]}]}<\/script>\n<!-- \/ Yoast SEO plugin. -->","yoast_head_json":{"title":"658 VACUNO CASTA\u00d1A - Tony Mora\u00ae Boots Official Store","description":"Si lo tuyo es el estilo Biker este cintur\u00f3n est\u00e1 hecho para ti. Est\u00e1 hecho en una suave piel de ternera que lo hace muy flexible","robots":{"index":"index","follow":"follow","max-snippet":"max-snippet:-1","max-image-preview":"max-image-preview:large","max-video-preview":"max-video-preview:-1"},"canonical":"https:\/\/tonymora.com\/es\/producto\/658-vacuno-castana\/","og_locale":"es_ES","og_type":"article","og_title":"658 VACUNO CASTA\u00d1A - Tony Mora\u00ae Boots Official Store","og_description":"Si lo tuyo es el estilo Biker este cintur\u00f3n est\u00e1 hecho para ti. Est\u00e1 hecho en una suave piel de ternera que lo hace muy flexible","og_url":"https:\/\/tonymora.com\/es\/producto\/658-vacuno-castana\/","og_site_name":"Tony Mora\u00ae Boots Official Store","article_publisher":"https:\/\/www.facebook.com\/Tonymoraofficial\/","article_modified_time":"2026-04-16T05:32:44+00:00","og_image":[{"width":960,"height":758,"url":"https:\/\/tonymora.com\/wp-content\/uploads\/2019\/07\/2-9.jpg","type":"image\/jpeg"}],"twitter_card":"summary_large_image","twitter_misc":{"Tiempo de lectura":"1 minuto"},"schema":{"@context":"https:\/\/schema.org","@graph":[{"@type":"WebPage","@id":"https:\/\/tonymora.com\/es\/producto\/658-vacuno-castana\/","url":"https:\/\/tonymora.com\/es\/producto\/658-vacuno-castana\/","name":"658 VACUNO CASTA\u00d1A - Tony Mora\u00ae Boots Official Store","isPartOf":{"@id":"https:\/\/tonymora.com\/es\/#website"},"primaryImageOfPage":{"@id":"https:\/\/tonymora.com\/es\/producto\/658-vacuno-castana\/#primaryimage"},"image":{"@id":"https:\/\/tonymora.com\/es\/producto\/658-vacuno-castana\/#primaryimage"},"thumbnailUrl":"https:\/\/tonymora.com\/wp-content\/uploads\/2019\/07\/2-9.jpg","datePublished":"2019-07-30T14:55:36+00:00","dateModified":"2026-04-16T05:32:44+00:00","description":"Si lo tuyo es el estilo Biker este cintur\u00f3n est\u00e1 hecho para ti. Est\u00e1 hecho en una suave piel de ternera que lo hace muy flexible","breadcrumb":{"@id":"https:\/\/tonymora.com\/es\/producto\/658-vacuno-castana\/#breadcrumb"},"inLanguage":"es","potentialAction":[{"@type":"ReadAction","target":["https:\/\/tonymora.com\/es\/producto\/658-vacuno-castana\/"]}]},{"@type":"ImageObject","inLanguage":"es","@id":"https:\/\/tonymora.com\/es\/producto\/658-vacuno-castana\/#primaryimage","url":"https:\/\/tonymora.com\/wp-content\/uploads\/2019\/07\/2-9.jpg","contentUrl":"https:\/\/tonymora.com\/wp-content\/uploads\/2019\/07\/2-9.jpg","width":960,"height":758},{"@type":"BreadcrumbList","@id":"https:\/\/tonymora.com\/es\/producto\/658-vacuno-castana\/#breadcrumb","itemListElement":[{"@type":"ListItem","position":1,"name":"Portada","item":"https:\/\/tonymora.com\/es\/"},{"@type":"ListItem","position":2,"name":"Tienda","item":"https:\/\/tonymora.com\/es\/tienda\/"},{"@type":"ListItem","position":3,"name":"Cinturones","item":"https:\/\/tonymora.com\/es\/categoria-producto\/cinturones\/"},{"@type":"ListItem","position":4,"name":"658 VACUNO CASTA\u00d1A"}]},{"@type":"WebSite","@id":"https:\/\/tonymora.com\/es\/#website","url":"https:\/\/tonymora.com\/es\/","name":"Tony Mora\u00ae Boots Official Store","description":"Cowboy Boots","publisher":{"@id":"https:\/\/tonymora.com\/es\/#organization"},"potentialAction":[{"@type":"SearchAction","target":{"@type":"EntryPoint","urlTemplate":"https:\/\/tonymora.com\/es\/?s={search_term_string}"},"query-input":{"@type":"PropertyValueSpecification","valueRequired":true,"valueName":"search_term_string"}}],"inLanguage":"es"},{"@type":"Organization","@id":"https:\/\/tonymora.com\/es\/#organization","name":"Tony Mora Boots","url":"https:\/\/tonymora.com\/es\/","logo":{"@type":"ImageObject","inLanguage":"es","@id":"https:\/\/tonymora.com\/es\/#\/schema\/logo\/image\/","url":"https:\/\/tonymora.com\/wp-content\/uploads\/2023\/12\/LOGO.jpg","contentUrl":"https:\/\/tonymora.com\/wp-content\/uploads\/2023\/12\/LOGO.jpg","width":2272,"height":1411,"caption":"Tony Mora Boots"},"image":{"@id":"https:\/\/tonymora.com\/es\/#\/schema\/logo\/image\/"},"sameAs":["https:\/\/www.facebook.com\/Tonymoraofficial\/","https:\/\/www.instagram.com\/tonymoraofficial\/?hl=es"]}]}},"_links":{"self":[{"href":"https:\/\/tonymora.com\/es\/wp-json\/wp\/v2\/product\/30437","targetHints":{"allow":["GET"]}}],"collection":[{"href":"https:\/\/tonymora.com\/es\/wp-json\/wp\/v2\/product"}],"about":[{"href":"https:\/\/tonymora.com\/es\/wp-json\/wp\/v2\/types\/product"}],"wp:featuredmedia":[{"embeddable":true,"href":"https:\/\/tonymora.com\/es\/wp-json\/wp\/v2\/media\/30607"}],"wp:attachment":[{"href":"https:\/\/tonymora.com\/es\/wp-json\/wp\/v2\/media?parent=30437"}],"wp:term":[{"taxonomy":"product_brand","embeddable":true,"href":"https:\/\/tonymora.com\/es\/wp-json\/wp\/v2\/product_brand?post=30437"},{"taxonomy":"product_cat","embeddable":true,"href":"https:\/\/tonymora.com\/es\/wp-json\/wp\/v2\/product_cat?post=30437"},{"taxonomy":"product_tag","embeddable":true,"href":"https:\/\/tonymora.com\/es\/wp-json\/wp\/v2\/product_tag?post=30437"}],"curies":[{"name":"wp","href":"https:\/\/api.w.org\/{rel}","templated":true}]}}