{"id":30494,"date":"2019-07-30T17:46:19","date_gmt":"2019-07-30T15:46:19","guid":{"rendered":"https:\/\/tonymora.com\/?post_type=product&#038;p=30494"},"modified":"2026-04-07T07:32:46","modified_gmt":"2026-04-07T05:32:46","slug":"2170-boho-marron-turquesa","status":"publish","type":"product","link":"https:\/\/tonymora.com\/es\/producto\/2170-boho-marron-turquesa\/","title":{"rendered":"2170 BOHO MARRON TURQUESA"},"content":{"rendered":"<p class=\"p1\">Os presentamos nuestro nuevo cintur\u00f3n de piel de vacuno en tono marr\u00f3n. Este cintur\u00f3n combina un dise\u00f1o de formas ovaladas entrelazadas una al lado de la otra, creando as\u00ed una est\u00e9tica \u00fanica y encantadora. Alternando dos elementos decorativos de calidad: grabado con motivos florales y cosido con delicadas bolas blancas, turquesas y rojas, este cintur\u00f3n es un verdadero homenaje a la creatividad sin l\u00edmites. Cada detalle est\u00e1 cuidadosamente elaborado a mano, asegurando una calidad excepcional y un acabado impecable.<\/p>\n","protected":false},"excerpt":{"rendered":"<p>Car\u00e1cter y refinamiento en equilibrio perfecto. Un cl\u00e1sico con mucha personalidad.<br \/>\nDise\u00f1ada para quienes entienden la elegancia como una actitud.<\/p>\n","protected":false},"featured_media":712144,"template":"","meta":{"_mbp_gutenberg_autopost":false},"product_brand":[],"product_cat":[1172,1155,112],"product_tag":[],"class_list":{"0":"post-30494","1":"product","2":"type-product","3":"status-publish","4":"has-post-thumbnail","6":"product_cat-black-friday","7":"product_cat-cinturones-mujer","8":"product_cat-mujer","10":"first","11":"instock","12":"taxable","13":"shipping-taxable","14":"purchasable","15":"product-type-variable"},"supplier_id":null,"supplier_sku":"","barcode":null,"atum_controlled":true,"out_stock_date":null,"out_stock_threshold":null,"inheritable":true,"inbound_stock":null,"stock_on_hold":1,"sold_today":1,"sales_last_days":1,"reserved_stock":null,"customer_returns":null,"warehouse_damage":null,"lost_in_post":null,"other_logs":null,"out_stock_days":0,"lost_sales":0,"has_location":false,"update_date":"2025-11-27T05:33:41","atum_locations":[],"atum_stock_status":"instock","restock_status":false,"low_stock_amount":"","sales_update_date":"2024-04-24T22:32:33","calc_backorders":null,"yoast_head":"<!-- This site is optimized with the Yoast SEO plugin v27.2 - https:\/\/yoast.com\/product\/yoast-seo-wordpress\/ -->\n<title>Cintur\u00f3n Boho Marr\u00f3n Turquesa - Tony Mora | Dise\u00f1o \u00fanico<\/title>\n<meta name=\"description\" content=\"Cintur\u00f3n de piel vacuno con motivos florales y bolas turquesas. Hecho a mano, calidad excepcional. \u00a1Un homenaje a la creatividad sin l\u00edmites!\" \/>\n<meta name=\"robots\" content=\"index, follow, max-snippet:-1, max-image-preview:large, max-video-preview:-1\" \/>\n<link rel=\"canonical\" href=\"https:\/\/tonymora.com\/es\/producto\/2170-boho-marron-turquesa\/\" \/>\n<meta property=\"og:locale\" content=\"es_ES\" \/>\n<meta property=\"og:type\" content=\"article\" \/>\n<meta property=\"og:title\" content=\"Cintur\u00f3n Boho Marr\u00f3n Turquesa - Tony Mora | Dise\u00f1o \u00fanico\" \/>\n<meta property=\"og:description\" content=\"Cintur\u00f3n de piel vacuno con motivos florales y bolas turquesas. Hecho a mano, calidad excepcional. \u00a1Un homenaje a la creatividad sin l\u00edmites!\" \/>\n<meta property=\"og:url\" content=\"https:\/\/tonymora.com\/es\/producto\/2170-boho-marron-turquesa\/\" \/>\n<meta property=\"og:site_name\" content=\"Tony Mora\u00ae Boots Official Store\" \/>\n<meta property=\"article:publisher\" content=\"https:\/\/www.facebook.com\/Tonymoraofficial\/\" \/>\n<meta property=\"article:modified_time\" content=\"2026-04-07T05:32:46+00:00\" \/>\n<meta property=\"og:image\" content=\"https:\/\/tonymora.com\/wp-content\/uploads\/2022\/09\/7.jpg\" \/>\n\t<meta property=\"og:image:width\" content=\"866\" \/>\n\t<meta property=\"og:image:height\" content=\"1032\" \/>\n\t<meta property=\"og:image:type\" content=\"image\/jpeg\" \/>\n<meta name=\"twitter:card\" content=\"summary_large_image\" \/>\n<meta name=\"twitter:label1\" content=\"Tiempo de lectura\" \/>\n\t<meta name=\"twitter:data1\" content=\"1 minuto\" \/>\n<script type=\"application\/ld+json\" class=\"yoast-schema-graph\">{\"@context\":\"https:\/\/schema.org\",\"@graph\":[{\"@type\":\"WebPage\",\"@id\":\"https:\/\/tonymora.com\/es\/producto\/2170-boho-marron-turquesa\/\",\"url\":\"https:\/\/tonymora.com\/es\/producto\/2170-boho-marron-turquesa\/\",\"name\":\"Cintur\u00f3n Boho Marr\u00f3n Turquesa - Tony Mora | Dise\u00f1o \u00fanico\",\"isPartOf\":{\"@id\":\"https:\/\/tonymora.com\/es\/#website\"},\"primaryImageOfPage\":{\"@id\":\"https:\/\/tonymora.com\/es\/producto\/2170-boho-marron-turquesa\/#primaryimage\"},\"image\":{\"@id\":\"https:\/\/tonymora.com\/es\/producto\/2170-boho-marron-turquesa\/#primaryimage\"},\"thumbnailUrl\":\"https:\/\/tonymora.com\/wp-content\/uploads\/2022\/09\/7.jpg\",\"datePublished\":\"2019-07-30T15:46:19+00:00\",\"dateModified\":\"2026-04-07T05:32:46+00:00\",\"description\":\"Cintur\u00f3n de piel vacuno con motivos florales y bolas turquesas. Hecho a mano, calidad excepcional. \u00a1Un homenaje a la creatividad sin l\u00edmites!\",\"breadcrumb\":{\"@id\":\"https:\/\/tonymora.com\/es\/producto\/2170-boho-marron-turquesa\/#breadcrumb\"},\"inLanguage\":\"es\",\"potentialAction\":[{\"@type\":\"ReadAction\",\"target\":[\"https:\/\/tonymora.com\/es\/producto\/2170-boho-marron-turquesa\/\"]}]},{\"@type\":\"ImageObject\",\"inLanguage\":\"es\",\"@id\":\"https:\/\/tonymora.com\/es\/producto\/2170-boho-marron-turquesa\/#primaryimage\",\"url\":\"https:\/\/tonymora.com\/wp-content\/uploads\/2022\/09\/7.jpg\",\"contentUrl\":\"https:\/\/tonymora.com\/wp-content\/uploads\/2022\/09\/7.jpg\",\"width\":866,\"height\":1032},{\"@type\":\"BreadcrumbList\",\"@id\":\"https:\/\/tonymora.com\/es\/producto\/2170-boho-marron-turquesa\/#breadcrumb\",\"itemListElement\":[{\"@type\":\"ListItem\",\"position\":1,\"name\":\"Portada\",\"item\":\"https:\/\/tonymora.com\/es\/\"},{\"@type\":\"ListItem\",\"position\":2,\"name\":\"Tienda\",\"item\":\"https:\/\/tonymora.com\/es\/tienda\/\"},{\"@type\":\"ListItem\",\"position\":3,\"name\":\"Cinturones Mujer\",\"item\":\"https:\/\/tonymora.com\/es\/categoria-producto\/cinturones-mujer\/\"},{\"@type\":\"ListItem\",\"position\":4,\"name\":\"2170 BOHO MARRON TURQUESA\"}]},{\"@type\":\"WebSite\",\"@id\":\"https:\/\/tonymora.com\/es\/#website\",\"url\":\"https:\/\/tonymora.com\/es\/\",\"name\":\"Tony Mora\u00ae Boots Official Store\",\"description\":\"Cowboy Boots\",\"publisher\":{\"@id\":\"https:\/\/tonymora.com\/es\/#organization\"},\"potentialAction\":[{\"@type\":\"SearchAction\",\"target\":{\"@type\":\"EntryPoint\",\"urlTemplate\":\"https:\/\/tonymora.com\/es\/?s={search_term_string}\"},\"query-input\":{\"@type\":\"PropertyValueSpecification\",\"valueRequired\":true,\"valueName\":\"search_term_string\"}}],\"inLanguage\":\"es\"},{\"@type\":\"Organization\",\"@id\":\"https:\/\/tonymora.com\/es\/#organization\",\"name\":\"Tony Mora Boots\",\"url\":\"https:\/\/tonymora.com\/es\/\",\"logo\":{\"@type\":\"ImageObject\",\"inLanguage\":\"es\",\"@id\":\"https:\/\/tonymora.com\/es\/#\/schema\/logo\/image\/\",\"url\":\"https:\/\/tonymora.com\/wp-content\/uploads\/2023\/12\/LOGO.jpg\",\"contentUrl\":\"https:\/\/tonymora.com\/wp-content\/uploads\/2023\/12\/LOGO.jpg\",\"width\":2272,\"height\":1411,\"caption\":\"Tony Mora Boots\"},\"image\":{\"@id\":\"https:\/\/tonymora.com\/es\/#\/schema\/logo\/image\/\"},\"sameAs\":[\"https:\/\/www.facebook.com\/Tonymoraofficial\/\",\"https:\/\/www.instagram.com\/tonymoraofficial\/?hl=es\"]}]}<\/script>\n<!-- \/ Yoast SEO plugin. -->","yoast_head_json":{"title":"Cintur\u00f3n Boho Marr\u00f3n Turquesa - Tony Mora | Dise\u00f1o \u00fanico","description":"Cintur\u00f3n de piel vacuno con motivos florales y bolas turquesas. Hecho a mano, calidad excepcional. \u00a1Un homenaje a la creatividad sin l\u00edmites!","robots":{"index":"index","follow":"follow","max-snippet":"max-snippet:-1","max-image-preview":"max-image-preview:large","max-video-preview":"max-video-preview:-1"},"canonical":"https:\/\/tonymora.com\/es\/producto\/2170-boho-marron-turquesa\/","og_locale":"es_ES","og_type":"article","og_title":"Cintur\u00f3n Boho Marr\u00f3n Turquesa - Tony Mora | Dise\u00f1o \u00fanico","og_description":"Cintur\u00f3n de piel vacuno con motivos florales y bolas turquesas. Hecho a mano, calidad excepcional. \u00a1Un homenaje a la creatividad sin l\u00edmites!","og_url":"https:\/\/tonymora.com\/es\/producto\/2170-boho-marron-turquesa\/","og_site_name":"Tony Mora\u00ae Boots Official Store","article_publisher":"https:\/\/www.facebook.com\/Tonymoraofficial\/","article_modified_time":"2026-04-07T05:32:46+00:00","og_image":[{"width":866,"height":1032,"url":"https:\/\/tonymora.com\/wp-content\/uploads\/2022\/09\/7.jpg","type":"image\/jpeg"}],"twitter_card":"summary_large_image","twitter_misc":{"Tiempo de lectura":"1 minuto"},"schema":{"@context":"https:\/\/schema.org","@graph":[{"@type":"WebPage","@id":"https:\/\/tonymora.com\/es\/producto\/2170-boho-marron-turquesa\/","url":"https:\/\/tonymora.com\/es\/producto\/2170-boho-marron-turquesa\/","name":"Cintur\u00f3n Boho Marr\u00f3n Turquesa - Tony Mora | Dise\u00f1o \u00fanico","isPartOf":{"@id":"https:\/\/tonymora.com\/es\/#website"},"primaryImageOfPage":{"@id":"https:\/\/tonymora.com\/es\/producto\/2170-boho-marron-turquesa\/#primaryimage"},"image":{"@id":"https:\/\/tonymora.com\/es\/producto\/2170-boho-marron-turquesa\/#primaryimage"},"thumbnailUrl":"https:\/\/tonymora.com\/wp-content\/uploads\/2022\/09\/7.jpg","datePublished":"2019-07-30T15:46:19+00:00","dateModified":"2026-04-07T05:32:46+00:00","description":"Cintur\u00f3n de piel vacuno con motivos florales y bolas turquesas. Hecho a mano, calidad excepcional. \u00a1Un homenaje a la creatividad sin l\u00edmites!","breadcrumb":{"@id":"https:\/\/tonymora.com\/es\/producto\/2170-boho-marron-turquesa\/#breadcrumb"},"inLanguage":"es","potentialAction":[{"@type":"ReadAction","target":["https:\/\/tonymora.com\/es\/producto\/2170-boho-marron-turquesa\/"]}]},{"@type":"ImageObject","inLanguage":"es","@id":"https:\/\/tonymora.com\/es\/producto\/2170-boho-marron-turquesa\/#primaryimage","url":"https:\/\/tonymora.com\/wp-content\/uploads\/2022\/09\/7.jpg","contentUrl":"https:\/\/tonymora.com\/wp-content\/uploads\/2022\/09\/7.jpg","width":866,"height":1032},{"@type":"BreadcrumbList","@id":"https:\/\/tonymora.com\/es\/producto\/2170-boho-marron-turquesa\/#breadcrumb","itemListElement":[{"@type":"ListItem","position":1,"name":"Portada","item":"https:\/\/tonymora.com\/es\/"},{"@type":"ListItem","position":2,"name":"Tienda","item":"https:\/\/tonymora.com\/es\/tienda\/"},{"@type":"ListItem","position":3,"name":"Cinturones Mujer","item":"https:\/\/tonymora.com\/es\/categoria-producto\/cinturones-mujer\/"},{"@type":"ListItem","position":4,"name":"2170 BOHO MARRON TURQUESA"}]},{"@type":"WebSite","@id":"https:\/\/tonymora.com\/es\/#website","url":"https:\/\/tonymora.com\/es\/","name":"Tony Mora\u00ae Boots Official Store","description":"Cowboy Boots","publisher":{"@id":"https:\/\/tonymora.com\/es\/#organization"},"potentialAction":[{"@type":"SearchAction","target":{"@type":"EntryPoint","urlTemplate":"https:\/\/tonymora.com\/es\/?s={search_term_string}"},"query-input":{"@type":"PropertyValueSpecification","valueRequired":true,"valueName":"search_term_string"}}],"inLanguage":"es"},{"@type":"Organization","@id":"https:\/\/tonymora.com\/es\/#organization","name":"Tony Mora Boots","url":"https:\/\/tonymora.com\/es\/","logo":{"@type":"ImageObject","inLanguage":"es","@id":"https:\/\/tonymora.com\/es\/#\/schema\/logo\/image\/","url":"https:\/\/tonymora.com\/wp-content\/uploads\/2023\/12\/LOGO.jpg","contentUrl":"https:\/\/tonymora.com\/wp-content\/uploads\/2023\/12\/LOGO.jpg","width":2272,"height":1411,"caption":"Tony Mora Boots"},"image":{"@id":"https:\/\/tonymora.com\/es\/#\/schema\/logo\/image\/"},"sameAs":["https:\/\/www.facebook.com\/Tonymoraofficial\/","https:\/\/www.instagram.com\/tonymoraofficial\/?hl=es"]}]}},"_links":{"self":[{"href":"https:\/\/tonymora.com\/es\/wp-json\/wp\/v2\/product\/30494","targetHints":{"allow":["GET"]}}],"collection":[{"href":"https:\/\/tonymora.com\/es\/wp-json\/wp\/v2\/product"}],"about":[{"href":"https:\/\/tonymora.com\/es\/wp-json\/wp\/v2\/types\/product"}],"wp:featuredmedia":[{"embeddable":true,"href":"https:\/\/tonymora.com\/es\/wp-json\/wp\/v2\/media\/712144"}],"wp:attachment":[{"href":"https:\/\/tonymora.com\/es\/wp-json\/wp\/v2\/media?parent=30494"}],"wp:term":[{"taxonomy":"product_brand","embeddable":true,"href":"https:\/\/tonymora.com\/es\/wp-json\/wp\/v2\/product_brand?post=30494"},{"taxonomy":"product_cat","embeddable":true,"href":"https:\/\/tonymora.com\/es\/wp-json\/wp\/v2\/product_cat?post=30494"},{"taxonomy":"product_tag","embeddable":true,"href":"https:\/\/tonymora.com\/es\/wp-json\/wp\/v2\/product_tag?post=30494"}],"curies":[{"name":"wp","href":"https:\/\/api.w.org\/{rel}","templated":true}]}}