{"id":48623,"date":"2019-08-09T10:56:21","date_gmt":"2019-08-09T08:56:21","guid":{"rendered":"https:\/\/tonymora.com\/?post_type=product&#038;p=48623"},"modified":"2026-04-17T07:32:51","modified_gmt":"2026-04-17T05:32:51","slug":"1146-asturias-381-piton-bw","status":"publish","type":"product","link":"https:\/\/tonymora.com\/es\/producto\/1146-asturias-381-piton-bw\/","title":{"rendered":"1146 ASTURIAS 381 PITON B&#038;W"},"content":{"rendered":"<p data-start=\"98\" data-end=\"180\"><strong data-start=\"98\" data-end=\"180\"><span class=\"_fadeIn_m1hgl_8\">Zapatos <\/span><span class=\"_fadeIn_m1hgl_8\">de <\/span><span class=\"_fadeIn_m1hgl_8\">piel <\/span><span class=\"_fadeIn_m1hgl_8\">de <\/span><span class=\"_fadeIn_m1hgl_8\">pit\u00f3n <\/span><span class=\"_fadeIn_m1hgl_8\">blanco <\/span><span class=\"_fadeIn_m1hgl_8\">y <\/span><span class=\"_fadeIn_m1hgl_8\">negro: <\/span><span class=\"_fadeIn_m1hgl_8\">elegancia <\/span><span class=\"_fadeIn_m1hgl_8\">y <\/span><span class=\"_fadeIn_m1hgl_8\">exclusividad <\/span><span class=\"_fadeIn_m1hgl_8\">en <\/span><span class=\"_fadeIn_m1hgl_8\">cada <\/span><span class=\"_fadeIn_m1hgl_8\">paso<\/span><\/strong><\/p>\n<p data-start=\"182\" data-end=\"394\"><span class=\"_fadeIn_m1hgl_8\">Estos <\/span><span class=\"_fadeIn_m1hgl_8\">sofisticados <\/span><span class=\"_fadeIn_m1hgl_8\">zapatos <\/span><span class=\"_fadeIn_m1hgl_8\">de <\/span><strong data-start=\"212\" data-end=\"244\"><span class=\"_fadeIn_m1hgl_8\">piel <\/span><span class=\"_fadeIn_m1hgl_8\">de <\/span><span class=\"_fadeIn_m1hgl_8\">pit\u00f3n <\/span><span class=\"_fadeIn_m1hgl_8\">blanco <\/span><span class=\"_fadeIn_m1hgl_8\">y <\/span><span class=\"_fadeIn_m1hgl_8\">negro<\/span><\/strong> <span class=\"_fadeIn_m1hgl_8\">son <\/span><span class=\"_fadeIn_m1hgl_8\">aut\u00e9nticas <\/span><span class=\"_fadeIn_m1hgl_8\">obras <\/span><span class=\"_fadeIn_m1hgl_8\">de <\/span><span class=\"_fadeIn_m1hgl_8\">arte. <\/span><span class=\"_fadeIn_m1hgl_8\">Con <\/span><span class=\"_fadeIn_m1hgl_8\">ellos, <\/span><span class=\"_fadeIn_m1hgl_8\">no <\/span><span class=\"_fadeIn_m1hgl_8\">solo <\/span><span class=\"_fadeIn_m1hgl_8\">lucir\u00e1s <\/span><span class=\"_fadeIn_m1hgl_8\">elegante, <\/span><span class=\"_fadeIn_m1hgl_8\">sino <\/span><span class=\"_fadeIn_m1hgl_8\">que <\/span><span class=\"_fadeIn_m1hgl_8\">tambi\u00e9n <\/span><span class=\"_fadeIn_m1hgl_8\">disfrutar\u00e1s <\/span><span class=\"_fadeIn_m1hgl_8\">de <\/span><strong data-start=\"344\" data-end=\"383\"><span class=\"_fadeIn_m1hgl_8\">comodidad <\/span><span class=\"_fadeIn_m1hgl_8\">y <\/span><span class=\"_fadeIn_m1hgl_8\">distinci\u00f3n <\/span><span class=\"_fadeIn_m1hgl_8\">en <\/span><span class=\"_fadeIn_m1hgl_8\">cada <\/span><span class=\"_fadeIn_m1hgl_8\">paso<\/span><\/strong> <span class=\"_fadeIn_m1hgl_8\">que <\/span><span class=\"_fadeIn_m1hgl_8\">des.<\/span><\/p>\n<p data-start=\"396\" data-end=\"644\"><span class=\"_fadeIn_m1hgl_8\">Cada <\/span><span class=\"_fadeIn_m1hgl_8\">par <\/span><span class=\"_fadeIn_m1hgl_8\">es <\/span><span class=\"_fadeIn_m1hgl_8\">una <\/span><strong data-start=\"412\" data-end=\"439\"><span class=\"_fadeIn_m1hgl_8\">pieza <\/span><span class=\"_fadeIn_m1hgl_8\">\u00fanica <\/span><span class=\"_fadeIn_m1hgl_8\">y <\/span><span class=\"_fadeIn_m1hgl_8\">exclusiva<\/span><\/strong> <span class=\"_fadeIn_m1hgl_8\">gracias <\/span><span class=\"_fadeIn_m1hgl_8\">a <\/span><span class=\"_fadeIn_m1hgl_8\">su <\/span><span class=\"_fadeIn_m1hgl_8\">patr\u00f3n <\/span><span class=\"_fadeIn_m1hgl_8\">natural. <\/span><span class=\"_fadeIn_m1hgl_8\">Nuestros <\/span><span class=\"_fadeIn_m1hgl_8\">artesanos <\/span><strong data-start=\"488\" data-end=\"516\"><span class=\"_fadeIn_m1hgl_8\">cortan <\/span><span class=\"_fadeIn_m1hgl_8\">cada <\/span><span class=\"_fadeIn_m1hgl_8\">pieza <\/span><span class=\"_fadeIn_m1hgl_8\">a <\/span><span class=\"_fadeIn_m1hgl_8\">mano<\/span><\/strong> <span class=\"_fadeIn_m1hgl_8\">y <\/span><span class=\"_fadeIn_m1hgl_8\">las <\/span><span class=\"_fadeIn_m1hgl_8\">unen <\/span><span class=\"_fadeIn_m1hgl_8\">meticulosamente <\/span><span class=\"_fadeIn_m1hgl_8\">para <\/span><span class=\"_fadeIn_m1hgl_8\">crear <\/span><span class=\"_fadeIn_m1hgl_8\">unos <\/span><span class=\"_fadeIn_m1hgl_8\">zapatos <\/span><span class=\"_fadeIn_m1hgl_8\">\u00fanicos <\/span><span class=\"_fadeIn_m1hgl_8\">e <\/span><span class=\"_fadeIn_m1hgl_8\">irrepetibles <\/span><span class=\"_fadeIn_m1hgl_8\">que <\/span><span class=\"_fadeIn_m1hgl_8\">destacan <\/span><span class=\"_fadeIn_m1hgl_8\">por <\/span><span class=\"_fadeIn_m1hgl_8\">su <\/span><span class=\"_fadeIn_m1hgl_8\">preciosa <\/span><span class=\"_fadeIn_m1hgl_8\">combinaci\u00f3n <\/span><span class=\"_fadeIn_m1hgl_8\">de <\/span><span class=\"_fadeIn_m1hgl_8\">colores.<\/span><\/p>\n<p data-start=\"646\" data-end=\"742\"><span class=\"_fadeIn_m1hgl_8\">Podr\u00e1s <\/span><span class=\"_fadeIn_m1hgl_8\">combinarlos <\/span><span class=\"_fadeIn_m1hgl_8\">f\u00e1cilmente <\/span><span class=\"_fadeIn_m1hgl_8\">en <\/span><span class=\"_fadeIn_m1hgl_8\">tu <\/span><span class=\"_fadeIn_m1hgl_8\">d\u00eda <\/span><span class=\"_fadeIn_m1hgl_8\">a <\/span><span class=\"_fadeIn_m1hgl_8\">d\u00eda, <\/span><span class=\"_fadeIn_m1hgl_8\">ya <\/span><span class=\"_fadeIn_m1hgl_8\">sea <\/span><span class=\"_fadeIn_m1hgl_8\">con <\/span><span class=\"_fadeIn_m1hgl_8\">tus <\/span><span class=\"_fadeIn_m1hgl_8\">jeans <\/span><span class=\"_fadeIn_m1hgl_8\">preferidos <\/span><span class=\"_fadeIn_m1hgl_8\">o <\/span><span class=\"_fadeIn_m1hgl_8\">con <\/span><span class=\"_fadeIn_m1hgl_8\">un <\/span><span class=\"_fadeIn_m1hgl_8\">traje.<\/span><\/p>\n<p data-start=\"744\" data-end=\"920\"><span class=\"_fadeIn_m1hgl_8\">Este <\/span><span class=\"_fadeIn_m1hgl_8\">tipo <\/span><span class=\"_fadeIn_m1hgl_8\">de <\/span><span class=\"_fadeIn_m1hgl_8\">piel <\/span><span class=\"_fadeIn_m1hgl_8\">garantiza <\/span><span class=\"_fadeIn_m1hgl_8\">una <\/span><strong data-start=\"776\" data-end=\"817\"><span class=\"_fadeIn_m1hgl_8\">durabilidad <\/span><span class=\"_fadeIn_m1hgl_8\">y <\/span><span class=\"_fadeIn_m1hgl_8\">flexibilidad <\/span><span class=\"_fadeIn_m1hgl_8\">asombrosas<\/span><\/strong><span class=\"_fadeIn_m1hgl_8\">, <\/span><span class=\"_fadeIn_m1hgl_8\">mientras <\/span><span class=\"_fadeIn_m1hgl_8\">que <\/span><span class=\"_fadeIn_m1hgl_8\">su <\/span><span class=\"_fadeIn_m1hgl_8\">interior <\/span><span class=\"_fadeIn_m1hgl_8\">en <\/span><strong data-start=\"847\" data-end=\"917\"><span class=\"_fadeIn_m1hgl_8\">piel <\/span><span class=\"_fadeIn_m1hgl_8\">de <\/span><span class=\"_fadeIn_m1hgl_8\">ternera <\/span><span class=\"_fadeIn_m1hgl_8\">ofrece <\/span><span class=\"_fadeIn_m1hgl_8\">suavidad, <\/span><span class=\"_fadeIn_m1hgl_8\">comodidad <\/span><span class=\"_fadeIn_m1hgl_8\">y <\/span><span class=\"_fadeIn_m1hgl_8\">alta <\/span><span class=\"_fadeIn_m1hgl_8\">transpirabilidad<\/span><\/strong><span class=\"_fadeIn_m1hgl_8\">.<\/span><\/p>\n<p data-start=\"922\" data-end=\"1083\"><span class=\"_fadeIn_m1hgl_8\">Adem\u00e1s, <\/span><span class=\"_fadeIn_m1hgl_8\">estos <\/span><span class=\"_fadeIn_m1hgl_8\">zapatos <\/span><span class=\"_fadeIn_m1hgl_8\">est\u00e1n <\/span><strong data-start=\"950\" data-end=\"1020\"><span class=\"_fadeIn_m1hgl_8\">cosidos <\/span><span class=\"_fadeIn_m1hgl_8\">a <\/span><span class=\"_fadeIn_m1hgl_8\">mano <\/span><span class=\"_fadeIn_m1hgl_8\">utilizando <\/span><span class=\"_fadeIn_m1hgl_8\">el <\/span><span class=\"_fadeIn_m1hgl_8\">prestigioso <\/span><span class=\"_fadeIn_m1hgl_8\">sistema \u00ab<\/span><span class=\"_fadeIn_m1hgl_8\">Goodyear <\/span><span class=\"_fadeIn_m1hgl_8\">welted\u00bb<\/span><\/strong><span class=\"_fadeIn_m1hgl_8\">, <\/span><span class=\"_fadeIn_m1hgl_8\">garantizando <\/span><span class=\"_fadeIn_m1hgl_8\">as\u00ed <\/span><span class=\"_fadeIn_m1hgl_8\">la <\/span><span class=\"_fadeIn_m1hgl_8\">calidad <\/span><span class=\"_fadeIn_m1hgl_8\">que <\/span><span class=\"_fadeIn_m1hgl_8\">solo <\/span><span class=\"_fadeIn_m1hgl_8\">Tony <\/span><span class=\"_fadeIn_m1hgl_8\">Mora <\/span><span class=\"_fadeIn_m1hgl_8\">puede <\/span><span class=\"_fadeIn_m1hgl_8\">ofrecer.<\/span><\/p>\n","protected":false},"excerpt":{"rendered":"<p>Un dise\u00f1o que transmite car\u00e1cter desde el primer paso. Pensado para quienes cuidan los detalles.<br \/>\nUna forma de vestir la autenticidad con elegancia.<\/p>\n","protected":false},"featured_media":707186,"template":"","meta":{"_mbp_gutenberg_autopost":false},"product_brand":[771,773,775,777,779,781,783,785],"product_cat":[1172,1127,108,1124,161],"product_tag":[],"class_list":{"0":"post-48623","1":"product","2":"type-product","3":"status-publish","4":"has-post-thumbnail","6":"product_brand-talla-hombre-40","7":"product_brand-talla-hombre-41","8":"product_brand-talla-hombre-42","9":"product_brand-talla-hombre-43","10":"product_brand-talla-hombre-44","11":"product_brand-talla-hombre-45","12":"product_brand-talla-hombre-46","13":"product_brand-talla-hombre-47","14":"product_cat-black-friday","15":"product_cat-botas-de-lujo-hombre","16":"product_cat-hombre","17":"product_cat-rebajas-hombre","18":"product_cat-zapatos-hombre","20":"first","21":"instock","22":"taxable","23":"shipping-taxable","24":"purchasable","25":"product-type-variable"},"supplier_id":null,"supplier_sku":"","barcode":null,"atum_controlled":true,"out_stock_date":"2021-12-10 09:04:22","out_stock_threshold":null,"inheritable":true,"inbound_stock":0,"stock_on_hold":0,"sold_today":0,"sales_last_days":0,"reserved_stock":0,"customer_returns":0,"warehouse_damage":0,"lost_in_post":0,"other_logs":0,"out_stock_days":1567,"lost_sales":0,"has_location":false,"update_date":"2026-03-26T12:33:42","atum_locations":[],"atum_stock_status":"instock","restock_status":false,"low_stock_amount":"","sales_update_date":"2025-04-15T08:27:17","calc_backorders":null,"yoast_head":"<!-- This site is optimized with the Yoast SEO plugin v27.4 - https:\/\/yoast.com\/product\/yoast-seo-wordpress\/ -->\n<title>Zapatos de pit\u00f3n blanco y negro \u2013 Elegancia \u00fanica | Tony Mora<\/title>\n<meta name=\"description\" content=\"Zapatos de pit\u00f3n blanco y negro con dise\u00f1o artesanal \u00fanico. Elegancia, comodidad y distinci\u00f3n en cada paso. Calidad Tony Mora hecha a mano.\" \/>\n<meta name=\"robots\" content=\"index, follow, max-snippet:-1, max-image-preview:large, max-video-preview:-1\" \/>\n<link rel=\"canonical\" href=\"https:\/\/tonymora.com\/es\/producto\/1146-asturias-381-piton-bw\/\" \/>\n<meta property=\"og:locale\" content=\"es_ES\" \/>\n<meta property=\"og:type\" content=\"article\" \/>\n<meta property=\"og:title\" content=\"Zapatos de pit\u00f3n blanco y negro \u2013 Elegancia \u00fanica | Tony Mora\" \/>\n<meta property=\"og:description\" content=\"Zapatos de pit\u00f3n blanco y negro con dise\u00f1o artesanal \u00fanico. Elegancia, comodidad y distinci\u00f3n en cada paso. Calidad Tony Mora hecha a mano.\" \/>\n<meta property=\"og:url\" content=\"https:\/\/tonymora.com\/es\/producto\/1146-asturias-381-piton-bw\/\" \/>\n<meta property=\"og:site_name\" content=\"Tony Mora\u00ae Boots Official Store\" \/>\n<meta property=\"article:publisher\" content=\"https:\/\/www.facebook.com\/Tonymoraofficial\/\" \/>\n<meta property=\"article:modified_time\" content=\"2026-04-17T05:32:51+00:00\" \/>\n<meta property=\"og:image\" content=\"https:\/\/tonymora.com\/wp-content\/uploads\/2019\/08\/07-1146-ASTURIAS-381-PITON-BW.jpg\" \/>\n\t<meta property=\"og:image:width\" content=\"866\" \/>\n\t<meta property=\"og:image:height\" content=\"1032\" \/>\n\t<meta property=\"og:image:type\" content=\"image\/jpeg\" \/>\n<meta name=\"twitter:card\" content=\"summary_large_image\" \/>\n<meta name=\"twitter:label1\" content=\"Tiempo de lectura\" \/>\n\t<meta name=\"twitter:data1\" content=\"1 minuto\" \/>\n<script type=\"application\/ld+json\" class=\"yoast-schema-graph\">{\"@context\":\"https:\\\/\\\/schema.org\",\"@graph\":[{\"@type\":\"WebPage\",\"@id\":\"https:\\\/\\\/tonymora.com\\\/es\\\/producto\\\/1146-asturias-381-piton-bw\\\/\",\"url\":\"https:\\\/\\\/tonymora.com\\\/es\\\/producto\\\/1146-asturias-381-piton-bw\\\/\",\"name\":\"Zapatos de pit\u00f3n blanco y negro \u2013 Elegancia \u00fanica | Tony Mora\",\"isPartOf\":{\"@id\":\"https:\\\/\\\/tonymora.com\\\/es\\\/#website\"},\"primaryImageOfPage\":{\"@id\":\"https:\\\/\\\/tonymora.com\\\/es\\\/producto\\\/1146-asturias-381-piton-bw\\\/#primaryimage\"},\"image\":{\"@id\":\"https:\\\/\\\/tonymora.com\\\/es\\\/producto\\\/1146-asturias-381-piton-bw\\\/#primaryimage\"},\"thumbnailUrl\":\"https:\\\/\\\/tonymora.com\\\/wp-content\\\/uploads\\\/2019\\\/08\\\/07-1146-ASTURIAS-381-PITON-BW.jpg\",\"datePublished\":\"2019-08-09T08:56:21+00:00\",\"dateModified\":\"2026-04-17T05:32:51+00:00\",\"description\":\"Zapatos de pit\u00f3n blanco y negro con dise\u00f1o artesanal \u00fanico. Elegancia, comodidad y distinci\u00f3n en cada paso. Calidad Tony Mora hecha a mano.\",\"breadcrumb\":{\"@id\":\"https:\\\/\\\/tonymora.com\\\/es\\\/producto\\\/1146-asturias-381-piton-bw\\\/#breadcrumb\"},\"inLanguage\":\"es\",\"potentialAction\":[{\"@type\":\"ReadAction\",\"target\":[\"https:\\\/\\\/tonymora.com\\\/es\\\/producto\\\/1146-asturias-381-piton-bw\\\/\"]}]},{\"@type\":\"ImageObject\",\"inLanguage\":\"es\",\"@id\":\"https:\\\/\\\/tonymora.com\\\/es\\\/producto\\\/1146-asturias-381-piton-bw\\\/#primaryimage\",\"url\":\"https:\\\/\\\/tonymora.com\\\/wp-content\\\/uploads\\\/2019\\\/08\\\/07-1146-ASTURIAS-381-PITON-BW.jpg\",\"contentUrl\":\"https:\\\/\\\/tonymora.com\\\/wp-content\\\/uploads\\\/2019\\\/08\\\/07-1146-ASTURIAS-381-PITON-BW.jpg\",\"width\":866,\"height\":1032,\"caption\":\"Zapatos de piel de pit\u00f3n blanco y negro\"},{\"@type\":\"BreadcrumbList\",\"@id\":\"https:\\\/\\\/tonymora.com\\\/es\\\/producto\\\/1146-asturias-381-piton-bw\\\/#breadcrumb\",\"itemListElement\":[{\"@type\":\"ListItem\",\"position\":1,\"name\":\"Portada\",\"item\":\"https:\\\/\\\/tonymora.com\\\/es\\\/\"},{\"@type\":\"ListItem\",\"position\":2,\"name\":\"Tienda\",\"item\":\"https:\\\/\\\/tonymora.com\\\/es\\\/tienda\\\/\"},{\"@type\":\"ListItem\",\"position\":3,\"name\":\"Hombre\",\"item\":\"https:\\\/\\\/tonymora.com\\\/es\\\/categoria-producto\\\/hombre\\\/\"},{\"@type\":\"ListItem\",\"position\":4,\"name\":\"1146 ASTURIAS 381 PITON B&#038;W\"}]},{\"@type\":\"WebSite\",\"@id\":\"https:\\\/\\\/tonymora.com\\\/es\\\/#website\",\"url\":\"https:\\\/\\\/tonymora.com\\\/es\\\/\",\"name\":\"Tony Mora\u00ae Boots Official Store\",\"description\":\"Cowboy Boots\",\"publisher\":{\"@id\":\"https:\\\/\\\/tonymora.com\\\/es\\\/#organization\"},\"potentialAction\":[{\"@type\":\"SearchAction\",\"target\":{\"@type\":\"EntryPoint\",\"urlTemplate\":\"https:\\\/\\\/tonymora.com\\\/es\\\/?s={search_term_string}\"},\"query-input\":{\"@type\":\"PropertyValueSpecification\",\"valueRequired\":true,\"valueName\":\"search_term_string\"}}],\"inLanguage\":\"es\"},{\"@type\":\"Organization\",\"@id\":\"https:\\\/\\\/tonymora.com\\\/es\\\/#organization\",\"name\":\"Tony Mora Boots\",\"url\":\"https:\\\/\\\/tonymora.com\\\/es\\\/\",\"logo\":{\"@type\":\"ImageObject\",\"inLanguage\":\"es\",\"@id\":\"https:\\\/\\\/tonymora.com\\\/es\\\/#\\\/schema\\\/logo\\\/image\\\/\",\"url\":\"https:\\\/\\\/tonymora.com\\\/wp-content\\\/uploads\\\/2023\\\/12\\\/LOGO.jpg\",\"contentUrl\":\"https:\\\/\\\/tonymora.com\\\/wp-content\\\/uploads\\\/2023\\\/12\\\/LOGO.jpg\",\"width\":2272,\"height\":1411,\"caption\":\"Tony Mora Boots\"},\"image\":{\"@id\":\"https:\\\/\\\/tonymora.com\\\/es\\\/#\\\/schema\\\/logo\\\/image\\\/\"},\"sameAs\":[\"https:\\\/\\\/www.facebook.com\\\/Tonymoraofficial\\\/\",\"https:\\\/\\\/www.instagram.com\\\/tonymoraofficial\\\/?hl=es\"]}]}<\/script>\n<!-- \/ Yoast SEO plugin. -->","yoast_head_json":{"title":"Zapatos de pit\u00f3n blanco y negro \u2013 Elegancia \u00fanica | Tony Mora","description":"Zapatos de pit\u00f3n blanco y negro con dise\u00f1o artesanal \u00fanico. Elegancia, comodidad y distinci\u00f3n en cada paso. Calidad Tony Mora hecha a mano.","robots":{"index":"index","follow":"follow","max-snippet":"max-snippet:-1","max-image-preview":"max-image-preview:large","max-video-preview":"max-video-preview:-1"},"canonical":"https:\/\/tonymora.com\/es\/producto\/1146-asturias-381-piton-bw\/","og_locale":"es_ES","og_type":"article","og_title":"Zapatos de pit\u00f3n blanco y negro \u2013 Elegancia \u00fanica | Tony Mora","og_description":"Zapatos de pit\u00f3n blanco y negro con dise\u00f1o artesanal \u00fanico. Elegancia, comodidad y distinci\u00f3n en cada paso. Calidad Tony Mora hecha a mano.","og_url":"https:\/\/tonymora.com\/es\/producto\/1146-asturias-381-piton-bw\/","og_site_name":"Tony Mora\u00ae Boots Official Store","article_publisher":"https:\/\/www.facebook.com\/Tonymoraofficial\/","article_modified_time":"2026-04-17T05:32:51+00:00","og_image":[{"width":866,"height":1032,"url":"https:\/\/tonymora.com\/wp-content\/uploads\/2019\/08\/07-1146-ASTURIAS-381-PITON-BW.jpg","type":"image\/jpeg"}],"twitter_card":"summary_large_image","twitter_misc":{"Tiempo de lectura":"1 minuto"},"schema":{"@context":"https:\/\/schema.org","@graph":[{"@type":"WebPage","@id":"https:\/\/tonymora.com\/es\/producto\/1146-asturias-381-piton-bw\/","url":"https:\/\/tonymora.com\/es\/producto\/1146-asturias-381-piton-bw\/","name":"Zapatos de pit\u00f3n blanco y negro \u2013 Elegancia \u00fanica | Tony Mora","isPartOf":{"@id":"https:\/\/tonymora.com\/es\/#website"},"primaryImageOfPage":{"@id":"https:\/\/tonymora.com\/es\/producto\/1146-asturias-381-piton-bw\/#primaryimage"},"image":{"@id":"https:\/\/tonymora.com\/es\/producto\/1146-asturias-381-piton-bw\/#primaryimage"},"thumbnailUrl":"https:\/\/tonymora.com\/wp-content\/uploads\/2019\/08\/07-1146-ASTURIAS-381-PITON-BW.jpg","datePublished":"2019-08-09T08:56:21+00:00","dateModified":"2026-04-17T05:32:51+00:00","description":"Zapatos de pit\u00f3n blanco y negro con dise\u00f1o artesanal \u00fanico. Elegancia, comodidad y distinci\u00f3n en cada paso. Calidad Tony Mora hecha a mano.","breadcrumb":{"@id":"https:\/\/tonymora.com\/es\/producto\/1146-asturias-381-piton-bw\/#breadcrumb"},"inLanguage":"es","potentialAction":[{"@type":"ReadAction","target":["https:\/\/tonymora.com\/es\/producto\/1146-asturias-381-piton-bw\/"]}]},{"@type":"ImageObject","inLanguage":"es","@id":"https:\/\/tonymora.com\/es\/producto\/1146-asturias-381-piton-bw\/#primaryimage","url":"https:\/\/tonymora.com\/wp-content\/uploads\/2019\/08\/07-1146-ASTURIAS-381-PITON-BW.jpg","contentUrl":"https:\/\/tonymora.com\/wp-content\/uploads\/2019\/08\/07-1146-ASTURIAS-381-PITON-BW.jpg","width":866,"height":1032,"caption":"Zapatos de piel de pit\u00f3n blanco y negro"},{"@type":"BreadcrumbList","@id":"https:\/\/tonymora.com\/es\/producto\/1146-asturias-381-piton-bw\/#breadcrumb","itemListElement":[{"@type":"ListItem","position":1,"name":"Portada","item":"https:\/\/tonymora.com\/es\/"},{"@type":"ListItem","position":2,"name":"Tienda","item":"https:\/\/tonymora.com\/es\/tienda\/"},{"@type":"ListItem","position":3,"name":"Hombre","item":"https:\/\/tonymora.com\/es\/categoria-producto\/hombre\/"},{"@type":"ListItem","position":4,"name":"1146 ASTURIAS 381 PITON B&#038;W"}]},{"@type":"WebSite","@id":"https:\/\/tonymora.com\/es\/#website","url":"https:\/\/tonymora.com\/es\/","name":"Tony Mora\u00ae Boots Official Store","description":"Cowboy Boots","publisher":{"@id":"https:\/\/tonymora.com\/es\/#organization"},"potentialAction":[{"@type":"SearchAction","target":{"@type":"EntryPoint","urlTemplate":"https:\/\/tonymora.com\/es\/?s={search_term_string}"},"query-input":{"@type":"PropertyValueSpecification","valueRequired":true,"valueName":"search_term_string"}}],"inLanguage":"es"},{"@type":"Organization","@id":"https:\/\/tonymora.com\/es\/#organization","name":"Tony Mora Boots","url":"https:\/\/tonymora.com\/es\/","logo":{"@type":"ImageObject","inLanguage":"es","@id":"https:\/\/tonymora.com\/es\/#\/schema\/logo\/image\/","url":"https:\/\/tonymora.com\/wp-content\/uploads\/2023\/12\/LOGO.jpg","contentUrl":"https:\/\/tonymora.com\/wp-content\/uploads\/2023\/12\/LOGO.jpg","width":2272,"height":1411,"caption":"Tony Mora Boots"},"image":{"@id":"https:\/\/tonymora.com\/es\/#\/schema\/logo\/image\/"},"sameAs":["https:\/\/www.facebook.com\/Tonymoraofficial\/","https:\/\/www.instagram.com\/tonymoraofficial\/?hl=es"]}]}},"_links":{"self":[{"href":"https:\/\/tonymora.com\/es\/wp-json\/wp\/v2\/product\/48623","targetHints":{"allow":["GET"]}}],"collection":[{"href":"https:\/\/tonymora.com\/es\/wp-json\/wp\/v2\/product"}],"about":[{"href":"https:\/\/tonymora.com\/es\/wp-json\/wp\/v2\/types\/product"}],"wp:featuredmedia":[{"embeddable":true,"href":"https:\/\/tonymora.com\/es\/wp-json\/wp\/v2\/media\/707186"}],"wp:attachment":[{"href":"https:\/\/tonymora.com\/es\/wp-json\/wp\/v2\/media?parent=48623"}],"wp:term":[{"taxonomy":"product_brand","embeddable":true,"href":"https:\/\/tonymora.com\/es\/wp-json\/wp\/v2\/product_brand?post=48623"},{"taxonomy":"product_cat","embeddable":true,"href":"https:\/\/tonymora.com\/es\/wp-json\/wp\/v2\/product_cat?post=48623"},{"taxonomy":"product_tag","embeddable":true,"href":"https:\/\/tonymora.com\/es\/wp-json\/wp\/v2\/product_tag?post=48623"}],"curies":[{"name":"wp","href":"https:\/\/api.w.org\/{rel}","templated":true}]}}