{"id":654628,"date":"2020-05-06T18:31:22","date_gmt":"2020-05-06T16:31:22","guid":{"rendered":"https:\/\/tonymora.com\/?post_type=product&#038;p=654628"},"modified":"2026-05-12T17:07:53","modified_gmt":"2026-05-12T15:07:53","slug":"814-virgi-lini-piton-negro","status":"publish","type":"product","link":"https:\/\/tonymora.com\/es\/producto\/814-virgi-lini-piton-negro\/","title":{"rendered":"814 VIRGI LINI PITON NEGRO"},"content":{"rendered":"<p style=\"text-align: left;\">Pasa de lo habitual\u2026 y atr\u00e9vete a lucir estas botas en una excepcional piel de Pit\u00f3n. Tratadas exclusivamente por nuestros artesanos para darte colores \u00fanicos y garantizar la calidad Tony Mora, unas botas para toda la vida\u2026 la combinaci\u00f3n perfecta entre lo sexy y elegante.<\/p>\n","protected":false},"excerpt":{"rendered":"<p>Elegancia atemporal con una actitud inconfundible. Inspiraci\u00f3n aut\u00e9ntica y personalidad marcada.<br \/>\nDise\u00f1ada para quienes entienden la elegancia como una actitud.<\/p>\n","protected":false},"featured_media":694394,"template":"","meta":{"_mbp_gutenberg_autopost":false},"product_brand":[757,759,765,767],"product_cat":[1132,122,112,1130],"product_tag":[],"class_list":{"0":"post-654628","1":"product","2":"type-product","3":"status-publish","4":"has-post-thumbnail","6":"product_brand-talla-mujer-36","7":"product_brand-talla-mujer-37","8":"product_brand-talla-mujer-40","9":"product_brand-talla-mujer-41","10":"product_cat-botas-de-piton-mujer","11":"product_cat-botas-exoticas-mujer","12":"product_cat-mujer","13":"product_cat-rebajas-mujer","15":"first","16":"outofstock","17":"taxable","18":"shipping-taxable","19":"purchasable","20":"product-type-variable"},"_links":{"self":[{"href":"https:\/\/tonymora.com\/es\/wp-json\/wp\/v2\/product\/654628","targetHints":{"allow":["GET"]}}],"collection":[{"href":"https:\/\/tonymora.com\/es\/wp-json\/wp\/v2\/product"}],"about":[{"href":"https:\/\/tonymora.com\/es\/wp-json\/wp\/v2\/types\/product"}],"wp:featuredmedia":[{"embeddable":true,"href":"https:\/\/tonymora.com\/es\/wp-json\/wp\/v2\/media\/694394"}],"wp:attachment":[{"href":"https:\/\/tonymora.com\/es\/wp-json\/wp\/v2\/media?parent=654628"}],"wp:term":[{"taxonomy":"product_brand","embeddable":true,"href":"https:\/\/tonymora.com\/es\/wp-json\/wp\/v2\/product_brand?post=654628"},{"taxonomy":"product_cat","embeddable":true,"href":"https:\/\/tonymora.com\/es\/wp-json\/wp\/v2\/product_cat?post=654628"},{"taxonomy":"product_tag","embeddable":true,"href":"https:\/\/tonymora.com\/es\/wp-json\/wp\/v2\/product_tag?post=654628"}],"curies":[{"name":"wp","href":"https:\/\/api.w.org\/{rel}","templated":true}]}}