{"id":654810,"date":"2020-05-07T08:52:43","date_gmt":"2020-05-07T06:52:43","guid":{"rendered":"https:\/\/tonymora.com\/?post_type=product&#038;p=654810"},"modified":"2026-04-27T07:32:35","modified_gmt":"2026-04-27T05:32:35","slug":"1161-tx-paseo-connoly-vino","status":"publish","type":"product","link":"https:\/\/tonymora.com\/es\/producto\/1161-tx-paseo-connoly-vino\/","title":{"rendered":"1161 TX PASEO CONNOLY VINO"},"content":{"rendered":"<p style=\"text-align: left;\">\u00bfQuieres la fortaleza de unas biker pero con un toque casual? \u00c9chale un vistazo a nuestras biker. C\u00f3modas y elegantes\u2026 traemos un estilo renovado que querr\u00e1s usarlas en toda ocasi\u00f3n. El tama\u00f1o ideal para combinar con vestidos y pantalones\u2026 de d\u00eda o de noche!<\/p>\n","protected":false},"excerpt":{"rendered":"<p>Un estilo que habla de identidad, sin necesidad de palabras. Energ\u00eda urbana con car\u00e1cter y fuerza.<br \/>\nPensada para vivir momentos, no para seguir tendencias.<\/p>\n","protected":false},"featured_media":707638,"template":"","meta":{"_mbp_gutenberg_autopost":false},"product_brand":[757,763,765,767],"product_cat":[113,121,112],"product_tag":[],"class_list":{"0":"post-654810","1":"product","2":"type-product","3":"status-publish","4":"has-post-thumbnail","6":"product_brand-talla-mujer-36","7":"product_brand-talla-mujer-39","8":"product_brand-talla-mujer-40","9":"product_brand-talla-mujer-41","10":"product_cat-botas-biker-mujer","11":"product_cat-botines-mujer","12":"product_cat-mujer","14":"first","15":"outofstock","16":"taxable","17":"shipping-taxable","18":"product-type-variable"},"_links":{"self":[{"href":"https:\/\/tonymora.com\/es\/wp-json\/wp\/v2\/product\/654810","targetHints":{"allow":["GET"]}}],"collection":[{"href":"https:\/\/tonymora.com\/es\/wp-json\/wp\/v2\/product"}],"about":[{"href":"https:\/\/tonymora.com\/es\/wp-json\/wp\/v2\/types\/product"}],"wp:featuredmedia":[{"embeddable":true,"href":"https:\/\/tonymora.com\/es\/wp-json\/wp\/v2\/media\/707638"}],"wp:attachment":[{"href":"https:\/\/tonymora.com\/es\/wp-json\/wp\/v2\/media?parent=654810"}],"wp:term":[{"taxonomy":"product_brand","embeddable":true,"href":"https:\/\/tonymora.com\/es\/wp-json\/wp\/v2\/product_brand?post=654810"},{"taxonomy":"product_cat","embeddable":true,"href":"https:\/\/tonymora.com\/es\/wp-json\/wp\/v2\/product_cat?post=654810"},{"taxonomy":"product_tag","embeddable":true,"href":"https:\/\/tonymora.com\/es\/wp-json\/wp\/v2\/product_tag?post=654810"}],"curies":[{"name":"wp","href":"https:\/\/api.w.org\/{rel}","templated":true}]}}