{"id":654901,"date":"2020-05-07T09:07:01","date_gmt":"2020-05-07T07:07:01","guid":{"rendered":"https:\/\/tonymora.com\/?post_type=product&#038;p=654901"},"modified":"2026-04-12T07:32:52","modified_gmt":"2026-04-12T05:32:52","slug":"2051-j-mon-atapuerca-brash-gris","status":"publish","type":"product","link":"https:\/\/tonymora.com\/es\/producto\/2051-j-mon-atapuerca-brash-gris\/","title":{"rendered":"2051 J MON ATAPUERCA BRASH GRIS"},"content":{"rendered":"<p style=\"text-align: left;\">Trabajamos calidad y en cada bota ponemos el sello de la garant\u00eda Tony Mora, con nuestros modelos te llevas un cl\u00e1sico del estilo cowboy. Su horma confort es perfecta para usarla donde quieras y cuanto quieras. \u00dasalas para una entrevista, una cena o una salida con amigos, este es un modelo que no pasar\u00e1 de moda y te acompa\u00f1ar\u00e1 siempre. Un cl\u00e1sico necesario.<\/p>\n","protected":false},"excerpt":{"rendered":"<p>Sofisticaci\u00f3n serena para quienes eligen con criterio. Actitud firme y estilo que se impone con naturalidad.<br \/>\nPara llevarla hoy, ma\u00f1ana y dentro de a\u00f1os, con la misma fuerza.<\/p>\n","protected":false},"featured_media":659346,"template":"","meta":{"_mbp_gutenberg_autopost":false},"product_brand":[771,773,775,777,779,781,783,785],"product_cat":[116,108],"product_tag":[],"class_list":{"0":"post-654901","1":"product","2":"type-product","3":"status-publish","4":"has-post-thumbnail","6":"product_brand-talla-hombre-40","7":"product_brand-talla-hombre-41","8":"product_brand-talla-hombre-42","9":"product_brand-talla-hombre-43","10":"product_brand-talla-hombre-44","11":"product_brand-talla-hombre-45","12":"product_brand-talla-hombre-46","13":"product_brand-talla-hombre-47","14":"product_cat-botas-casual-hombre","15":"product_cat-hombre","17":"first","18":"outofstock","19":"taxable","20":"shipping-taxable","21":"product-type-variable"},"supplier_id":null,"supplier_sku":"","barcode":null,"atum_controlled":true,"out_stock_date":null,"out_stock_threshold":null,"inheritable":true,"inbound_stock":null,"stock_on_hold":0,"sold_today":0,"sales_last_days":0,"reserved_stock":null,"customer_returns":null,"warehouse_damage":null,"lost_in_post":null,"other_logs":null,"out_stock_days":0,"lost_sales":0,"has_location":false,"update_date":"2024-07-09T08:22:47","atum_locations":[],"atum_stock_status":"outofstock","restock_status":false,"low_stock_amount":"","sales_update_date":"2024-07-09T08:22:47","calc_backorders":null,"yoast_head":"<!-- This site is optimized with the Yoast SEO plugin v27.2 - https:\/\/yoast.com\/product\/yoast-seo-wordpress\/ -->\n<title>2051 J MON ATAPUERCA BRASH GRIS - Tony Mora\u00ae Boots Official Store<\/title>\n<meta name=\"description\" content=\"Trabajamos calidad y en cada bota ponemos el sello de la garant\u00eda Tony Mora, con nuestros modelos te llevas un cl\u00e1sico del estilo cowboy.\" \/>\n<meta name=\"robots\" content=\"index, follow, max-snippet:-1, max-image-preview:large, max-video-preview:-1\" \/>\n<link rel=\"canonical\" href=\"https:\/\/tonymora.com\/es\/producto\/2051-j-mon-atapuerca-brash-gris\/\" \/>\n<meta property=\"og:locale\" content=\"es_ES\" \/>\n<meta property=\"og:type\" content=\"article\" \/>\n<meta property=\"og:title\" content=\"2051 J MON ATAPUERCA BRASH GRIS - Tony Mora\u00ae Boots Official Store\" \/>\n<meta property=\"og:description\" content=\"Trabajamos calidad y en cada bota ponemos el sello de la garant\u00eda Tony Mora, con nuestros modelos te llevas un cl\u00e1sico del estilo cowboy.\" \/>\n<meta property=\"og:url\" content=\"https:\/\/tonymora.com\/es\/producto\/2051-j-mon-atapuerca-brash-gris\/\" \/>\n<meta property=\"og:site_name\" content=\"Tony Mora\u00ae Boots Official Store\" \/>\n<meta property=\"article:publisher\" content=\"https:\/\/www.facebook.com\/Tonymoraofficial\/\" \/>\n<meta property=\"article:modified_time\" content=\"2026-04-12T05:32:52+00:00\" \/>\n<meta property=\"og:image\" content=\"https:\/\/tonymora.com\/wp-content\/uploads\/2020\/05\/10_2.jpg\" \/>\n\t<meta property=\"og:image:width\" content=\"897\" \/>\n\t<meta property=\"og:image:height\" content=\"1069\" \/>\n\t<meta property=\"og:image:type\" content=\"image\/jpeg\" \/>\n<meta name=\"twitter:card\" content=\"summary_large_image\" \/>\n<script type=\"application\/ld+json\" class=\"yoast-schema-graph\">{\"@context\":\"https:\/\/schema.org\",\"@graph\":[{\"@type\":\"WebPage\",\"@id\":\"https:\/\/tonymora.com\/es\/producto\/2051-j-mon-atapuerca-brash-gris\/\",\"url\":\"https:\/\/tonymora.com\/es\/producto\/2051-j-mon-atapuerca-brash-gris\/\",\"name\":\"2051 J MON ATAPUERCA BRASH GRIS - Tony Mora\u00ae Boots Official Store\",\"isPartOf\":{\"@id\":\"https:\/\/tonymora.com\/es\/#website\"},\"primaryImageOfPage\":{\"@id\":\"https:\/\/tonymora.com\/es\/producto\/2051-j-mon-atapuerca-brash-gris\/#primaryimage\"},\"image\":{\"@id\":\"https:\/\/tonymora.com\/es\/producto\/2051-j-mon-atapuerca-brash-gris\/#primaryimage\"},\"thumbnailUrl\":\"https:\/\/tonymora.com\/wp-content\/uploads\/2020\/05\/10_2.jpg\",\"datePublished\":\"2020-05-07T07:07:01+00:00\",\"dateModified\":\"2026-04-12T05:32:52+00:00\",\"description\":\"Trabajamos calidad y en cada bota ponemos el sello de la garant\u00eda Tony Mora, con nuestros modelos te llevas un cl\u00e1sico del estilo cowboy.\",\"breadcrumb\":{\"@id\":\"https:\/\/tonymora.com\/es\/producto\/2051-j-mon-atapuerca-brash-gris\/#breadcrumb\"},\"inLanguage\":\"es\",\"potentialAction\":[{\"@type\":\"ReadAction\",\"target\":[\"https:\/\/tonymora.com\/es\/producto\/2051-j-mon-atapuerca-brash-gris\/\"]}]},{\"@type\":\"ImageObject\",\"inLanguage\":\"es\",\"@id\":\"https:\/\/tonymora.com\/es\/producto\/2051-j-mon-atapuerca-brash-gris\/#primaryimage\",\"url\":\"https:\/\/tonymora.com\/wp-content\/uploads\/2020\/05\/10_2.jpg\",\"contentUrl\":\"https:\/\/tonymora.com\/wp-content\/uploads\/2020\/05\/10_2.jpg\",\"width\":897,\"height\":1069},{\"@type\":\"BreadcrumbList\",\"@id\":\"https:\/\/tonymora.com\/es\/producto\/2051-j-mon-atapuerca-brash-gris\/#breadcrumb\",\"itemListElement\":[{\"@type\":\"ListItem\",\"position\":1,\"name\":\"Portada\",\"item\":\"https:\/\/tonymora.com\/es\/\"},{\"@type\":\"ListItem\",\"position\":2,\"name\":\"Tienda\",\"item\":\"https:\/\/tonymora.com\/es\/tienda\/\"},{\"@type\":\"ListItem\",\"position\":3,\"name\":\"Hombre\",\"item\":\"https:\/\/tonymora.com\/es\/categoria-producto\/hombre\/\"},{\"@type\":\"ListItem\",\"position\":4,\"name\":\"2051 J MON ATAPUERCA BRASH GRIS\"}]},{\"@type\":\"WebSite\",\"@id\":\"https:\/\/tonymora.com\/es\/#website\",\"url\":\"https:\/\/tonymora.com\/es\/\",\"name\":\"Tony Mora\u00ae Boots Official Store\",\"description\":\"Cowboy Boots\",\"publisher\":{\"@id\":\"https:\/\/tonymora.com\/es\/#organization\"},\"potentialAction\":[{\"@type\":\"SearchAction\",\"target\":{\"@type\":\"EntryPoint\",\"urlTemplate\":\"https:\/\/tonymora.com\/es\/?s={search_term_string}\"},\"query-input\":{\"@type\":\"PropertyValueSpecification\",\"valueRequired\":true,\"valueName\":\"search_term_string\"}}],\"inLanguage\":\"es\"},{\"@type\":\"Organization\",\"@id\":\"https:\/\/tonymora.com\/es\/#organization\",\"name\":\"Tony Mora Boots\",\"url\":\"https:\/\/tonymora.com\/es\/\",\"logo\":{\"@type\":\"ImageObject\",\"inLanguage\":\"es\",\"@id\":\"https:\/\/tonymora.com\/es\/#\/schema\/logo\/image\/\",\"url\":\"https:\/\/tonymora.com\/wp-content\/uploads\/2023\/12\/LOGO.jpg\",\"contentUrl\":\"https:\/\/tonymora.com\/wp-content\/uploads\/2023\/12\/LOGO.jpg\",\"width\":2272,\"height\":1411,\"caption\":\"Tony Mora Boots\"},\"image\":{\"@id\":\"https:\/\/tonymora.com\/es\/#\/schema\/logo\/image\/\"},\"sameAs\":[\"https:\/\/www.facebook.com\/Tonymoraofficial\/\",\"https:\/\/www.instagram.com\/tonymoraofficial\/?hl=es\"]}]}<\/script>\n<!-- \/ Yoast SEO plugin. -->","yoast_head_json":{"title":"2051 J MON ATAPUERCA BRASH GRIS - Tony Mora\u00ae Boots Official Store","description":"Trabajamos calidad y en cada bota ponemos el sello de la garant\u00eda Tony Mora, con nuestros modelos te llevas un cl\u00e1sico del estilo cowboy.","robots":{"index":"index","follow":"follow","max-snippet":"max-snippet:-1","max-image-preview":"max-image-preview:large","max-video-preview":"max-video-preview:-1"},"canonical":"https:\/\/tonymora.com\/es\/producto\/2051-j-mon-atapuerca-brash-gris\/","og_locale":"es_ES","og_type":"article","og_title":"2051 J MON ATAPUERCA BRASH GRIS - Tony Mora\u00ae Boots Official Store","og_description":"Trabajamos calidad y en cada bota ponemos el sello de la garant\u00eda Tony Mora, con nuestros modelos te llevas un cl\u00e1sico del estilo cowboy.","og_url":"https:\/\/tonymora.com\/es\/producto\/2051-j-mon-atapuerca-brash-gris\/","og_site_name":"Tony Mora\u00ae Boots Official Store","article_publisher":"https:\/\/www.facebook.com\/Tonymoraofficial\/","article_modified_time":"2026-04-12T05:32:52+00:00","og_image":[{"width":897,"height":1069,"url":"https:\/\/tonymora.com\/wp-content\/uploads\/2020\/05\/10_2.jpg","type":"image\/jpeg"}],"twitter_card":"summary_large_image","schema":{"@context":"https:\/\/schema.org","@graph":[{"@type":"WebPage","@id":"https:\/\/tonymora.com\/es\/producto\/2051-j-mon-atapuerca-brash-gris\/","url":"https:\/\/tonymora.com\/es\/producto\/2051-j-mon-atapuerca-brash-gris\/","name":"2051 J MON ATAPUERCA BRASH GRIS - Tony Mora\u00ae Boots Official Store","isPartOf":{"@id":"https:\/\/tonymora.com\/es\/#website"},"primaryImageOfPage":{"@id":"https:\/\/tonymora.com\/es\/producto\/2051-j-mon-atapuerca-brash-gris\/#primaryimage"},"image":{"@id":"https:\/\/tonymora.com\/es\/producto\/2051-j-mon-atapuerca-brash-gris\/#primaryimage"},"thumbnailUrl":"https:\/\/tonymora.com\/wp-content\/uploads\/2020\/05\/10_2.jpg","datePublished":"2020-05-07T07:07:01+00:00","dateModified":"2026-04-12T05:32:52+00:00","description":"Trabajamos calidad y en cada bota ponemos el sello de la garant\u00eda Tony Mora, con nuestros modelos te llevas un cl\u00e1sico del estilo cowboy.","breadcrumb":{"@id":"https:\/\/tonymora.com\/es\/producto\/2051-j-mon-atapuerca-brash-gris\/#breadcrumb"},"inLanguage":"es","potentialAction":[{"@type":"ReadAction","target":["https:\/\/tonymora.com\/es\/producto\/2051-j-mon-atapuerca-brash-gris\/"]}]},{"@type":"ImageObject","inLanguage":"es","@id":"https:\/\/tonymora.com\/es\/producto\/2051-j-mon-atapuerca-brash-gris\/#primaryimage","url":"https:\/\/tonymora.com\/wp-content\/uploads\/2020\/05\/10_2.jpg","contentUrl":"https:\/\/tonymora.com\/wp-content\/uploads\/2020\/05\/10_2.jpg","width":897,"height":1069},{"@type":"BreadcrumbList","@id":"https:\/\/tonymora.com\/es\/producto\/2051-j-mon-atapuerca-brash-gris\/#breadcrumb","itemListElement":[{"@type":"ListItem","position":1,"name":"Portada","item":"https:\/\/tonymora.com\/es\/"},{"@type":"ListItem","position":2,"name":"Tienda","item":"https:\/\/tonymora.com\/es\/tienda\/"},{"@type":"ListItem","position":3,"name":"Hombre","item":"https:\/\/tonymora.com\/es\/categoria-producto\/hombre\/"},{"@type":"ListItem","position":4,"name":"2051 J MON ATAPUERCA BRASH GRIS"}]},{"@type":"WebSite","@id":"https:\/\/tonymora.com\/es\/#website","url":"https:\/\/tonymora.com\/es\/","name":"Tony Mora\u00ae Boots Official Store","description":"Cowboy Boots","publisher":{"@id":"https:\/\/tonymora.com\/es\/#organization"},"potentialAction":[{"@type":"SearchAction","target":{"@type":"EntryPoint","urlTemplate":"https:\/\/tonymora.com\/es\/?s={search_term_string}"},"query-input":{"@type":"PropertyValueSpecification","valueRequired":true,"valueName":"search_term_string"}}],"inLanguage":"es"},{"@type":"Organization","@id":"https:\/\/tonymora.com\/es\/#organization","name":"Tony Mora Boots","url":"https:\/\/tonymora.com\/es\/","logo":{"@type":"ImageObject","inLanguage":"es","@id":"https:\/\/tonymora.com\/es\/#\/schema\/logo\/image\/","url":"https:\/\/tonymora.com\/wp-content\/uploads\/2023\/12\/LOGO.jpg","contentUrl":"https:\/\/tonymora.com\/wp-content\/uploads\/2023\/12\/LOGO.jpg","width":2272,"height":1411,"caption":"Tony Mora Boots"},"image":{"@id":"https:\/\/tonymora.com\/es\/#\/schema\/logo\/image\/"},"sameAs":["https:\/\/www.facebook.com\/Tonymoraofficial\/","https:\/\/www.instagram.com\/tonymoraofficial\/?hl=es"]}]}},"_links":{"self":[{"href":"https:\/\/tonymora.com\/es\/wp-json\/wp\/v2\/product\/654901","targetHints":{"allow":["GET"]}}],"collection":[{"href":"https:\/\/tonymora.com\/es\/wp-json\/wp\/v2\/product"}],"about":[{"href":"https:\/\/tonymora.com\/es\/wp-json\/wp\/v2\/types\/product"}],"wp:featuredmedia":[{"embeddable":true,"href":"https:\/\/tonymora.com\/es\/wp-json\/wp\/v2\/media\/659346"}],"wp:attachment":[{"href":"https:\/\/tonymora.com\/es\/wp-json\/wp\/v2\/media?parent=654901"}],"wp:term":[{"taxonomy":"product_brand","embeddable":true,"href":"https:\/\/tonymora.com\/es\/wp-json\/wp\/v2\/product_brand?post=654901"},{"taxonomy":"product_cat","embeddable":true,"href":"https:\/\/tonymora.com\/es\/wp-json\/wp\/v2\/product_cat?post=654901"},{"taxonomy":"product_tag","embeddable":true,"href":"https:\/\/tonymora.com\/es\/wp-json\/wp\/v2\/product_tag?post=654901"}],"curies":[{"name":"wp","href":"https:\/\/api.w.org\/{rel}","templated":true}]}}