{"id":673112,"date":"2021-03-29T15:03:32","date_gmt":"2021-03-29T13:03:32","guid":{"rendered":"https:\/\/tonymora.com\/?post_type=product&#038;p=673112"},"modified":"2025-04-29T07:32:46","modified_gmt":"2025-04-29T05:32:46","slug":"1766-mon-mon-boa-bw-washed-negro","status":"publish","type":"product","link":"https:\/\/tonymora.com\/es\/producto\/1766-mon-mon-boa-bw-washed-negro\/","title":{"rendered":"1764 MON MON BOA BW \/ WASHED NEGRO"},"content":{"rendered":"<p style=\"text-align: left;\">Un renovado dise\u00f1o de ca\u00f1as hecho con la t\u00e9cnica de\u00bb Repujado\u00bb crea un relieve en la piel permitiendo dar volumen a las ca\u00f1as y crea un contraste en el color con la luz.<br \/>\nLa parte baja este hecha de autentica piel de Boa en un tono Black&amp;White que las hace perfectas para usar en cualquier ocasi\u00f3n. La uni\u00f3n de estas pieles dan como resultado unas botas con car\u00e1cter, c\u00f3modas y duraderas.<\/p>\n","protected":false},"excerpt":{"rendered":"<p>Elegancia atemporal con una actitud inconfundible. Actitud firme y estilo que se impone con naturalidad.<br \/>\nPensada para vivir momentos, no para seguir tendencias.<\/p>\n","protected":false},"featured_media":673124,"template":"","meta":{"_mbp_gutenberg_autopost":false},"product_brand":[771,773,775,777,779,781,783,785],"product_cat":[110,134,108],"product_tag":[],"class_list":{"0":"post-673112","1":"product","2":"type-product","3":"status-publish","4":"has-post-thumbnail","6":"product_brand-talla-hombre-40","7":"product_brand-talla-hombre-41","8":"product_brand-talla-hombre-42","9":"product_brand-talla-hombre-43","10":"product_brand-talla-hombre-44","11":"product_brand-talla-hombre-45","12":"product_brand-talla-hombre-46","13":"product_brand-talla-hombre-47","14":"product_cat-botas-cowboy-hombre","15":"product_cat-botas-exoticas-hombre","16":"product_cat-hombre","18":"first","19":"outofstock","20":"taxable","21":"shipping-taxable","22":"product-type-variable"},"_links":{"self":[{"href":"https:\/\/tonymora.com\/es\/wp-json\/wp\/v2\/product\/673112","targetHints":{"allow":["GET"]}}],"collection":[{"href":"https:\/\/tonymora.com\/es\/wp-json\/wp\/v2\/product"}],"about":[{"href":"https:\/\/tonymora.com\/es\/wp-json\/wp\/v2\/types\/product"}],"wp:featuredmedia":[{"embeddable":true,"href":"https:\/\/tonymora.com\/es\/wp-json\/wp\/v2\/media\/673124"}],"wp:attachment":[{"href":"https:\/\/tonymora.com\/es\/wp-json\/wp\/v2\/media?parent=673112"}],"wp:term":[{"taxonomy":"product_brand","embeddable":true,"href":"https:\/\/tonymora.com\/es\/wp-json\/wp\/v2\/product_brand?post=673112"},{"taxonomy":"product_cat","embeddable":true,"href":"https:\/\/tonymora.com\/es\/wp-json\/wp\/v2\/product_cat?post=673112"},{"taxonomy":"product_tag","embeddable":true,"href":"https:\/\/tonymora.com\/es\/wp-json\/wp\/v2\/product_tag?post=673112"}],"curies":[{"name":"wp","href":"https:\/\/api.w.org\/{rel}","templated":true}]}}