{"id":673515,"date":"2021-03-29T16:21:16","date_gmt":"2021-03-29T14:21:16","guid":{"rendered":"https:\/\/tonymora.com\/?post_type=product&#038;p=673515"},"modified":"2025-04-29T07:32:47","modified_gmt":"2025-04-29T05:32:47","slug":"1216-virgi-lini-python-137-crema-vacheta-cuero-crema","status":"publish","type":"product","link":"https:\/\/tonymora.com\/es\/producto\/1216-virgi-lini-python-137-crema-vacheta-cuero-crema\/","title":{"rendered":"1216 VIRGI LINI PYTHON 137 CREMA \/ VACHETA CUERO CREMA"},"content":{"rendered":"<p style=\"text-align: left;\">Este modelo es el sello distintivo de la casa. Nuestra experiencia en el arte de combinar las pieles, el jugar con las texturas y colores nos da como resultado este precioso y \u00fanico modelo. Damos un especial cuidado al corte de la piel de ternera para el dise\u00f1o de la pala y talonera para crear un dise\u00f1o cowboy elegante que va sobre una excepcional piel de pit\u00f3n en la punta de la bota. Las ca\u00f1as tienen un trabajo de pespuntes en forma de \u00e1guila la cual es un cl\u00e1sico que no pasa de moda. Ll\u00e9vate este modelo \u00fanico de la familia Tony Mora. Un cl\u00e1sico necesario.<\/p>\n","protected":false},"excerpt":{"rendered":"<p>Una propuesta con alma, hecha para acompa\u00f1arte de verdad. Car\u00e1cter cl\u00e1sico con un aire contempor\u00e1neo.<br \/>\nUna forma de vestir la autenticidad con elegancia.<\/p>\n","protected":false},"featured_media":673527,"template":"","meta":{"_mbp_gutenberg_autopost":false},"product_brand":[761],"product_cat":[114,122,112],"product_tag":[],"class_list":{"0":"post-673515","1":"product","2":"type-product","3":"status-publish","4":"has-post-thumbnail","6":"product_brand-talla-mujer-38","7":"product_cat-botas-cowgirl-mujer","8":"product_cat-botas-exoticas-mujer","9":"product_cat-mujer","11":"first","12":"outofstock","13":"taxable","14":"shipping-taxable","15":"product-type-variable"},"supplier_id":null,"supplier_sku":"","barcode":null,"atum_controlled":true,"out_stock_date":null,"out_stock_threshold":null,"inheritable":true,"inbound_stock":0,"stock_on_hold":0,"sold_today":0,"sales_last_days":0,"reserved_stock":0,"customer_returns":0,"warehouse_damage":0,"lost_in_post":0,"other_logs":0,"out_stock_days":0,"lost_sales":0,"has_location":false,"update_date":"2024-07-08T12:00:48","atum_locations":[],"atum_stock_status":"outofstock","restock_status":false,"low_stock_amount":"","sales_update_date":"2024-07-08T12:00:48","calc_backorders":null,"yoast_head":"<!-- This site is optimized with the Yoast SEO plugin v27.2 - https:\/\/yoast.com\/product\/yoast-seo-wordpress\/ -->\n<title>1216 VIRGI LINI PYTHON 137 CREMA \/ VACHETA CUERO CREMA - Tony Mora\u00ae Boots Official Store<\/title>\n<meta name=\"description\" content=\"Este modelo es el sello distintivo de la casa. Nuestra experiencia en el arte de combinar las pieles, el jugar con las texturas y colores\" \/>\n<meta name=\"robots\" content=\"index, follow, max-snippet:-1, max-image-preview:large, max-video-preview:-1\" \/>\n<link rel=\"canonical\" href=\"https:\/\/tonymora.com\/es\/producto\/1216-virgi-lini-python-137-crema-vacheta-cuero-crema\/\" \/>\n<meta property=\"og:locale\" content=\"es_ES\" \/>\n<meta property=\"og:type\" content=\"article\" \/>\n<meta property=\"og:title\" content=\"1216 VIRGI LINI PYTHON 137 CREMA \/ VACHETA CUERO CREMA - Tony Mora\u00ae Boots Official Store\" \/>\n<meta property=\"og:description\" content=\"Este modelo es el sello distintivo de la casa. Nuestra experiencia en el arte de combinar las pieles, el jugar con las texturas y colores\" \/>\n<meta property=\"og:url\" content=\"https:\/\/tonymora.com\/es\/producto\/1216-virgi-lini-python-137-crema-vacheta-cuero-crema\/\" \/>\n<meta property=\"og:site_name\" content=\"Tony Mora\u00ae Boots Official Store\" \/>\n<meta property=\"article:publisher\" content=\"https:\/\/www.facebook.com\/Tonymoraofficial\/\" \/>\n<meta property=\"article:modified_time\" content=\"2025-04-29T05:32:47+00:00\" \/>\n<meta property=\"og:image\" content=\"https:\/\/tonymora.com\/wp-content\/uploads\/2021\/03\/2-14.jpg\" \/>\n\t<meta property=\"og:image:width\" content=\"866\" \/>\n\t<meta property=\"og:image:height\" content=\"1032\" \/>\n\t<meta property=\"og:image:type\" content=\"image\/jpeg\" \/>\n<meta name=\"twitter:card\" content=\"summary_large_image\" \/>\n<script type=\"application\/ld+json\" class=\"yoast-schema-graph\">{\"@context\":\"https:\/\/schema.org\",\"@graph\":[{\"@type\":\"WebPage\",\"@id\":\"https:\/\/tonymora.com\/es\/producto\/1216-virgi-lini-python-137-crema-vacheta-cuero-crema\/\",\"url\":\"https:\/\/tonymora.com\/es\/producto\/1216-virgi-lini-python-137-crema-vacheta-cuero-crema\/\",\"name\":\"1216 VIRGI LINI PYTHON 137 CREMA \/ VACHETA CUERO CREMA - Tony Mora\u00ae Boots Official Store\",\"isPartOf\":{\"@id\":\"https:\/\/tonymora.com\/es\/#website\"},\"primaryImageOfPage\":{\"@id\":\"https:\/\/tonymora.com\/es\/producto\/1216-virgi-lini-python-137-crema-vacheta-cuero-crema\/#primaryimage\"},\"image\":{\"@id\":\"https:\/\/tonymora.com\/es\/producto\/1216-virgi-lini-python-137-crema-vacheta-cuero-crema\/#primaryimage\"},\"thumbnailUrl\":\"https:\/\/tonymora.com\/wp-content\/uploads\/2021\/03\/2-14.jpg\",\"datePublished\":\"2021-03-29T14:21:16+00:00\",\"dateModified\":\"2025-04-29T05:32:47+00:00\",\"description\":\"Este modelo es el sello distintivo de la casa. Nuestra experiencia en el arte de combinar las pieles, el jugar con las texturas y colores\",\"breadcrumb\":{\"@id\":\"https:\/\/tonymora.com\/es\/producto\/1216-virgi-lini-python-137-crema-vacheta-cuero-crema\/#breadcrumb\"},\"inLanguage\":\"es\",\"potentialAction\":[{\"@type\":\"ReadAction\",\"target\":[\"https:\/\/tonymora.com\/es\/producto\/1216-virgi-lini-python-137-crema-vacheta-cuero-crema\/\"]}]},{\"@type\":\"ImageObject\",\"inLanguage\":\"es\",\"@id\":\"https:\/\/tonymora.com\/es\/producto\/1216-virgi-lini-python-137-crema-vacheta-cuero-crema\/#primaryimage\",\"url\":\"https:\/\/tonymora.com\/wp-content\/uploads\/2021\/03\/2-14.jpg\",\"contentUrl\":\"https:\/\/tonymora.com\/wp-content\/uploads\/2021\/03\/2-14.jpg\",\"width\":866,\"height\":1032},{\"@type\":\"BreadcrumbList\",\"@id\":\"https:\/\/tonymora.com\/es\/producto\/1216-virgi-lini-python-137-crema-vacheta-cuero-crema\/#breadcrumb\",\"itemListElement\":[{\"@type\":\"ListItem\",\"position\":1,\"name\":\"Portada\",\"item\":\"https:\/\/tonymora.com\/es\/\"},{\"@type\":\"ListItem\",\"position\":2,\"name\":\"Tienda\",\"item\":\"https:\/\/tonymora.com\/es\/tienda\/\"},{\"@type\":\"ListItem\",\"position\":3,\"name\":\"Mujer\",\"item\":\"https:\/\/tonymora.com\/es\/categoria-producto\/mujer\/\"},{\"@type\":\"ListItem\",\"position\":4,\"name\":\"1216 VIRGI LINI PYTHON 137 CREMA \/ VACHETA CUERO CREMA\"}]},{\"@type\":\"WebSite\",\"@id\":\"https:\/\/tonymora.com\/es\/#website\",\"url\":\"https:\/\/tonymora.com\/es\/\",\"name\":\"Tony Mora\u00ae Boots Official Store\",\"description\":\"Cowboy Boots\",\"publisher\":{\"@id\":\"https:\/\/tonymora.com\/es\/#organization\"},\"potentialAction\":[{\"@type\":\"SearchAction\",\"target\":{\"@type\":\"EntryPoint\",\"urlTemplate\":\"https:\/\/tonymora.com\/es\/?s={search_term_string}\"},\"query-input\":{\"@type\":\"PropertyValueSpecification\",\"valueRequired\":true,\"valueName\":\"search_term_string\"}}],\"inLanguage\":\"es\"},{\"@type\":\"Organization\",\"@id\":\"https:\/\/tonymora.com\/es\/#organization\",\"name\":\"Tony Mora Boots\",\"url\":\"https:\/\/tonymora.com\/es\/\",\"logo\":{\"@type\":\"ImageObject\",\"inLanguage\":\"es\",\"@id\":\"https:\/\/tonymora.com\/es\/#\/schema\/logo\/image\/\",\"url\":\"https:\/\/tonymora.com\/wp-content\/uploads\/2023\/12\/LOGO.jpg\",\"contentUrl\":\"https:\/\/tonymora.com\/wp-content\/uploads\/2023\/12\/LOGO.jpg\",\"width\":2272,\"height\":1411,\"caption\":\"Tony Mora Boots\"},\"image\":{\"@id\":\"https:\/\/tonymora.com\/es\/#\/schema\/logo\/image\/\"},\"sameAs\":[\"https:\/\/www.facebook.com\/Tonymoraofficial\/\",\"https:\/\/www.instagram.com\/tonymoraofficial\/?hl=es\"]}]}<\/script>\n<!-- \/ Yoast SEO plugin. -->","yoast_head_json":{"title":"1216 VIRGI LINI PYTHON 137 CREMA \/ VACHETA CUERO CREMA - Tony Mora\u00ae Boots Official Store","description":"Este modelo es el sello distintivo de la casa. Nuestra experiencia en el arte de combinar las pieles, el jugar con las texturas y colores","robots":{"index":"index","follow":"follow","max-snippet":"max-snippet:-1","max-image-preview":"max-image-preview:large","max-video-preview":"max-video-preview:-1"},"canonical":"https:\/\/tonymora.com\/es\/producto\/1216-virgi-lini-python-137-crema-vacheta-cuero-crema\/","og_locale":"es_ES","og_type":"article","og_title":"1216 VIRGI LINI PYTHON 137 CREMA \/ VACHETA CUERO CREMA - Tony Mora\u00ae Boots Official Store","og_description":"Este modelo es el sello distintivo de la casa. Nuestra experiencia en el arte de combinar las pieles, el jugar con las texturas y colores","og_url":"https:\/\/tonymora.com\/es\/producto\/1216-virgi-lini-python-137-crema-vacheta-cuero-crema\/","og_site_name":"Tony Mora\u00ae Boots Official Store","article_publisher":"https:\/\/www.facebook.com\/Tonymoraofficial\/","article_modified_time":"2025-04-29T05:32:47+00:00","og_image":[{"width":866,"height":1032,"url":"https:\/\/tonymora.com\/wp-content\/uploads\/2021\/03\/2-14.jpg","type":"image\/jpeg"}],"twitter_card":"summary_large_image","schema":{"@context":"https:\/\/schema.org","@graph":[{"@type":"WebPage","@id":"https:\/\/tonymora.com\/es\/producto\/1216-virgi-lini-python-137-crema-vacheta-cuero-crema\/","url":"https:\/\/tonymora.com\/es\/producto\/1216-virgi-lini-python-137-crema-vacheta-cuero-crema\/","name":"1216 VIRGI LINI PYTHON 137 CREMA \/ VACHETA CUERO CREMA - Tony Mora\u00ae Boots Official Store","isPartOf":{"@id":"https:\/\/tonymora.com\/es\/#website"},"primaryImageOfPage":{"@id":"https:\/\/tonymora.com\/es\/producto\/1216-virgi-lini-python-137-crema-vacheta-cuero-crema\/#primaryimage"},"image":{"@id":"https:\/\/tonymora.com\/es\/producto\/1216-virgi-lini-python-137-crema-vacheta-cuero-crema\/#primaryimage"},"thumbnailUrl":"https:\/\/tonymora.com\/wp-content\/uploads\/2021\/03\/2-14.jpg","datePublished":"2021-03-29T14:21:16+00:00","dateModified":"2025-04-29T05:32:47+00:00","description":"Este modelo es el sello distintivo de la casa. Nuestra experiencia en el arte de combinar las pieles, el jugar con las texturas y colores","breadcrumb":{"@id":"https:\/\/tonymora.com\/es\/producto\/1216-virgi-lini-python-137-crema-vacheta-cuero-crema\/#breadcrumb"},"inLanguage":"es","potentialAction":[{"@type":"ReadAction","target":["https:\/\/tonymora.com\/es\/producto\/1216-virgi-lini-python-137-crema-vacheta-cuero-crema\/"]}]},{"@type":"ImageObject","inLanguage":"es","@id":"https:\/\/tonymora.com\/es\/producto\/1216-virgi-lini-python-137-crema-vacheta-cuero-crema\/#primaryimage","url":"https:\/\/tonymora.com\/wp-content\/uploads\/2021\/03\/2-14.jpg","contentUrl":"https:\/\/tonymora.com\/wp-content\/uploads\/2021\/03\/2-14.jpg","width":866,"height":1032},{"@type":"BreadcrumbList","@id":"https:\/\/tonymora.com\/es\/producto\/1216-virgi-lini-python-137-crema-vacheta-cuero-crema\/#breadcrumb","itemListElement":[{"@type":"ListItem","position":1,"name":"Portada","item":"https:\/\/tonymora.com\/es\/"},{"@type":"ListItem","position":2,"name":"Tienda","item":"https:\/\/tonymora.com\/es\/tienda\/"},{"@type":"ListItem","position":3,"name":"Mujer","item":"https:\/\/tonymora.com\/es\/categoria-producto\/mujer\/"},{"@type":"ListItem","position":4,"name":"1216 VIRGI LINI PYTHON 137 CREMA \/ VACHETA CUERO CREMA"}]},{"@type":"WebSite","@id":"https:\/\/tonymora.com\/es\/#website","url":"https:\/\/tonymora.com\/es\/","name":"Tony Mora\u00ae Boots Official Store","description":"Cowboy Boots","publisher":{"@id":"https:\/\/tonymora.com\/es\/#organization"},"potentialAction":[{"@type":"SearchAction","target":{"@type":"EntryPoint","urlTemplate":"https:\/\/tonymora.com\/es\/?s={search_term_string}"},"query-input":{"@type":"PropertyValueSpecification","valueRequired":true,"valueName":"search_term_string"}}],"inLanguage":"es"},{"@type":"Organization","@id":"https:\/\/tonymora.com\/es\/#organization","name":"Tony Mora Boots","url":"https:\/\/tonymora.com\/es\/","logo":{"@type":"ImageObject","inLanguage":"es","@id":"https:\/\/tonymora.com\/es\/#\/schema\/logo\/image\/","url":"https:\/\/tonymora.com\/wp-content\/uploads\/2023\/12\/LOGO.jpg","contentUrl":"https:\/\/tonymora.com\/wp-content\/uploads\/2023\/12\/LOGO.jpg","width":2272,"height":1411,"caption":"Tony Mora Boots"},"image":{"@id":"https:\/\/tonymora.com\/es\/#\/schema\/logo\/image\/"},"sameAs":["https:\/\/www.facebook.com\/Tonymoraofficial\/","https:\/\/www.instagram.com\/tonymoraofficial\/?hl=es"]}]}},"_links":{"self":[{"href":"https:\/\/tonymora.com\/es\/wp-json\/wp\/v2\/product\/673515","targetHints":{"allow":["GET"]}}],"collection":[{"href":"https:\/\/tonymora.com\/es\/wp-json\/wp\/v2\/product"}],"about":[{"href":"https:\/\/tonymora.com\/es\/wp-json\/wp\/v2\/types\/product"}],"wp:featuredmedia":[{"embeddable":true,"href":"https:\/\/tonymora.com\/es\/wp-json\/wp\/v2\/media\/673527"}],"wp:attachment":[{"href":"https:\/\/tonymora.com\/es\/wp-json\/wp\/v2\/media?parent=673515"}],"wp:term":[{"taxonomy":"product_brand","embeddable":true,"href":"https:\/\/tonymora.com\/es\/wp-json\/wp\/v2\/product_brand?post=673515"},{"taxonomy":"product_cat","embeddable":true,"href":"https:\/\/tonymora.com\/es\/wp-json\/wp\/v2\/product_cat?post=673515"},{"taxonomy":"product_tag","embeddable":true,"href":"https:\/\/tonymora.com\/es\/wp-json\/wp\/v2\/product_tag?post=673515"}],"curies":[{"name":"wp","href":"https:\/\/api.w.org\/{rel}","templated":true}]}}