{"id":674707,"date":"2021-04-12T11:37:25","date_gmt":"2021-04-12T09:37:25","guid":{"rendered":"https:\/\/tonymora.com\/?post_type=product&#038;p=674707"},"modified":"2026-04-27T07:31:13","modified_gmt":"2026-04-27T05:31:13","slug":"shopper-bag-anaconda-negro","status":"publish","type":"product","link":"https:\/\/tonymora.com\/es\/producto\/shopper-bag-anaconda-negro\/","title":{"rendered":"SHOPPER BAG ANACONDA NEGRO"},"content":{"rendered":"<p style=\"text-align: left;\">Siente la fuerza y elegancia de este bolso en una resplandeciente piel de Anaconda negra. Una piel muy suave al tacto y de una durabilidad envidiable.<br \/>\nEste precioso dise\u00f1o tiene un enganche frontal hecho en piel de ternera y una asa mediana hecha 100% en piel de ternera con una costura en cruz exterior que le da un toque \u00fanico al dise\u00f1o. Pas\u00e9ate con este precioso bolso Tony Mora, garant\u00eda de calidad en pieles.<\/p>\n","protected":false},"excerpt":{"rendered":"<p>Una silueta con presencia que eleva cualquier look. Funcionalidad con un aire sofisticado.<br \/>\nUna declaraci\u00f3n sutil de buen gusto y seguridad.<\/p>\n","protected":false},"featured_media":684157,"template":"","meta":{"_mbp_gutenberg_autopost":false},"product_brand":[],"product_cat":[1172,537],"product_tag":[],"class_list":{"0":"post-674707","1":"product","2":"type-product","3":"status-publish","4":"has-post-thumbnail","6":"product_cat-black-friday","7":"product_cat-bolsos","9":"first","10":"instock","11":"taxable","12":"shipping-taxable","13":"purchasable","14":"product-type-simple"},"_links":{"self":[{"href":"https:\/\/tonymora.com\/es\/wp-json\/wp\/v2\/product\/674707","targetHints":{"allow":["GET"]}}],"collection":[{"href":"https:\/\/tonymora.com\/es\/wp-json\/wp\/v2\/product"}],"about":[{"href":"https:\/\/tonymora.com\/es\/wp-json\/wp\/v2\/types\/product"}],"wp:featuredmedia":[{"embeddable":true,"href":"https:\/\/tonymora.com\/es\/wp-json\/wp\/v2\/media\/684157"}],"wp:attachment":[{"href":"https:\/\/tonymora.com\/es\/wp-json\/wp\/v2\/media?parent=674707"}],"wp:term":[{"taxonomy":"product_brand","embeddable":true,"href":"https:\/\/tonymora.com\/es\/wp-json\/wp\/v2\/product_brand?post=674707"},{"taxonomy":"product_cat","embeddable":true,"href":"https:\/\/tonymora.com\/es\/wp-json\/wp\/v2\/product_cat?post=674707"},{"taxonomy":"product_tag","embeddable":true,"href":"https:\/\/tonymora.com\/es\/wp-json\/wp\/v2\/product_tag?post=674707"}],"curies":[{"name":"wp","href":"https:\/\/api.w.org\/{rel}","templated":true}]}}