{"id":682245,"date":"2021-08-16T09:58:56","date_gmt":"2021-08-16T07:58:56","guid":{"rendered":"https:\/\/tonymora.com\/?post_type=product&#038;p=682245"},"modified":"2026-04-27T07:32:38","modified_gmt":"2026-04-27T05:32:38","slug":"621-daslu-lini-cocodrilo-caramelo","status":"publish","type":"product","link":"https:\/\/tonymora.com\/es\/producto\/621-daslu-lini-cocodrilo-caramelo\/","title":{"rendered":"621 DASLU LINI COCODRILO CARAMELO"},"content":{"rendered":"<p>Siente la exclusividad y sofisticaci\u00f3n de Tony Mora. Lleva contigo la mezcla perfecta de belleza, resistencia y durabilidad que te presentamos en este par creado en una elegante y suave piel de cocodrilo, que sin duda se distingue del resto. Estos botines te acompa\u00f1ar\u00e1n a cada paso desbordando elegancia con ese dulce color caramelo que los hace el compa\u00f1ero ideal para llevarlos contigo al combinarlo con tonos oscuros de invierno o tonos claros de verano.<br \/>\nEnam\u00f3rate del estilo, enam\u00f3rate de la elegancia\u2026 enam\u00f3rate de la exclusividad.<\/p>\n","protected":false},"excerpt":{"rendered":"<p>Car\u00e1cter y refinamiento en equilibrio perfecto. Perfecto para looks urbanos con car\u00e1cter.<br \/>\nUna declaraci\u00f3n sutil de buen gusto y seguridad.<\/p>\n","protected":false},"featured_media":682257,"template":"","meta":{"_mbp_gutenberg_autopost":false},"product_brand":[763],"product_cat":[1131,122,121,112,1130],"product_tag":[],"class_list":{"0":"post-682245","1":"product","2":"type-product","3":"status-publish","4":"has-post-thumbnail","6":"product_brand-talla-mujer-39","7":"product_cat-botas-de-lujo-mujer","8":"product_cat-botas-exoticas-mujer","9":"product_cat-botines-mujer","10":"product_cat-mujer","11":"product_cat-rebajas-mujer","13":"first","14":"outofstock","15":"taxable","16":"shipping-taxable","17":"product-type-variable"},"_links":{"self":[{"href":"https:\/\/tonymora.com\/es\/wp-json\/wp\/v2\/product\/682245","targetHints":{"allow":["GET"]}}],"collection":[{"href":"https:\/\/tonymora.com\/es\/wp-json\/wp\/v2\/product"}],"about":[{"href":"https:\/\/tonymora.com\/es\/wp-json\/wp\/v2\/types\/product"}],"wp:featuredmedia":[{"embeddable":true,"href":"https:\/\/tonymora.com\/es\/wp-json\/wp\/v2\/media\/682257"}],"wp:attachment":[{"href":"https:\/\/tonymora.com\/es\/wp-json\/wp\/v2\/media?parent=682245"}],"wp:term":[{"taxonomy":"product_brand","embeddable":true,"href":"https:\/\/tonymora.com\/es\/wp-json\/wp\/v2\/product_brand?post=682245"},{"taxonomy":"product_cat","embeddable":true,"href":"https:\/\/tonymora.com\/es\/wp-json\/wp\/v2\/product_cat?post=682245"},{"taxonomy":"product_tag","embeddable":true,"href":"https:\/\/tonymora.com\/es\/wp-json\/wp\/v2\/product_tag?post=682245"}],"curies":[{"name":"wp","href":"https:\/\/api.w.org\/{rel}","templated":true}]}}