{"id":682297,"date":"2021-08-16T10:07:20","date_gmt":"2021-08-16T08:07:20","guid":{"rendered":"https:\/\/tonymora.com\/?post_type=product&#038;p=682297"},"modified":"2026-04-27T07:32:36","modified_gmt":"2026-04-27T05:32:36","slug":"621-daslu-lini-piton-granate","status":"publish","type":"product","link":"https:\/\/tonymora.com\/es\/producto\/621-daslu-lini-piton-granate\/","title":{"rendered":"621 DASLU LINI PITON GRANATE"},"content":{"rendered":"<h3><b>Botines para Mujer en Piel de Pit\u00f3n Granate \u2013 Tony Mora<\/b><\/h3>\n<p>Conoce nuestro nuevo modelo, realizado con piel de pit\u00f3n 100% natural y de la mayor calidad para que siempre vayas elegante y a la moda. Para realizar estos modelos utilizamos unos moldes de hace m\u00e1s de 40 a\u00f1os, logrando una distinci\u00f3n natural en una silueta que no pasa desapercibida y aporta el toque final que convierte lo simple en memorable.<\/p>\n<p>Este producto est\u00e1 hecho a mano utilizando el sistema <b>Goodyear Welt Confort<\/b>, por lo que seguro encaja perfectamente contigo. Su piel ex\u00f3tica se ajusta a tus pies permiti\u00e9ndote caminar con ellas todo el d\u00eda con total comodidad. \u00a1Pru\u00e9balas y experimenta la verdadera excelencia artesana de Mallorca!<\/p>\n","protected":false},"excerpt":{"rendered":"<p>Distinci\u00f3n natural en una silueta que no pasa desapercibida.<br \/>\nEl toque final que convierte lo simple en memorable.<\/p>\n","protected":false},"featured_media":682306,"template":"","meta":{"_mbp_gutenberg_autopost":false},"product_brand":[],"product_cat":[1172,1132,122,121,112,1130],"product_tag":[],"class_list":{"0":"post-682297","1":"product","2":"type-product","3":"status-publish","4":"has-post-thumbnail","6":"product_cat-black-friday","7":"product_cat-botas-de-piton-mujer","8":"product_cat-botas-exoticas-mujer","9":"product_cat-botines-mujer","10":"product_cat-mujer","11":"product_cat-rebajas-mujer","13":"first","14":"instock","15":"taxable","16":"shipping-taxable","17":"purchasable","18":"product-type-variable"},"_links":{"self":[{"href":"https:\/\/tonymora.com\/es\/wp-json\/wp\/v2\/product\/682297","targetHints":{"allow":["GET"]}}],"collection":[{"href":"https:\/\/tonymora.com\/es\/wp-json\/wp\/v2\/product"}],"about":[{"href":"https:\/\/tonymora.com\/es\/wp-json\/wp\/v2\/types\/product"}],"wp:featuredmedia":[{"embeddable":true,"href":"https:\/\/tonymora.com\/es\/wp-json\/wp\/v2\/media\/682306"}],"wp:attachment":[{"href":"https:\/\/tonymora.com\/es\/wp-json\/wp\/v2\/media?parent=682297"}],"wp:term":[{"taxonomy":"product_brand","embeddable":true,"href":"https:\/\/tonymora.com\/es\/wp-json\/wp\/v2\/product_brand?post=682297"},{"taxonomy":"product_cat","embeddable":true,"href":"https:\/\/tonymora.com\/es\/wp-json\/wp\/v2\/product_cat?post=682297"},{"taxonomy":"product_tag","embeddable":true,"href":"https:\/\/tonymora.com\/es\/wp-json\/wp\/v2\/product_tag?post=682297"}],"curies":[{"name":"wp","href":"https:\/\/api.w.org\/{rel}","templated":true}]}}