{"id":682348,"date":"2021-08-16T10:15:47","date_gmt":"2021-08-16T08:15:47","guid":{"rendered":"https:\/\/tonymora.com\/?post_type=product&#038;p=682348"},"modified":"2025-04-29T07:32:48","modified_gmt":"2025-04-29T05:32:48","slug":"1163-tedy-paseo-washed-cacao","status":"publish","type":"product","link":"https:\/\/tonymora.com\/es\/producto\/1163-tedy-paseo-washed-cacao\/","title":{"rendered":"1163 VIRGI PASEO WASHED CACAO"},"content":{"rendered":"<p>Unas botas hechas al puro estilo cowboy, con una suave piel en tono cacao, son muy f\u00e1ciles de combinar con cualquier estilo. Si eres amante de los caballos, este modelo est\u00e1 hecho para ti por el especial detalle de bajo fondo en sus ca\u00f1as con la silueta de un caballo, llevando las miradas a este delicado detalle. \u00a1Disfruta de ellas!<\/p>\n","protected":false},"excerpt":{"rendered":"<p>Una silueta con presencia que eleva cualquier look. Una silueta protagonista que acompa\u00f1a con seguridad.<br \/>\nIdeal para acompa\u00f1arte del d\u00eda a la noche con la misma confianza.<\/p>\n","protected":false},"featured_media":682357,"template":"","meta":{"_mbp_gutenberg_autopost":false},"product_brand":[757],"product_cat":[114,112],"product_tag":[],"class_list":{"0":"post-682348","1":"product","2":"type-product","3":"status-publish","4":"has-post-thumbnail","6":"product_brand-talla-mujer-36","7":"product_cat-botas-cowgirl-mujer","8":"product_cat-mujer","10":"first","11":"outofstock","12":"taxable","13":"shipping-taxable","14":"purchasable","15":"product-type-variable"},"supplier_id":null,"supplier_sku":"","barcode":null,"atum_controlled":true,"out_stock_date":null,"out_stock_threshold":null,"inheritable":true,"inbound_stock":0,"stock_on_hold":0,"sold_today":0,"sales_last_days":0,"reserved_stock":0,"customer_returns":0,"warehouse_damage":0,"lost_in_post":0,"other_logs":0,"out_stock_days":0,"lost_sales":0,"has_location":false,"update_date":"2026-02-03T10:30:55","atum_locations":[],"atum_stock_status":"outofstock","restock_status":false,"low_stock_amount":"","sales_update_date":"2026-02-03T10:30:55","calc_backorders":null,"yoast_head":"<!-- This site is optimized with the Yoast SEO plugin v27.4 - https:\/\/yoast.com\/product\/yoast-seo-wordpress\/ -->\n<title>1163 VIRGI PASEO WASHED CACAO - Tony Mora\u00ae Boots Official Store<\/title>\n<meta name=\"description\" content=\"Conoce nuestro nuevo modelo, realizado con piel 100% natural y de la mayor calidad para que siempre vayas elegante y a la moda.\" \/>\n<meta name=\"robots\" content=\"index, follow, max-snippet:-1, max-image-preview:large, max-video-preview:-1\" \/>\n<link rel=\"canonical\" href=\"https:\/\/tonymora.com\/es\/producto\/1163-tedy-paseo-washed-cacao\/\" \/>\n<meta property=\"og:locale\" content=\"es_ES\" \/>\n<meta property=\"og:type\" content=\"article\" \/>\n<meta property=\"og:title\" content=\"1163 VIRGI PASEO WASHED CACAO - Tony Mora\u00ae Boots Official Store\" \/>\n<meta property=\"og:description\" content=\"Conoce nuestro nuevo modelo, realizado con piel 100% natural y de la mayor calidad para que siempre vayas elegante y a la moda.\" \/>\n<meta property=\"og:url\" content=\"https:\/\/tonymora.com\/es\/producto\/1163-tedy-paseo-washed-cacao\/\" \/>\n<meta property=\"og:site_name\" content=\"Tony Mora\u00ae Boots Official Store\" \/>\n<meta property=\"article:publisher\" content=\"https:\/\/www.facebook.com\/Tonymoraofficial\/\" \/>\n<meta property=\"article:modified_time\" content=\"2025-04-29T05:32:48+00:00\" \/>\n<meta property=\"og:image\" content=\"https:\/\/tonymora.com\/wp-content\/uploads\/2021\/08\/2-3.jpg\" \/>\n\t<meta property=\"og:image:width\" content=\"866\" \/>\n\t<meta property=\"og:image:height\" content=\"1032\" \/>\n\t<meta property=\"og:image:type\" content=\"image\/jpeg\" \/>\n<meta name=\"twitter:card\" content=\"summary_large_image\" \/>\n<script type=\"application\/ld+json\" class=\"yoast-schema-graph\">{\"@context\":\"https:\\\/\\\/schema.org\",\"@graph\":[{\"@type\":\"WebPage\",\"@id\":\"https:\\\/\\\/tonymora.com\\\/es\\\/producto\\\/1163-tedy-paseo-washed-cacao\\\/\",\"url\":\"https:\\\/\\\/tonymora.com\\\/es\\\/producto\\\/1163-tedy-paseo-washed-cacao\\\/\",\"name\":\"1163 VIRGI PASEO WASHED CACAO - Tony Mora\u00ae Boots Official Store\",\"isPartOf\":{\"@id\":\"https:\\\/\\\/tonymora.com\\\/es\\\/#website\"},\"primaryImageOfPage\":{\"@id\":\"https:\\\/\\\/tonymora.com\\\/es\\\/producto\\\/1163-tedy-paseo-washed-cacao\\\/#primaryimage\"},\"image\":{\"@id\":\"https:\\\/\\\/tonymora.com\\\/es\\\/producto\\\/1163-tedy-paseo-washed-cacao\\\/#primaryimage\"},\"thumbnailUrl\":\"https:\\\/\\\/tonymora.com\\\/wp-content\\\/uploads\\\/2021\\\/08\\\/2-3.jpg\",\"datePublished\":\"2021-08-16T08:15:47+00:00\",\"dateModified\":\"2025-04-29T05:32:48+00:00\",\"description\":\"Conoce nuestro nuevo modelo, realizado con piel 100% natural y de la mayor calidad para que siempre vayas elegante y a la moda.\",\"breadcrumb\":{\"@id\":\"https:\\\/\\\/tonymora.com\\\/es\\\/producto\\\/1163-tedy-paseo-washed-cacao\\\/#breadcrumb\"},\"inLanguage\":\"es\",\"potentialAction\":[{\"@type\":\"ReadAction\",\"target\":[\"https:\\\/\\\/tonymora.com\\\/es\\\/producto\\\/1163-tedy-paseo-washed-cacao\\\/\"]}]},{\"@type\":\"ImageObject\",\"inLanguage\":\"es\",\"@id\":\"https:\\\/\\\/tonymora.com\\\/es\\\/producto\\\/1163-tedy-paseo-washed-cacao\\\/#primaryimage\",\"url\":\"https:\\\/\\\/tonymora.com\\\/wp-content\\\/uploads\\\/2021\\\/08\\\/2-3.jpg\",\"contentUrl\":\"https:\\\/\\\/tonymora.com\\\/wp-content\\\/uploads\\\/2021\\\/08\\\/2-3.jpg\",\"width\":866,\"height\":1032},{\"@type\":\"BreadcrumbList\",\"@id\":\"https:\\\/\\\/tonymora.com\\\/es\\\/producto\\\/1163-tedy-paseo-washed-cacao\\\/#breadcrumb\",\"itemListElement\":[{\"@type\":\"ListItem\",\"position\":1,\"name\":\"Portada\",\"item\":\"https:\\\/\\\/tonymora.com\\\/es\\\/\"},{\"@type\":\"ListItem\",\"position\":2,\"name\":\"Tienda\",\"item\":\"https:\\\/\\\/tonymora.com\\\/es\\\/tienda\\\/\"},{\"@type\":\"ListItem\",\"position\":3,\"name\":\"Mujer\",\"item\":\"https:\\\/\\\/tonymora.com\\\/es\\\/categoria-producto\\\/mujer\\\/\"},{\"@type\":\"ListItem\",\"position\":4,\"name\":\"1163 VIRGI PASEO WASHED CACAO\"}]},{\"@type\":\"WebSite\",\"@id\":\"https:\\\/\\\/tonymora.com\\\/es\\\/#website\",\"url\":\"https:\\\/\\\/tonymora.com\\\/es\\\/\",\"name\":\"Tony Mora\u00ae Boots Official Store\",\"description\":\"Cowboy Boots\",\"publisher\":{\"@id\":\"https:\\\/\\\/tonymora.com\\\/es\\\/#organization\"},\"potentialAction\":[{\"@type\":\"SearchAction\",\"target\":{\"@type\":\"EntryPoint\",\"urlTemplate\":\"https:\\\/\\\/tonymora.com\\\/es\\\/?s={search_term_string}\"},\"query-input\":{\"@type\":\"PropertyValueSpecification\",\"valueRequired\":true,\"valueName\":\"search_term_string\"}}],\"inLanguage\":\"es\"},{\"@type\":\"Organization\",\"@id\":\"https:\\\/\\\/tonymora.com\\\/es\\\/#organization\",\"name\":\"Tony Mora Boots\",\"url\":\"https:\\\/\\\/tonymora.com\\\/es\\\/\",\"logo\":{\"@type\":\"ImageObject\",\"inLanguage\":\"es\",\"@id\":\"https:\\\/\\\/tonymora.com\\\/es\\\/#\\\/schema\\\/logo\\\/image\\\/\",\"url\":\"https:\\\/\\\/tonymora.com\\\/wp-content\\\/uploads\\\/2023\\\/12\\\/LOGO.jpg\",\"contentUrl\":\"https:\\\/\\\/tonymora.com\\\/wp-content\\\/uploads\\\/2023\\\/12\\\/LOGO.jpg\",\"width\":2272,\"height\":1411,\"caption\":\"Tony Mora Boots\"},\"image\":{\"@id\":\"https:\\\/\\\/tonymora.com\\\/es\\\/#\\\/schema\\\/logo\\\/image\\\/\"},\"sameAs\":[\"https:\\\/\\\/www.facebook.com\\\/Tonymoraofficial\\\/\",\"https:\\\/\\\/www.instagram.com\\\/tonymoraofficial\\\/?hl=es\"]}]}<\/script>\n<!-- \/ Yoast SEO plugin. -->","yoast_head_json":{"title":"1163 VIRGI PASEO WASHED CACAO - Tony Mora\u00ae Boots Official Store","description":"Conoce nuestro nuevo modelo, realizado con piel 100% natural y de la mayor calidad para que siempre vayas elegante y a la moda.","robots":{"index":"index","follow":"follow","max-snippet":"max-snippet:-1","max-image-preview":"max-image-preview:large","max-video-preview":"max-video-preview:-1"},"canonical":"https:\/\/tonymora.com\/es\/producto\/1163-tedy-paseo-washed-cacao\/","og_locale":"es_ES","og_type":"article","og_title":"1163 VIRGI PASEO WASHED CACAO - Tony Mora\u00ae Boots Official Store","og_description":"Conoce nuestro nuevo modelo, realizado con piel 100% natural y de la mayor calidad para que siempre vayas elegante y a la moda.","og_url":"https:\/\/tonymora.com\/es\/producto\/1163-tedy-paseo-washed-cacao\/","og_site_name":"Tony Mora\u00ae Boots Official Store","article_publisher":"https:\/\/www.facebook.com\/Tonymoraofficial\/","article_modified_time":"2025-04-29T05:32:48+00:00","og_image":[{"width":866,"height":1032,"url":"https:\/\/tonymora.com\/wp-content\/uploads\/2021\/08\/2-3.jpg","type":"image\/jpeg"}],"twitter_card":"summary_large_image","schema":{"@context":"https:\/\/schema.org","@graph":[{"@type":"WebPage","@id":"https:\/\/tonymora.com\/es\/producto\/1163-tedy-paseo-washed-cacao\/","url":"https:\/\/tonymora.com\/es\/producto\/1163-tedy-paseo-washed-cacao\/","name":"1163 VIRGI PASEO WASHED CACAO - Tony Mora\u00ae Boots Official Store","isPartOf":{"@id":"https:\/\/tonymora.com\/es\/#website"},"primaryImageOfPage":{"@id":"https:\/\/tonymora.com\/es\/producto\/1163-tedy-paseo-washed-cacao\/#primaryimage"},"image":{"@id":"https:\/\/tonymora.com\/es\/producto\/1163-tedy-paseo-washed-cacao\/#primaryimage"},"thumbnailUrl":"https:\/\/tonymora.com\/wp-content\/uploads\/2021\/08\/2-3.jpg","datePublished":"2021-08-16T08:15:47+00:00","dateModified":"2025-04-29T05:32:48+00:00","description":"Conoce nuestro nuevo modelo, realizado con piel 100% natural y de la mayor calidad para que siempre vayas elegante y a la moda.","breadcrumb":{"@id":"https:\/\/tonymora.com\/es\/producto\/1163-tedy-paseo-washed-cacao\/#breadcrumb"},"inLanguage":"es","potentialAction":[{"@type":"ReadAction","target":["https:\/\/tonymora.com\/es\/producto\/1163-tedy-paseo-washed-cacao\/"]}]},{"@type":"ImageObject","inLanguage":"es","@id":"https:\/\/tonymora.com\/es\/producto\/1163-tedy-paseo-washed-cacao\/#primaryimage","url":"https:\/\/tonymora.com\/wp-content\/uploads\/2021\/08\/2-3.jpg","contentUrl":"https:\/\/tonymora.com\/wp-content\/uploads\/2021\/08\/2-3.jpg","width":866,"height":1032},{"@type":"BreadcrumbList","@id":"https:\/\/tonymora.com\/es\/producto\/1163-tedy-paseo-washed-cacao\/#breadcrumb","itemListElement":[{"@type":"ListItem","position":1,"name":"Portada","item":"https:\/\/tonymora.com\/es\/"},{"@type":"ListItem","position":2,"name":"Tienda","item":"https:\/\/tonymora.com\/es\/tienda\/"},{"@type":"ListItem","position":3,"name":"Mujer","item":"https:\/\/tonymora.com\/es\/categoria-producto\/mujer\/"},{"@type":"ListItem","position":4,"name":"1163 VIRGI PASEO WASHED CACAO"}]},{"@type":"WebSite","@id":"https:\/\/tonymora.com\/es\/#website","url":"https:\/\/tonymora.com\/es\/","name":"Tony Mora\u00ae Boots Official Store","description":"Cowboy Boots","publisher":{"@id":"https:\/\/tonymora.com\/es\/#organization"},"potentialAction":[{"@type":"SearchAction","target":{"@type":"EntryPoint","urlTemplate":"https:\/\/tonymora.com\/es\/?s={search_term_string}"},"query-input":{"@type":"PropertyValueSpecification","valueRequired":true,"valueName":"search_term_string"}}],"inLanguage":"es"},{"@type":"Organization","@id":"https:\/\/tonymora.com\/es\/#organization","name":"Tony Mora Boots","url":"https:\/\/tonymora.com\/es\/","logo":{"@type":"ImageObject","inLanguage":"es","@id":"https:\/\/tonymora.com\/es\/#\/schema\/logo\/image\/","url":"https:\/\/tonymora.com\/wp-content\/uploads\/2023\/12\/LOGO.jpg","contentUrl":"https:\/\/tonymora.com\/wp-content\/uploads\/2023\/12\/LOGO.jpg","width":2272,"height":1411,"caption":"Tony Mora Boots"},"image":{"@id":"https:\/\/tonymora.com\/es\/#\/schema\/logo\/image\/"},"sameAs":["https:\/\/www.facebook.com\/Tonymoraofficial\/","https:\/\/www.instagram.com\/tonymoraofficial\/?hl=es"]}]}},"_links":{"self":[{"href":"https:\/\/tonymora.com\/es\/wp-json\/wp\/v2\/product\/682348","targetHints":{"allow":["GET"]}}],"collection":[{"href":"https:\/\/tonymora.com\/es\/wp-json\/wp\/v2\/product"}],"about":[{"href":"https:\/\/tonymora.com\/es\/wp-json\/wp\/v2\/types\/product"}],"wp:featuredmedia":[{"embeddable":true,"href":"https:\/\/tonymora.com\/es\/wp-json\/wp\/v2\/media\/682357"}],"wp:attachment":[{"href":"https:\/\/tonymora.com\/es\/wp-json\/wp\/v2\/media?parent=682348"}],"wp:term":[{"taxonomy":"product_brand","embeddable":true,"href":"https:\/\/tonymora.com\/es\/wp-json\/wp\/v2\/product_brand?post=682348"},{"taxonomy":"product_cat","embeddable":true,"href":"https:\/\/tonymora.com\/es\/wp-json\/wp\/v2\/product_cat?post=682348"},{"taxonomy":"product_tag","embeddable":true,"href":"https:\/\/tonymora.com\/es\/wp-json\/wp\/v2\/product_tag?post=682348"}],"curies":[{"name":"wp","href":"https:\/\/api.w.org\/{rel}","templated":true}]}}