{"id":682537,"date":"2021-08-16T11:25:25","date_gmt":"2021-08-16T09:25:25","guid":{"rendered":"https:\/\/tonymora.com\/?post_type=product&#038;p=682537"},"modified":"2026-04-06T07:33:08","modified_gmt":"2026-04-06T05:33:08","slug":"7775-daslu-lini-crushed-palermo-marron","status":"publish","type":"product","link":"https:\/\/tonymora.com\/es\/producto\/7775-daslu-lini-crushed-palermo-marron\/","title":{"rendered":"7775 DASLU LINI CRUSHED PALERMO MARRON"},"content":{"rendered":"<p>Marca de la casa, cuidadosamente dise\u00f1adas y hechas con el sistema Goodyear welted, esta edici\u00f3n limitada a llegado pisando fuerte. Nos gusta crear tendencias pero como siempre manteniendo nuestro sello de calidad, por eso te presentamos este modelo en distintos colores, especiales por su dise\u00f1o de ca\u00f1as de altura media y con unos pespuntes de ca\u00f1as de cl\u00e1sico estilo e hilos en contraste con las pieles. Ll\u00e9vate un modelo moderno y diferente con la calidad Tony Mora.<\/p>\n","protected":false},"excerpt":{"rendered":"<p>Una silueta con presencia que eleva cualquier look.<br \/>\nUna declaraci\u00f3n sutil de buen gusto y seguridad.<\/p>\n","protected":false},"featured_media":682549,"template":"","meta":{"_mbp_gutenberg_autopost":false},"product_brand":[757,767],"product_cat":[1172,114,120,1133,112,1130],"product_tag":[],"class_list":{"0":"post-682537","1":"product","2":"type-product","3":"status-publish","4":"has-post-thumbnail","6":"product_brand-talla-mujer-36","7":"product_brand-talla-mujer-41","8":"product_cat-black-friday","9":"product_cat-botas-cowgirl-mujer","10":"product_cat-botas-de-baile-en-linea-mujer","11":"product_cat-botas-de-piel-mujer","12":"product_cat-mujer","13":"product_cat-rebajas-mujer","15":"first","16":"instock","17":"taxable","18":"shipping-taxable","19":"purchasable","20":"product-type-variable"},"supplier_id":null,"supplier_sku":"","barcode":null,"atum_controlled":true,"out_stock_date":null,"out_stock_threshold":null,"inheritable":true,"inbound_stock":0,"stock_on_hold":10,"sold_today":1,"sales_last_days":2,"reserved_stock":0,"customer_returns":0,"warehouse_damage":0,"lost_in_post":0,"other_logs":0,"out_stock_days":0,"lost_sales":0,"has_location":false,"update_date":"2026-03-26T10:06:17","atum_locations":[],"atum_stock_status":"instock","restock_status":false,"low_stock_amount":"","sales_update_date":"2024-07-08T13:30:30","calc_backorders":null,"yoast_head":"<!-- This site is optimized with the Yoast SEO plugin v27.2 - https:\/\/yoast.com\/product\/yoast-seo-wordpress\/ -->\n<title>Botas Cowboy Mujer Piel Marr\u00f3n \u2013 Elegancia y Tradici\u00f3n<\/title>\n<meta name=\"description\" content=\"Descubre las botas cowboy de piel marr\u00f3n para mujer, con bordados artesanales y tac\u00f3n cubano. Dise\u00f1o exclusivo y calidad premium. \u00a1Cons\u00edguelas ahora!\" \/>\n<meta name=\"robots\" content=\"index, follow, max-snippet:-1, max-image-preview:large, max-video-preview:-1\" \/>\n<link rel=\"canonical\" href=\"https:\/\/tonymora.com\/es\/producto\/7775-daslu-lini-crushed-palermo-marron\/\" \/>\n<meta property=\"og:locale\" content=\"es_ES\" \/>\n<meta property=\"og:type\" content=\"article\" \/>\n<meta property=\"og:title\" content=\"Botas Cowboy Mujer Piel Marr\u00f3n \u2013 Elegancia y Tradici\u00f3n\" \/>\n<meta property=\"og:description\" content=\"Descubre las botas cowboy de piel marr\u00f3n para mujer, con bordados artesanales y tac\u00f3n cubano. Dise\u00f1o exclusivo y calidad premium. \u00a1Cons\u00edguelas ahora!\" \/>\n<meta property=\"og:url\" content=\"https:\/\/tonymora.com\/es\/producto\/7775-daslu-lini-crushed-palermo-marron\/\" \/>\n<meta property=\"og:site_name\" content=\"Tony Mora\u00ae Boots Official Store\" \/>\n<meta property=\"article:publisher\" content=\"https:\/\/www.facebook.com\/Tonymoraofficial\/\" \/>\n<meta property=\"article:modified_time\" content=\"2026-04-06T05:33:08+00:00\" \/>\n<meta property=\"og:image\" content=\"https:\/\/tonymora.com\/wp-content\/uploads\/2021\/08\/2-8.jpg\" \/>\n\t<meta property=\"og:image:width\" content=\"866\" \/>\n\t<meta property=\"og:image:height\" content=\"1032\" \/>\n\t<meta property=\"og:image:type\" content=\"image\/jpeg\" \/>\n<meta name=\"twitter:card\" content=\"summary_large_image\" \/>\n<meta name=\"twitter:label1\" content=\"Tiempo de lectura\" \/>\n\t<meta name=\"twitter:data1\" content=\"1 minuto\" \/>\n<script type=\"application\/ld+json\" class=\"yoast-schema-graph\">{\"@context\":\"https:\/\/schema.org\",\"@graph\":[{\"@type\":\"WebPage\",\"@id\":\"https:\/\/tonymora.com\/es\/producto\/7775-daslu-lini-crushed-palermo-marron\/\",\"url\":\"https:\/\/tonymora.com\/es\/producto\/7775-daslu-lini-crushed-palermo-marron\/\",\"name\":\"Botas Cowboy Mujer Piel Marr\u00f3n \u2013 Elegancia y Tradici\u00f3n\",\"isPartOf\":{\"@id\":\"https:\/\/tonymora.com\/es\/#website\"},\"primaryImageOfPage\":{\"@id\":\"https:\/\/tonymora.com\/es\/producto\/7775-daslu-lini-crushed-palermo-marron\/#primaryimage\"},\"image\":{\"@id\":\"https:\/\/tonymora.com\/es\/producto\/7775-daslu-lini-crushed-palermo-marron\/#primaryimage\"},\"thumbnailUrl\":\"https:\/\/tonymora.com\/wp-content\/uploads\/2021\/08\/2-8.jpg\",\"datePublished\":\"2021-08-16T09:25:25+00:00\",\"dateModified\":\"2026-04-06T05:33:08+00:00\",\"description\":\"Descubre las botas cowboy de piel marr\u00f3n para mujer, con bordados artesanales y tac\u00f3n cubano. Dise\u00f1o exclusivo y calidad premium. \u00a1Cons\u00edguelas ahora!\",\"breadcrumb\":{\"@id\":\"https:\/\/tonymora.com\/es\/producto\/7775-daslu-lini-crushed-palermo-marron\/#breadcrumb\"},\"inLanguage\":\"es\",\"potentialAction\":[{\"@type\":\"ReadAction\",\"target\":[\"https:\/\/tonymora.com\/es\/producto\/7775-daslu-lini-crushed-palermo-marron\/\"]}]},{\"@type\":\"ImageObject\",\"inLanguage\":\"es\",\"@id\":\"https:\/\/tonymora.com\/es\/producto\/7775-daslu-lini-crushed-palermo-marron\/#primaryimage\",\"url\":\"https:\/\/tonymora.com\/wp-content\/uploads\/2021\/08\/2-8.jpg\",\"contentUrl\":\"https:\/\/tonymora.com\/wp-content\/uploads\/2021\/08\/2-8.jpg\",\"width\":866,\"height\":1032,\"caption\":\"Botas cowboy de piel marr\u00f3n para mujer, con bordados artesanales y tac\u00f3n cubano.\"},{\"@type\":\"BreadcrumbList\",\"@id\":\"https:\/\/tonymora.com\/es\/producto\/7775-daslu-lini-crushed-palermo-marron\/#breadcrumb\",\"itemListElement\":[{\"@type\":\"ListItem\",\"position\":1,\"name\":\"Portada\",\"item\":\"https:\/\/tonymora.com\/es\/\"},{\"@type\":\"ListItem\",\"position\":2,\"name\":\"Tienda\",\"item\":\"https:\/\/tonymora.com\/es\/tienda\/\"},{\"@type\":\"ListItem\",\"position\":3,\"name\":\"Mujer\",\"item\":\"https:\/\/tonymora.com\/es\/categoria-producto\/mujer\/\"},{\"@type\":\"ListItem\",\"position\":4,\"name\":\"7775 DASLU LINI CRUSHED PALERMO MARRON\"}]},{\"@type\":\"WebSite\",\"@id\":\"https:\/\/tonymora.com\/es\/#website\",\"url\":\"https:\/\/tonymora.com\/es\/\",\"name\":\"Tony Mora\u00ae Boots Official Store\",\"description\":\"Cowboy Boots\",\"publisher\":{\"@id\":\"https:\/\/tonymora.com\/es\/#organization\"},\"potentialAction\":[{\"@type\":\"SearchAction\",\"target\":{\"@type\":\"EntryPoint\",\"urlTemplate\":\"https:\/\/tonymora.com\/es\/?s={search_term_string}\"},\"query-input\":{\"@type\":\"PropertyValueSpecification\",\"valueRequired\":true,\"valueName\":\"search_term_string\"}}],\"inLanguage\":\"es\"},{\"@type\":\"Organization\",\"@id\":\"https:\/\/tonymora.com\/es\/#organization\",\"name\":\"Tony Mora Boots\",\"url\":\"https:\/\/tonymora.com\/es\/\",\"logo\":{\"@type\":\"ImageObject\",\"inLanguage\":\"es\",\"@id\":\"https:\/\/tonymora.com\/es\/#\/schema\/logo\/image\/\",\"url\":\"https:\/\/tonymora.com\/wp-content\/uploads\/2023\/12\/LOGO.jpg\",\"contentUrl\":\"https:\/\/tonymora.com\/wp-content\/uploads\/2023\/12\/LOGO.jpg\",\"width\":2272,\"height\":1411,\"caption\":\"Tony Mora Boots\"},\"image\":{\"@id\":\"https:\/\/tonymora.com\/es\/#\/schema\/logo\/image\/\"},\"sameAs\":[\"https:\/\/www.facebook.com\/Tonymoraofficial\/\",\"https:\/\/www.instagram.com\/tonymoraofficial\/?hl=es\"]}]}<\/script>\n<!-- \/ Yoast SEO plugin. -->","yoast_head_json":{"title":"Botas Cowboy Mujer Piel Marr\u00f3n \u2013 Elegancia y Tradici\u00f3n","description":"Descubre las botas cowboy de piel marr\u00f3n para mujer, con bordados artesanales y tac\u00f3n cubano. Dise\u00f1o exclusivo y calidad premium. \u00a1Cons\u00edguelas ahora!","robots":{"index":"index","follow":"follow","max-snippet":"max-snippet:-1","max-image-preview":"max-image-preview:large","max-video-preview":"max-video-preview:-1"},"canonical":"https:\/\/tonymora.com\/es\/producto\/7775-daslu-lini-crushed-palermo-marron\/","og_locale":"es_ES","og_type":"article","og_title":"Botas Cowboy Mujer Piel Marr\u00f3n \u2013 Elegancia y Tradici\u00f3n","og_description":"Descubre las botas cowboy de piel marr\u00f3n para mujer, con bordados artesanales y tac\u00f3n cubano. Dise\u00f1o exclusivo y calidad premium. \u00a1Cons\u00edguelas ahora!","og_url":"https:\/\/tonymora.com\/es\/producto\/7775-daslu-lini-crushed-palermo-marron\/","og_site_name":"Tony Mora\u00ae Boots Official Store","article_publisher":"https:\/\/www.facebook.com\/Tonymoraofficial\/","article_modified_time":"2026-04-06T05:33:08+00:00","og_image":[{"width":866,"height":1032,"url":"https:\/\/tonymora.com\/wp-content\/uploads\/2021\/08\/2-8.jpg","type":"image\/jpeg"}],"twitter_card":"summary_large_image","twitter_misc":{"Tiempo de lectura":"1 minuto"},"schema":{"@context":"https:\/\/schema.org","@graph":[{"@type":"WebPage","@id":"https:\/\/tonymora.com\/es\/producto\/7775-daslu-lini-crushed-palermo-marron\/","url":"https:\/\/tonymora.com\/es\/producto\/7775-daslu-lini-crushed-palermo-marron\/","name":"Botas Cowboy Mujer Piel Marr\u00f3n \u2013 Elegancia y Tradici\u00f3n","isPartOf":{"@id":"https:\/\/tonymora.com\/es\/#website"},"primaryImageOfPage":{"@id":"https:\/\/tonymora.com\/es\/producto\/7775-daslu-lini-crushed-palermo-marron\/#primaryimage"},"image":{"@id":"https:\/\/tonymora.com\/es\/producto\/7775-daslu-lini-crushed-palermo-marron\/#primaryimage"},"thumbnailUrl":"https:\/\/tonymora.com\/wp-content\/uploads\/2021\/08\/2-8.jpg","datePublished":"2021-08-16T09:25:25+00:00","dateModified":"2026-04-06T05:33:08+00:00","description":"Descubre las botas cowboy de piel marr\u00f3n para mujer, con bordados artesanales y tac\u00f3n cubano. Dise\u00f1o exclusivo y calidad premium. \u00a1Cons\u00edguelas ahora!","breadcrumb":{"@id":"https:\/\/tonymora.com\/es\/producto\/7775-daslu-lini-crushed-palermo-marron\/#breadcrumb"},"inLanguage":"es","potentialAction":[{"@type":"ReadAction","target":["https:\/\/tonymora.com\/es\/producto\/7775-daslu-lini-crushed-palermo-marron\/"]}]},{"@type":"ImageObject","inLanguage":"es","@id":"https:\/\/tonymora.com\/es\/producto\/7775-daslu-lini-crushed-palermo-marron\/#primaryimage","url":"https:\/\/tonymora.com\/wp-content\/uploads\/2021\/08\/2-8.jpg","contentUrl":"https:\/\/tonymora.com\/wp-content\/uploads\/2021\/08\/2-8.jpg","width":866,"height":1032,"caption":"Botas cowboy de piel marr\u00f3n para mujer, con bordados artesanales y tac\u00f3n cubano."},{"@type":"BreadcrumbList","@id":"https:\/\/tonymora.com\/es\/producto\/7775-daslu-lini-crushed-palermo-marron\/#breadcrumb","itemListElement":[{"@type":"ListItem","position":1,"name":"Portada","item":"https:\/\/tonymora.com\/es\/"},{"@type":"ListItem","position":2,"name":"Tienda","item":"https:\/\/tonymora.com\/es\/tienda\/"},{"@type":"ListItem","position":3,"name":"Mujer","item":"https:\/\/tonymora.com\/es\/categoria-producto\/mujer\/"},{"@type":"ListItem","position":4,"name":"7775 DASLU LINI CRUSHED PALERMO MARRON"}]},{"@type":"WebSite","@id":"https:\/\/tonymora.com\/es\/#website","url":"https:\/\/tonymora.com\/es\/","name":"Tony Mora\u00ae Boots Official Store","description":"Cowboy Boots","publisher":{"@id":"https:\/\/tonymora.com\/es\/#organization"},"potentialAction":[{"@type":"SearchAction","target":{"@type":"EntryPoint","urlTemplate":"https:\/\/tonymora.com\/es\/?s={search_term_string}"},"query-input":{"@type":"PropertyValueSpecification","valueRequired":true,"valueName":"search_term_string"}}],"inLanguage":"es"},{"@type":"Organization","@id":"https:\/\/tonymora.com\/es\/#organization","name":"Tony Mora Boots","url":"https:\/\/tonymora.com\/es\/","logo":{"@type":"ImageObject","inLanguage":"es","@id":"https:\/\/tonymora.com\/es\/#\/schema\/logo\/image\/","url":"https:\/\/tonymora.com\/wp-content\/uploads\/2023\/12\/LOGO.jpg","contentUrl":"https:\/\/tonymora.com\/wp-content\/uploads\/2023\/12\/LOGO.jpg","width":2272,"height":1411,"caption":"Tony Mora Boots"},"image":{"@id":"https:\/\/tonymora.com\/es\/#\/schema\/logo\/image\/"},"sameAs":["https:\/\/www.facebook.com\/Tonymoraofficial\/","https:\/\/www.instagram.com\/tonymoraofficial\/?hl=es"]}]}},"_links":{"self":[{"href":"https:\/\/tonymora.com\/es\/wp-json\/wp\/v2\/product\/682537","targetHints":{"allow":["GET"]}}],"collection":[{"href":"https:\/\/tonymora.com\/es\/wp-json\/wp\/v2\/product"}],"about":[{"href":"https:\/\/tonymora.com\/es\/wp-json\/wp\/v2\/types\/product"}],"wp:featuredmedia":[{"embeddable":true,"href":"https:\/\/tonymora.com\/es\/wp-json\/wp\/v2\/media\/682549"}],"wp:attachment":[{"href":"https:\/\/tonymora.com\/es\/wp-json\/wp\/v2\/media?parent=682537"}],"wp:term":[{"taxonomy":"product_brand","embeddable":true,"href":"https:\/\/tonymora.com\/es\/wp-json\/wp\/v2\/product_brand?post=682537"},{"taxonomy":"product_cat","embeddable":true,"href":"https:\/\/tonymora.com\/es\/wp-json\/wp\/v2\/product_cat?post=682537"},{"taxonomy":"product_tag","embeddable":true,"href":"https:\/\/tonymora.com\/es\/wp-json\/wp\/v2\/product_tag?post=682537"}],"curies":[{"name":"wp","href":"https:\/\/api.w.org\/{rel}","templated":true}]}}