{"id":682637,"date":"2021-08-16T11:56:29","date_gmt":"2021-08-16T09:56:29","guid":{"rendered":"https:\/\/tonymora.com\/?post_type=product&#038;p=682637"},"modified":"2026-04-04T07:33:12","modified_gmt":"2026-04-04T05:33:12","slug":"7775-daslu-lini-kasur-bean","status":"publish","type":"product","link":"https:\/\/tonymora.com\/es\/producto\/7775-daslu-lini-kasur-bean\/","title":{"rendered":"7775 DASLU LINI KASUR BEAN"},"content":{"rendered":"<p>Marca de la casa, cuidadosamente dise\u00f1adas y hechas con el sistema Goodyear welted, esta edici\u00f3n limitada a llegado pisando fuerte. Nos gusta crear tendencias pero como siempre manteniendo nuestro sello de calidad, por eso te presentamos este modelo en distintos colores, especiales por su dise\u00f1o de ca\u00f1as de altura media y con unos pespuntes de ca\u00f1as de cl\u00e1sico estilo e hilos en contraste con las pieles. Ll\u00e9vate nuestras botas cowboy de piel marr\u00f3n para mujer modernas y diferentes con la calidad Tony Mora.<\/p>\n","protected":false},"excerpt":{"rendered":"<p>Car\u00e1cter y refinamiento en equilibrio perfecto. Una silueta protagonista que acompa\u00f1a con seguridad.<br \/>\nPara llevarla hoy, ma\u00f1ana y dentro de a\u00f1os, con la misma fuerza.<\/p>\n","protected":false},"featured_media":682649,"template":"","meta":{"_mbp_gutenberg_autopost":false},"product_brand":[757,765,767],"product_cat":[1172,114,120,1133,112,1130],"product_tag":[],"class_list":{"0":"post-682637","1":"product","2":"type-product","3":"status-publish","4":"has-post-thumbnail","6":"product_brand-talla-mujer-36","7":"product_brand-talla-mujer-40","8":"product_brand-talla-mujer-41","9":"product_cat-black-friday","10":"product_cat-botas-cowgirl-mujer","11":"product_cat-botas-de-baile-en-linea-mujer","12":"product_cat-botas-de-piel-mujer","13":"product_cat-mujer","14":"product_cat-rebajas-mujer","16":"first","17":"instock","18":"taxable","19":"shipping-taxable","20":"purchasable","21":"product-type-variable"},"supplier_id":null,"supplier_sku":"","barcode":null,"atum_controlled":true,"out_stock_date":null,"out_stock_threshold":null,"inheritable":true,"inbound_stock":0,"stock_on_hold":7,"sold_today":4,"sales_last_days":4,"reserved_stock":0,"customer_returns":0,"warehouse_damage":0,"lost_in_post":0,"other_logs":0,"out_stock_days":0,"lost_sales":0,"has_location":false,"update_date":"2026-03-31T09:56:34","atum_locations":[],"atum_stock_status":"instock","restock_status":false,"low_stock_amount":"","sales_update_date":"2024-07-08T13:32:02","calc_backorders":null,"yoast_head":"<!-- This site is optimized with the Yoast SEO plugin v27.2 - https:\/\/yoast.com\/product\/yoast-seo-wordpress\/ -->\n<title>Botas Cowboy Mujer Piel Marr\u00f3n \u2013 Dise\u00f1o Exclusivo y Chic<\/title>\n<meta name=\"description\" content=\"Descubre las botas cowboy de piel marr\u00f3n para mujer, con detalles bordados y tac\u00f3n cubano. Dise\u00f1o exclusivo, c\u00f3modo y duradero. \u00a1Cons\u00edguelas ahora!\" \/>\n<meta name=\"robots\" content=\"index, follow, max-snippet:-1, max-image-preview:large, max-video-preview:-1\" \/>\n<link rel=\"canonical\" href=\"https:\/\/tonymora.com\/es\/producto\/7775-daslu-lini-kasur-bean\/\" \/>\n<meta property=\"og:locale\" content=\"es_ES\" \/>\n<meta property=\"og:type\" content=\"article\" \/>\n<meta property=\"og:title\" content=\"Botas Cowboy Mujer Piel Marr\u00f3n \u2013 Dise\u00f1o Exclusivo y Chic\" \/>\n<meta property=\"og:description\" content=\"Descubre las botas cowboy de piel marr\u00f3n para mujer, con detalles bordados y tac\u00f3n cubano. Dise\u00f1o exclusivo, c\u00f3modo y duradero. \u00a1Cons\u00edguelas ahora!\" \/>\n<meta property=\"og:url\" content=\"https:\/\/tonymora.com\/es\/producto\/7775-daslu-lini-kasur-bean\/\" \/>\n<meta property=\"og:site_name\" content=\"Tony Mora\u00ae Boots Official Store\" \/>\n<meta property=\"article:publisher\" content=\"https:\/\/www.facebook.com\/Tonymoraofficial\/\" \/>\n<meta property=\"article:modified_time\" content=\"2026-04-04T05:33:12+00:00\" \/>\n<meta property=\"og:image\" content=\"https:\/\/tonymora.com\/wp-content\/uploads\/2021\/08\/2-10.jpg\" \/>\n\t<meta property=\"og:image:width\" content=\"866\" \/>\n\t<meta property=\"og:image:height\" content=\"1032\" \/>\n\t<meta property=\"og:image:type\" content=\"image\/jpeg\" \/>\n<meta name=\"twitter:card\" content=\"summary_large_image\" \/>\n<meta name=\"twitter:label1\" content=\"Tiempo de lectura\" \/>\n\t<meta name=\"twitter:data1\" content=\"1 minuto\" \/>\n<script type=\"application\/ld+json\" class=\"yoast-schema-graph\">{\"@context\":\"https:\/\/schema.org\",\"@graph\":[{\"@type\":\"WebPage\",\"@id\":\"https:\/\/tonymora.com\/es\/producto\/7775-daslu-lini-kasur-bean\/\",\"url\":\"https:\/\/tonymora.com\/es\/producto\/7775-daslu-lini-kasur-bean\/\",\"name\":\"Botas Cowboy Mujer Piel Marr\u00f3n \u2013 Dise\u00f1o Exclusivo y Chic\",\"isPartOf\":{\"@id\":\"https:\/\/tonymora.com\/es\/#website\"},\"primaryImageOfPage\":{\"@id\":\"https:\/\/tonymora.com\/es\/producto\/7775-daslu-lini-kasur-bean\/#primaryimage\"},\"image\":{\"@id\":\"https:\/\/tonymora.com\/es\/producto\/7775-daslu-lini-kasur-bean\/#primaryimage\"},\"thumbnailUrl\":\"https:\/\/tonymora.com\/wp-content\/uploads\/2021\/08\/2-10.jpg\",\"datePublished\":\"2021-08-16T09:56:29+00:00\",\"dateModified\":\"2026-04-04T05:33:12+00:00\",\"description\":\"Descubre las botas cowboy de piel marr\u00f3n para mujer, con detalles bordados y tac\u00f3n cubano. Dise\u00f1o exclusivo, c\u00f3modo y duradero. \u00a1Cons\u00edguelas ahora!\",\"breadcrumb\":{\"@id\":\"https:\/\/tonymora.com\/es\/producto\/7775-daslu-lini-kasur-bean\/#breadcrumb\"},\"inLanguage\":\"es\",\"potentialAction\":[{\"@type\":\"ReadAction\",\"target\":[\"https:\/\/tonymora.com\/es\/producto\/7775-daslu-lini-kasur-bean\/\"]}]},{\"@type\":\"ImageObject\",\"inLanguage\":\"es\",\"@id\":\"https:\/\/tonymora.com\/es\/producto\/7775-daslu-lini-kasur-bean\/#primaryimage\",\"url\":\"https:\/\/tonymora.com\/wp-content\/uploads\/2021\/08\/2-10.jpg\",\"contentUrl\":\"https:\/\/tonymora.com\/wp-content\/uploads\/2021\/08\/2-10.jpg\",\"width\":866,\"height\":1032,\"caption\":\"Botas Cowboy Mujer Piel Marr\u00f3n\"},{\"@type\":\"BreadcrumbList\",\"@id\":\"https:\/\/tonymora.com\/es\/producto\/7775-daslu-lini-kasur-bean\/#breadcrumb\",\"itemListElement\":[{\"@type\":\"ListItem\",\"position\":1,\"name\":\"Portada\",\"item\":\"https:\/\/tonymora.com\/es\/\"},{\"@type\":\"ListItem\",\"position\":2,\"name\":\"Tienda\",\"item\":\"https:\/\/tonymora.com\/es\/tienda\/\"},{\"@type\":\"ListItem\",\"position\":3,\"name\":\"Black Friday\",\"item\":\"https:\/\/tonymora.com\/es\/categoria-producto\/black-friday\/\"},{\"@type\":\"ListItem\",\"position\":4,\"name\":\"7775 DASLU LINI KASUR BEAN\"}]},{\"@type\":\"WebSite\",\"@id\":\"https:\/\/tonymora.com\/es\/#website\",\"url\":\"https:\/\/tonymora.com\/es\/\",\"name\":\"Tony Mora\u00ae Boots Official Store\",\"description\":\"Cowboy Boots\",\"publisher\":{\"@id\":\"https:\/\/tonymora.com\/es\/#organization\"},\"potentialAction\":[{\"@type\":\"SearchAction\",\"target\":{\"@type\":\"EntryPoint\",\"urlTemplate\":\"https:\/\/tonymora.com\/es\/?s={search_term_string}\"},\"query-input\":{\"@type\":\"PropertyValueSpecification\",\"valueRequired\":true,\"valueName\":\"search_term_string\"}}],\"inLanguage\":\"es\"},{\"@type\":\"Organization\",\"@id\":\"https:\/\/tonymora.com\/es\/#organization\",\"name\":\"Tony Mora Boots\",\"url\":\"https:\/\/tonymora.com\/es\/\",\"logo\":{\"@type\":\"ImageObject\",\"inLanguage\":\"es\",\"@id\":\"https:\/\/tonymora.com\/es\/#\/schema\/logo\/image\/\",\"url\":\"https:\/\/tonymora.com\/wp-content\/uploads\/2023\/12\/LOGO.jpg\",\"contentUrl\":\"https:\/\/tonymora.com\/wp-content\/uploads\/2023\/12\/LOGO.jpg\",\"width\":2272,\"height\":1411,\"caption\":\"Tony Mora Boots\"},\"image\":{\"@id\":\"https:\/\/tonymora.com\/es\/#\/schema\/logo\/image\/\"},\"sameAs\":[\"https:\/\/www.facebook.com\/Tonymoraofficial\/\",\"https:\/\/www.instagram.com\/tonymoraofficial\/?hl=es\"]}]}<\/script>\n<!-- \/ Yoast SEO plugin. -->","yoast_head_json":{"title":"Botas Cowboy Mujer Piel Marr\u00f3n \u2013 Dise\u00f1o Exclusivo y Chic","description":"Descubre las botas cowboy de piel marr\u00f3n para mujer, con detalles bordados y tac\u00f3n cubano. Dise\u00f1o exclusivo, c\u00f3modo y duradero. \u00a1Cons\u00edguelas ahora!","robots":{"index":"index","follow":"follow","max-snippet":"max-snippet:-1","max-image-preview":"max-image-preview:large","max-video-preview":"max-video-preview:-1"},"canonical":"https:\/\/tonymora.com\/es\/producto\/7775-daslu-lini-kasur-bean\/","og_locale":"es_ES","og_type":"article","og_title":"Botas Cowboy Mujer Piel Marr\u00f3n \u2013 Dise\u00f1o Exclusivo y Chic","og_description":"Descubre las botas cowboy de piel marr\u00f3n para mujer, con detalles bordados y tac\u00f3n cubano. Dise\u00f1o exclusivo, c\u00f3modo y duradero. \u00a1Cons\u00edguelas ahora!","og_url":"https:\/\/tonymora.com\/es\/producto\/7775-daslu-lini-kasur-bean\/","og_site_name":"Tony Mora\u00ae Boots Official Store","article_publisher":"https:\/\/www.facebook.com\/Tonymoraofficial\/","article_modified_time":"2026-04-04T05:33:12+00:00","og_image":[{"width":866,"height":1032,"url":"https:\/\/tonymora.com\/wp-content\/uploads\/2021\/08\/2-10.jpg","type":"image\/jpeg"}],"twitter_card":"summary_large_image","twitter_misc":{"Tiempo de lectura":"1 minuto"},"schema":{"@context":"https:\/\/schema.org","@graph":[{"@type":"WebPage","@id":"https:\/\/tonymora.com\/es\/producto\/7775-daslu-lini-kasur-bean\/","url":"https:\/\/tonymora.com\/es\/producto\/7775-daslu-lini-kasur-bean\/","name":"Botas Cowboy Mujer Piel Marr\u00f3n \u2013 Dise\u00f1o Exclusivo y Chic","isPartOf":{"@id":"https:\/\/tonymora.com\/es\/#website"},"primaryImageOfPage":{"@id":"https:\/\/tonymora.com\/es\/producto\/7775-daslu-lini-kasur-bean\/#primaryimage"},"image":{"@id":"https:\/\/tonymora.com\/es\/producto\/7775-daslu-lini-kasur-bean\/#primaryimage"},"thumbnailUrl":"https:\/\/tonymora.com\/wp-content\/uploads\/2021\/08\/2-10.jpg","datePublished":"2021-08-16T09:56:29+00:00","dateModified":"2026-04-04T05:33:12+00:00","description":"Descubre las botas cowboy de piel marr\u00f3n para mujer, con detalles bordados y tac\u00f3n cubano. Dise\u00f1o exclusivo, c\u00f3modo y duradero. \u00a1Cons\u00edguelas ahora!","breadcrumb":{"@id":"https:\/\/tonymora.com\/es\/producto\/7775-daslu-lini-kasur-bean\/#breadcrumb"},"inLanguage":"es","potentialAction":[{"@type":"ReadAction","target":["https:\/\/tonymora.com\/es\/producto\/7775-daslu-lini-kasur-bean\/"]}]},{"@type":"ImageObject","inLanguage":"es","@id":"https:\/\/tonymora.com\/es\/producto\/7775-daslu-lini-kasur-bean\/#primaryimage","url":"https:\/\/tonymora.com\/wp-content\/uploads\/2021\/08\/2-10.jpg","contentUrl":"https:\/\/tonymora.com\/wp-content\/uploads\/2021\/08\/2-10.jpg","width":866,"height":1032,"caption":"Botas Cowboy Mujer Piel Marr\u00f3n"},{"@type":"BreadcrumbList","@id":"https:\/\/tonymora.com\/es\/producto\/7775-daslu-lini-kasur-bean\/#breadcrumb","itemListElement":[{"@type":"ListItem","position":1,"name":"Portada","item":"https:\/\/tonymora.com\/es\/"},{"@type":"ListItem","position":2,"name":"Tienda","item":"https:\/\/tonymora.com\/es\/tienda\/"},{"@type":"ListItem","position":3,"name":"Black Friday","item":"https:\/\/tonymora.com\/es\/categoria-producto\/black-friday\/"},{"@type":"ListItem","position":4,"name":"7775 DASLU LINI KASUR BEAN"}]},{"@type":"WebSite","@id":"https:\/\/tonymora.com\/es\/#website","url":"https:\/\/tonymora.com\/es\/","name":"Tony Mora\u00ae Boots Official Store","description":"Cowboy Boots","publisher":{"@id":"https:\/\/tonymora.com\/es\/#organization"},"potentialAction":[{"@type":"SearchAction","target":{"@type":"EntryPoint","urlTemplate":"https:\/\/tonymora.com\/es\/?s={search_term_string}"},"query-input":{"@type":"PropertyValueSpecification","valueRequired":true,"valueName":"search_term_string"}}],"inLanguage":"es"},{"@type":"Organization","@id":"https:\/\/tonymora.com\/es\/#organization","name":"Tony Mora Boots","url":"https:\/\/tonymora.com\/es\/","logo":{"@type":"ImageObject","inLanguage":"es","@id":"https:\/\/tonymora.com\/es\/#\/schema\/logo\/image\/","url":"https:\/\/tonymora.com\/wp-content\/uploads\/2023\/12\/LOGO.jpg","contentUrl":"https:\/\/tonymora.com\/wp-content\/uploads\/2023\/12\/LOGO.jpg","width":2272,"height":1411,"caption":"Tony Mora Boots"},"image":{"@id":"https:\/\/tonymora.com\/es\/#\/schema\/logo\/image\/"},"sameAs":["https:\/\/www.facebook.com\/Tonymoraofficial\/","https:\/\/www.instagram.com\/tonymoraofficial\/?hl=es"]}]}},"_links":{"self":[{"href":"https:\/\/tonymora.com\/es\/wp-json\/wp\/v2\/product\/682637","targetHints":{"allow":["GET"]}}],"collection":[{"href":"https:\/\/tonymora.com\/es\/wp-json\/wp\/v2\/product"}],"about":[{"href":"https:\/\/tonymora.com\/es\/wp-json\/wp\/v2\/types\/product"}],"wp:featuredmedia":[{"embeddable":true,"href":"https:\/\/tonymora.com\/es\/wp-json\/wp\/v2\/media\/682649"}],"wp:attachment":[{"href":"https:\/\/tonymora.com\/es\/wp-json\/wp\/v2\/media?parent=682637"}],"wp:term":[{"taxonomy":"product_brand","embeddable":true,"href":"https:\/\/tonymora.com\/es\/wp-json\/wp\/v2\/product_brand?post=682637"},{"taxonomy":"product_cat","embeddable":true,"href":"https:\/\/tonymora.com\/es\/wp-json\/wp\/v2\/product_cat?post=682637"},{"taxonomy":"product_tag","embeddable":true,"href":"https:\/\/tonymora.com\/es\/wp-json\/wp\/v2\/product_tag?post=682637"}],"curies":[{"name":"wp","href":"https:\/\/api.w.org\/{rel}","templated":true}]}}