{"id":683145,"date":"2021-08-17T15:13:48","date_gmt":"2021-08-17T13:13:48","guid":{"rendered":"https:\/\/tonymora.com\/?post_type=product&#038;p=683145"},"modified":"2026-04-27T07:32:37","modified_gmt":"2026-04-27T05:32:37","slug":"2181-boto-recto-tuscany-dove-acabado-vintage-marron","status":"publish","type":"product","link":"https:\/\/tonymora.com\/es\/producto\/2181-boto-recto-tuscany-dove-acabado-vintage-marron\/","title":{"rendered":"2181 BOTO RECTO TUSCANY DOVE \/ ACABADO VINTAGE MARRON"},"content":{"rendered":"<p class=\"p1\">Comodidad y elegancia unidas en este hermoso modelo. Botas con horma redonda y de tac\u00f3n recto que van con unas elegantes ca\u00f1as rectas y altas. Est\u00e1n hecho con una suave piel de ternera en tono marr\u00f3n que las hace perfectas para combinar con todos los colores.<span class=\"Apple-converted-space\">\u00a0<\/span><\/p>\n","protected":false},"excerpt":{"rendered":"<p>Una pieza pensada para destacar con discreci\u00f3n y seguridad. Un toque de altura que aporta seguridad y elegancia.<br \/>\nEl toque final que convierte lo simple en memorable.<\/p>\n","protected":false},"featured_media":694382,"template":"","meta":{"_mbp_gutenberg_autopost":false},"product_brand":[757,759,761,767],"product_cat":[1172,119,1133,112,1130],"product_tag":[],"class_list":{"0":"post-683145","1":"product","2":"type-product","3":"status-publish","4":"has-post-thumbnail","6":"product_brand-talla-mujer-36","7":"product_brand-talla-mujer-37","8":"product_brand-talla-mujer-38","9":"product_brand-talla-mujer-41","10":"product_cat-black-friday","11":"product_cat-botas-casual-mujer","12":"product_cat-botas-de-piel-mujer","13":"product_cat-mujer","14":"product_cat-rebajas-mujer","16":"first","17":"instock","18":"taxable","19":"shipping-taxable","20":"purchasable","21":"product-type-variable"},"_links":{"self":[{"href":"https:\/\/tonymora.com\/es\/wp-json\/wp\/v2\/product\/683145","targetHints":{"allow":["GET"]}}],"collection":[{"href":"https:\/\/tonymora.com\/es\/wp-json\/wp\/v2\/product"}],"about":[{"href":"https:\/\/tonymora.com\/es\/wp-json\/wp\/v2\/types\/product"}],"wp:featuredmedia":[{"embeddable":true,"href":"https:\/\/tonymora.com\/es\/wp-json\/wp\/v2\/media\/694382"}],"wp:attachment":[{"href":"https:\/\/tonymora.com\/es\/wp-json\/wp\/v2\/media?parent=683145"}],"wp:term":[{"taxonomy":"product_brand","embeddable":true,"href":"https:\/\/tonymora.com\/es\/wp-json\/wp\/v2\/product_brand?post=683145"},{"taxonomy":"product_cat","embeddable":true,"href":"https:\/\/tonymora.com\/es\/wp-json\/wp\/v2\/product_cat?post=683145"},{"taxonomy":"product_tag","embeddable":true,"href":"https:\/\/tonymora.com\/es\/wp-json\/wp\/v2\/product_tag?post=683145"}],"curies":[{"name":"wp","href":"https:\/\/api.w.org\/{rel}","templated":true}]}}