{"id":683256,"date":"2021-08-17T15:47:02","date_gmt":"2021-08-17T13:47:02","guid":{"rendered":"https:\/\/tonymora.com\/?post_type=product&#038;p=683256"},"modified":"2026-04-27T07:32:35","modified_gmt":"2026-04-27T05:32:35","slug":"3051-daslu-lini-giboya-taupe","status":"publish","type":"product","link":"https:\/\/tonymora.com\/es\/producto\/3051-daslu-lini-giboya-taupe\/","title":{"rendered":"3051 DASLU LINI GIBOYA TAUPE"},"content":{"rendered":"<p>Conoce nuestro nuevo modelo, realizado con piel 100% natural y de la mayor calidad para que siempre vayas elegante y a la moda. Para realizar los modelos utilizamos unos moldes de hace m\u00e1s de 40 a\u00f1os. Este producto est\u00e1 hecho a mano y utilizando el sistema Goodyear Welt Confort, seguro que encaja perfectamente contigo. Su piel se ajusta a tus pies y podr\u00e1s caminar con ellas todo el d\u00eda. \u00a1Pru\u00e9balas!<\/p>\n","protected":false},"excerpt":{"rendered":"<p>Una silueta con presencia que eleva cualquier look.<br \/>\nLa clase de elecci\u00f3n que se recuerda por c\u00f3mo te hace sentir.<\/p>\n","protected":false},"featured_media":683268,"template":"","meta":{"_mbp_gutenberg_autopost":false},"product_brand":[757,759],"product_cat":[1132,122,121,112,1130],"product_tag":[],"class_list":{"0":"post-683256","1":"product","2":"type-product","3":"status-publish","4":"has-post-thumbnail","6":"product_brand-talla-mujer-36","7":"product_brand-talla-mujer-37","8":"product_cat-botas-de-piton-mujer","9":"product_cat-botas-exoticas-mujer","10":"product_cat-botines-mujer","11":"product_cat-mujer","12":"product_cat-rebajas-mujer","14":"first","15":"outofstock","16":"taxable","17":"shipping-taxable","18":"product-type-variable"},"_links":{"self":[{"href":"https:\/\/tonymora.com\/es\/wp-json\/wp\/v2\/product\/683256","targetHints":{"allow":["GET"]}}],"collection":[{"href":"https:\/\/tonymora.com\/es\/wp-json\/wp\/v2\/product"}],"about":[{"href":"https:\/\/tonymora.com\/es\/wp-json\/wp\/v2\/types\/product"}],"wp:featuredmedia":[{"embeddable":true,"href":"https:\/\/tonymora.com\/es\/wp-json\/wp\/v2\/media\/683268"}],"wp:attachment":[{"href":"https:\/\/tonymora.com\/es\/wp-json\/wp\/v2\/media?parent=683256"}],"wp:term":[{"taxonomy":"product_brand","embeddable":true,"href":"https:\/\/tonymora.com\/es\/wp-json\/wp\/v2\/product_brand?post=683256"},{"taxonomy":"product_cat","embeddable":true,"href":"https:\/\/tonymora.com\/es\/wp-json\/wp\/v2\/product_cat?post=683256"},{"taxonomy":"product_tag","embeddable":true,"href":"https:\/\/tonymora.com\/es\/wp-json\/wp\/v2\/product_tag?post=683256"}],"curies":[{"name":"wp","href":"https:\/\/api.w.org\/{rel}","templated":true}]}}