{"id":683332,"date":"2021-08-17T16:06:47","date_gmt":"2021-08-17T14:06:47","guid":{"rendered":"https:\/\/tonymora.com\/?post_type=product&#038;p=683332"},"modified":"2026-04-27T07:32:37","modified_gmt":"2026-04-27T05:32:37","slug":"9143-grabado-becerro-turquesa","status":"publish","type":"product","link":"https:\/\/tonymora.com\/es\/producto\/9143-grabado-becerro-turquesa\/","title":{"rendered":"9143 GRABADO BECERRO TURQUESA"},"content":{"rendered":"<p class=\"p1\">\u00a1Descubre un cintur\u00f3n que captura todas las miradas! Con un dise\u00f1o que combina el tono turquesa y un grabado en tono marr\u00f3n que a\u00f1ade un toque de sofisticaci\u00f3n. Este exclusivo cintur\u00f3n, confeccionado con piel de vacuno de la m\u00e1s alta calidad, es mucho m\u00e1s que un accesorio: es una declaraci\u00f3n de estilo y calidad. Resistente al uso diario y dise\u00f1ado para perdurar, es la elecci\u00f3n perfecta para aquellos que buscan combinar moda y durabilidad.<\/p>\n","protected":false},"excerpt":{"rendered":"<p>Elegancia atemporal con una actitud inconfundible.<br \/>\nIdeal para acompa\u00f1arte del d\u00eda a la noche con la misma confianza.<\/p>\n","protected":false},"featured_media":712129,"template":"","meta":{"_mbp_gutenberg_autopost":false},"product_brand":[],"product_cat":[1172,1155,112],"product_tag":[],"class_list":{"0":"post-683332","1":"product","2":"type-product","3":"status-publish","4":"has-post-thumbnail","6":"product_cat-black-friday","7":"product_cat-cinturones-mujer","8":"product_cat-mujer","10":"first","11":"instock","12":"taxable","13":"shipping-taxable","14":"purchasable","15":"product-type-variable"},"_links":{"self":[{"href":"https:\/\/tonymora.com\/es\/wp-json\/wp\/v2\/product\/683332","targetHints":{"allow":["GET"]}}],"collection":[{"href":"https:\/\/tonymora.com\/es\/wp-json\/wp\/v2\/product"}],"about":[{"href":"https:\/\/tonymora.com\/es\/wp-json\/wp\/v2\/types\/product"}],"wp:featuredmedia":[{"embeddable":true,"href":"https:\/\/tonymora.com\/es\/wp-json\/wp\/v2\/media\/712129"}],"wp:attachment":[{"href":"https:\/\/tonymora.com\/es\/wp-json\/wp\/v2\/media?parent=683332"}],"wp:term":[{"taxonomy":"product_brand","embeddable":true,"href":"https:\/\/tonymora.com\/es\/wp-json\/wp\/v2\/product_brand?post=683332"},{"taxonomy":"product_cat","embeddable":true,"href":"https:\/\/tonymora.com\/es\/wp-json\/wp\/v2\/product_cat?post=683332"},{"taxonomy":"product_tag","embeddable":true,"href":"https:\/\/tonymora.com\/es\/wp-json\/wp\/v2\/product_tag?post=683332"}],"curies":[{"name":"wp","href":"https:\/\/api.w.org\/{rel}","templated":true}]}}