{"id":683419,"date":"2021-08-17T16:22:49","date_gmt":"2021-08-17T14:22:49","guid":{"rendered":"https:\/\/tonymora.com\/?post_type=product&#038;p=683419"},"modified":"2026-04-27T07:32:37","modified_gmt":"2026-04-27T05:32:37","slug":"0229-fantasia-club-negro-nobuk-bone-python-bw","status":"publish","type":"product","link":"https:\/\/tonymora.com\/es\/producto\/0229-fantasia-club-negro-nobuk-bone-python-bw\/","title":{"rendered":"0229 FANTASIA CLUB NEGRO\/ NOBUK BONE PYTHON BW"},"content":{"rendered":"<p class=\"p1\">Aqu\u00ed tienes un impresionante cintur\u00f3n de piel de vacuno de doble capa en tono beige en la parte superior y negra en su interior. Este exclusivo cintur\u00f3n presenta detalles \u00fanicos, como los elegantes detalles en piel de ex\u00f3tica de serpiente que a\u00f1aden un toque de sofisticaci\u00f3n. Adem\u00e1s, los bordes del cintur\u00f3n est\u00e1n cuidadosamente trenzados, resaltando su calidad artesanal. A\u00f1ade un toque de distinci\u00f3n a tu atuendo con nuestro cintur\u00f3n exclusivo y marca la diferencia en cualquier ocasi\u00f3n.<\/p>\n","protected":false},"excerpt":{"rendered":"<p>Una elecci\u00f3n que se siente especial nada m\u00e1s verla.<br \/>\nEl toque final que convierte lo simple en memorable.<\/p>\n","protected":false},"featured_media":712147,"template":"","meta":{"_mbp_gutenberg_autopost":false},"product_brand":[],"product_cat":[1172,1155,112],"product_tag":[],"class_list":{"0":"post-683419","1":"product","2":"type-product","3":"status-publish","4":"has-post-thumbnail","6":"product_cat-black-friday","7":"product_cat-cinturones-mujer","8":"product_cat-mujer","10":"first","11":"instock","12":"taxable","13":"shipping-taxable","14":"purchasable","15":"product-type-variable"},"_links":{"self":[{"href":"https:\/\/tonymora.com\/es\/wp-json\/wp\/v2\/product\/683419","targetHints":{"allow":["GET"]}}],"collection":[{"href":"https:\/\/tonymora.com\/es\/wp-json\/wp\/v2\/product"}],"about":[{"href":"https:\/\/tonymora.com\/es\/wp-json\/wp\/v2\/types\/product"}],"wp:featuredmedia":[{"embeddable":true,"href":"https:\/\/tonymora.com\/es\/wp-json\/wp\/v2\/media\/712147"}],"wp:attachment":[{"href":"https:\/\/tonymora.com\/es\/wp-json\/wp\/v2\/media?parent=683419"}],"wp:term":[{"taxonomy":"product_brand","embeddable":true,"href":"https:\/\/tonymora.com\/es\/wp-json\/wp\/v2\/product_brand?post=683419"},{"taxonomy":"product_cat","embeddable":true,"href":"https:\/\/tonymora.com\/es\/wp-json\/wp\/v2\/product_cat?post=683419"},{"taxonomy":"product_tag","embeddable":true,"href":"https:\/\/tonymora.com\/es\/wp-json\/wp\/v2\/product_tag?post=683419"}],"curies":[{"name":"wp","href":"https:\/\/api.w.org\/{rel}","templated":true}]}}