{"id":683473,"date":"2021-08-18T08:42:53","date_gmt":"2021-08-18T06:42:53","guid":{"rendered":"https:\/\/tonymora.com\/?post_type=product&#038;p=683473"},"modified":"2026-04-27T07:32:37","modified_gmt":"2026-04-27T05:32:37","slug":"0086-grabado-becerro-gris","status":"publish","type":"product","link":"https:\/\/tonymora.com\/es\/producto\/0086-grabado-becerro-gris\/","title":{"rendered":"0086 GRABADO BECERRO GRIS"},"content":{"rendered":"<p class=\"p1\">Introduce un complemento de elegancia y sofisticaci\u00f3n en tu look con nuestro exclusivo cintur\u00f3n en un cautivador tono gris oscuro. Este cintur\u00f3n, con su distintivo grabado a mano, a\u00f1ade un toque de estilo \u00fanico a cualquier atuendo, puedes combinarlo con tus jeans favoritos. Fabricado con piel de vacuno y con una hebilla cuadrada con efecto envejecido es ideal para una reuni\u00f3n formal o una salida casual.<\/p>\n","protected":false},"excerpt":{"rendered":"<p>Un dise\u00f1o que transmite car\u00e1cter desde el primer paso.<br \/>\nUna declaraci\u00f3n sutil de buen gusto y seguridad.<\/p>\n","protected":false},"featured_media":712132,"template":"","meta":{"_mbp_gutenberg_autopost":false},"product_brand":[],"product_cat":[1172,1155,112],"product_tag":[],"class_list":{"0":"post-683473","1":"product","2":"type-product","3":"status-publish","4":"has-post-thumbnail","6":"product_cat-black-friday","7":"product_cat-cinturones-mujer","8":"product_cat-mujer","10":"first","11":"instock","12":"taxable","13":"shipping-taxable","14":"purchasable","15":"product-type-variable"},"_links":{"self":[{"href":"https:\/\/tonymora.com\/es\/wp-json\/wp\/v2\/product\/683473","targetHints":{"allow":["GET"]}}],"collection":[{"href":"https:\/\/tonymora.com\/es\/wp-json\/wp\/v2\/product"}],"about":[{"href":"https:\/\/tonymora.com\/es\/wp-json\/wp\/v2\/types\/product"}],"wp:featuredmedia":[{"embeddable":true,"href":"https:\/\/tonymora.com\/es\/wp-json\/wp\/v2\/media\/712132"}],"wp:attachment":[{"href":"https:\/\/tonymora.com\/es\/wp-json\/wp\/v2\/media?parent=683473"}],"wp:term":[{"taxonomy":"product_brand","embeddable":true,"href":"https:\/\/tonymora.com\/es\/wp-json\/wp\/v2\/product_brand?post=683473"},{"taxonomy":"product_cat","embeddable":true,"href":"https:\/\/tonymora.com\/es\/wp-json\/wp\/v2\/product_cat?post=683473"},{"taxonomy":"product_tag","embeddable":true,"href":"https:\/\/tonymora.com\/es\/wp-json\/wp\/v2\/product_tag?post=683473"}],"curies":[{"name":"wp","href":"https:\/\/api.w.org\/{rel}","templated":true}]}}