{"id":684468,"date":"2021-09-06T10:18:59","date_gmt":"2021-09-06T08:18:59","guid":{"rendered":"https:\/\/tonymora.com\/?post_type=product&#038;p=684468"},"modified":"2026-04-07T07:32:50","modified_gmt":"2026-04-07T05:32:50","slug":"1761-daslu-lini-swarovsky-cristal-piton-negro","status":"publish","type":"product","link":"https:\/\/tonymora.com\/es\/producto\/1761-daslu-lini-swarovsky-cristal-piton-negro\/","title":{"rendered":"1761 DASLU LINI SWAROVSKY CRISTAL PITON NEGRO"},"content":{"rendered":"<p>Porque nos gustan los mejores dise\u00f1os y texturas para nuestros clientes te presentamos este incre\u00edble modelo trabajado con unas deslumbrantes ca\u00f1as en una suave piel de ternera con incrustaciones de brillantes SWAROVSKI que te har\u00e1n deslumbrar en cada momento.<br \/>\nFieles compa\u00f1eras que te acompa\u00f1ar\u00e1n all\u00e1 donde vayas.<br \/>\nUna pieza \u00fanica, creada para personas \u00fanicas.<\/p>\n","protected":false},"excerpt":{"rendered":"<p>Una propuesta con alma, hecha para acompa\u00f1arte de verdad.<br \/>\nUna forma de vestir la autenticidad con elegancia.<\/p>\n","protected":false},"featured_media":684702,"template":"","meta":{"_mbp_gutenberg_autopost":false},"product_brand":[757,759,761,763,767],"product_cat":[122,112],"product_tag":[],"class_list":{"0":"post-684468","1":"product","2":"type-product","3":"status-publish","4":"has-post-thumbnail","6":"product_brand-talla-mujer-36","7":"product_brand-talla-mujer-37","8":"product_brand-talla-mujer-38","9":"product_brand-talla-mujer-39","10":"product_brand-talla-mujer-41","11":"product_cat-botas-exoticas-mujer","12":"product_cat-mujer","14":"first","15":"outofstock","16":"taxable","17":"shipping-taxable","18":"product-type-variable"},"supplier_id":null,"supplier_sku":"","barcode":null,"atum_controlled":true,"out_stock_date":null,"out_stock_threshold":null,"inheritable":true,"inbound_stock":0,"stock_on_hold":0,"sold_today":0,"sales_last_days":0,"reserved_stock":0,"customer_returns":0,"warehouse_damage":0,"lost_in_post":0,"other_logs":0,"out_stock_days":0,"lost_sales":0,"has_location":false,"update_date":"2024-06-24T09:29:13","atum_locations":[],"atum_stock_status":"instock","restock_status":false,"low_stock_amount":"","sales_update_date":"2024-06-24T09:29:13","calc_backorders":null,"yoast_head":"<!-- This site is optimized with the Yoast SEO plugin v27.2 - https:\/\/yoast.com\/product\/yoast-seo-wordpress\/ -->\n<title>1761 DASLU LINI SWAROVSKY CRISTAL PITON NEGRO - Tony Mora\u00ae Boots Official Store<\/title>\n<meta name=\"description\" content=\"Incre\u00edble modelo trabajado con unas deslumbrantes ca\u00f1as en una suave piel de ternera con incrustaciones de brillantes SWAROVSKI\" \/>\n<meta name=\"robots\" content=\"index, follow, max-snippet:-1, max-image-preview:large, max-video-preview:-1\" \/>\n<link rel=\"canonical\" href=\"https:\/\/tonymora.com\/es\/producto\/1761-daslu-lini-swarovsky-cristal-piton-negro\/\" \/>\n<meta property=\"og:locale\" content=\"es_ES\" \/>\n<meta property=\"og:type\" content=\"article\" \/>\n<meta property=\"og:title\" content=\"1761 DASLU LINI SWAROVSKY CRISTAL PITON NEGRO - Tony Mora\u00ae Boots Official Store\" \/>\n<meta property=\"og:description\" content=\"Incre\u00edble modelo trabajado con unas deslumbrantes ca\u00f1as en una suave piel de ternera con incrustaciones de brillantes SWAROVSKI\" \/>\n<meta property=\"og:url\" content=\"https:\/\/tonymora.com\/es\/producto\/1761-daslu-lini-swarovsky-cristal-piton-negro\/\" \/>\n<meta property=\"og:site_name\" content=\"Tony Mora\u00ae Boots Official Store\" \/>\n<meta property=\"article:publisher\" content=\"https:\/\/www.facebook.com\/Tonymoraofficial\/\" \/>\n<meta property=\"article:modified_time\" content=\"2026-04-07T05:32:50+00:00\" \/>\n<meta property=\"og:image\" content=\"https:\/\/tonymora.com\/wp-content\/uploads\/2021\/09\/1-8.jpg\" \/>\n\t<meta property=\"og:image:width\" content=\"866\" \/>\n\t<meta property=\"og:image:height\" content=\"1032\" \/>\n\t<meta property=\"og:image:type\" content=\"image\/jpeg\" \/>\n<meta name=\"twitter:card\" content=\"summary_large_image\" \/>\n<script type=\"application\/ld+json\" class=\"yoast-schema-graph\">{\"@context\":\"https:\/\/schema.org\",\"@graph\":[{\"@type\":\"WebPage\",\"@id\":\"https:\/\/tonymora.com\/es\/producto\/1761-daslu-lini-swarovsky-cristal-piton-negro\/\",\"url\":\"https:\/\/tonymora.com\/es\/producto\/1761-daslu-lini-swarovsky-cristal-piton-negro\/\",\"name\":\"1761 DASLU LINI SWAROVSKY CRISTAL PITON NEGRO - Tony Mora\u00ae Boots Official Store\",\"isPartOf\":{\"@id\":\"https:\/\/tonymora.com\/es\/#website\"},\"primaryImageOfPage\":{\"@id\":\"https:\/\/tonymora.com\/es\/producto\/1761-daslu-lini-swarovsky-cristal-piton-negro\/#primaryimage\"},\"image\":{\"@id\":\"https:\/\/tonymora.com\/es\/producto\/1761-daslu-lini-swarovsky-cristal-piton-negro\/#primaryimage\"},\"thumbnailUrl\":\"https:\/\/tonymora.com\/wp-content\/uploads\/2021\/09\/1-8.jpg\",\"datePublished\":\"2021-09-06T08:18:59+00:00\",\"dateModified\":\"2026-04-07T05:32:50+00:00\",\"description\":\"Incre\u00edble modelo trabajado con unas deslumbrantes ca\u00f1as en una suave piel de ternera con incrustaciones de brillantes SWAROVSKI\",\"breadcrumb\":{\"@id\":\"https:\/\/tonymora.com\/es\/producto\/1761-daslu-lini-swarovsky-cristal-piton-negro\/#breadcrumb\"},\"inLanguage\":\"es\",\"potentialAction\":[{\"@type\":\"ReadAction\",\"target\":[\"https:\/\/tonymora.com\/es\/producto\/1761-daslu-lini-swarovsky-cristal-piton-negro\/\"]}]},{\"@type\":\"ImageObject\",\"inLanguage\":\"es\",\"@id\":\"https:\/\/tonymora.com\/es\/producto\/1761-daslu-lini-swarovsky-cristal-piton-negro\/#primaryimage\",\"url\":\"https:\/\/tonymora.com\/wp-content\/uploads\/2021\/09\/1-8.jpg\",\"contentUrl\":\"https:\/\/tonymora.com\/wp-content\/uploads\/2021\/09\/1-8.jpg\",\"width\":866,\"height\":1032},{\"@type\":\"BreadcrumbList\",\"@id\":\"https:\/\/tonymora.com\/es\/producto\/1761-daslu-lini-swarovsky-cristal-piton-negro\/#breadcrumb\",\"itemListElement\":[{\"@type\":\"ListItem\",\"position\":1,\"name\":\"Portada\",\"item\":\"https:\/\/tonymora.com\/es\/\"},{\"@type\":\"ListItem\",\"position\":2,\"name\":\"Tienda\",\"item\":\"https:\/\/tonymora.com\/es\/tienda\/\"},{\"@type\":\"ListItem\",\"position\":3,\"name\":\"Mujer\",\"item\":\"https:\/\/tonymora.com\/es\/categoria-producto\/mujer\/\"},{\"@type\":\"ListItem\",\"position\":4,\"name\":\"1761 DASLU LINI SWAROVSKY CRISTAL PITON NEGRO\"}]},{\"@type\":\"WebSite\",\"@id\":\"https:\/\/tonymora.com\/es\/#website\",\"url\":\"https:\/\/tonymora.com\/es\/\",\"name\":\"Tony Mora\u00ae Boots Official Store\",\"description\":\"Cowboy Boots\",\"publisher\":{\"@id\":\"https:\/\/tonymora.com\/es\/#organization\"},\"potentialAction\":[{\"@type\":\"SearchAction\",\"target\":{\"@type\":\"EntryPoint\",\"urlTemplate\":\"https:\/\/tonymora.com\/es\/?s={search_term_string}\"},\"query-input\":{\"@type\":\"PropertyValueSpecification\",\"valueRequired\":true,\"valueName\":\"search_term_string\"}}],\"inLanguage\":\"es\"},{\"@type\":\"Organization\",\"@id\":\"https:\/\/tonymora.com\/es\/#organization\",\"name\":\"Tony Mora Boots\",\"url\":\"https:\/\/tonymora.com\/es\/\",\"logo\":{\"@type\":\"ImageObject\",\"inLanguage\":\"es\",\"@id\":\"https:\/\/tonymora.com\/es\/#\/schema\/logo\/image\/\",\"url\":\"https:\/\/tonymora.com\/wp-content\/uploads\/2023\/12\/LOGO.jpg\",\"contentUrl\":\"https:\/\/tonymora.com\/wp-content\/uploads\/2023\/12\/LOGO.jpg\",\"width\":2272,\"height\":1411,\"caption\":\"Tony Mora Boots\"},\"image\":{\"@id\":\"https:\/\/tonymora.com\/es\/#\/schema\/logo\/image\/\"},\"sameAs\":[\"https:\/\/www.facebook.com\/Tonymoraofficial\/\",\"https:\/\/www.instagram.com\/tonymoraofficial\/?hl=es\"]}]}<\/script>\n<!-- \/ Yoast SEO plugin. -->","yoast_head_json":{"title":"1761 DASLU LINI SWAROVSKY CRISTAL PITON NEGRO - Tony Mora\u00ae Boots Official Store","description":"Incre\u00edble modelo trabajado con unas deslumbrantes ca\u00f1as en una suave piel de ternera con incrustaciones de brillantes SWAROVSKI","robots":{"index":"index","follow":"follow","max-snippet":"max-snippet:-1","max-image-preview":"max-image-preview:large","max-video-preview":"max-video-preview:-1"},"canonical":"https:\/\/tonymora.com\/es\/producto\/1761-daslu-lini-swarovsky-cristal-piton-negro\/","og_locale":"es_ES","og_type":"article","og_title":"1761 DASLU LINI SWAROVSKY CRISTAL PITON NEGRO - Tony Mora\u00ae Boots Official Store","og_description":"Incre\u00edble modelo trabajado con unas deslumbrantes ca\u00f1as en una suave piel de ternera con incrustaciones de brillantes SWAROVSKI","og_url":"https:\/\/tonymora.com\/es\/producto\/1761-daslu-lini-swarovsky-cristal-piton-negro\/","og_site_name":"Tony Mora\u00ae Boots Official Store","article_publisher":"https:\/\/www.facebook.com\/Tonymoraofficial\/","article_modified_time":"2026-04-07T05:32:50+00:00","og_image":[{"width":866,"height":1032,"url":"https:\/\/tonymora.com\/wp-content\/uploads\/2021\/09\/1-8.jpg","type":"image\/jpeg"}],"twitter_card":"summary_large_image","schema":{"@context":"https:\/\/schema.org","@graph":[{"@type":"WebPage","@id":"https:\/\/tonymora.com\/es\/producto\/1761-daslu-lini-swarovsky-cristal-piton-negro\/","url":"https:\/\/tonymora.com\/es\/producto\/1761-daslu-lini-swarovsky-cristal-piton-negro\/","name":"1761 DASLU LINI SWAROVSKY CRISTAL PITON NEGRO - Tony Mora\u00ae Boots Official Store","isPartOf":{"@id":"https:\/\/tonymora.com\/es\/#website"},"primaryImageOfPage":{"@id":"https:\/\/tonymora.com\/es\/producto\/1761-daslu-lini-swarovsky-cristal-piton-negro\/#primaryimage"},"image":{"@id":"https:\/\/tonymora.com\/es\/producto\/1761-daslu-lini-swarovsky-cristal-piton-negro\/#primaryimage"},"thumbnailUrl":"https:\/\/tonymora.com\/wp-content\/uploads\/2021\/09\/1-8.jpg","datePublished":"2021-09-06T08:18:59+00:00","dateModified":"2026-04-07T05:32:50+00:00","description":"Incre\u00edble modelo trabajado con unas deslumbrantes ca\u00f1as en una suave piel de ternera con incrustaciones de brillantes SWAROVSKI","breadcrumb":{"@id":"https:\/\/tonymora.com\/es\/producto\/1761-daslu-lini-swarovsky-cristal-piton-negro\/#breadcrumb"},"inLanguage":"es","potentialAction":[{"@type":"ReadAction","target":["https:\/\/tonymora.com\/es\/producto\/1761-daslu-lini-swarovsky-cristal-piton-negro\/"]}]},{"@type":"ImageObject","inLanguage":"es","@id":"https:\/\/tonymora.com\/es\/producto\/1761-daslu-lini-swarovsky-cristal-piton-negro\/#primaryimage","url":"https:\/\/tonymora.com\/wp-content\/uploads\/2021\/09\/1-8.jpg","contentUrl":"https:\/\/tonymora.com\/wp-content\/uploads\/2021\/09\/1-8.jpg","width":866,"height":1032},{"@type":"BreadcrumbList","@id":"https:\/\/tonymora.com\/es\/producto\/1761-daslu-lini-swarovsky-cristal-piton-negro\/#breadcrumb","itemListElement":[{"@type":"ListItem","position":1,"name":"Portada","item":"https:\/\/tonymora.com\/es\/"},{"@type":"ListItem","position":2,"name":"Tienda","item":"https:\/\/tonymora.com\/es\/tienda\/"},{"@type":"ListItem","position":3,"name":"Mujer","item":"https:\/\/tonymora.com\/es\/categoria-producto\/mujer\/"},{"@type":"ListItem","position":4,"name":"1761 DASLU LINI SWAROVSKY CRISTAL PITON NEGRO"}]},{"@type":"WebSite","@id":"https:\/\/tonymora.com\/es\/#website","url":"https:\/\/tonymora.com\/es\/","name":"Tony Mora\u00ae Boots Official Store","description":"Cowboy Boots","publisher":{"@id":"https:\/\/tonymora.com\/es\/#organization"},"potentialAction":[{"@type":"SearchAction","target":{"@type":"EntryPoint","urlTemplate":"https:\/\/tonymora.com\/es\/?s={search_term_string}"},"query-input":{"@type":"PropertyValueSpecification","valueRequired":true,"valueName":"search_term_string"}}],"inLanguage":"es"},{"@type":"Organization","@id":"https:\/\/tonymora.com\/es\/#organization","name":"Tony Mora Boots","url":"https:\/\/tonymora.com\/es\/","logo":{"@type":"ImageObject","inLanguage":"es","@id":"https:\/\/tonymora.com\/es\/#\/schema\/logo\/image\/","url":"https:\/\/tonymora.com\/wp-content\/uploads\/2023\/12\/LOGO.jpg","contentUrl":"https:\/\/tonymora.com\/wp-content\/uploads\/2023\/12\/LOGO.jpg","width":2272,"height":1411,"caption":"Tony Mora Boots"},"image":{"@id":"https:\/\/tonymora.com\/es\/#\/schema\/logo\/image\/"},"sameAs":["https:\/\/www.facebook.com\/Tonymoraofficial\/","https:\/\/www.instagram.com\/tonymoraofficial\/?hl=es"]}]}},"_links":{"self":[{"href":"https:\/\/tonymora.com\/es\/wp-json\/wp\/v2\/product\/684468","targetHints":{"allow":["GET"]}}],"collection":[{"href":"https:\/\/tonymora.com\/es\/wp-json\/wp\/v2\/product"}],"about":[{"href":"https:\/\/tonymora.com\/es\/wp-json\/wp\/v2\/types\/product"}],"wp:featuredmedia":[{"embeddable":true,"href":"https:\/\/tonymora.com\/es\/wp-json\/wp\/v2\/media\/684702"}],"wp:attachment":[{"href":"https:\/\/tonymora.com\/es\/wp-json\/wp\/v2\/media?parent=684468"}],"wp:term":[{"taxonomy":"product_brand","embeddable":true,"href":"https:\/\/tonymora.com\/es\/wp-json\/wp\/v2\/product_brand?post=684468"},{"taxonomy":"product_cat","embeddable":true,"href":"https:\/\/tonymora.com\/es\/wp-json\/wp\/v2\/product_cat?post=684468"},{"taxonomy":"product_tag","embeddable":true,"href":"https:\/\/tonymora.com\/es\/wp-json\/wp\/v2\/product_tag?post=684468"}],"curies":[{"name":"wp","href":"https:\/\/api.w.org\/{rel}","templated":true}]}}