{"id":684653,"date":"2021-09-06T11:19:08","date_gmt":"2021-09-06T09:19:08","guid":{"rendered":"https:\/\/tonymora.com\/?post_type=product&#038;p=684653"},"modified":"2026-04-27T07:31:16","modified_gmt":"2026-04-27T05:31:16","slug":"clutch-club-negro-classic","status":"publish","type":"product","link":"https:\/\/tonymora.com\/es\/producto\/clutch-club-negro-classic\/","title":{"rendered":"SHOPPER BAG CLUB NEGRO CLASSIC"},"content":{"rendered":"<p>Un modelo que no pasar\u00e1 de moda y te acompa\u00f1ar\u00e1 a donde quiera vayas. Su tama\u00f1o lo hace perfecto para un d\u00eda de trabajo o una salida de compras. Su asa mediana es de una suave piel de ternera y con una costura en cruz que le da contraste y fuerza a la piel. D\u00e9jate enamorar por la calidez y elegancia de este dise\u00f1o.<\/p>\n","protected":false},"excerpt":{"rendered":"<p>Un dise\u00f1o que transmite car\u00e1cter desde el primer paso.<br \/>\nUna declaraci\u00f3n sutil de buen gusto y seguridad.<\/p>\n","protected":false},"featured_media":684654,"template":"","meta":{"_mbp_gutenberg_autopost":false},"product_brand":[],"product_cat":[1172,537],"product_tag":[],"class_list":{"0":"post-684653","1":"product","2":"type-product","3":"status-publish","4":"has-post-thumbnail","6":"product_cat-black-friday","7":"product_cat-bolsos","9":"first","10":"instock","11":"taxable","12":"shipping-taxable","13":"purchasable","14":"product-type-simple"},"_links":{"self":[{"href":"https:\/\/tonymora.com\/es\/wp-json\/wp\/v2\/product\/684653","targetHints":{"allow":["GET"]}}],"collection":[{"href":"https:\/\/tonymora.com\/es\/wp-json\/wp\/v2\/product"}],"about":[{"href":"https:\/\/tonymora.com\/es\/wp-json\/wp\/v2\/types\/product"}],"wp:featuredmedia":[{"embeddable":true,"href":"https:\/\/tonymora.com\/es\/wp-json\/wp\/v2\/media\/684654"}],"wp:attachment":[{"href":"https:\/\/tonymora.com\/es\/wp-json\/wp\/v2\/media?parent=684653"}],"wp:term":[{"taxonomy":"product_brand","embeddable":true,"href":"https:\/\/tonymora.com\/es\/wp-json\/wp\/v2\/product_brand?post=684653"},{"taxonomy":"product_cat","embeddable":true,"href":"https:\/\/tonymora.com\/es\/wp-json\/wp\/v2\/product_cat?post=684653"},{"taxonomy":"product_tag","embeddable":true,"href":"https:\/\/tonymora.com\/es\/wp-json\/wp\/v2\/product_tag?post=684653"}],"curies":[{"name":"wp","href":"https:\/\/api.w.org\/{rel}","templated":true}]}}