{"id":686420,"date":"2021-11-29T10:13:23","date_gmt":"2021-11-29T09:13:23","guid":{"rendered":"https:\/\/tonymora.com\/?post_type=product&#038;p=686420"},"modified":"2025-10-27T14:35:54","modified_gmt":"2025-10-27T13:35:54","slug":"1764-j-lini-atapuerca-gris","status":"publish","type":"product","link":"https:\/\/tonymora.com\/es\/producto\/1764-j-lini-atapuerca-gris\/","title":{"rendered":"1764 J LINI ATAPUERCA GRIS"},"content":{"rendered":"<p class=\"p1\">Modelo cowboy con piel en color gris. Cada d\u00eda que pase esta piel estar\u00e1 m\u00e1s bonita. F\u00edjate en el \u00abrepujado\u00bbde las ca\u00f1as: utilizamos un dise\u00f1o antiguo y caracter\u00edstico de las botas<span class=\"Apple-converted-space\"> cowboy, haciendo de este modelo el preferido para t\u00ed.La piel es tratada con un \u00abbrash\u00bb de cera de abeja que da un contraste de tonos a la bota y el trabajo de raspado creando un efecto de envejecido a la piel. Ll\u00e9vate unas botas \u00fanicas con un look vintage. \u00a1Pru\u00e9balas!<\/span><\/p>\n","protected":false},"excerpt":{"rendered":"<p>Un estilo que habla de identidad, sin necesidad de palabras.<br \/>\nIdeal para acompa\u00f1arte del d\u00eda a la noche con la misma confianza.<\/p>\n","protected":false},"featured_media":687102,"template":"","meta":{"_mbp_gutenberg_autopost":false},"product_brand":[757],"product_cat":[119,114,112],"product_tag":[],"class_list":{"0":"post-686420","1":"product","2":"type-product","3":"status-publish","4":"has-post-thumbnail","6":"product_brand-talla-mujer-36","7":"product_cat-botas-casual-mujer","8":"product_cat-botas-cowgirl-mujer","9":"product_cat-mujer","11":"first","12":"outofstock","13":"taxable","14":"shipping-taxable","15":"product-type-variable"},"_links":{"self":[{"href":"https:\/\/tonymora.com\/es\/wp-json\/wp\/v2\/product\/686420","targetHints":{"allow":["GET"]}}],"collection":[{"href":"https:\/\/tonymora.com\/es\/wp-json\/wp\/v2\/product"}],"about":[{"href":"https:\/\/tonymora.com\/es\/wp-json\/wp\/v2\/types\/product"}],"wp:featuredmedia":[{"embeddable":true,"href":"https:\/\/tonymora.com\/es\/wp-json\/wp\/v2\/media\/687102"}],"wp:attachment":[{"href":"https:\/\/tonymora.com\/es\/wp-json\/wp\/v2\/media?parent=686420"}],"wp:term":[{"taxonomy":"product_brand","embeddable":true,"href":"https:\/\/tonymora.com\/es\/wp-json\/wp\/v2\/product_brand?post=686420"},{"taxonomy":"product_cat","embeddable":true,"href":"https:\/\/tonymora.com\/es\/wp-json\/wp\/v2\/product_cat?post=686420"},{"taxonomy":"product_tag","embeddable":true,"href":"https:\/\/tonymora.com\/es\/wp-json\/wp\/v2\/product_tag?post=686420"}],"curies":[{"name":"wp","href":"https:\/\/api.w.org\/{rel}","templated":true}]}}