{"id":686613,"date":"2021-11-29T11:52:55","date_gmt":"2021-11-29T10:52:55","guid":{"rendered":"https:\/\/tonymora.com\/?post_type=product&#038;p=686613"},"modified":"2025-04-29T07:32:48","modified_gmt":"2025-04-29T05:32:48","slug":"621-tx-sv-serraje-brash-negro","status":"publish","type":"product","link":"https:\/\/tonymora.com\/es\/producto\/621-tx-sv-serraje-brash-negro\/","title":{"rendered":"621 TX SV SERRAJE BRASH NEGRO"},"content":{"rendered":"<p>Cuando pensamos en unos botines c\u00f3modos desde el primer momento nos viene este modelo a la mente. Su horma en forma cuadrada le da amplitud al bot\u00edn, su tac\u00f3n bajo es perfecto para ir con ellos a cada momento. Hemos elegido para este modelo una piel de serraje en color negro, haci\u00e9ndolas muy f\u00e1ciles de llevar por su color combinable y poder disfrutar con ellas en cada paso por la suavidad del serraje.<\/p>\n","protected":false},"excerpt":{"rendered":"<p>Distinci\u00f3n natural en una silueta que no pasa desapercibida. Perfecto para looks urbanos con car\u00e1cter.<br \/>\nPara llevarla hoy, ma\u00f1ana y dentro de a\u00f1os, con la misma fuerza.<\/p>\n","protected":false},"featured_media":687074,"template":"","meta":{"_mbp_gutenberg_autopost":false},"product_brand":[757,759,763,765],"product_cat":[113,119,121,112],"product_tag":[],"class_list":{"0":"post-686613","1":"product","2":"type-product","3":"status-publish","4":"has-post-thumbnail","6":"product_brand-talla-mujer-36","7":"product_brand-talla-mujer-37","8":"product_brand-talla-mujer-39","9":"product_brand-talla-mujer-40","10":"product_cat-botas-biker-mujer","11":"product_cat-botas-casual-mujer","12":"product_cat-botines-mujer","13":"product_cat-mujer","15":"first","16":"outofstock","17":"taxable","18":"shipping-taxable","19":"product-type-variable"},"_links":{"self":[{"href":"https:\/\/tonymora.com\/es\/wp-json\/wp\/v2\/product\/686613","targetHints":{"allow":["GET"]}}],"collection":[{"href":"https:\/\/tonymora.com\/es\/wp-json\/wp\/v2\/product"}],"about":[{"href":"https:\/\/tonymora.com\/es\/wp-json\/wp\/v2\/types\/product"}],"wp:featuredmedia":[{"embeddable":true,"href":"https:\/\/tonymora.com\/es\/wp-json\/wp\/v2\/media\/687074"}],"wp:attachment":[{"href":"https:\/\/tonymora.com\/es\/wp-json\/wp\/v2\/media?parent=686613"}],"wp:term":[{"taxonomy":"product_brand","embeddable":true,"href":"https:\/\/tonymora.com\/es\/wp-json\/wp\/v2\/product_brand?post=686613"},{"taxonomy":"product_cat","embeddable":true,"href":"https:\/\/tonymora.com\/es\/wp-json\/wp\/v2\/product_cat?post=686613"},{"taxonomy":"product_tag","embeddable":true,"href":"https:\/\/tonymora.com\/es\/wp-json\/wp\/v2\/product_tag?post=686613"}],"curies":[{"name":"wp","href":"https:\/\/api.w.org\/{rel}","templated":true}]}}