{"id":688136,"date":"2022-01-18T12:01:40","date_gmt":"2022-01-18T11:01:40","guid":{"rendered":"https:\/\/tonymora.com\/?post_type=product&#038;p=688136"},"modified":"2025-04-29T07:32:50","modified_gmt":"2025-04-29T05:32:50","slug":"2043-paris60-lini-atapuerca-cuero-kajur-lion","status":"publish","type":"product","link":"https:\/\/tonymora.com\/es\/producto\/2043-paris60-lini-atapuerca-cuero-kajur-lion\/","title":{"rendered":"2043 PARIS60 LINI ATAPUERCA CUERO\/ KASUR LION"},"content":{"rendered":"<p>Llegamos pisando fuerte con este par creado con una espectacular y cuidadosa t\u00e9cnica de \u00abraspado\u00bb a la piel, el cual le da ese toque de look vintage tan \u00fanico por el proceso de envejecido. Nota los detalles de las ca\u00f1as, cada corte es hecho a mano para crear el efecto de fondo al combinarla con otro tono de marr\u00f3n en piel de ternera. Un dise\u00f1o cl\u00e1sico de un color ideal para combinarlo con lo que prefieras.<\/p>\n","protected":false},"excerpt":{"rendered":"<p>Un dise\u00f1o que transmite car\u00e1cter desde el primer paso.<br \/>\nUna declaraci\u00f3n sutil de buen gusto y seguridad.<\/p>\n","protected":false},"featured_media":688160,"template":"","meta":{"_mbp_gutenberg_autopost":false},"product_brand":[757,761,767],"product_cat":[119,114,1133,112,1130],"product_tag":[],"class_list":{"0":"post-688136","1":"product","2":"type-product","3":"status-publish","4":"has-post-thumbnail","6":"product_brand-talla-mujer-36","7":"product_brand-talla-mujer-38","8":"product_brand-talla-mujer-41","9":"product_cat-botas-casual-mujer","10":"product_cat-botas-cowgirl-mujer","11":"product_cat-botas-de-piel-mujer","12":"product_cat-mujer","13":"product_cat-rebajas-mujer","15":"first","16":"instock","17":"taxable","18":"shipping-taxable","19":"purchasable","20":"product-type-variable"},"supplier_id":null,"supplier_sku":"","barcode":null,"atum_controlled":true,"out_stock_date":null,"out_stock_threshold":null,"inheritable":true,"inbound_stock":0,"stock_on_hold":0,"sold_today":0,"sales_last_days":0,"reserved_stock":0,"customer_returns":0,"warehouse_damage":0,"lost_in_post":0,"other_logs":0,"out_stock_days":0,"lost_sales":0,"has_location":false,"update_date":"2024-04-24T22:32:19","atum_locations":[],"atum_stock_status":"instock","restock_status":false,"low_stock_amount":"","sales_update_date":"2024-04-24T22:32:19","calc_backorders":null,"yoast_head":"<!-- This site is optimized with the Yoast SEO plugin v27.2 - https:\/\/yoast.com\/product\/yoast-seo-wordpress\/ -->\n<title>2043 PARIS60 LINI ATAPUERCA CUERO\/ KASUR LION - Tony Mora\u00ae Boots Official Store<\/title>\n<meta name=\"robots\" content=\"index, follow, max-snippet:-1, max-image-preview:large, max-video-preview:-1\" \/>\n<link rel=\"canonical\" href=\"https:\/\/tonymora.com\/es\/producto\/2043-paris60-lini-atapuerca-cuero-kajur-lion\/\" \/>\n<meta property=\"og:locale\" content=\"es_ES\" \/>\n<meta property=\"og:type\" content=\"article\" \/>\n<meta property=\"og:title\" content=\"2043 PARIS60 LINI ATAPUERCA CUERO\/ KASUR LION - Tony Mora\u00ae Boots Official Store\" \/>\n<meta property=\"og:description\" content=\"Un dise\u00f1o que transmite car\u00e1cter desde el primer paso. Una declaraci\u00f3n sutil de buen gusto y seguridad.\" \/>\n<meta property=\"og:url\" content=\"https:\/\/tonymora.com\/es\/producto\/2043-paris60-lini-atapuerca-cuero-kajur-lion\/\" \/>\n<meta property=\"og:site_name\" content=\"Tony Mora\u00ae Boots Official Store\" \/>\n<meta property=\"article:publisher\" content=\"https:\/\/www.facebook.com\/Tonymoraofficial\/\" \/>\n<meta property=\"article:modified_time\" content=\"2025-04-29T05:32:50+00:00\" \/>\n<meta property=\"og:image\" content=\"https:\/\/tonymora.com\/wp-content\/uploads\/2022\/01\/model-02-1.jpg\" \/>\n\t<meta property=\"og:image:width\" content=\"866\" \/>\n\t<meta property=\"og:image:height\" content=\"1032\" \/>\n\t<meta property=\"og:image:type\" content=\"image\/jpeg\" \/>\n<meta name=\"twitter:card\" content=\"summary_large_image\" \/>\n<script type=\"application\/ld+json\" class=\"yoast-schema-graph\">{\"@context\":\"https:\/\/schema.org\",\"@graph\":[{\"@type\":\"WebPage\",\"@id\":\"https:\/\/tonymora.com\/es\/producto\/2043-paris60-lini-atapuerca-cuero-kajur-lion\/\",\"url\":\"https:\/\/tonymora.com\/es\/producto\/2043-paris60-lini-atapuerca-cuero-kajur-lion\/\",\"name\":\"2043 PARIS60 LINI ATAPUERCA CUERO\/ KASUR LION - Tony Mora\u00ae Boots Official Store\",\"isPartOf\":{\"@id\":\"https:\/\/tonymora.com\/es\/#website\"},\"primaryImageOfPage\":{\"@id\":\"https:\/\/tonymora.com\/es\/producto\/2043-paris60-lini-atapuerca-cuero-kajur-lion\/#primaryimage\"},\"image\":{\"@id\":\"https:\/\/tonymora.com\/es\/producto\/2043-paris60-lini-atapuerca-cuero-kajur-lion\/#primaryimage\"},\"thumbnailUrl\":\"https:\/\/tonymora.com\/wp-content\/uploads\/2022\/01\/model-02-1.jpg\",\"datePublished\":\"2022-01-18T11:01:40+00:00\",\"dateModified\":\"2025-04-29T05:32:50+00:00\",\"breadcrumb\":{\"@id\":\"https:\/\/tonymora.com\/es\/producto\/2043-paris60-lini-atapuerca-cuero-kajur-lion\/#breadcrumb\"},\"inLanguage\":\"es\",\"potentialAction\":[{\"@type\":\"ReadAction\",\"target\":[\"https:\/\/tonymora.com\/es\/producto\/2043-paris60-lini-atapuerca-cuero-kajur-lion\/\"]}]},{\"@type\":\"ImageObject\",\"inLanguage\":\"es\",\"@id\":\"https:\/\/tonymora.com\/es\/producto\/2043-paris60-lini-atapuerca-cuero-kajur-lion\/#primaryimage\",\"url\":\"https:\/\/tonymora.com\/wp-content\/uploads\/2022\/01\/model-02-1.jpg\",\"contentUrl\":\"https:\/\/tonymora.com\/wp-content\/uploads\/2022\/01\/model-02-1.jpg\",\"width\":866,\"height\":1032},{\"@type\":\"BreadcrumbList\",\"@id\":\"https:\/\/tonymora.com\/es\/producto\/2043-paris60-lini-atapuerca-cuero-kajur-lion\/#breadcrumb\",\"itemListElement\":[{\"@type\":\"ListItem\",\"position\":1,\"name\":\"Portada\",\"item\":\"https:\/\/tonymora.com\/es\/\"},{\"@type\":\"ListItem\",\"position\":2,\"name\":\"Tienda\",\"item\":\"https:\/\/tonymora.com\/es\/tienda\/\"},{\"@type\":\"ListItem\",\"position\":3,\"name\":\"Mujer\",\"item\":\"https:\/\/tonymora.com\/es\/categoria-producto\/mujer\/\"},{\"@type\":\"ListItem\",\"position\":4,\"name\":\"2043 PARIS60 LINI ATAPUERCA CUERO\/ KASUR LION\"}]},{\"@type\":\"WebSite\",\"@id\":\"https:\/\/tonymora.com\/es\/#website\",\"url\":\"https:\/\/tonymora.com\/es\/\",\"name\":\"Tony Mora\u00ae Boots Official Store\",\"description\":\"Cowboy Boots\",\"publisher\":{\"@id\":\"https:\/\/tonymora.com\/es\/#organization\"},\"potentialAction\":[{\"@type\":\"SearchAction\",\"target\":{\"@type\":\"EntryPoint\",\"urlTemplate\":\"https:\/\/tonymora.com\/es\/?s={search_term_string}\"},\"query-input\":{\"@type\":\"PropertyValueSpecification\",\"valueRequired\":true,\"valueName\":\"search_term_string\"}}],\"inLanguage\":\"es\"},{\"@type\":\"Organization\",\"@id\":\"https:\/\/tonymora.com\/es\/#organization\",\"name\":\"Tony Mora Boots\",\"url\":\"https:\/\/tonymora.com\/es\/\",\"logo\":{\"@type\":\"ImageObject\",\"inLanguage\":\"es\",\"@id\":\"https:\/\/tonymora.com\/es\/#\/schema\/logo\/image\/\",\"url\":\"https:\/\/tonymora.com\/wp-content\/uploads\/2023\/12\/LOGO.jpg\",\"contentUrl\":\"https:\/\/tonymora.com\/wp-content\/uploads\/2023\/12\/LOGO.jpg\",\"width\":2272,\"height\":1411,\"caption\":\"Tony Mora Boots\"},\"image\":{\"@id\":\"https:\/\/tonymora.com\/es\/#\/schema\/logo\/image\/\"},\"sameAs\":[\"https:\/\/www.facebook.com\/Tonymoraofficial\/\",\"https:\/\/www.instagram.com\/tonymoraofficial\/?hl=es\"]}]}<\/script>\n<!-- \/ Yoast SEO plugin. -->","yoast_head_json":{"title":"2043 PARIS60 LINI ATAPUERCA CUERO\/ KASUR LION - Tony Mora\u00ae Boots Official Store","robots":{"index":"index","follow":"follow","max-snippet":"max-snippet:-1","max-image-preview":"max-image-preview:large","max-video-preview":"max-video-preview:-1"},"canonical":"https:\/\/tonymora.com\/es\/producto\/2043-paris60-lini-atapuerca-cuero-kajur-lion\/","og_locale":"es_ES","og_type":"article","og_title":"2043 PARIS60 LINI ATAPUERCA CUERO\/ KASUR LION - Tony Mora\u00ae Boots Official Store","og_description":"Un dise\u00f1o que transmite car\u00e1cter desde el primer paso. Una declaraci\u00f3n sutil de buen gusto y seguridad.","og_url":"https:\/\/tonymora.com\/es\/producto\/2043-paris60-lini-atapuerca-cuero-kajur-lion\/","og_site_name":"Tony Mora\u00ae Boots Official Store","article_publisher":"https:\/\/www.facebook.com\/Tonymoraofficial\/","article_modified_time":"2025-04-29T05:32:50+00:00","og_image":[{"width":866,"height":1032,"url":"https:\/\/tonymora.com\/wp-content\/uploads\/2022\/01\/model-02-1.jpg","type":"image\/jpeg"}],"twitter_card":"summary_large_image","schema":{"@context":"https:\/\/schema.org","@graph":[{"@type":"WebPage","@id":"https:\/\/tonymora.com\/es\/producto\/2043-paris60-lini-atapuerca-cuero-kajur-lion\/","url":"https:\/\/tonymora.com\/es\/producto\/2043-paris60-lini-atapuerca-cuero-kajur-lion\/","name":"2043 PARIS60 LINI ATAPUERCA CUERO\/ KASUR LION - Tony Mora\u00ae Boots Official Store","isPartOf":{"@id":"https:\/\/tonymora.com\/es\/#website"},"primaryImageOfPage":{"@id":"https:\/\/tonymora.com\/es\/producto\/2043-paris60-lini-atapuerca-cuero-kajur-lion\/#primaryimage"},"image":{"@id":"https:\/\/tonymora.com\/es\/producto\/2043-paris60-lini-atapuerca-cuero-kajur-lion\/#primaryimage"},"thumbnailUrl":"https:\/\/tonymora.com\/wp-content\/uploads\/2022\/01\/model-02-1.jpg","datePublished":"2022-01-18T11:01:40+00:00","dateModified":"2025-04-29T05:32:50+00:00","breadcrumb":{"@id":"https:\/\/tonymora.com\/es\/producto\/2043-paris60-lini-atapuerca-cuero-kajur-lion\/#breadcrumb"},"inLanguage":"es","potentialAction":[{"@type":"ReadAction","target":["https:\/\/tonymora.com\/es\/producto\/2043-paris60-lini-atapuerca-cuero-kajur-lion\/"]}]},{"@type":"ImageObject","inLanguage":"es","@id":"https:\/\/tonymora.com\/es\/producto\/2043-paris60-lini-atapuerca-cuero-kajur-lion\/#primaryimage","url":"https:\/\/tonymora.com\/wp-content\/uploads\/2022\/01\/model-02-1.jpg","contentUrl":"https:\/\/tonymora.com\/wp-content\/uploads\/2022\/01\/model-02-1.jpg","width":866,"height":1032},{"@type":"BreadcrumbList","@id":"https:\/\/tonymora.com\/es\/producto\/2043-paris60-lini-atapuerca-cuero-kajur-lion\/#breadcrumb","itemListElement":[{"@type":"ListItem","position":1,"name":"Portada","item":"https:\/\/tonymora.com\/es\/"},{"@type":"ListItem","position":2,"name":"Tienda","item":"https:\/\/tonymora.com\/es\/tienda\/"},{"@type":"ListItem","position":3,"name":"Mujer","item":"https:\/\/tonymora.com\/es\/categoria-producto\/mujer\/"},{"@type":"ListItem","position":4,"name":"2043 PARIS60 LINI ATAPUERCA CUERO\/ KASUR LION"}]},{"@type":"WebSite","@id":"https:\/\/tonymora.com\/es\/#website","url":"https:\/\/tonymora.com\/es\/","name":"Tony Mora\u00ae Boots Official Store","description":"Cowboy Boots","publisher":{"@id":"https:\/\/tonymora.com\/es\/#organization"},"potentialAction":[{"@type":"SearchAction","target":{"@type":"EntryPoint","urlTemplate":"https:\/\/tonymora.com\/es\/?s={search_term_string}"},"query-input":{"@type":"PropertyValueSpecification","valueRequired":true,"valueName":"search_term_string"}}],"inLanguage":"es"},{"@type":"Organization","@id":"https:\/\/tonymora.com\/es\/#organization","name":"Tony Mora Boots","url":"https:\/\/tonymora.com\/es\/","logo":{"@type":"ImageObject","inLanguage":"es","@id":"https:\/\/tonymora.com\/es\/#\/schema\/logo\/image\/","url":"https:\/\/tonymora.com\/wp-content\/uploads\/2023\/12\/LOGO.jpg","contentUrl":"https:\/\/tonymora.com\/wp-content\/uploads\/2023\/12\/LOGO.jpg","width":2272,"height":1411,"caption":"Tony Mora Boots"},"image":{"@id":"https:\/\/tonymora.com\/es\/#\/schema\/logo\/image\/"},"sameAs":["https:\/\/www.facebook.com\/Tonymoraofficial\/","https:\/\/www.instagram.com\/tonymoraofficial\/?hl=es"]}]}},"_links":{"self":[{"href":"https:\/\/tonymora.com\/es\/wp-json\/wp\/v2\/product\/688136","targetHints":{"allow":["GET"]}}],"collection":[{"href":"https:\/\/tonymora.com\/es\/wp-json\/wp\/v2\/product"}],"about":[{"href":"https:\/\/tonymora.com\/es\/wp-json\/wp\/v2\/types\/product"}],"wp:featuredmedia":[{"embeddable":true,"href":"https:\/\/tonymora.com\/es\/wp-json\/wp\/v2\/media\/688160"}],"wp:attachment":[{"href":"https:\/\/tonymora.com\/es\/wp-json\/wp\/v2\/media?parent=688136"}],"wp:term":[{"taxonomy":"product_brand","embeddable":true,"href":"https:\/\/tonymora.com\/es\/wp-json\/wp\/v2\/product_brand?post=688136"},{"taxonomy":"product_cat","embeddable":true,"href":"https:\/\/tonymora.com\/es\/wp-json\/wp\/v2\/product_cat?post=688136"},{"taxonomy":"product_tag","embeddable":true,"href":"https:\/\/tonymora.com\/es\/wp-json\/wp\/v2\/product_tag?post=688136"}],"curies":[{"name":"wp","href":"https:\/\/api.w.org\/{rel}","templated":true}]}}