{"id":692311,"date":"2022-03-25T13:46:50","date_gmt":"2022-03-25T12:46:50","guid":{"rendered":"https:\/\/tonymora.com\/?post_type=product&#038;p=692311"},"modified":"2026-04-27T07:32:40","modified_gmt":"2026-04-27T05:32:40","slug":"j-denos-club-negro","status":"publish","type":"product","link":"https:\/\/tonymora.com\/es\/producto\/j-denos-club-negro\/","title":{"rendered":"4083 J DENOS CLUB NEGRO"},"content":{"rendered":"<p>Si lo que buscas son unas botas cl\u00e1sicas y perfectas para disfrutarlas en cada momento, este es el modelo ideal. Est\u00e1 dise\u00f1ado con una horma muy c\u00f3moda y suave para que vayas a cada momento con ellas. Sus ca\u00f1as llevan un dise\u00f1o cl\u00e1sico de pespuntes y con hilos color blanco creando contraste con la piel y les da el toque elegante perfecto.<\/p>\n","protected":false},"excerpt":{"rendered":"<p>Una propuesta con alma, hecha para acompa\u00f1arte de verdad. Actitud firme y estilo que se impone con naturalidad.<br \/>\nPensada para vivir momentos, no para seguir tendencias.<\/p>\n","protected":false},"featured_media":692319,"template":"","meta":{"_mbp_gutenberg_autopost":false},"product_brand":[757,761],"product_cat":[119,114,120,112],"product_tag":[],"class_list":{"0":"post-692311","1":"product","2":"type-product","3":"status-publish","4":"has-post-thumbnail","6":"product_brand-talla-mujer-36","7":"product_brand-talla-mujer-38","8":"product_cat-botas-casual-mujer","9":"product_cat-botas-cowgirl-mujer","10":"product_cat-botas-de-baile-en-linea-mujer","11":"product_cat-mujer","13":"first","14":"outofstock","15":"taxable","16":"shipping-taxable","17":"product-type-variable"},"_links":{"self":[{"href":"https:\/\/tonymora.com\/es\/wp-json\/wp\/v2\/product\/692311","targetHints":{"allow":["GET"]}}],"collection":[{"href":"https:\/\/tonymora.com\/es\/wp-json\/wp\/v2\/product"}],"about":[{"href":"https:\/\/tonymora.com\/es\/wp-json\/wp\/v2\/types\/product"}],"wp:featuredmedia":[{"embeddable":true,"href":"https:\/\/tonymora.com\/es\/wp-json\/wp\/v2\/media\/692319"}],"wp:attachment":[{"href":"https:\/\/tonymora.com\/es\/wp-json\/wp\/v2\/media?parent=692311"}],"wp:term":[{"taxonomy":"product_brand","embeddable":true,"href":"https:\/\/tonymora.com\/es\/wp-json\/wp\/v2\/product_brand?post=692311"},{"taxonomy":"product_cat","embeddable":true,"href":"https:\/\/tonymora.com\/es\/wp-json\/wp\/v2\/product_cat?post=692311"},{"taxonomy":"product_tag","embeddable":true,"href":"https:\/\/tonymora.com\/es\/wp-json\/wp\/v2\/product_tag?post=692311"}],"curies":[{"name":"wp","href":"https:\/\/api.w.org\/{rel}","templated":true}]}}