{"id":692432,"date":"2022-03-25T14:00:31","date_gmt":"2022-03-25T13:00:31","guid":{"rendered":"https:\/\/tonymora.com\/?post_type=product&#038;p=692432"},"modified":"2026-04-23T07:32:34","modified_gmt":"2026-04-23T05:32:34","slug":"virgi-lini-nobuck-washed-vino-piton-burdeos","status":"publish","type":"product","link":"https:\/\/tonymora.com\/es\/producto\/virgi-lini-nobuck-washed-vino-piton-burdeos\/","title":{"rendered":"1953 VIRGI LINI NOBUCK WASHED VINO \/ PITON BURDEOS"},"content":{"rendered":"<p>Este modelo es un ejemplo de la armon\u00eda en el trabajo de combinaci\u00f3n de tipos de pieles. En las ca\u00f1as lleva un bajo fondo en pit\u00f3n con un bordado en hilo alrededor que da un toque elegante y femenino. La punta est\u00e1 cubierta en piel de pit\u00f3n y tiene un pasado en cuero que la hace m\u00e1s notoria y atrevida. \u00a1Ser\u00e1n las botas ideales para dejar huella!<\/p>\n","protected":false},"excerpt":{"rendered":"<p>Una pieza pensada para destacar con discreci\u00f3n y seguridad. Inspiraci\u00f3n aut\u00e9ntica y personalidad marcada.<br \/>\nUna declaraci\u00f3n sutil de buen gusto y seguridad.<\/p>\n","protected":false},"featured_media":692440,"template":"","meta":{"_mbp_gutenberg_autopost":false},"product_brand":[757],"product_cat":[119,114,112],"product_tag":[],"class_list":{"0":"post-692432","1":"product","2":"type-product","3":"status-publish","4":"has-post-thumbnail","6":"product_brand-talla-mujer-36","7":"product_cat-botas-casual-mujer","8":"product_cat-botas-cowgirl-mujer","9":"product_cat-mujer","11":"first","12":"outofstock","13":"taxable","14":"shipping-taxable","15":"product-type-variable"},"supplier_id":null,"supplier_sku":"","barcode":null,"atum_controlled":true,"out_stock_date":null,"out_stock_threshold":null,"inheritable":true,"inbound_stock":0,"stock_on_hold":0,"sold_today":0,"sales_last_days":0,"reserved_stock":0,"customer_returns":0,"warehouse_damage":0,"lost_in_post":0,"other_logs":0,"out_stock_days":0,"lost_sales":0,"has_location":false,"update_date":"2025-10-27T12:36:31","atum_locations":[],"atum_stock_status":"outofstock","restock_status":false,"low_stock_amount":"","sales_update_date":"2024-04-24T22:32:20","calc_backorders":null,"yoast_head":"<!-- This site is optimized with the Yoast SEO plugin v27.4 - https:\/\/yoast.com\/product\/yoast-seo-wordpress\/ -->\n<title>1953 VIRGI LINI NOBUCK WASHED VINO \/ PITON BURDEOS - Tony Mora\u00ae Boots Official Store<\/title>\n<meta name=\"description\" content=\"VIRGI LINI NOBUCK WASHED VINO \/ PITON BURDEOS\" \/>\n<meta name=\"robots\" content=\"index, follow, max-snippet:-1, max-image-preview:large, max-video-preview:-1\" \/>\n<link rel=\"canonical\" href=\"https:\/\/tonymora.com\/es\/producto\/virgi-lini-nobuck-washed-vino-piton-burdeos\/\" \/>\n<meta property=\"og:locale\" content=\"es_ES\" \/>\n<meta property=\"og:type\" content=\"article\" \/>\n<meta property=\"og:title\" content=\"1953 VIRGI LINI NOBUCK WASHED VINO \/ PITON BURDEOS - Tony Mora\u00ae Boots Official Store\" \/>\n<meta property=\"og:description\" content=\"VIRGI LINI NOBUCK WASHED VINO \/ PITON BURDEOS\" \/>\n<meta property=\"og:url\" content=\"https:\/\/tonymora.com\/es\/producto\/virgi-lini-nobuck-washed-vino-piton-burdeos\/\" \/>\n<meta property=\"og:site_name\" content=\"Tony Mora\u00ae Boots Official Store\" \/>\n<meta property=\"article:publisher\" content=\"https:\/\/www.facebook.com\/Tonymoraofficial\/\" \/>\n<meta property=\"article:modified_time\" content=\"2026-04-23T05:32:34+00:00\" \/>\n<meta property=\"og:image\" content=\"https:\/\/tonymora.com\/wp-content\/uploads\/2022\/03\/TMATB_090-scaled.jpg\" \/>\n\t<meta property=\"og:image:width\" content=\"1707\" \/>\n\t<meta property=\"og:image:height\" content=\"2560\" \/>\n\t<meta property=\"og:image:type\" content=\"image\/jpeg\" \/>\n<meta name=\"twitter:card\" content=\"summary_large_image\" \/>\n<meta name=\"twitter:label1\" content=\"Tiempo de lectura\" \/>\n\t<meta name=\"twitter:data1\" content=\"1 minuto\" \/>\n<script type=\"application\/ld+json\" class=\"yoast-schema-graph\">{\"@context\":\"https:\\\/\\\/schema.org\",\"@graph\":[{\"@type\":\"WebPage\",\"@id\":\"https:\\\/\\\/tonymora.com\\\/es\\\/producto\\\/virgi-lini-nobuck-washed-vino-piton-burdeos\\\/\",\"url\":\"https:\\\/\\\/tonymora.com\\\/es\\\/producto\\\/virgi-lini-nobuck-washed-vino-piton-burdeos\\\/\",\"name\":\"1953 VIRGI LINI NOBUCK WASHED VINO \\\/ PITON BURDEOS - Tony Mora\u00ae Boots Official Store\",\"isPartOf\":{\"@id\":\"https:\\\/\\\/tonymora.com\\\/es\\\/#website\"},\"primaryImageOfPage\":{\"@id\":\"https:\\\/\\\/tonymora.com\\\/es\\\/producto\\\/virgi-lini-nobuck-washed-vino-piton-burdeos\\\/#primaryimage\"},\"image\":{\"@id\":\"https:\\\/\\\/tonymora.com\\\/es\\\/producto\\\/virgi-lini-nobuck-washed-vino-piton-burdeos\\\/#primaryimage\"},\"thumbnailUrl\":\"https:\\\/\\\/tonymora.com\\\/wp-content\\\/uploads\\\/2022\\\/03\\\/TMATB_090-scaled.jpg\",\"datePublished\":\"2022-03-25T13:00:31+00:00\",\"dateModified\":\"2026-04-23T05:32:34+00:00\",\"description\":\"VIRGI LINI NOBUCK WASHED VINO \\\/ PITON BURDEOS\",\"breadcrumb\":{\"@id\":\"https:\\\/\\\/tonymora.com\\\/es\\\/producto\\\/virgi-lini-nobuck-washed-vino-piton-burdeos\\\/#breadcrumb\"},\"inLanguage\":\"es\",\"potentialAction\":[{\"@type\":\"ReadAction\",\"target\":[\"https:\\\/\\\/tonymora.com\\\/es\\\/producto\\\/virgi-lini-nobuck-washed-vino-piton-burdeos\\\/\"]}]},{\"@type\":\"ImageObject\",\"inLanguage\":\"es\",\"@id\":\"https:\\\/\\\/tonymora.com\\\/es\\\/producto\\\/virgi-lini-nobuck-washed-vino-piton-burdeos\\\/#primaryimage\",\"url\":\"https:\\\/\\\/tonymora.com\\\/wp-content\\\/uploads\\\/2022\\\/03\\\/TMATB_090-scaled.jpg\",\"contentUrl\":\"https:\\\/\\\/tonymora.com\\\/wp-content\\\/uploads\\\/2022\\\/03\\\/TMATB_090-scaled.jpg\",\"width\":1707,\"height\":2560},{\"@type\":\"BreadcrumbList\",\"@id\":\"https:\\\/\\\/tonymora.com\\\/es\\\/producto\\\/virgi-lini-nobuck-washed-vino-piton-burdeos\\\/#breadcrumb\",\"itemListElement\":[{\"@type\":\"ListItem\",\"position\":1,\"name\":\"Portada\",\"item\":\"https:\\\/\\\/tonymora.com\\\/es\\\/\"},{\"@type\":\"ListItem\",\"position\":2,\"name\":\"Tienda\",\"item\":\"https:\\\/\\\/tonymora.com\\\/es\\\/tienda\\\/\"},{\"@type\":\"ListItem\",\"position\":3,\"name\":\"Mujer\",\"item\":\"https:\\\/\\\/tonymora.com\\\/es\\\/categoria-producto\\\/mujer\\\/\"},{\"@type\":\"ListItem\",\"position\":4,\"name\":\"1953 VIRGI LINI NOBUCK WASHED VINO \\\/ PITON BURDEOS\"}]},{\"@type\":\"WebSite\",\"@id\":\"https:\\\/\\\/tonymora.com\\\/es\\\/#website\",\"url\":\"https:\\\/\\\/tonymora.com\\\/es\\\/\",\"name\":\"Tony Mora\u00ae Boots Official Store\",\"description\":\"Cowboy Boots\",\"publisher\":{\"@id\":\"https:\\\/\\\/tonymora.com\\\/es\\\/#organization\"},\"potentialAction\":[{\"@type\":\"SearchAction\",\"target\":{\"@type\":\"EntryPoint\",\"urlTemplate\":\"https:\\\/\\\/tonymora.com\\\/es\\\/?s={search_term_string}\"},\"query-input\":{\"@type\":\"PropertyValueSpecification\",\"valueRequired\":true,\"valueName\":\"search_term_string\"}}],\"inLanguage\":\"es\"},{\"@type\":\"Organization\",\"@id\":\"https:\\\/\\\/tonymora.com\\\/es\\\/#organization\",\"name\":\"Tony Mora Boots\",\"url\":\"https:\\\/\\\/tonymora.com\\\/es\\\/\",\"logo\":{\"@type\":\"ImageObject\",\"inLanguage\":\"es\",\"@id\":\"https:\\\/\\\/tonymora.com\\\/es\\\/#\\\/schema\\\/logo\\\/image\\\/\",\"url\":\"https:\\\/\\\/tonymora.com\\\/wp-content\\\/uploads\\\/2023\\\/12\\\/LOGO.jpg\",\"contentUrl\":\"https:\\\/\\\/tonymora.com\\\/wp-content\\\/uploads\\\/2023\\\/12\\\/LOGO.jpg\",\"width\":2272,\"height\":1411,\"caption\":\"Tony Mora Boots\"},\"image\":{\"@id\":\"https:\\\/\\\/tonymora.com\\\/es\\\/#\\\/schema\\\/logo\\\/image\\\/\"},\"sameAs\":[\"https:\\\/\\\/www.facebook.com\\\/Tonymoraofficial\\\/\",\"https:\\\/\\\/www.instagram.com\\\/tonymoraofficial\\\/?hl=es\"]}]}<\/script>\n<!-- \/ Yoast SEO plugin. -->","yoast_head_json":{"title":"1953 VIRGI LINI NOBUCK WASHED VINO \/ PITON BURDEOS - Tony Mora\u00ae Boots Official Store","description":"VIRGI LINI NOBUCK WASHED VINO \/ PITON BURDEOS","robots":{"index":"index","follow":"follow","max-snippet":"max-snippet:-1","max-image-preview":"max-image-preview:large","max-video-preview":"max-video-preview:-1"},"canonical":"https:\/\/tonymora.com\/es\/producto\/virgi-lini-nobuck-washed-vino-piton-burdeos\/","og_locale":"es_ES","og_type":"article","og_title":"1953 VIRGI LINI NOBUCK WASHED VINO \/ PITON BURDEOS - Tony Mora\u00ae Boots Official Store","og_description":"VIRGI LINI NOBUCK WASHED VINO \/ PITON BURDEOS","og_url":"https:\/\/tonymora.com\/es\/producto\/virgi-lini-nobuck-washed-vino-piton-burdeos\/","og_site_name":"Tony Mora\u00ae Boots Official Store","article_publisher":"https:\/\/www.facebook.com\/Tonymoraofficial\/","article_modified_time":"2026-04-23T05:32:34+00:00","og_image":[{"width":1707,"height":2560,"url":"https:\/\/tonymora.com\/wp-content\/uploads\/2022\/03\/TMATB_090-scaled.jpg","type":"image\/jpeg"}],"twitter_card":"summary_large_image","twitter_misc":{"Tiempo de lectura":"1 minuto"},"schema":{"@context":"https:\/\/schema.org","@graph":[{"@type":"WebPage","@id":"https:\/\/tonymora.com\/es\/producto\/virgi-lini-nobuck-washed-vino-piton-burdeos\/","url":"https:\/\/tonymora.com\/es\/producto\/virgi-lini-nobuck-washed-vino-piton-burdeos\/","name":"1953 VIRGI LINI NOBUCK WASHED VINO \/ PITON BURDEOS - Tony Mora\u00ae Boots Official Store","isPartOf":{"@id":"https:\/\/tonymora.com\/es\/#website"},"primaryImageOfPage":{"@id":"https:\/\/tonymora.com\/es\/producto\/virgi-lini-nobuck-washed-vino-piton-burdeos\/#primaryimage"},"image":{"@id":"https:\/\/tonymora.com\/es\/producto\/virgi-lini-nobuck-washed-vino-piton-burdeos\/#primaryimage"},"thumbnailUrl":"https:\/\/tonymora.com\/wp-content\/uploads\/2022\/03\/TMATB_090-scaled.jpg","datePublished":"2022-03-25T13:00:31+00:00","dateModified":"2026-04-23T05:32:34+00:00","description":"VIRGI LINI NOBUCK WASHED VINO \/ PITON BURDEOS","breadcrumb":{"@id":"https:\/\/tonymora.com\/es\/producto\/virgi-lini-nobuck-washed-vino-piton-burdeos\/#breadcrumb"},"inLanguage":"es","potentialAction":[{"@type":"ReadAction","target":["https:\/\/tonymora.com\/es\/producto\/virgi-lini-nobuck-washed-vino-piton-burdeos\/"]}]},{"@type":"ImageObject","inLanguage":"es","@id":"https:\/\/tonymora.com\/es\/producto\/virgi-lini-nobuck-washed-vino-piton-burdeos\/#primaryimage","url":"https:\/\/tonymora.com\/wp-content\/uploads\/2022\/03\/TMATB_090-scaled.jpg","contentUrl":"https:\/\/tonymora.com\/wp-content\/uploads\/2022\/03\/TMATB_090-scaled.jpg","width":1707,"height":2560},{"@type":"BreadcrumbList","@id":"https:\/\/tonymora.com\/es\/producto\/virgi-lini-nobuck-washed-vino-piton-burdeos\/#breadcrumb","itemListElement":[{"@type":"ListItem","position":1,"name":"Portada","item":"https:\/\/tonymora.com\/es\/"},{"@type":"ListItem","position":2,"name":"Tienda","item":"https:\/\/tonymora.com\/es\/tienda\/"},{"@type":"ListItem","position":3,"name":"Mujer","item":"https:\/\/tonymora.com\/es\/categoria-producto\/mujer\/"},{"@type":"ListItem","position":4,"name":"1953 VIRGI LINI NOBUCK WASHED VINO \/ PITON BURDEOS"}]},{"@type":"WebSite","@id":"https:\/\/tonymora.com\/es\/#website","url":"https:\/\/tonymora.com\/es\/","name":"Tony Mora\u00ae Boots Official Store","description":"Cowboy Boots","publisher":{"@id":"https:\/\/tonymora.com\/es\/#organization"},"potentialAction":[{"@type":"SearchAction","target":{"@type":"EntryPoint","urlTemplate":"https:\/\/tonymora.com\/es\/?s={search_term_string}"},"query-input":{"@type":"PropertyValueSpecification","valueRequired":true,"valueName":"search_term_string"}}],"inLanguage":"es"},{"@type":"Organization","@id":"https:\/\/tonymora.com\/es\/#organization","name":"Tony Mora Boots","url":"https:\/\/tonymora.com\/es\/","logo":{"@type":"ImageObject","inLanguage":"es","@id":"https:\/\/tonymora.com\/es\/#\/schema\/logo\/image\/","url":"https:\/\/tonymora.com\/wp-content\/uploads\/2023\/12\/LOGO.jpg","contentUrl":"https:\/\/tonymora.com\/wp-content\/uploads\/2023\/12\/LOGO.jpg","width":2272,"height":1411,"caption":"Tony Mora Boots"},"image":{"@id":"https:\/\/tonymora.com\/es\/#\/schema\/logo\/image\/"},"sameAs":["https:\/\/www.facebook.com\/Tonymoraofficial\/","https:\/\/www.instagram.com\/tonymoraofficial\/?hl=es"]}]}},"_links":{"self":[{"href":"https:\/\/tonymora.com\/es\/wp-json\/wp\/v2\/product\/692432","targetHints":{"allow":["GET"]}}],"collection":[{"href":"https:\/\/tonymora.com\/es\/wp-json\/wp\/v2\/product"}],"about":[{"href":"https:\/\/tonymora.com\/es\/wp-json\/wp\/v2\/types\/product"}],"wp:featuredmedia":[{"embeddable":true,"href":"https:\/\/tonymora.com\/es\/wp-json\/wp\/v2\/media\/692440"}],"wp:attachment":[{"href":"https:\/\/tonymora.com\/es\/wp-json\/wp\/v2\/media?parent=692432"}],"wp:term":[{"taxonomy":"product_brand","embeddable":true,"href":"https:\/\/tonymora.com\/es\/wp-json\/wp\/v2\/product_brand?post=692432"},{"taxonomy":"product_cat","embeddable":true,"href":"https:\/\/tonymora.com\/es\/wp-json\/wp\/v2\/product_cat?post=692432"},{"taxonomy":"product_tag","embeddable":true,"href":"https:\/\/tonymora.com\/es\/wp-json\/wp\/v2\/product_tag?post=692432"}],"curies":[{"name":"wp","href":"https:\/\/api.w.org\/{rel}","templated":true}]}}