{"id":693600,"date":"2022-05-17T11:35:36","date_gmt":"2022-05-17T09:35:36","guid":{"rendered":"https:\/\/tonymora.com\/?post_type=product&#038;p=693600"},"modified":"2026-04-06T07:33:12","modified_gmt":"2026-04-06T05:33:12","slug":"621-daslu-lini-giboya-avellana","status":"publish","type":"product","link":"https:\/\/tonymora.com\/es\/producto\/621-daslu-lini-giboya-avellana\/","title":{"rendered":"621 DASLU LINI GIBOYA AVELLANA"},"content":{"rendered":"<p>Los botines con m\u00e1s lujo de Tony Mora, dise\u00f1ados con piel ex\u00f3tica de pit\u00f3n en un elegante tono marr\u00f3n hechos con una piel duradera, de muy suave al tacto y con un toque cl\u00e1sico para sentirte la m\u00e1s especial de todas. Podr\u00e1s combinar con todos tus estilos, para llevar cada d\u00eda o para esa cita tan especial. Conjuntamente con su tac\u00f3n lini y su construcci\u00f3n Goodyear Welted podr\u00e1s gozar de la comodidad y el lujo de estos botines all\u00e1 a d\u00f3nde vayas.<\/p>\n","protected":false},"excerpt":{"rendered":"<p>Sofisticaci\u00f3n serena para quienes eligen con criterio. Un cl\u00e1sico con mucha personalidad.<br \/>\nUna declaraci\u00f3n sutil de buen gusto y seguridad.<\/p>\n","protected":false},"featured_media":693619,"template":"","meta":{"_mbp_gutenberg_autopost":false},"product_brand":[757,761,763,767],"product_cat":[1172,119,1132,122,121,112,1130],"product_tag":[],"class_list":{"0":"post-693600","1":"product","2":"type-product","3":"status-publish","4":"has-post-thumbnail","6":"product_brand-talla-mujer-36","7":"product_brand-talla-mujer-38","8":"product_brand-talla-mujer-39","9":"product_brand-talla-mujer-41","10":"product_cat-black-friday","11":"product_cat-botas-casual-mujer","12":"product_cat-botas-de-piton-mujer","13":"product_cat-botas-exoticas-mujer","14":"product_cat-botines-mujer","15":"product_cat-mujer","16":"product_cat-rebajas-mujer","18":"first","19":"outofstock","20":"taxable","21":"shipping-taxable","22":"product-type-variable"},"supplier_id":null,"supplier_sku":"","barcode":null,"atum_controlled":true,"out_stock_date":null,"out_stock_threshold":null,"inheritable":true,"inbound_stock":0,"stock_on_hold":0,"sold_today":0,"sales_last_days":0,"reserved_stock":0,"customer_returns":0,"warehouse_damage":0,"lost_in_post":0,"other_logs":0,"out_stock_days":0,"lost_sales":0,"has_location":false,"update_date":"2026-03-12T13:44:05","atum_locations":[],"atum_stock_status":"instock","restock_status":false,"low_stock_amount":"","sales_update_date":"2026-03-12T13:44:05","calc_backorders":null,"yoast_head":"<!-- This site is optimized with the Yoast SEO plugin v27.2 - https:\/\/yoast.com\/product\/yoast-seo-wordpress\/ -->\n<title>621 DASLU LINI GIBOYA AVELLANA - Tony Mora\u00ae Boots Official Store<\/title>\n<meta name=\"description\" content=\"Los botines con m\u00e1s lujo de Tony Mora, dise\u00f1ados con piel ex\u00f3tica de pit\u00f3n en un elegante tono marr\u00f3n hechos con una piel duradera.\" \/>\n<meta name=\"robots\" content=\"index, follow, max-snippet:-1, max-image-preview:large, max-video-preview:-1\" \/>\n<link rel=\"canonical\" href=\"https:\/\/tonymora.com\/es\/producto\/621-daslu-lini-giboya-avellana\/\" \/>\n<meta property=\"og:locale\" content=\"es_ES\" \/>\n<meta property=\"og:type\" content=\"article\" \/>\n<meta property=\"og:title\" content=\"621 DASLU LINI GIBOYA AVELLANA - Tony Mora\u00ae Boots Official Store\" \/>\n<meta property=\"og:description\" content=\"Los botines con m\u00e1s lujo de Tony Mora, dise\u00f1ados con piel ex\u00f3tica de pit\u00f3n en un elegante tono marr\u00f3n hechos con una piel duradera.\" \/>\n<meta property=\"og:url\" content=\"https:\/\/tonymora.com\/es\/producto\/621-daslu-lini-giboya-avellana\/\" \/>\n<meta property=\"og:site_name\" content=\"Tony Mora\u00ae Boots Official Store\" \/>\n<meta property=\"article:publisher\" content=\"https:\/\/www.facebook.com\/Tonymoraofficial\/\" \/>\n<meta property=\"article:modified_time\" content=\"2026-04-06T05:33:12+00:00\" \/>\n<meta property=\"og:image\" content=\"https:\/\/tonymora.com\/wp-content\/uploads\/2022\/05\/07-621-daslu-lini-Giboya-Avellana.jpg\" \/>\n\t<meta property=\"og:image:width\" content=\"866\" \/>\n\t<meta property=\"og:image:height\" content=\"1032\" \/>\n\t<meta property=\"og:image:type\" content=\"image\/jpeg\" \/>\n<meta name=\"twitter:card\" content=\"summary_large_image\" \/>\n<meta name=\"twitter:label1\" content=\"Tiempo de lectura\" \/>\n\t<meta name=\"twitter:data1\" content=\"1 minuto\" \/>\n<script type=\"application\/ld+json\" class=\"yoast-schema-graph\">{\"@context\":\"https:\/\/schema.org\",\"@graph\":[{\"@type\":\"WebPage\",\"@id\":\"https:\/\/tonymora.com\/es\/producto\/621-daslu-lini-giboya-avellana\/\",\"url\":\"https:\/\/tonymora.com\/es\/producto\/621-daslu-lini-giboya-avellana\/\",\"name\":\"621 DASLU LINI GIBOYA AVELLANA - Tony Mora\u00ae Boots Official Store\",\"isPartOf\":{\"@id\":\"https:\/\/tonymora.com\/es\/#website\"},\"primaryImageOfPage\":{\"@id\":\"https:\/\/tonymora.com\/es\/producto\/621-daslu-lini-giboya-avellana\/#primaryimage\"},\"image\":{\"@id\":\"https:\/\/tonymora.com\/es\/producto\/621-daslu-lini-giboya-avellana\/#primaryimage\"},\"thumbnailUrl\":\"https:\/\/tonymora.com\/wp-content\/uploads\/2022\/05\/07-621-daslu-lini-Giboya-Avellana.jpg\",\"datePublished\":\"2022-05-17T09:35:36+00:00\",\"dateModified\":\"2026-04-06T05:33:12+00:00\",\"description\":\"Los botines con m\u00e1s lujo de Tony Mora, dise\u00f1ados con piel ex\u00f3tica de pit\u00f3n en un elegante tono marr\u00f3n hechos con una piel duradera.\",\"breadcrumb\":{\"@id\":\"https:\/\/tonymora.com\/es\/producto\/621-daslu-lini-giboya-avellana\/#breadcrumb\"},\"inLanguage\":\"es\",\"potentialAction\":[{\"@type\":\"ReadAction\",\"target\":[\"https:\/\/tonymora.com\/es\/producto\/621-daslu-lini-giboya-avellana\/\"]}]},{\"@type\":\"ImageObject\",\"inLanguage\":\"es\",\"@id\":\"https:\/\/tonymora.com\/es\/producto\/621-daslu-lini-giboya-avellana\/#primaryimage\",\"url\":\"https:\/\/tonymora.com\/wp-content\/uploads\/2022\/05\/07-621-daslu-lini-Giboya-Avellana.jpg\",\"contentUrl\":\"https:\/\/tonymora.com\/wp-content\/uploads\/2022\/05\/07-621-daslu-lini-Giboya-Avellana.jpg\",\"width\":866,\"height\":1032},{\"@type\":\"BreadcrumbList\",\"@id\":\"https:\/\/tonymora.com\/es\/producto\/621-daslu-lini-giboya-avellana\/#breadcrumb\",\"itemListElement\":[{\"@type\":\"ListItem\",\"position\":1,\"name\":\"Portada\",\"item\":\"https:\/\/tonymora.com\/es\/\"},{\"@type\":\"ListItem\",\"position\":2,\"name\":\"Tienda\",\"item\":\"https:\/\/tonymora.com\/es\/tienda\/\"},{\"@type\":\"ListItem\",\"position\":3,\"name\":\"Mujer\",\"item\":\"https:\/\/tonymora.com\/es\/categoria-producto\/mujer\/\"},{\"@type\":\"ListItem\",\"position\":4,\"name\":\"621 DASLU LINI GIBOYA AVELLANA\"}]},{\"@type\":\"WebSite\",\"@id\":\"https:\/\/tonymora.com\/es\/#website\",\"url\":\"https:\/\/tonymora.com\/es\/\",\"name\":\"Tony Mora\u00ae Boots Official Store\",\"description\":\"Cowboy Boots\",\"publisher\":{\"@id\":\"https:\/\/tonymora.com\/es\/#organization\"},\"potentialAction\":[{\"@type\":\"SearchAction\",\"target\":{\"@type\":\"EntryPoint\",\"urlTemplate\":\"https:\/\/tonymora.com\/es\/?s={search_term_string}\"},\"query-input\":{\"@type\":\"PropertyValueSpecification\",\"valueRequired\":true,\"valueName\":\"search_term_string\"}}],\"inLanguage\":\"es\"},{\"@type\":\"Organization\",\"@id\":\"https:\/\/tonymora.com\/es\/#organization\",\"name\":\"Tony Mora Boots\",\"url\":\"https:\/\/tonymora.com\/es\/\",\"logo\":{\"@type\":\"ImageObject\",\"inLanguage\":\"es\",\"@id\":\"https:\/\/tonymora.com\/es\/#\/schema\/logo\/image\/\",\"url\":\"https:\/\/tonymora.com\/wp-content\/uploads\/2023\/12\/LOGO.jpg\",\"contentUrl\":\"https:\/\/tonymora.com\/wp-content\/uploads\/2023\/12\/LOGO.jpg\",\"width\":2272,\"height\":1411,\"caption\":\"Tony Mora Boots\"},\"image\":{\"@id\":\"https:\/\/tonymora.com\/es\/#\/schema\/logo\/image\/\"},\"sameAs\":[\"https:\/\/www.facebook.com\/Tonymoraofficial\/\",\"https:\/\/www.instagram.com\/tonymoraofficial\/?hl=es\"]}]}<\/script>\n<!-- \/ Yoast SEO plugin. -->","yoast_head_json":{"title":"621 DASLU LINI GIBOYA AVELLANA - Tony Mora\u00ae Boots Official Store","description":"Los botines con m\u00e1s lujo de Tony Mora, dise\u00f1ados con piel ex\u00f3tica de pit\u00f3n en un elegante tono marr\u00f3n hechos con una piel duradera.","robots":{"index":"index","follow":"follow","max-snippet":"max-snippet:-1","max-image-preview":"max-image-preview:large","max-video-preview":"max-video-preview:-1"},"canonical":"https:\/\/tonymora.com\/es\/producto\/621-daslu-lini-giboya-avellana\/","og_locale":"es_ES","og_type":"article","og_title":"621 DASLU LINI GIBOYA AVELLANA - Tony Mora\u00ae Boots Official Store","og_description":"Los botines con m\u00e1s lujo de Tony Mora, dise\u00f1ados con piel ex\u00f3tica de pit\u00f3n en un elegante tono marr\u00f3n hechos con una piel duradera.","og_url":"https:\/\/tonymora.com\/es\/producto\/621-daslu-lini-giboya-avellana\/","og_site_name":"Tony Mora\u00ae Boots Official Store","article_publisher":"https:\/\/www.facebook.com\/Tonymoraofficial\/","article_modified_time":"2026-04-06T05:33:12+00:00","og_image":[{"width":866,"height":1032,"url":"https:\/\/tonymora.com\/wp-content\/uploads\/2022\/05\/07-621-daslu-lini-Giboya-Avellana.jpg","type":"image\/jpeg"}],"twitter_card":"summary_large_image","twitter_misc":{"Tiempo de lectura":"1 minuto"},"schema":{"@context":"https:\/\/schema.org","@graph":[{"@type":"WebPage","@id":"https:\/\/tonymora.com\/es\/producto\/621-daslu-lini-giboya-avellana\/","url":"https:\/\/tonymora.com\/es\/producto\/621-daslu-lini-giboya-avellana\/","name":"621 DASLU LINI GIBOYA AVELLANA - Tony Mora\u00ae Boots Official Store","isPartOf":{"@id":"https:\/\/tonymora.com\/es\/#website"},"primaryImageOfPage":{"@id":"https:\/\/tonymora.com\/es\/producto\/621-daslu-lini-giboya-avellana\/#primaryimage"},"image":{"@id":"https:\/\/tonymora.com\/es\/producto\/621-daslu-lini-giboya-avellana\/#primaryimage"},"thumbnailUrl":"https:\/\/tonymora.com\/wp-content\/uploads\/2022\/05\/07-621-daslu-lini-Giboya-Avellana.jpg","datePublished":"2022-05-17T09:35:36+00:00","dateModified":"2026-04-06T05:33:12+00:00","description":"Los botines con m\u00e1s lujo de Tony Mora, dise\u00f1ados con piel ex\u00f3tica de pit\u00f3n en un elegante tono marr\u00f3n hechos con una piel duradera.","breadcrumb":{"@id":"https:\/\/tonymora.com\/es\/producto\/621-daslu-lini-giboya-avellana\/#breadcrumb"},"inLanguage":"es","potentialAction":[{"@type":"ReadAction","target":["https:\/\/tonymora.com\/es\/producto\/621-daslu-lini-giboya-avellana\/"]}]},{"@type":"ImageObject","inLanguage":"es","@id":"https:\/\/tonymora.com\/es\/producto\/621-daslu-lini-giboya-avellana\/#primaryimage","url":"https:\/\/tonymora.com\/wp-content\/uploads\/2022\/05\/07-621-daslu-lini-Giboya-Avellana.jpg","contentUrl":"https:\/\/tonymora.com\/wp-content\/uploads\/2022\/05\/07-621-daslu-lini-Giboya-Avellana.jpg","width":866,"height":1032},{"@type":"BreadcrumbList","@id":"https:\/\/tonymora.com\/es\/producto\/621-daslu-lini-giboya-avellana\/#breadcrumb","itemListElement":[{"@type":"ListItem","position":1,"name":"Portada","item":"https:\/\/tonymora.com\/es\/"},{"@type":"ListItem","position":2,"name":"Tienda","item":"https:\/\/tonymora.com\/es\/tienda\/"},{"@type":"ListItem","position":3,"name":"Mujer","item":"https:\/\/tonymora.com\/es\/categoria-producto\/mujer\/"},{"@type":"ListItem","position":4,"name":"621 DASLU LINI GIBOYA AVELLANA"}]},{"@type":"WebSite","@id":"https:\/\/tonymora.com\/es\/#website","url":"https:\/\/tonymora.com\/es\/","name":"Tony Mora\u00ae Boots Official Store","description":"Cowboy Boots","publisher":{"@id":"https:\/\/tonymora.com\/es\/#organization"},"potentialAction":[{"@type":"SearchAction","target":{"@type":"EntryPoint","urlTemplate":"https:\/\/tonymora.com\/es\/?s={search_term_string}"},"query-input":{"@type":"PropertyValueSpecification","valueRequired":true,"valueName":"search_term_string"}}],"inLanguage":"es"},{"@type":"Organization","@id":"https:\/\/tonymora.com\/es\/#organization","name":"Tony Mora Boots","url":"https:\/\/tonymora.com\/es\/","logo":{"@type":"ImageObject","inLanguage":"es","@id":"https:\/\/tonymora.com\/es\/#\/schema\/logo\/image\/","url":"https:\/\/tonymora.com\/wp-content\/uploads\/2023\/12\/LOGO.jpg","contentUrl":"https:\/\/tonymora.com\/wp-content\/uploads\/2023\/12\/LOGO.jpg","width":2272,"height":1411,"caption":"Tony Mora Boots"},"image":{"@id":"https:\/\/tonymora.com\/es\/#\/schema\/logo\/image\/"},"sameAs":["https:\/\/www.facebook.com\/Tonymoraofficial\/","https:\/\/www.instagram.com\/tonymoraofficial\/?hl=es"]}]}},"_links":{"self":[{"href":"https:\/\/tonymora.com\/es\/wp-json\/wp\/v2\/product\/693600","targetHints":{"allow":["GET"]}}],"collection":[{"href":"https:\/\/tonymora.com\/es\/wp-json\/wp\/v2\/product"}],"about":[{"href":"https:\/\/tonymora.com\/es\/wp-json\/wp\/v2\/types\/product"}],"wp:featuredmedia":[{"embeddable":true,"href":"https:\/\/tonymora.com\/es\/wp-json\/wp\/v2\/media\/693619"}],"wp:attachment":[{"href":"https:\/\/tonymora.com\/es\/wp-json\/wp\/v2\/media?parent=693600"}],"wp:term":[{"taxonomy":"product_brand","embeddable":true,"href":"https:\/\/tonymora.com\/es\/wp-json\/wp\/v2\/product_brand?post=693600"},{"taxonomy":"product_cat","embeddable":true,"href":"https:\/\/tonymora.com\/es\/wp-json\/wp\/v2\/product_cat?post=693600"},{"taxonomy":"product_tag","embeddable":true,"href":"https:\/\/tonymora.com\/es\/wp-json\/wp\/v2\/product_tag?post=693600"}],"curies":[{"name":"wp","href":"https:\/\/api.w.org\/{rel}","templated":true}]}}