{"id":693700,"date":"2022-05-17T11:55:11","date_gmt":"2022-05-17T09:55:11","guid":{"rendered":"https:\/\/tonymora.com\/?post_type=product&#038;p=693700"},"modified":"2026-04-11T07:32:58","modified_gmt":"2026-04-11T05:32:58","slug":"1966-daslu-lini-club-negro-savoy-roe","status":"publish","type":"product","link":"https:\/\/tonymora.com\/es\/producto\/1966-daslu-lini-club-negro-savoy-roe\/","title":{"rendered":"1966 DASLU LINI CLUB NEGRO \/ SAVOY ROE"},"content":{"rendered":"<p>Nos encanta jugar con el contraste de colores, por esto te presentamos este nuevo modelo en piel de ternera color negro que lleva un dise\u00f1o cl\u00e1sico en la horma en tono beige y los pespuntes de las ca\u00f1as en beige resaltando el dise\u00f1o de este precioso par. Los compa\u00f1eros perfectos para hacer especial cada momento.<\/p>\n","protected":false},"excerpt":{"rendered":"<p>Una elecci\u00f3n que se siente especial nada m\u00e1s verla. Sobriedad con presencia impecable.<br \/>\nUna pieza que refuerza tu identidad y suma distinci\u00f3n sin esfuerzo.<\/p>\n","protected":false},"featured_media":693712,"template":"","meta":{"_mbp_gutenberg_autopost":false},"product_brand":[757,759,761,763,765,767],"product_cat":[119,114,120,1133,112,1130],"product_tag":[],"class_list":{"0":"post-693700","1":"product","2":"type-product","3":"status-publish","4":"has-post-thumbnail","6":"product_brand-talla-mujer-36","7":"product_brand-talla-mujer-37","8":"product_brand-talla-mujer-38","9":"product_brand-talla-mujer-39","10":"product_brand-talla-mujer-40","11":"product_brand-talla-mujer-41","12":"product_cat-botas-casual-mujer","13":"product_cat-botas-cowgirl-mujer","14":"product_cat-botas-de-baile-en-linea-mujer","15":"product_cat-botas-de-piel-mujer","16":"product_cat-mujer","17":"product_cat-rebajas-mujer","19":"first","20":"instock","21":"taxable","22":"shipping-taxable","23":"purchasable","24":"product-type-variable"},"supplier_id":null,"supplier_sku":"","barcode":null,"atum_controlled":true,"out_stock_date":null,"out_stock_threshold":null,"inheritable":true,"inbound_stock":0,"stock_on_hold":0,"sold_today":0,"sales_last_days":0,"reserved_stock":0,"customer_returns":0,"warehouse_damage":0,"lost_in_post":0,"other_logs":0,"out_stock_days":0,"lost_sales":0,"has_location":false,"update_date":"2024-04-24T22:32:20","atum_locations":[],"atum_stock_status":"instock","restock_status":false,"low_stock_amount":"","sales_update_date":"2024-04-24T22:32:20","calc_backorders":null,"yoast_head":"<!-- This site is optimized with the Yoast SEO plugin v27.2 - https:\/\/yoast.com\/product\/yoast-seo-wordpress\/ -->\n<title>1966 DASLU LINI CLUB NEGRO \/ SAVOY ROE - Tony Mora\u00ae Boots Official Store<\/title>\n<meta name=\"description\" content=\"Nos encanta jugar con el contraste de colores, por esto te presentamos este nuevo modelo en piel de ternera color negro\" \/>\n<meta name=\"robots\" content=\"index, follow, max-snippet:-1, max-image-preview:large, max-video-preview:-1\" \/>\n<link rel=\"canonical\" href=\"https:\/\/tonymora.com\/es\/producto\/1966-daslu-lini-club-negro-savoy-roe\/\" \/>\n<meta property=\"og:locale\" content=\"es_ES\" \/>\n<meta property=\"og:type\" content=\"article\" \/>\n<meta property=\"og:title\" content=\"1966 DASLU LINI CLUB NEGRO \/ SAVOY ROE - Tony Mora\u00ae Boots Official Store\" \/>\n<meta property=\"og:description\" content=\"Nos encanta jugar con el contraste de colores, por esto te presentamos este nuevo modelo en piel de ternera color negro\" \/>\n<meta property=\"og:url\" content=\"https:\/\/tonymora.com\/es\/producto\/1966-daslu-lini-club-negro-savoy-roe\/\" \/>\n<meta property=\"og:site_name\" content=\"Tony Mora\u00ae Boots Official Store\" \/>\n<meta property=\"article:publisher\" content=\"https:\/\/www.facebook.com\/Tonymoraofficial\/\" \/>\n<meta property=\"article:modified_time\" content=\"2026-04-11T05:32:58+00:00\" \/>\n<meta property=\"og:image\" content=\"https:\/\/tonymora.com\/wp-content\/uploads\/2022\/05\/02-1966-daslu-lini-club-negro.jpg\" \/>\n\t<meta property=\"og:image:width\" content=\"866\" \/>\n\t<meta property=\"og:image:height\" content=\"1032\" \/>\n\t<meta property=\"og:image:type\" content=\"image\/jpeg\" \/>\n<meta name=\"twitter:card\" content=\"summary_large_image\" \/>\n<script type=\"application\/ld+json\" class=\"yoast-schema-graph\">{\"@context\":\"https:\/\/schema.org\",\"@graph\":[{\"@type\":\"WebPage\",\"@id\":\"https:\/\/tonymora.com\/es\/producto\/1966-daslu-lini-club-negro-savoy-roe\/\",\"url\":\"https:\/\/tonymora.com\/es\/producto\/1966-daslu-lini-club-negro-savoy-roe\/\",\"name\":\"1966 DASLU LINI CLUB NEGRO \/ SAVOY ROE - Tony Mora\u00ae Boots Official Store\",\"isPartOf\":{\"@id\":\"https:\/\/tonymora.com\/es\/#website\"},\"primaryImageOfPage\":{\"@id\":\"https:\/\/tonymora.com\/es\/producto\/1966-daslu-lini-club-negro-savoy-roe\/#primaryimage\"},\"image\":{\"@id\":\"https:\/\/tonymora.com\/es\/producto\/1966-daslu-lini-club-negro-savoy-roe\/#primaryimage\"},\"thumbnailUrl\":\"https:\/\/tonymora.com\/wp-content\/uploads\/2022\/05\/02-1966-daslu-lini-club-negro.jpg\",\"datePublished\":\"2022-05-17T09:55:11+00:00\",\"dateModified\":\"2026-04-11T05:32:58+00:00\",\"description\":\"Nos encanta jugar con el contraste de colores, por esto te presentamos este nuevo modelo en piel de ternera color negro\",\"breadcrumb\":{\"@id\":\"https:\/\/tonymora.com\/es\/producto\/1966-daslu-lini-club-negro-savoy-roe\/#breadcrumb\"},\"inLanguage\":\"es\",\"potentialAction\":[{\"@type\":\"ReadAction\",\"target\":[\"https:\/\/tonymora.com\/es\/producto\/1966-daslu-lini-club-negro-savoy-roe\/\"]}]},{\"@type\":\"ImageObject\",\"inLanguage\":\"es\",\"@id\":\"https:\/\/tonymora.com\/es\/producto\/1966-daslu-lini-club-negro-savoy-roe\/#primaryimage\",\"url\":\"https:\/\/tonymora.com\/wp-content\/uploads\/2022\/05\/02-1966-daslu-lini-club-negro.jpg\",\"contentUrl\":\"https:\/\/tonymora.com\/wp-content\/uploads\/2022\/05\/02-1966-daslu-lini-club-negro.jpg\",\"width\":866,\"height\":1032},{\"@type\":\"BreadcrumbList\",\"@id\":\"https:\/\/tonymora.com\/es\/producto\/1966-daslu-lini-club-negro-savoy-roe\/#breadcrumb\",\"itemListElement\":[{\"@type\":\"ListItem\",\"position\":1,\"name\":\"Portada\",\"item\":\"https:\/\/tonymora.com\/es\/\"},{\"@type\":\"ListItem\",\"position\":2,\"name\":\"Tienda\",\"item\":\"https:\/\/tonymora.com\/es\/tienda\/\"},{\"@type\":\"ListItem\",\"position\":3,\"name\":\"Mujer\",\"item\":\"https:\/\/tonymora.com\/es\/categoria-producto\/mujer\/\"},{\"@type\":\"ListItem\",\"position\":4,\"name\":\"1966 DASLU LINI CLUB NEGRO \/ SAVOY ROE\"}]},{\"@type\":\"WebSite\",\"@id\":\"https:\/\/tonymora.com\/es\/#website\",\"url\":\"https:\/\/tonymora.com\/es\/\",\"name\":\"Tony Mora\u00ae Boots Official Store\",\"description\":\"Cowboy Boots\",\"publisher\":{\"@id\":\"https:\/\/tonymora.com\/es\/#organization\"},\"potentialAction\":[{\"@type\":\"SearchAction\",\"target\":{\"@type\":\"EntryPoint\",\"urlTemplate\":\"https:\/\/tonymora.com\/es\/?s={search_term_string}\"},\"query-input\":{\"@type\":\"PropertyValueSpecification\",\"valueRequired\":true,\"valueName\":\"search_term_string\"}}],\"inLanguage\":\"es\"},{\"@type\":\"Organization\",\"@id\":\"https:\/\/tonymora.com\/es\/#organization\",\"name\":\"Tony Mora Boots\",\"url\":\"https:\/\/tonymora.com\/es\/\",\"logo\":{\"@type\":\"ImageObject\",\"inLanguage\":\"es\",\"@id\":\"https:\/\/tonymora.com\/es\/#\/schema\/logo\/image\/\",\"url\":\"https:\/\/tonymora.com\/wp-content\/uploads\/2023\/12\/LOGO.jpg\",\"contentUrl\":\"https:\/\/tonymora.com\/wp-content\/uploads\/2023\/12\/LOGO.jpg\",\"width\":2272,\"height\":1411,\"caption\":\"Tony Mora Boots\"},\"image\":{\"@id\":\"https:\/\/tonymora.com\/es\/#\/schema\/logo\/image\/\"},\"sameAs\":[\"https:\/\/www.facebook.com\/Tonymoraofficial\/\",\"https:\/\/www.instagram.com\/tonymoraofficial\/?hl=es\"]}]}<\/script>\n<!-- \/ Yoast SEO plugin. -->","yoast_head_json":{"title":"1966 DASLU LINI CLUB NEGRO \/ SAVOY ROE - Tony Mora\u00ae Boots Official Store","description":"Nos encanta jugar con el contraste de colores, por esto te presentamos este nuevo modelo en piel de ternera color negro","robots":{"index":"index","follow":"follow","max-snippet":"max-snippet:-1","max-image-preview":"max-image-preview:large","max-video-preview":"max-video-preview:-1"},"canonical":"https:\/\/tonymora.com\/es\/producto\/1966-daslu-lini-club-negro-savoy-roe\/","og_locale":"es_ES","og_type":"article","og_title":"1966 DASLU LINI CLUB NEGRO \/ SAVOY ROE - Tony Mora\u00ae Boots Official Store","og_description":"Nos encanta jugar con el contraste de colores, por esto te presentamos este nuevo modelo en piel de ternera color negro","og_url":"https:\/\/tonymora.com\/es\/producto\/1966-daslu-lini-club-negro-savoy-roe\/","og_site_name":"Tony Mora\u00ae Boots Official Store","article_publisher":"https:\/\/www.facebook.com\/Tonymoraofficial\/","article_modified_time":"2026-04-11T05:32:58+00:00","og_image":[{"width":866,"height":1032,"url":"https:\/\/tonymora.com\/wp-content\/uploads\/2022\/05\/02-1966-daslu-lini-club-negro.jpg","type":"image\/jpeg"}],"twitter_card":"summary_large_image","schema":{"@context":"https:\/\/schema.org","@graph":[{"@type":"WebPage","@id":"https:\/\/tonymora.com\/es\/producto\/1966-daslu-lini-club-negro-savoy-roe\/","url":"https:\/\/tonymora.com\/es\/producto\/1966-daslu-lini-club-negro-savoy-roe\/","name":"1966 DASLU LINI CLUB NEGRO \/ SAVOY ROE - Tony Mora\u00ae Boots Official Store","isPartOf":{"@id":"https:\/\/tonymora.com\/es\/#website"},"primaryImageOfPage":{"@id":"https:\/\/tonymora.com\/es\/producto\/1966-daslu-lini-club-negro-savoy-roe\/#primaryimage"},"image":{"@id":"https:\/\/tonymora.com\/es\/producto\/1966-daslu-lini-club-negro-savoy-roe\/#primaryimage"},"thumbnailUrl":"https:\/\/tonymora.com\/wp-content\/uploads\/2022\/05\/02-1966-daslu-lini-club-negro.jpg","datePublished":"2022-05-17T09:55:11+00:00","dateModified":"2026-04-11T05:32:58+00:00","description":"Nos encanta jugar con el contraste de colores, por esto te presentamos este nuevo modelo en piel de ternera color negro","breadcrumb":{"@id":"https:\/\/tonymora.com\/es\/producto\/1966-daslu-lini-club-negro-savoy-roe\/#breadcrumb"},"inLanguage":"es","potentialAction":[{"@type":"ReadAction","target":["https:\/\/tonymora.com\/es\/producto\/1966-daslu-lini-club-negro-savoy-roe\/"]}]},{"@type":"ImageObject","inLanguage":"es","@id":"https:\/\/tonymora.com\/es\/producto\/1966-daslu-lini-club-negro-savoy-roe\/#primaryimage","url":"https:\/\/tonymora.com\/wp-content\/uploads\/2022\/05\/02-1966-daslu-lini-club-negro.jpg","contentUrl":"https:\/\/tonymora.com\/wp-content\/uploads\/2022\/05\/02-1966-daslu-lini-club-negro.jpg","width":866,"height":1032},{"@type":"BreadcrumbList","@id":"https:\/\/tonymora.com\/es\/producto\/1966-daslu-lini-club-negro-savoy-roe\/#breadcrumb","itemListElement":[{"@type":"ListItem","position":1,"name":"Portada","item":"https:\/\/tonymora.com\/es\/"},{"@type":"ListItem","position":2,"name":"Tienda","item":"https:\/\/tonymora.com\/es\/tienda\/"},{"@type":"ListItem","position":3,"name":"Mujer","item":"https:\/\/tonymora.com\/es\/categoria-producto\/mujer\/"},{"@type":"ListItem","position":4,"name":"1966 DASLU LINI CLUB NEGRO \/ SAVOY ROE"}]},{"@type":"WebSite","@id":"https:\/\/tonymora.com\/es\/#website","url":"https:\/\/tonymora.com\/es\/","name":"Tony Mora\u00ae Boots Official Store","description":"Cowboy Boots","publisher":{"@id":"https:\/\/tonymora.com\/es\/#organization"},"potentialAction":[{"@type":"SearchAction","target":{"@type":"EntryPoint","urlTemplate":"https:\/\/tonymora.com\/es\/?s={search_term_string}"},"query-input":{"@type":"PropertyValueSpecification","valueRequired":true,"valueName":"search_term_string"}}],"inLanguage":"es"},{"@type":"Organization","@id":"https:\/\/tonymora.com\/es\/#organization","name":"Tony Mora Boots","url":"https:\/\/tonymora.com\/es\/","logo":{"@type":"ImageObject","inLanguage":"es","@id":"https:\/\/tonymora.com\/es\/#\/schema\/logo\/image\/","url":"https:\/\/tonymora.com\/wp-content\/uploads\/2023\/12\/LOGO.jpg","contentUrl":"https:\/\/tonymora.com\/wp-content\/uploads\/2023\/12\/LOGO.jpg","width":2272,"height":1411,"caption":"Tony Mora Boots"},"image":{"@id":"https:\/\/tonymora.com\/es\/#\/schema\/logo\/image\/"},"sameAs":["https:\/\/www.facebook.com\/Tonymoraofficial\/","https:\/\/www.instagram.com\/tonymoraofficial\/?hl=es"]}]}},"_links":{"self":[{"href":"https:\/\/tonymora.com\/es\/wp-json\/wp\/v2\/product\/693700","targetHints":{"allow":["GET"]}}],"collection":[{"href":"https:\/\/tonymora.com\/es\/wp-json\/wp\/v2\/product"}],"about":[{"href":"https:\/\/tonymora.com\/es\/wp-json\/wp\/v2\/types\/product"}],"wp:featuredmedia":[{"embeddable":true,"href":"https:\/\/tonymora.com\/es\/wp-json\/wp\/v2\/media\/693712"}],"wp:attachment":[{"href":"https:\/\/tonymora.com\/es\/wp-json\/wp\/v2\/media?parent=693700"}],"wp:term":[{"taxonomy":"product_brand","embeddable":true,"href":"https:\/\/tonymora.com\/es\/wp-json\/wp\/v2\/product_brand?post=693700"},{"taxonomy":"product_cat","embeddable":true,"href":"https:\/\/tonymora.com\/es\/wp-json\/wp\/v2\/product_cat?post=693700"},{"taxonomy":"product_tag","embeddable":true,"href":"https:\/\/tonymora.com\/es\/wp-json\/wp\/v2\/product_tag?post=693700"}],"curies":[{"name":"wp","href":"https:\/\/api.w.org\/{rel}","templated":true}]}}