{"id":694136,"date":"2022-05-18T10:23:49","date_gmt":"2022-05-18T08:23:49","guid":{"rendered":"https:\/\/tonymora.com\/?post_type=product&#038;p=694136"},"modified":"2025-10-27T14:36:54","modified_gmt":"2025-10-27T13:36:54","slug":"4866-j-lini-palma-negro-savoy-roe","status":"publish","type":"product","link":"https:\/\/tonymora.com\/es\/producto\/4866-j-lini-palma-negro-savoy-roe\/","title":{"rendered":"4866 J LINI PALMA NEGRO \/ SAVOY ROE"},"content":{"rendered":"<p>Con este modelo te presentamos el perfecto ejemplo del delicado trabajo artesanal que nos caracteriza. Cada corte del dise\u00f1o es hecho con delicada precisi\u00f3n para poder combinar la cl\u00e1sica piel color negro con un hermoso color beige de bajo fondo. Para una mayor protecci\u00f3n los bordes de los cortes est\u00e1n cosidos a mano dando un acabo elegante a este modelo.<\/p>\n","protected":false},"excerpt":{"rendered":"<p>Car\u00e1cter y refinamiento en equilibrio perfecto. Sobriedad con presencia impecable.<br \/>\nEl toque final que convierte lo simple en memorable.<\/p>\n","protected":false},"featured_media":694163,"template":"","meta":{"_mbp_gutenberg_autopost":false},"product_brand":[763],"product_cat":[119,120,112],"product_tag":[],"class_list":{"0":"post-694136","1":"product","2":"type-product","3":"status-publish","4":"has-post-thumbnail","6":"product_brand-talla-mujer-39","7":"product_cat-botas-casual-mujer","8":"product_cat-botas-de-baile-en-linea-mujer","9":"product_cat-mujer","11":"first","12":"instock","13":"taxable","14":"shipping-taxable","15":"product-type-variable"},"supplier_id":null,"supplier_sku":"","barcode":null,"atum_controlled":true,"out_stock_date":null,"out_stock_threshold":null,"inheritable":true,"inbound_stock":0,"stock_on_hold":0,"sold_today":0,"sales_last_days":0,"reserved_stock":0,"customer_returns":0,"warehouse_damage":0,"lost_in_post":0,"other_logs":0,"out_stock_days":0,"lost_sales":0,"has_location":false,"update_date":"2025-10-27T12:36:55","atum_locations":[],"atum_stock_status":"instock","restock_status":false,"low_stock_amount":"","sales_update_date":"2024-04-24T22:32:20","calc_backorders":null,"yoast_head":"<!-- This site is optimized with the Yoast SEO plugin v27.4 - https:\/\/yoast.com\/product\/yoast-seo-wordpress\/ -->\n<title>4866 J LINI PALMA NEGRO \/ SAVOY ROE - Tony Mora\u00ae Boots Official Store<\/title>\n<meta name=\"description\" content=\"Cada corte del dise\u00f1o es hecho con delicada precisi\u00f3n para poder combinar la cl\u00e1sica piel color negro con un hermoso color beige.\" \/>\n<meta name=\"robots\" content=\"index, follow, max-snippet:-1, max-image-preview:large, max-video-preview:-1\" \/>\n<link rel=\"canonical\" href=\"https:\/\/tonymora.com\/es\/producto\/4866-j-lini-palma-negro-savoy-roe\/\" \/>\n<meta property=\"og:locale\" content=\"es_ES\" \/>\n<meta property=\"og:type\" content=\"article\" \/>\n<meta property=\"og:title\" content=\"4866 J LINI PALMA NEGRO \/ SAVOY ROE - Tony Mora\u00ae Boots Official Store\" \/>\n<meta property=\"og:description\" content=\"Cada corte del dise\u00f1o es hecho con delicada precisi\u00f3n para poder combinar la cl\u00e1sica piel color negro con un hermoso color beige.\" \/>\n<meta property=\"og:url\" content=\"https:\/\/tonymora.com\/es\/producto\/4866-j-lini-palma-negro-savoy-roe\/\" \/>\n<meta property=\"og:site_name\" content=\"Tony Mora\u00ae Boots Official Store\" \/>\n<meta property=\"article:publisher\" content=\"https:\/\/www.facebook.com\/Tonymoraofficial\/\" \/>\n<meta property=\"article:modified_time\" content=\"2025-10-27T13:36:54+00:00\" \/>\n<meta property=\"og:image\" content=\"https:\/\/tonymora.com\/wp-content\/uploads\/2022\/05\/07-4866-j-linicabra-palma.jpg\" \/>\n\t<meta property=\"og:image:width\" content=\"866\" \/>\n\t<meta property=\"og:image:height\" content=\"1032\" \/>\n\t<meta property=\"og:image:type\" content=\"image\/jpeg\" \/>\n<meta name=\"twitter:card\" content=\"summary_large_image\" \/>\n<meta name=\"twitter:label1\" content=\"Tiempo de lectura\" \/>\n\t<meta name=\"twitter:data1\" content=\"1 minuto\" \/>\n<script type=\"application\/ld+json\" class=\"yoast-schema-graph\">{\"@context\":\"https:\\\/\\\/schema.org\",\"@graph\":[{\"@type\":\"WebPage\",\"@id\":\"https:\\\/\\\/tonymora.com\\\/es\\\/producto\\\/4866-j-lini-palma-negro-savoy-roe\\\/\",\"url\":\"https:\\\/\\\/tonymora.com\\\/es\\\/producto\\\/4866-j-lini-palma-negro-savoy-roe\\\/\",\"name\":\"4866 J LINI PALMA NEGRO \\\/ SAVOY ROE - Tony Mora\u00ae Boots Official Store\",\"isPartOf\":{\"@id\":\"https:\\\/\\\/tonymora.com\\\/es\\\/#website\"},\"primaryImageOfPage\":{\"@id\":\"https:\\\/\\\/tonymora.com\\\/es\\\/producto\\\/4866-j-lini-palma-negro-savoy-roe\\\/#primaryimage\"},\"image\":{\"@id\":\"https:\\\/\\\/tonymora.com\\\/es\\\/producto\\\/4866-j-lini-palma-negro-savoy-roe\\\/#primaryimage\"},\"thumbnailUrl\":\"https:\\\/\\\/tonymora.com\\\/wp-content\\\/uploads\\\/2022\\\/05\\\/07-4866-j-linicabra-palma.jpg\",\"datePublished\":\"2022-05-18T08:23:49+00:00\",\"dateModified\":\"2025-10-27T13:36:54+00:00\",\"description\":\"Cada corte del dise\u00f1o es hecho con delicada precisi\u00f3n para poder combinar la cl\u00e1sica piel color negro con un hermoso color beige.\",\"breadcrumb\":{\"@id\":\"https:\\\/\\\/tonymora.com\\\/es\\\/producto\\\/4866-j-lini-palma-negro-savoy-roe\\\/#breadcrumb\"},\"inLanguage\":\"es\",\"potentialAction\":[{\"@type\":\"ReadAction\",\"target\":[\"https:\\\/\\\/tonymora.com\\\/es\\\/producto\\\/4866-j-lini-palma-negro-savoy-roe\\\/\"]}]},{\"@type\":\"ImageObject\",\"inLanguage\":\"es\",\"@id\":\"https:\\\/\\\/tonymora.com\\\/es\\\/producto\\\/4866-j-lini-palma-negro-savoy-roe\\\/#primaryimage\",\"url\":\"https:\\\/\\\/tonymora.com\\\/wp-content\\\/uploads\\\/2022\\\/05\\\/07-4866-j-linicabra-palma.jpg\",\"contentUrl\":\"https:\\\/\\\/tonymora.com\\\/wp-content\\\/uploads\\\/2022\\\/05\\\/07-4866-j-linicabra-palma.jpg\",\"width\":866,\"height\":1032},{\"@type\":\"BreadcrumbList\",\"@id\":\"https:\\\/\\\/tonymora.com\\\/es\\\/producto\\\/4866-j-lini-palma-negro-savoy-roe\\\/#breadcrumb\",\"itemListElement\":[{\"@type\":\"ListItem\",\"position\":1,\"name\":\"Portada\",\"item\":\"https:\\\/\\\/tonymora.com\\\/es\\\/\"},{\"@type\":\"ListItem\",\"position\":2,\"name\":\"Tienda\",\"item\":\"https:\\\/\\\/tonymora.com\\\/es\\\/tienda\\\/\"},{\"@type\":\"ListItem\",\"position\":3,\"name\":\"Mujer\",\"item\":\"https:\\\/\\\/tonymora.com\\\/es\\\/categoria-producto\\\/mujer\\\/\"},{\"@type\":\"ListItem\",\"position\":4,\"name\":\"4866 J LINI PALMA NEGRO \\\/ SAVOY ROE\"}]},{\"@type\":\"WebSite\",\"@id\":\"https:\\\/\\\/tonymora.com\\\/es\\\/#website\",\"url\":\"https:\\\/\\\/tonymora.com\\\/es\\\/\",\"name\":\"Tony Mora\u00ae Boots Official Store\",\"description\":\"Cowboy Boots\",\"publisher\":{\"@id\":\"https:\\\/\\\/tonymora.com\\\/es\\\/#organization\"},\"potentialAction\":[{\"@type\":\"SearchAction\",\"target\":{\"@type\":\"EntryPoint\",\"urlTemplate\":\"https:\\\/\\\/tonymora.com\\\/es\\\/?s={search_term_string}\"},\"query-input\":{\"@type\":\"PropertyValueSpecification\",\"valueRequired\":true,\"valueName\":\"search_term_string\"}}],\"inLanguage\":\"es\"},{\"@type\":\"Organization\",\"@id\":\"https:\\\/\\\/tonymora.com\\\/es\\\/#organization\",\"name\":\"Tony Mora Boots\",\"url\":\"https:\\\/\\\/tonymora.com\\\/es\\\/\",\"logo\":{\"@type\":\"ImageObject\",\"inLanguage\":\"es\",\"@id\":\"https:\\\/\\\/tonymora.com\\\/es\\\/#\\\/schema\\\/logo\\\/image\\\/\",\"url\":\"https:\\\/\\\/tonymora.com\\\/wp-content\\\/uploads\\\/2023\\\/12\\\/LOGO.jpg\",\"contentUrl\":\"https:\\\/\\\/tonymora.com\\\/wp-content\\\/uploads\\\/2023\\\/12\\\/LOGO.jpg\",\"width\":2272,\"height\":1411,\"caption\":\"Tony Mora Boots\"},\"image\":{\"@id\":\"https:\\\/\\\/tonymora.com\\\/es\\\/#\\\/schema\\\/logo\\\/image\\\/\"},\"sameAs\":[\"https:\\\/\\\/www.facebook.com\\\/Tonymoraofficial\\\/\",\"https:\\\/\\\/www.instagram.com\\\/tonymoraofficial\\\/?hl=es\"]}]}<\/script>\n<!-- \/ Yoast SEO plugin. -->","yoast_head_json":{"title":"4866 J LINI PALMA NEGRO \/ SAVOY ROE - Tony Mora\u00ae Boots Official Store","description":"Cada corte del dise\u00f1o es hecho con delicada precisi\u00f3n para poder combinar la cl\u00e1sica piel color negro con un hermoso color beige.","robots":{"index":"index","follow":"follow","max-snippet":"max-snippet:-1","max-image-preview":"max-image-preview:large","max-video-preview":"max-video-preview:-1"},"canonical":"https:\/\/tonymora.com\/es\/producto\/4866-j-lini-palma-negro-savoy-roe\/","og_locale":"es_ES","og_type":"article","og_title":"4866 J LINI PALMA NEGRO \/ SAVOY ROE - Tony Mora\u00ae Boots Official Store","og_description":"Cada corte del dise\u00f1o es hecho con delicada precisi\u00f3n para poder combinar la cl\u00e1sica piel color negro con un hermoso color beige.","og_url":"https:\/\/tonymora.com\/es\/producto\/4866-j-lini-palma-negro-savoy-roe\/","og_site_name":"Tony Mora\u00ae Boots Official Store","article_publisher":"https:\/\/www.facebook.com\/Tonymoraofficial\/","article_modified_time":"2025-10-27T13:36:54+00:00","og_image":[{"width":866,"height":1032,"url":"https:\/\/tonymora.com\/wp-content\/uploads\/2022\/05\/07-4866-j-linicabra-palma.jpg","type":"image\/jpeg"}],"twitter_card":"summary_large_image","twitter_misc":{"Tiempo de lectura":"1 minuto"},"schema":{"@context":"https:\/\/schema.org","@graph":[{"@type":"WebPage","@id":"https:\/\/tonymora.com\/es\/producto\/4866-j-lini-palma-negro-savoy-roe\/","url":"https:\/\/tonymora.com\/es\/producto\/4866-j-lini-palma-negro-savoy-roe\/","name":"4866 J LINI PALMA NEGRO \/ SAVOY ROE - Tony Mora\u00ae Boots Official Store","isPartOf":{"@id":"https:\/\/tonymora.com\/es\/#website"},"primaryImageOfPage":{"@id":"https:\/\/tonymora.com\/es\/producto\/4866-j-lini-palma-negro-savoy-roe\/#primaryimage"},"image":{"@id":"https:\/\/tonymora.com\/es\/producto\/4866-j-lini-palma-negro-savoy-roe\/#primaryimage"},"thumbnailUrl":"https:\/\/tonymora.com\/wp-content\/uploads\/2022\/05\/07-4866-j-linicabra-palma.jpg","datePublished":"2022-05-18T08:23:49+00:00","dateModified":"2025-10-27T13:36:54+00:00","description":"Cada corte del dise\u00f1o es hecho con delicada precisi\u00f3n para poder combinar la cl\u00e1sica piel color negro con un hermoso color beige.","breadcrumb":{"@id":"https:\/\/tonymora.com\/es\/producto\/4866-j-lini-palma-negro-savoy-roe\/#breadcrumb"},"inLanguage":"es","potentialAction":[{"@type":"ReadAction","target":["https:\/\/tonymora.com\/es\/producto\/4866-j-lini-palma-negro-savoy-roe\/"]}]},{"@type":"ImageObject","inLanguage":"es","@id":"https:\/\/tonymora.com\/es\/producto\/4866-j-lini-palma-negro-savoy-roe\/#primaryimage","url":"https:\/\/tonymora.com\/wp-content\/uploads\/2022\/05\/07-4866-j-linicabra-palma.jpg","contentUrl":"https:\/\/tonymora.com\/wp-content\/uploads\/2022\/05\/07-4866-j-linicabra-palma.jpg","width":866,"height":1032},{"@type":"BreadcrumbList","@id":"https:\/\/tonymora.com\/es\/producto\/4866-j-lini-palma-negro-savoy-roe\/#breadcrumb","itemListElement":[{"@type":"ListItem","position":1,"name":"Portada","item":"https:\/\/tonymora.com\/es\/"},{"@type":"ListItem","position":2,"name":"Tienda","item":"https:\/\/tonymora.com\/es\/tienda\/"},{"@type":"ListItem","position":3,"name":"Mujer","item":"https:\/\/tonymora.com\/es\/categoria-producto\/mujer\/"},{"@type":"ListItem","position":4,"name":"4866 J LINI PALMA NEGRO \/ SAVOY ROE"}]},{"@type":"WebSite","@id":"https:\/\/tonymora.com\/es\/#website","url":"https:\/\/tonymora.com\/es\/","name":"Tony Mora\u00ae Boots Official Store","description":"Cowboy Boots","publisher":{"@id":"https:\/\/tonymora.com\/es\/#organization"},"potentialAction":[{"@type":"SearchAction","target":{"@type":"EntryPoint","urlTemplate":"https:\/\/tonymora.com\/es\/?s={search_term_string}"},"query-input":{"@type":"PropertyValueSpecification","valueRequired":true,"valueName":"search_term_string"}}],"inLanguage":"es"},{"@type":"Organization","@id":"https:\/\/tonymora.com\/es\/#organization","name":"Tony Mora Boots","url":"https:\/\/tonymora.com\/es\/","logo":{"@type":"ImageObject","inLanguage":"es","@id":"https:\/\/tonymora.com\/es\/#\/schema\/logo\/image\/","url":"https:\/\/tonymora.com\/wp-content\/uploads\/2023\/12\/LOGO.jpg","contentUrl":"https:\/\/tonymora.com\/wp-content\/uploads\/2023\/12\/LOGO.jpg","width":2272,"height":1411,"caption":"Tony Mora Boots"},"image":{"@id":"https:\/\/tonymora.com\/es\/#\/schema\/logo\/image\/"},"sameAs":["https:\/\/www.facebook.com\/Tonymoraofficial\/","https:\/\/www.instagram.com\/tonymoraofficial\/?hl=es"]}]}},"_links":{"self":[{"href":"https:\/\/tonymora.com\/es\/wp-json\/wp\/v2\/product\/694136","targetHints":{"allow":["GET"]}}],"collection":[{"href":"https:\/\/tonymora.com\/es\/wp-json\/wp\/v2\/product"}],"about":[{"href":"https:\/\/tonymora.com\/es\/wp-json\/wp\/v2\/types\/product"}],"wp:featuredmedia":[{"embeddable":true,"href":"https:\/\/tonymora.com\/es\/wp-json\/wp\/v2\/media\/694163"}],"wp:attachment":[{"href":"https:\/\/tonymora.com\/es\/wp-json\/wp\/v2\/media?parent=694136"}],"wp:term":[{"taxonomy":"product_brand","embeddable":true,"href":"https:\/\/tonymora.com\/es\/wp-json\/wp\/v2\/product_brand?post=694136"},{"taxonomy":"product_cat","embeddable":true,"href":"https:\/\/tonymora.com\/es\/wp-json\/wp\/v2\/product_cat?post=694136"},{"taxonomy":"product_tag","embeddable":true,"href":"https:\/\/tonymora.com\/es\/wp-json\/wp\/v2\/product_tag?post=694136"}],"curies":[{"name":"wp","href":"https:\/\/api.w.org\/{rel}","templated":true}]}}