{"id":694238,"date":"2022-05-18T10:47:16","date_gmt":"2022-05-18T08:47:16","guid":{"rendered":"https:\/\/tonymora.com\/?post_type=product&#038;p=694238"},"modified":"2025-04-29T07:32:51","modified_gmt":"2025-04-29T05:32:51","slug":"9835-daslu-lini-piton-bc-marron-kasur-bean-palermo","status":"publish","type":"product","link":"https:\/\/tonymora.com\/es\/producto\/9835-daslu-lini-piton-bc-marron-kasur-bean-palermo\/","title":{"rendered":"9835 DASLU LINI PITON BC MARRON \/ KASUR BEAN PALERMO"},"content":{"rendered":"<p>Hechos en piel de ternera color marr\u00f3n trabajada con un delicado grabado de flores por toda la bota y combinadas con un bajofondo en pit\u00f3n marr\u00f3n, otorgandole un toque exclusivo a este modelo. Unas botas llenas de detalles, con una preciosa horma en punta y un tac\u00f3n mediano ser\u00e1n las compa\u00f1eras perfectas para ir marcando tendencia. L\u00facete con la m\u00e1xima calidad Tony Mora.<\/p>\n","protected":false},"excerpt":{"rendered":"<p>Car\u00e1cter y refinamiento en equilibrio perfecto.<br \/>\nPara quienes buscan estilo con significado y presencia real.<\/p>\n","protected":false},"featured_media":694531,"template":"","meta":{"_mbp_gutenberg_autopost":false},"product_brand":[759,761,765],"product_cat":[122,112],"product_tag":[],"class_list":{"0":"post-694238","1":"product","2":"type-product","3":"status-publish","4":"has-post-thumbnail","6":"product_brand-talla-mujer-37","7":"product_brand-talla-mujer-38","8":"product_brand-talla-mujer-40","9":"product_cat-botas-exoticas-mujer","10":"product_cat-mujer","12":"first","13":"outofstock","14":"taxable","15":"shipping-taxable","16":"purchasable","17":"product-type-variable"},"_links":{"self":[{"href":"https:\/\/tonymora.com\/es\/wp-json\/wp\/v2\/product\/694238","targetHints":{"allow":["GET"]}}],"collection":[{"href":"https:\/\/tonymora.com\/es\/wp-json\/wp\/v2\/product"}],"about":[{"href":"https:\/\/tonymora.com\/es\/wp-json\/wp\/v2\/types\/product"}],"wp:featuredmedia":[{"embeddable":true,"href":"https:\/\/tonymora.com\/es\/wp-json\/wp\/v2\/media\/694531"}],"wp:attachment":[{"href":"https:\/\/tonymora.com\/es\/wp-json\/wp\/v2\/media?parent=694238"}],"wp:term":[{"taxonomy":"product_brand","embeddable":true,"href":"https:\/\/tonymora.com\/es\/wp-json\/wp\/v2\/product_brand?post=694238"},{"taxonomy":"product_cat","embeddable":true,"href":"https:\/\/tonymora.com\/es\/wp-json\/wp\/v2\/product_cat?post=694238"},{"taxonomy":"product_tag","embeddable":true,"href":"https:\/\/tonymora.com\/es\/wp-json\/wp\/v2\/product_tag?post=694238"}],"curies":[{"name":"wp","href":"https:\/\/api.w.org\/{rel}","templated":true}]}}